{"id":846,"date":"2024-11-11T04:50:47","date_gmt":"2024-11-11T04:50:47","guid":{"rendered":"https:\/\/nypeye.com\/?page_id=846"},"modified":"2024-11-12T16:35:03","modified_gmt":"2024-11-12T16:35:03","slug":"macular-degeneration","status":"publish","type":"page","link":"https:\/\/nypeye.com\/es\/macular-degeneration\/","title":{"rendered":"Degeneraci\u00f3n macular"},"content":{"rendered":"<style>.elementor-846 .elementor-element.elementor-element-3c66b23:not(.elementor-motion-effects-element-type-background), .elementor-846 .elementor-element.elementor-element-3c66b23 > .elementor-motion-effects-container > .elementor-motion-effects-layer{background-color:#202F58;}.elementor-846 .elementor-element.elementor-element-3c66b23 > .elementor-container{max-width:1170px;}.elementor-846 .elementor-element.elementor-element-3c66b23{transition:background 0.3s, border 0.3s, border-radius 0.3s, box-shadow 0.3s;padding:100px 0px 100px 0px;z-index:0;}.elementor-846 .elementor-element.elementor-element-3c66b23 > .elementor-background-overlay{transition:background 0.3s, border-radius 0.3s, opacity 0.3s;}.elementor-846 .elementor-element.elementor-element-9498d27{text-align:center;}.elementor-846 .elementor-element.elementor-element-9498d27 .elementor-heading-title{font-family:\"Inter\", Sans-serif;font-size:32px;font-weight:600;text-transform:uppercase;line-height:1.2em;color:#FFFFFF;}.elementor-846 .elementor-element.elementor-element-bbdc1db > .elementor-container > .elementor-column > .elementor-widget-wrap{align-content:center;align-items:center;}.elementor-846 .elementor-element.elementor-element-bbdc1db > .elementor-container{max-width:1170px;}.elementor-846 .elementor-element.elementor-element-bbdc1db{transition:background 0.3s, border 0.3s, border-radius 0.3s, box-shadow 0.3s;padding:100px 0px 50px 0px;}.elementor-846 .elementor-element.elementor-element-bbdc1db > .elementor-background-overlay{transition:background 0.3s, border-radius 0.3s, opacity 0.3s;}.elementor-846 .elementor-element.elementor-element-ded4cf1{text-align:center;}.elementor-846 .elementor-element.elementor-element-ded4cf1 img{border-radius:5px 5px 5px 5px;}.elementor-846 .elementor-element.elementor-element-7af8409 > .elementor-element-populated{padding:10px 10px 40px 60px;}.elementor-846 .elementor-element.elementor-element-ea3e189{text-align:left;}.elementor-846 .elementor-element.elementor-element-ea3e189 .elementor-heading-title{font-family:\"Inter\", Sans-serif;font-size:35px;font-weight:700;text-transform:capitalize;line-height:1.2em;color:#2A367A;}.elementor-846 .elementor-element.elementor-element-cc659cb{font-family:\"Heebo\", Sans-serif;font-size:17px;font-weight:400;line-height:1.5em;color:var( --e-global-color-secondary );}.elementor-846 .elementor-element.elementor-element-fafe63b .elementor-button{background-color:var( --e-global-color-primary );font-family:var( --e-global-typography-7dde3f3-font-family ), Sans-serif;font-size:var( --e-global-typography-7dde3f3-font-size );font-weight:var( --e-global-typography-7dde3f3-font-weight );line-height:var( --e-global-typography-7dde3f3-line-height );fill:#FFFFFF;color:#FFFFFF;border-radius:5px 5px 5px 5px;padding:20px 40px 20px 40px;}.elementor-846 .elementor-element.elementor-element-fafe63b .elementor-button:hover, .elementor-846 .elementor-element.elementor-element-fafe63b .elementor-button:focus{border-color:#6EC1E4;}@media(max-width:1024px){.elementor-846 .elementor-element.elementor-element-3c66b23{margin-top:0px;margin-bottom:0px;padding:210px 10px 140px 10px;}.elementor-846 .elementor-element.elementor-element-bbdc1db{padding:80px 10px 80px 10px;}.elementor-846 .elementor-element.elementor-element-7af8409 > .elementor-element-populated{padding:10px 10px 10px 10px;}.elementor-846 .elementor-element.elementor-element-fafe63b{width:100%;max-width:100%;}.elementor-846 .elementor-element.elementor-element-fafe63b .elementor-button{font-size:var( --e-global-typography-7dde3f3-font-size );line-height:var( --e-global-typography-7dde3f3-line-height );}}@media(max-width:767px){.elementor-846 .elementor-element.elementor-element-3c66b23{margin-top:0px;margin-bottom:0px;padding:80px 10px 80px 10px;}.elementor-846 .elementor-element.elementor-element-9498d27 .elementor-heading-title{font-size:24px;}.elementor-846 .elementor-element.elementor-element-bbdc1db{padding:40px 10px 40px 10px;}.elementor-846 .elementor-element.elementor-element-7af8409 > .elementor-element-populated{margin:0px 0px 0px 0px;--e-column-margin-right:0px;--e-column-margin-left:0px;}.elementor-846 .elementor-element.elementor-element-ea3e189 .elementor-heading-title{font-size:24px;}.elementor-846 .elementor-element.elementor-element-cc659cb{font-size:16px;}.elementor-846 .elementor-element.elementor-element-fafe63b .elementor-button{font-size:var( --e-global-typography-7dde3f3-font-size );line-height:var( --e-global-typography-7dde3f3-line-height );padding:15px 30px 15px 30px;}}@media(min-width:768px){.elementor-846 .elementor-element.elementor-element-ede4494{width:49.913%;}.elementor-846 .elementor-element.elementor-element-7af8409{width:50.002%;}}@media(max-width:1024px) and (min-width:768px){.elementor-846 .elementor-element.elementor-element-ede4494{width:100%;}.elementor-846 .elementor-element.elementor-element-7af8409{width:100%;}}<\/style>\t\t<div data-elementor-type=\"wp-page\" data-elementor-id=\"846\" class=\"elementor elementor-846\" data-elementor-post-type=\"page\">\n\t\t\t\t\t\t<section class=\"elementor-section elementor-top-section elementor-element elementor-element-3c66b23 elementor-section-boxed elementor-section-height-default elementor-section-height-default\" data-id=\"3c66b23\" data-element_type=\"section\" data-settings=\"{&quot;background_background&quot;:&quot;classic&quot;}\">\n\t\t\t\t\t\t<div class=\"elementor-container elementor-column-gap-default\">\n\t\t\t\t\t<div class=\"elementor-column elementor-col-100 elementor-top-column elementor-element elementor-element-9437378\" data-id=\"9437378\" data-element_type=\"column\">\n\t\t\t<div class=\"elementor-widget-wrap elementor-element-populated\">\n\t\t\t\t\t\t<div class=\"elementor-element elementor-element-9498d27 elementor-widget elementor-widget-heading\" data-id=\"9498d27\" data-element_type=\"widget\" data-widget_type=\"heading.default\">\n\t\t\t\t<div class=\"elementor-widget-container\">\n\t\t\t\t\t<h1 class=\"elementor-heading-title elementor-size-default\">Degeneraci\u00f3n macular\n<\/h1>\t\t\t\t<\/div>\n\t\t\t\t<\/div>\n\t\t\t\t\t<\/div>\n\t\t<\/div>\n\t\t\t\t\t<\/div>\n\t\t<\/section>\n\t\t\t\t<section class=\"elementor-section elementor-top-section elementor-element elementor-element-bbdc1db elementor-section-content-middle elementor-section-boxed elementor-section-height-default elementor-section-height-default\" data-id=\"bbdc1db\" data-element_type=\"section\" data-settings=\"{&quot;background_background&quot;:&quot;classic&quot;}\">\n\t\t\t\t\t\t<div class=\"elementor-container elementor-column-gap-default\">\n\t\t\t\t\t<div class=\"elementor-column elementor-col-50 elementor-top-column elementor-element elementor-element-ede4494\" data-id=\"ede4494\" data-element_type=\"column\">\n\t\t\t<div class=\"elementor-widget-wrap elementor-element-populated\">\n\t\t\t\t\t\t<div class=\"elementor-element elementor-element-ded4cf1 elementor-widget elementor-widget-image\" data-id=\"ded4cf1\" data-element_type=\"widget\" data-widget_type=\"image.default\">\n\t\t\t\t<div class=\"elementor-widget-container\">\n\t\t\t\t\t\t\t\t\t\t\t\t\t\t\t<img fetchpriority=\"high\" decoding=\"async\" width=\"640\" height=\"426\" src=\"https:\/\/nypeye.com\/wp-content\/uploads\/2024\/11\/2622578.webp\" class=\"attachment-full size-full wp-image-645\" alt=\"Macular Degeneration\" srcset=\"https:\/\/nypeye.com\/wp-content\/uploads\/2024\/11\/2622578.webp 640w, https:\/\/nypeye.com\/wp-content\/uploads\/2024\/11\/2622578-300x200.webp 300w, https:\/\/nypeye.com\/wp-content\/uploads\/2024\/11\/2622578-18x12.webp 18w\" sizes=\"(max-width: 640px) 100vw, 640px\" \/>\t\t\t\t\t\t\t\t\t\t\t\t\t\t\t<\/div>\n\t\t\t\t<\/div>\n\t\t\t\t\t<\/div>\n\t\t<\/div>\n\t\t\t\t<div class=\"elementor-column elementor-col-50 elementor-top-column elementor-element elementor-element-7af8409\" data-id=\"7af8409\" data-element_type=\"column\">\n\t\t\t<div class=\"elementor-widget-wrap elementor-element-populated\">\n\t\t\t\t\t\t<div class=\"elementor-element elementor-element-ea3e189 elementor-widget elementor-widget-heading\" data-id=\"ea3e189\" data-element_type=\"widget\" data-widget_type=\"heading.default\">\n\t\t\t\t<div class=\"elementor-widget-container\">\n\t\t\t\t\t<h2 class=\"elementor-heading-title elementor-size-default\">Degeneraci\u00f3n macular\n<\/h2>\t\t\t\t<\/div>\n\t\t\t\t<\/div>\n\t\t\t\t<div class=\"elementor-element elementor-element-cc659cb elementor-widget elementor-widget-text-editor\" data-id=\"cc659cb\" data-element_type=\"widget\" data-widget_type=\"text-editor.default\">\n\t\t\t\t<div class=\"elementor-widget-container\">\n\t\t\t\t\t\t\t\t\t<p>La m\u00e1cula es una estructura que se encuentra en la parte posterior del ojo y que ayuda a ver. A medida que envejece, es posible que se acumulen algunos desechos en la m\u00e1cula. A medida que se acumulan m\u00e1s desechos, puede producirse visi\u00f3n borrosa o acumulaci\u00f3n de l\u00edquido debajo de la m\u00e1cula si la afecci\u00f3n se agrava.\u00a0<\/p><p>La degeneraci\u00f3n macular ocurre m\u00e1s frecuentemente en pacientes cauc\u00e1sicos o asi\u00e1ticos.<\/p><p>El tratamiento de la degeneraci\u00f3n macular var\u00eda seg\u00fan la etapa en la que se encuentre y puede incluir vitaminas o simplemente una dieta saludable llena de verduras de hoja verde. Si la enfermedad progresa a un estado grave, es posible que tambi\u00e9n necesite inyecciones de medicamentos para controlarla. Siempre es importante no fumar, ya que fumar puede hacer que la enfermedad avance r\u00e1pidamente.<\/p>\t\t\t\t\t\t\t\t<\/div>\n\t\t\t\t<\/div>\n\t\t\t\t<div class=\"elementor-element elementor-element-fafe63b elementor-align-left animated-slow elementor-widget-tablet__width-inherit elementor-widget elementor-widget-button\" data-id=\"fafe63b\" data-element_type=\"widget\" data-settings=\"{&quot;_animation&quot;:&quot;none&quot;}\" data-widget_type=\"button.default\">\n\t\t\t\t<div class=\"elementor-widget-container\">\n\t\t\t\t\t\t\t\t\t<div class=\"elementor-button-wrapper\">\n\t\t\t\t\t<a class=\"elementor-button elementor-button-link elementor-size-sm elementor-animation-float\" href=\"https:\/\/nypeye.com\/es\/contact\/\">\n\t\t\t\t\t\t<span class=\"elementor-button-content-wrapper\">\n\t\t\t\t\t\t\t\t\t<span class=\"elementor-button-text\">Cont\u00e1ctenos<\/span>\n\t\t\t\t\t<\/span>\n\t\t\t\t\t<\/a>\n\t\t\t\t<\/div>\n\t\t\t\t\t\t\t\t<\/div>\n\t\t\t\t<\/div>\n\t\t\t\t\t<\/div>\n\t\t<\/div>\n\t\t\t\t\t<\/div>\n\t\t<\/section>\n\t\t\t\t<\/div>\n\t\t\n    <div class=\"xs_social_share_widget xs_share_url after_content \t\tmain_content  wslu-style-1 wslu-share-box-shaped wslu-fill-colored wslu-none wslu-share-horizontal wslu-theme-font-no wslu-main_content\">\n\n\t\t\n        <ul>\n\t\t\t        <\/ul>\n    <\/div>","protected":false},"excerpt":{"rendered":"<p>Macular Degeneration Macular Degeneration The macula is a structure in the back of your eye that helps you see. As you grow older there may be some waste products that build up in the macula. As more waste products build up it may lead to blurry vision or may cause fluid to accumulate under the [&hellip;]<\/p>","protected":false},"author":1,"featured_media":0,"parent":0,"menu_order":0,"comment_status":"closed","ping_status":"closed","template":"elementor_header_footer","meta":{"om_disable_all_campaigns":false,"_monsterinsights_skip_tracking":false,"_monsterinsights_sitenote_active":false,"_monsterinsights_sitenote_note":"","_monsterinsights_sitenote_category":0,"postBodyCss":"","postBodyMargin":[],"postBodyPadding":[],"postBodyBackground":{"backgroundType":"classic","gradient":""},"footnotes":""},"class_list":["post-846","page","type-page","status-publish","hentry"],"aioseo_notices":[],"_links":{"self":[{"href":"https:\/\/nypeye.com\/es\/wp-json\/wp\/v2\/pages\/846","targetHints":{"allow":["GET"]}}],"collection":[{"href":"https:\/\/nypeye.com\/es\/wp-json\/wp\/v2\/pages"}],"about":[{"href":"https:\/\/nypeye.com\/es\/wp-json\/wp\/v2\/types\/page"}],"author":[{"embeddable":true,"href":"https:\/\/nypeye.com\/es\/wp-json\/wp\/v2\/users\/1"}],"replies":[{"embeddable":true,"href":"https:\/\/nypeye.com\/es\/wp-json\/wp\/v2\/comments?post=846"}],"version-history":[{"count":13,"href":"https:\/\/nypeye.com\/es\/wp-json\/wp\/v2\/pages\/846\/revisions"}],"predecessor-version":[{"id":1338,"href":"https:\/\/nypeye.com\/es\/wp-json\/wp\/v2\/pages\/846\/revisions\/1338"}],"wp:attachment":[{"href":"https:\/\/nypeye.com\/es\/wp-json\/wp\/v2\/media?parent=846"}],"curies":[{"name":"wp","href":"https:\/\/api.w.org\/{rel}","templated":true}]}}