{"id":808,"date":"2024-11-11T04:37:51","date_gmt":"2024-11-11T04:37:51","guid":{"rendered":"https:\/\/nypeye.com\/?page_id=808"},"modified":"2024-11-12T13:50:24","modified_gmt":"2024-11-12T13:50:24","slug":"allergic-eye-disease","status":"publish","type":"page","link":"https:\/\/nypeye.com\/es\/allergic-eye-disease\/","title":{"rendered":"Enfermedad al\u00e9rgica ocular"},"content":{"rendered":"<style>.elementor-808 .elementor-element.elementor-element-437cbdd:not(.elementor-motion-effects-element-type-background), .elementor-808 .elementor-element.elementor-element-437cbdd > .elementor-motion-effects-container > .elementor-motion-effects-layer{background-color:#202F58;}.elementor-808 .elementor-element.elementor-element-437cbdd > .elementor-container{max-width:1170px;}.elementor-808 .elementor-element.elementor-element-437cbdd{transition:background 0.3s, border 0.3s, border-radius 0.3s, box-shadow 0.3s;padding:100px 0px 100px 0px;z-index:0;}.elementor-808 .elementor-element.elementor-element-437cbdd > .elementor-background-overlay{transition:background 0.3s, border-radius 0.3s, opacity 0.3s;}.elementor-808 .elementor-element.elementor-element-7dac12f{text-align:center;}.elementor-808 .elementor-element.elementor-element-7dac12f .elementor-heading-title{font-family:\"Inter\", Sans-serif;font-size:32px;font-weight:600;text-transform:uppercase;line-height:1.2em;color:#FFFFFF;}.elementor-808 .elementor-element.elementor-element-0fbb9cc > .elementor-container > .elementor-column > .elementor-widget-wrap{align-content:center;align-items:center;}.elementor-808 .elementor-element.elementor-element-0fbb9cc > .elementor-container{max-width:1170px;}.elementor-808 .elementor-element.elementor-element-0fbb9cc{transition:background 0.3s, border 0.3s, border-radius 0.3s, box-shadow 0.3s;padding:100px 0px 50px 0px;}.elementor-808 .elementor-element.elementor-element-0fbb9cc > .elementor-background-overlay{transition:background 0.3s, border-radius 0.3s, opacity 0.3s;}.elementor-808 .elementor-element.elementor-element-df4e4ae{text-align:center;}.elementor-808 .elementor-element.elementor-element-df4e4ae img{border-radius:5px 5px 5px 5px;}.elementor-808 .elementor-element.elementor-element-878f8ff > .elementor-element-populated{padding:10px 10px 40px 60px;}.elementor-808 .elementor-element.elementor-element-8a42f7a{text-align:left;}.elementor-808 .elementor-element.elementor-element-8a42f7a .elementor-heading-title{font-family:\"Inter\", Sans-serif;font-size:35px;font-weight:700;text-transform:capitalize;line-height:1.2em;color:#2A367A;}.elementor-808 .elementor-element.elementor-element-a976934{font-family:\"Heebo\", Sans-serif;font-size:17px;font-weight:400;line-height:1.5em;color:var( --e-global-color-secondary );}.elementor-808 .elementor-element.elementor-element-a91a831 .elementor-button{background-color:var( --e-global-color-primary );font-family:var( --e-global-typography-7dde3f3-font-family ), Sans-serif;font-size:var( --e-global-typography-7dde3f3-font-size );font-weight:var( --e-global-typography-7dde3f3-font-weight );line-height:var( --e-global-typography-7dde3f3-line-height );fill:#FFFFFF;color:#FFFFFF;border-radius:5px 5px 5px 5px;padding:20px 40px 20px 40px;}.elementor-808 .elementor-element.elementor-element-a91a831 .elementor-button:hover, .elementor-808 .elementor-element.elementor-element-a91a831 .elementor-button:focus{border-color:#6EC1E4;}@media(max-width:1024px){.elementor-808 .elementor-element.elementor-element-437cbdd{margin-top:0px;margin-bottom:0px;padding:210px 10px 140px 10px;}.elementor-808 .elementor-element.elementor-element-0fbb9cc{padding:80px 10px 80px 10px;}.elementor-808 .elementor-element.elementor-element-878f8ff > .elementor-element-populated{padding:10px 10px 10px 10px;}.elementor-808 .elementor-element.elementor-element-a91a831{width:100%;max-width:100%;}.elementor-808 .elementor-element.elementor-element-a91a831 .elementor-button{font-size:var( --e-global-typography-7dde3f3-font-size );line-height:var( --e-global-typography-7dde3f3-line-height );}}@media(max-width:767px){.elementor-808 .elementor-element.elementor-element-437cbdd{margin-top:0px;margin-bottom:0px;padding:152px 10px 80px 10px;}.elementor-808 .elementor-element.elementor-element-7dac12f .elementor-heading-title{font-size:24px;}.elementor-808 .elementor-element.elementor-element-0fbb9cc{padding:40px 10px 40px 10px;}.elementor-808 .elementor-element.elementor-element-878f8ff > .elementor-element-populated{margin:0px 0px 0px 0px;--e-column-margin-right:0px;--e-column-margin-left:0px;}.elementor-808 .elementor-element.elementor-element-8a42f7a .elementor-heading-title{font-size:24px;}.elementor-808 .elementor-element.elementor-element-a976934{font-size:16px;}.elementor-808 .elementor-element.elementor-element-a91a831 .elementor-button{font-size:var( --e-global-typography-7dde3f3-font-size );line-height:var( --e-global-typography-7dde3f3-line-height );padding:15px 30px 15px 30px;}}@media(min-width:768px){.elementor-808 .elementor-element.elementor-element-a4bd737{width:49.913%;}.elementor-808 .elementor-element.elementor-element-878f8ff{width:50.002%;}}@media(max-width:1024px) and (min-width:768px){.elementor-808 .elementor-element.elementor-element-a4bd737{width:100%;}.elementor-808 .elementor-element.elementor-element-878f8ff{width:100%;}}<\/style>\t\t<div data-elementor-type=\"wp-page\" data-elementor-id=\"808\" class=\"elementor elementor-808\" data-elementor-post-type=\"page\">\n\t\t\t\t\t\t<section class=\"elementor-section elementor-top-section elementor-element elementor-element-437cbdd elementor-section-boxed elementor-section-height-default elementor-section-height-default\" data-id=\"437cbdd\" data-element_type=\"section\" data-settings=\"{&quot;background_background&quot;:&quot;classic&quot;}\">\n\t\t\t\t\t\t<div class=\"elementor-container elementor-column-gap-default\">\n\t\t\t\t\t<div class=\"elementor-column elementor-col-100 elementor-top-column elementor-element elementor-element-40eeb6e\" data-id=\"40eeb6e\" data-element_type=\"column\">\n\t\t\t<div class=\"elementor-widget-wrap elementor-element-populated\">\n\t\t\t\t\t\t<div class=\"elementor-element elementor-element-7dac12f elementor-widget elementor-widget-heading\" data-id=\"7dac12f\" data-element_type=\"widget\" data-widget_type=\"heading.default\">\n\t\t\t\t<div class=\"elementor-widget-container\">\n\t\t\t\t\t<h2 class=\"elementor-heading-title elementor-size-default\">Enfermedad al\u00e9rgica ocular\n<\/h2>\t\t\t\t<\/div>\n\t\t\t\t<\/div>\n\t\t\t\t\t<\/div>\n\t\t<\/div>\n\t\t\t\t\t<\/div>\n\t\t<\/section>\n\t\t\t\t<section class=\"elementor-section elementor-top-section elementor-element elementor-element-0fbb9cc elementor-section-content-middle elementor-section-boxed elementor-section-height-default elementor-section-height-default\" data-id=\"0fbb9cc\" data-element_type=\"section\" data-settings=\"{&quot;background_background&quot;:&quot;classic&quot;}\">\n\t\t\t\t\t\t<div class=\"elementor-container elementor-column-gap-default\">\n\t\t\t\t\t<div class=\"elementor-column elementor-col-50 elementor-top-column elementor-element elementor-element-a4bd737\" data-id=\"a4bd737\" data-element_type=\"column\">\n\t\t\t<div class=\"elementor-widget-wrap elementor-element-populated\">\n\t\t\t\t\t\t<div class=\"elementor-element elementor-element-df4e4ae elementor-widget elementor-widget-image\" data-id=\"df4e4ae\" data-element_type=\"widget\" data-widget_type=\"image.default\">\n\t\t\t\t<div class=\"elementor-widget-container\">\n\t\t\t\t\t\t\t\t\t\t\t\t\t\t\t<img fetchpriority=\"high\" decoding=\"async\" width=\"640\" height=\"640\" src=\"https:\/\/nypeye.com\/wp-content\/uploads\/2024\/11\/2626409.webp\" class=\"attachment-full size-full wp-image-684\" alt=\"Allergic Eye Disease\" srcset=\"https:\/\/nypeye.com\/wp-content\/uploads\/2024\/11\/2626409.webp 640w, https:\/\/nypeye.com\/wp-content\/uploads\/2024\/11\/2626409-300x300.webp 300w, https:\/\/nypeye.com\/wp-content\/uploads\/2024\/11\/2626409-150x150.webp 150w, https:\/\/nypeye.com\/wp-content\/uploads\/2024\/11\/2626409-12x12.webp 12w\" sizes=\"(max-width: 640px) 100vw, 640px\" \/>\t\t\t\t\t\t\t\t\t\t\t\t\t\t\t<\/div>\n\t\t\t\t<\/div>\n\t\t\t\t\t<\/div>\n\t\t<\/div>\n\t\t\t\t<div class=\"elementor-column elementor-col-50 elementor-top-column elementor-element elementor-element-878f8ff\" data-id=\"878f8ff\" data-element_type=\"column\">\n\t\t\t<div class=\"elementor-widget-wrap elementor-element-populated\">\n\t\t\t\t\t\t<div class=\"elementor-element elementor-element-8a42f7a elementor-widget elementor-widget-heading\" data-id=\"8a42f7a\" data-element_type=\"widget\" data-widget_type=\"heading.default\">\n\t\t\t\t<div class=\"elementor-widget-container\">\n\t\t\t\t\t<h2 class=\"elementor-heading-title elementor-size-default\">Enfermedad al\u00e9rgica ocular\n<\/h2>\t\t\t\t<\/div>\n\t\t\t\t<\/div>\n\t\t\t\t<div class=\"elementor-element elementor-element-a976934 elementor-widget elementor-widget-text-editor\" data-id=\"a976934\" data-element_type=\"widget\" data-widget_type=\"text-editor.default\">\n\t\t\t\t<div class=\"elementor-widget-container\">\n\t\t\t\t\t\t\t\t\t<div id=\"vbid-2cdce50b-ce66-4378-a47d-173860f7e01b-dyn_elem_BODY_0s\" class=\"element body_preset_2\" contenteditable=\"false\" data-elementtype=\"BODY\"><p>Las alergias oculares pueden ocurrir en tu cuerpo, \u00a1pero tambi\u00e9n espec\u00edficamente en tus ojos!<\/p>\u00a0<p>Cuando el ojo entra en contacto con algo a lo que es al\u00e9rgico, como el polen o la caspa de gato, puede producirse una respuesta inflamatoria que provoque picaz\u00f3n, enrojecimiento o, a veces, incluso hinchaz\u00f3n de los ojos. Cuando esto ocurra, aseg\u00farese de no frotarse los ojos, ya que puede empeorar la irritaci\u00f3n. Adem\u00e1s, debe consultar con su oftalm\u00f3logo para considerar opciones de tratamiento, como l\u00e1grimas artificiales, gotas para la alergia o compresas fr\u00edas.<\/p><\/div>\t\t\t\t\t\t\t\t<\/div>\n\t\t\t\t<\/div>\n\t\t\t\t<div class=\"elementor-element elementor-element-a91a831 elementor-align-left animated-slow elementor-widget-tablet__width-inherit elementor-widget elementor-widget-button\" data-id=\"a91a831\" data-element_type=\"widget\" data-settings=\"{&quot;_animation&quot;:&quot;none&quot;}\" data-widget_type=\"button.default\">\n\t\t\t\t<div class=\"elementor-widget-container\">\n\t\t\t\t\t\t\t\t\t<div class=\"elementor-button-wrapper\">\n\t\t\t\t\t<a class=\"elementor-button elementor-button-link elementor-size-sm elementor-animation-float\" href=\"https:\/\/nypeye.com\/es\/contact\/\">\n\t\t\t\t\t\t<span class=\"elementor-button-content-wrapper\">\n\t\t\t\t\t\t\t\t\t<span class=\"elementor-button-text\">Cont\u00e1ctenos<\/span>\n\t\t\t\t\t<\/span>\n\t\t\t\t\t<\/a>\n\t\t\t\t<\/div>\n\t\t\t\t\t\t\t\t<\/div>\n\t\t\t\t<\/div>\n\t\t\t\t\t<\/div>\n\t\t<\/div>\n\t\t\t\t\t<\/div>\n\t\t<\/section>\n\t\t\t\t<\/div>\n\t\t\n    <div class=\"xs_social_share_widget xs_share_url after_content \t\tmain_content  wslu-style-1 wslu-share-box-shaped wslu-fill-colored wslu-none wslu-share-horizontal wslu-theme-font-no wslu-main_content\">\n\n\t\t\n        <ul>\n\t\t\t        <\/ul>\n    <\/div>","protected":false},"excerpt":{"rendered":"<p>Allergic Eye Disease Allergic Eye Disease Allergies can occur in your body but also specifically in your eyes! \u00a0 When your eye comes into contact with something that it is allergic to such as pollen or cat dander, it may produce an inflammatory response leading to itching, redness or sometimes even swollen eyes. When this [&hellip;]<\/p>","protected":false},"author":1,"featured_media":0,"parent":0,"menu_order":0,"comment_status":"closed","ping_status":"closed","template":"elementor_header_footer","meta":{"om_disable_all_campaigns":false,"_monsterinsights_skip_tracking":false,"_monsterinsights_sitenote_active":false,"_monsterinsights_sitenote_note":"","_monsterinsights_sitenote_category":0,"postBodyCss":"","postBodyMargin":[],"postBodyPadding":[],"postBodyBackground":{"backgroundType":"classic","gradient":""},"footnotes":""},"class_list":["post-808","page","type-page","status-publish","hentry"],"aioseo_notices":[],"_links":{"self":[{"href":"https:\/\/nypeye.com\/es\/wp-json\/wp\/v2\/pages\/808","targetHints":{"allow":["GET"]}}],"collection":[{"href":"https:\/\/nypeye.com\/es\/wp-json\/wp\/v2\/pages"}],"about":[{"href":"https:\/\/nypeye.com\/es\/wp-json\/wp\/v2\/types\/page"}],"author":[{"embeddable":true,"href":"https:\/\/nypeye.com\/es\/wp-json\/wp\/v2\/users\/1"}],"replies":[{"embeddable":true,"href":"https:\/\/nypeye.com\/es\/wp-json\/wp\/v2\/comments?post=808"}],"version-history":[{"count":16,"href":"https:\/\/nypeye.com\/es\/wp-json\/wp\/v2\/pages\/808\/revisions"}],"predecessor-version":[{"id":1303,"href":"https:\/\/nypeye.com\/es\/wp-json\/wp\/v2\/pages\/808\/revisions\/1303"}],"wp:attachment":[{"href":"https:\/\/nypeye.com\/es\/wp-json\/wp\/v2\/media?parent=808"}],"curies":[{"name":"wp","href":"https:\/\/api.w.org\/{rel}","templated":true}]}}