{"id":784,"date":"2024-11-10T16:57:08","date_gmt":"2024-11-10T16:57:08","guid":{"rendered":"https:\/\/nypeye.com\/?page_id=784"},"modified":"2024-11-12T15:48:33","modified_gmt":"2024-11-12T15:48:33","slug":"floaters-and-flashes","status":"publish","type":"page","link":"https:\/\/nypeye.com\/es\/floaters-and-flashes\/","title":{"rendered":"Flotadores y destellos"},"content":{"rendered":"<style>.elementor-784 .elementor-element.elementor-element-a8727e9:not(.elementor-motion-effects-element-type-background), .elementor-784 .elementor-element.elementor-element-a8727e9 > .elementor-motion-effects-container > .elementor-motion-effects-layer{background-color:#202F58;}.elementor-784 .elementor-element.elementor-element-a8727e9 > .elementor-container{max-width:1170px;}.elementor-784 .elementor-element.elementor-element-a8727e9{transition:background 0.3s, border 0.3s, border-radius 0.3s, box-shadow 0.3s;padding:100px 0px 100px 0px;z-index:0;}.elementor-784 .elementor-element.elementor-element-a8727e9 > .elementor-background-overlay{transition:background 0.3s, border-radius 0.3s, opacity 0.3s;}.elementor-784 .elementor-element.elementor-element-cd14161{text-align:center;}.elementor-784 .elementor-element.elementor-element-cd14161 .elementor-heading-title{font-family:\"Inter\", Sans-serif;font-size:32px;font-weight:600;text-transform:uppercase;line-height:1.2em;color:#FFFFFF;}.elementor-784 .elementor-element.elementor-element-f748654 > .elementor-container > .elementor-column > .elementor-widget-wrap{align-content:center;align-items:center;}.elementor-784 .elementor-element.elementor-element-f748654 > .elementor-container{max-width:1170px;}.elementor-784 .elementor-element.elementor-element-f748654{transition:background 0.3s, border 0.3s, border-radius 0.3s, box-shadow 0.3s;padding:100px 0px 50px 0px;}.elementor-784 .elementor-element.elementor-element-f748654 > .elementor-background-overlay{transition:background 0.3s, border-radius 0.3s, opacity 0.3s;}.elementor-bc-flex-widget .elementor-784 .elementor-element.elementor-element-7e318fc.elementor-column .elementor-widget-wrap{align-items:center;}.elementor-784 .elementor-element.elementor-element-7e318fc.elementor-column.elementor-element[data-element_type=\"column\"] > .elementor-widget-wrap.elementor-element-populated{align-content:center;align-items:center;}.elementor-784 .elementor-element.elementor-element-33025f7{text-align:center;}.elementor-784 .elementor-element.elementor-element-33025f7 img{border-radius:5px 5px 5px 5px;}.elementor-784 .elementor-element.elementor-element-e7b5255 > .elementor-element-populated{padding:10px 10px 40px 60px;}.elementor-784 .elementor-element.elementor-element-c79e862{text-align:left;}.elementor-784 .elementor-element.elementor-element-c79e862 .elementor-heading-title{font-family:\"Inter\", Sans-serif;font-size:35px;font-weight:700;text-transform:capitalize;line-height:1.2em;color:#2A367A;}.elementor-784 .elementor-element.elementor-element-8979735{font-family:\"Heebo\", Sans-serif;font-size:17px;font-weight:400;line-height:1.5em;color:var( --e-global-color-secondary );}.elementor-784 .elementor-element.elementor-element-6fbcbe1 .elementor-button{background-color:var( --e-global-color-primary );font-family:var( --e-global-typography-7dde3f3-font-family ), Sans-serif;font-size:var( --e-global-typography-7dde3f3-font-size );font-weight:var( --e-global-typography-7dde3f3-font-weight );line-height:var( --e-global-typography-7dde3f3-line-height );fill:#FFFFFF;color:#FFFFFF;border-radius:5px 5px 5px 5px;padding:20px 40px 20px 40px;}.elementor-784 .elementor-element.elementor-element-6fbcbe1 > .elementor-widget-container{margin:0px 0px 0px 0px;}.elementor-784 .elementor-element.elementor-element-6fbcbe1 .elementor-button:hover, .elementor-784 .elementor-element.elementor-element-6fbcbe1 .elementor-button:focus{border-color:#6EC1E4;}@media(max-width:1024px){.elementor-784 .elementor-element.elementor-element-a8727e9{margin-top:0px;margin-bottom:0px;padding:210px 10px 140px 10px;}.elementor-784 .elementor-element.elementor-element-f748654{padding:80px 10px 80px 10px;}.elementor-784 .elementor-element.elementor-element-e7b5255 > .elementor-element-populated{padding:10px 10px 10px 10px;}.elementor-784 .elementor-element.elementor-element-6fbcbe1{width:100%;max-width:100%;}.elementor-784 .elementor-element.elementor-element-6fbcbe1 .elementor-button{font-size:var( --e-global-typography-7dde3f3-font-size );line-height:var( --e-global-typography-7dde3f3-line-height );}}@media(max-width:767px){.elementor-784 .elementor-element.elementor-element-a8727e9{margin-top:0px;margin-bottom:0px;padding:152px 10px 80px 10px;}.elementor-784 .elementor-element.elementor-element-cd14161 .elementor-heading-title{font-size:24px;}.elementor-784 .elementor-element.elementor-element-f748654{padding:40px 10px 40px 10px;}.elementor-784 .elementor-element.elementor-element-e7b5255 > .elementor-element-populated{margin:0px 0px 0px 0px;--e-column-margin-right:0px;--e-column-margin-left:0px;}.elementor-784 .elementor-element.elementor-element-c79e862 .elementor-heading-title{font-size:24px;}.elementor-784 .elementor-element.elementor-element-8979735{font-size:16px;}.elementor-784 .elementor-element.elementor-element-6fbcbe1 .elementor-button{font-size:var( --e-global-typography-7dde3f3-font-size );line-height:var( --e-global-typography-7dde3f3-line-height );padding:15px 30px 15px 30px;}}@media(min-width:768px){.elementor-784 .elementor-element.elementor-element-7e318fc{width:49.913%;}.elementor-784 .elementor-element.elementor-element-e7b5255{width:50.002%;}}@media(max-width:1024px) and (min-width:768px){.elementor-784 .elementor-element.elementor-element-7e318fc{width:100%;}.elementor-784 .elementor-element.elementor-element-e7b5255{width:100%;}}<\/style>\t\t<div data-elementor-type=\"wp-page\" data-elementor-id=\"784\" class=\"elementor elementor-784\" data-elementor-post-type=\"page\">\n\t\t\t\t\t\t<section class=\"elementor-section elementor-top-section elementor-element elementor-element-a8727e9 elementor-section-boxed elementor-section-height-default elementor-section-height-default\" data-id=\"a8727e9\" data-element_type=\"section\" data-settings=\"{&quot;background_background&quot;:&quot;classic&quot;}\">\n\t\t\t\t\t\t<div class=\"elementor-container elementor-column-gap-default\">\n\t\t\t\t\t<div class=\"elementor-column elementor-col-100 elementor-top-column elementor-element elementor-element-6967786\" data-id=\"6967786\" data-element_type=\"column\">\n\t\t\t<div class=\"elementor-widget-wrap elementor-element-populated\">\n\t\t\t\t\t\t<div class=\"elementor-element elementor-element-cd14161 elementor-widget elementor-widget-heading\" data-id=\"cd14161\" data-element_type=\"widget\" data-widget_type=\"heading.default\">\n\t\t\t\t<div class=\"elementor-widget-container\">\n\t\t\t\t\t<h2 class=\"elementor-heading-title elementor-size-default\">Flotadores y destellos\n<\/h2>\t\t\t\t<\/div>\n\t\t\t\t<\/div>\n\t\t\t\t\t<\/div>\n\t\t<\/div>\n\t\t\t\t\t<\/div>\n\t\t<\/section>\n\t\t\t\t<section class=\"elementor-section elementor-top-section elementor-element elementor-element-f748654 elementor-section-content-middle elementor-section-boxed elementor-section-height-default elementor-section-height-default\" data-id=\"f748654\" data-element_type=\"section\" data-settings=\"{&quot;background_background&quot;:&quot;classic&quot;}\">\n\t\t\t\t\t\t<div class=\"elementor-container elementor-column-gap-default\">\n\t\t\t\t\t<div class=\"elementor-column elementor-col-50 elementor-top-column elementor-element elementor-element-7e318fc\" data-id=\"7e318fc\" data-element_type=\"column\">\n\t\t\t<div class=\"elementor-widget-wrap elementor-element-populated\">\n\t\t\t\t\t\t<div class=\"elementor-element elementor-element-33025f7 elementor-widget elementor-widget-image\" data-id=\"33025f7\" data-element_type=\"widget\" data-widget_type=\"image.default\">\n\t\t\t\t<div class=\"elementor-widget-container\">\n\t\t\t\t\t\t\t\t\t\t\t\t\t\t\t<img fetchpriority=\"high\" decoding=\"async\" width=\"640\" height=\"426\" src=\"https:\/\/nypeye.com\/wp-content\/uploads\/2024\/11\/2622581.webp\" class=\"attachment-full size-full wp-image-659\" alt=\"Floaters and Flashes\" srcset=\"https:\/\/nypeye.com\/wp-content\/uploads\/2024\/11\/2622581.webp 640w, https:\/\/nypeye.com\/wp-content\/uploads\/2024\/11\/2622581-300x200.webp 300w, https:\/\/nypeye.com\/wp-content\/uploads\/2024\/11\/2622581-18x12.webp 18w\" sizes=\"(max-width: 640px) 100vw, 640px\" \/>\t\t\t\t\t\t\t\t\t\t\t\t\t\t\t<\/div>\n\t\t\t\t<\/div>\n\t\t\t\t\t<\/div>\n\t\t<\/div>\n\t\t\t\t<div class=\"elementor-column elementor-col-50 elementor-top-column elementor-element elementor-element-e7b5255\" data-id=\"e7b5255\" data-element_type=\"column\">\n\t\t\t<div class=\"elementor-widget-wrap elementor-element-populated\">\n\t\t\t\t\t\t<div class=\"elementor-element elementor-element-c79e862 elementor-widget elementor-widget-heading\" data-id=\"c79e862\" data-element_type=\"widget\" data-widget_type=\"heading.default\">\n\t\t\t\t<div class=\"elementor-widget-container\">\n\t\t\t\t\t<h2 class=\"elementor-heading-title elementor-size-default\">Flotadores y destellos\n<\/h2>\t\t\t\t<\/div>\n\t\t\t\t<\/div>\n\t\t\t\t<div class=\"elementor-element elementor-element-8979735 elementor-widget elementor-widget-text-editor\" data-id=\"8979735\" data-element_type=\"widget\" data-widget_type=\"text-editor.default\">\n\t\t\t\t<div class=\"elementor-widget-container\">\n\t\t\t\t\t\t\t\t\t<div id=\"vbid-2cdce50b-ce66-4378-a47d-173860f7e01b-dyn_elem_BODY_0s\" class=\"element body_preset_2\" contenteditable=\"false\" data-elementtype=\"BODY\"><p>Los flotadores son peque\u00f1os puntos o l\u00edneas negras que flotan frente a su visi\u00f3n.<\/p>\u00a0<p>Los destellos son destellos de luz que pueden aparecer en uno o ambos ojos, ya sea delante de los ojos o al costado del campo visual.<\/p>\u00a0<p>Ambos pueden ser un hallazgo normal en pacientes mayores o con prescripciones m\u00e1s altas; sin embargo, tambi\u00e9n pueden ser indicativos de un problema mayor en la retina. Por lo tanto, si nota nuevos cuerpos flotantes o destellos, \u00a1no dude en concertar una cita con su oftalm\u00f3logo pronto!<\/p><\/div>\t\t\t\t\t\t\t\t<\/div>\n\t\t\t\t<\/div>\n\t\t\t\t<div class=\"elementor-element elementor-element-6fbcbe1 elementor-align-left animated-slow elementor-widget-tablet__width-inherit elementor-widget elementor-widget-button\" data-id=\"6fbcbe1\" data-element_type=\"widget\" data-settings=\"{&quot;_animation&quot;:&quot;none&quot;}\" data-widget_type=\"button.default\">\n\t\t\t\t<div class=\"elementor-widget-container\">\n\t\t\t\t\t\t\t\t\t<div class=\"elementor-button-wrapper\">\n\t\t\t\t\t<a class=\"elementor-button elementor-button-link elementor-size-sm elementor-animation-float\" href=\"https:\/\/nypeye.com\/es\/contact\/\">\n\t\t\t\t\t\t<span class=\"elementor-button-content-wrapper\">\n\t\t\t\t\t\t\t\t\t<span class=\"elementor-button-text\">Cont\u00e1ctenos<\/span>\n\t\t\t\t\t<\/span>\n\t\t\t\t\t<\/a>\n\t\t\t\t<\/div>\n\t\t\t\t\t\t\t\t<\/div>\n\t\t\t\t<\/div>\n\t\t\t\t\t<\/div>\n\t\t<\/div>\n\t\t\t\t\t<\/div>\n\t\t<\/section>\n\t\t\t\t<\/div>\n\t\t\n    <div class=\"xs_social_share_widget xs_share_url after_content \t\tmain_content  wslu-style-1 wslu-share-box-shaped wslu-fill-colored wslu-none wslu-share-horizontal wslu-theme-font-no wslu-main_content\">\n\n\t\t\n        <ul>\n\t\t\t        <\/ul>\n    <\/div>","protected":false},"excerpt":{"rendered":"<p>Floaters and Flashes Floaters and Flashes Floaters are little black dots or lines that float in front of your vision. \u00a0 Flashes are flashes of light that may happen in one or both eyes either in front of your eyes or to the side of your vision. \u00a0 Both can be a normal finding for [&hellip;]<\/p>","protected":false},"author":1,"featured_media":0,"parent":0,"menu_order":0,"comment_status":"closed","ping_status":"closed","template":"elementor_header_footer","meta":{"om_disable_all_campaigns":false,"_monsterinsights_skip_tracking":false,"_monsterinsights_sitenote_active":false,"_monsterinsights_sitenote_note":"","_monsterinsights_sitenote_category":0,"postBodyCss":"","postBodyMargin":[],"postBodyPadding":[],"postBodyBackground":{"backgroundType":"classic","gradient":""},"footnotes":""},"class_list":["post-784","page","type-page","status-publish","hentry"],"aioseo_notices":[],"_links":{"self":[{"href":"https:\/\/nypeye.com\/es\/wp-json\/wp\/v2\/pages\/784","targetHints":{"allow":["GET"]}}],"collection":[{"href":"https:\/\/nypeye.com\/es\/wp-json\/wp\/v2\/pages"}],"about":[{"href":"https:\/\/nypeye.com\/es\/wp-json\/wp\/v2\/types\/page"}],"author":[{"embeddable":true,"href":"https:\/\/nypeye.com\/es\/wp-json\/wp\/v2\/users\/1"}],"replies":[{"embeddable":true,"href":"https:\/\/nypeye.com\/es\/wp-json\/wp\/v2\/comments?post=784"}],"version-history":[{"count":19,"href":"https:\/\/nypeye.com\/es\/wp-json\/wp\/v2\/pages\/784\/revisions"}],"predecessor-version":[{"id":1321,"href":"https:\/\/nypeye.com\/es\/wp-json\/wp\/v2\/pages\/784\/revisions\/1321"}],"wp:attachment":[{"href":"https:\/\/nypeye.com\/es\/wp-json\/wp\/v2\/media?parent=784"}],"curies":[{"name":"wp","href":"https:\/\/api.w.org\/{rel}","templated":true}]}}