{"id":766,"date":"2024-11-10T16:05:54","date_gmt":"2024-11-10T16:05:54","guid":{"rendered":"https:\/\/nypeye.com\/?page_id=766"},"modified":"2024-11-12T14:50:33","modified_gmt":"2024-11-12T14:50:33","slug":"diabetic-eye-exams","status":"publish","type":"page","link":"https:\/\/nypeye.com\/es\/diabetic-eye-exams\/","title":{"rendered":"Ex\u00e1menes oculares para diab\u00e9ticos"},"content":{"rendered":"<style>.elementor-766 .elementor-element.elementor-element-1864514:not(.elementor-motion-effects-element-type-background), .elementor-766 .elementor-element.elementor-element-1864514 > .elementor-motion-effects-container > .elementor-motion-effects-layer{background-color:#202F58;}.elementor-766 .elementor-element.elementor-element-1864514 > .elementor-container{max-width:1170px;}.elementor-766 .elementor-element.elementor-element-1864514{transition:background 0.3s, border 0.3s, border-radius 0.3s, box-shadow 0.3s;padding:100px 0px 100px 0px;z-index:0;}.elementor-766 .elementor-element.elementor-element-1864514 > .elementor-background-overlay{transition:background 0.3s, border-radius 0.3s, opacity 0.3s;}.elementor-766 .elementor-element.elementor-element-fec78f1{text-align:center;}.elementor-766 .elementor-element.elementor-element-fec78f1 .elementor-heading-title{font-family:\"Inter\", Sans-serif;font-size:32px;font-weight:600;text-transform:uppercase;line-height:1.2em;color:#FFFFFF;}.elementor-766 .elementor-element.elementor-element-7166e10 > .elementor-container > .elementor-column > .elementor-widget-wrap{align-content:center;align-items:center;}.elementor-766 .elementor-element.elementor-element-7166e10 > .elementor-container{max-width:1170px;}.elementor-766 .elementor-element.elementor-element-7166e10{transition:background 0.3s, border 0.3s, border-radius 0.3s, box-shadow 0.3s;padding:100px 0px 50px 0px;}.elementor-766 .elementor-element.elementor-element-7166e10 > .elementor-background-overlay{transition:background 0.3s, border-radius 0.3s, opacity 0.3s;}.elementor-766 .elementor-element.elementor-element-fbde490{text-align:center;}.elementor-766 .elementor-element.elementor-element-fbde490 img{border-radius:5px 5px 5px 5px;}.elementor-766 .elementor-element.elementor-element-206645a > .elementor-element-populated{padding:10px 10px 40px 60px;}.elementor-766 .elementor-element.elementor-element-1fc8d58{text-align:left;}.elementor-766 .elementor-element.elementor-element-1fc8d58 .elementor-heading-title{font-family:\"Inter\", Sans-serif;font-size:35px;font-weight:700;text-transform:capitalize;line-height:1.2em;color:#2A367A;}.elementor-766 .elementor-element.elementor-element-cbe10be{font-family:\"Heebo\", Sans-serif;font-size:17px;font-weight:400;line-height:1.5em;color:var( --e-global-color-secondary );}.elementor-766 .elementor-element.elementor-element-337b39f{--display:flex;}.elementor-766 .elementor-element.elementor-element-e23870e{font-family:\"Heebo\", Sans-serif;font-size:17px;font-weight:400;line-height:1.5em;color:var( --e-global-color-secondary );}.elementor-766 .elementor-element.elementor-element-6b12047 .elementor-button{background-color:var( --e-global-color-primary );font-family:var( --e-global-typography-7dde3f3-font-family ), Sans-serif;font-size:var( --e-global-typography-7dde3f3-font-size );font-weight:var( --e-global-typography-7dde3f3-font-weight );line-height:var( --e-global-typography-7dde3f3-line-height );fill:#FFFFFF;color:#FFFFFF;border-radius:5px 5px 5px 5px;padding:20px 40px 20px 40px;}.elementor-766 .elementor-element.elementor-element-6b12047 > .elementor-widget-container{margin:0px 0px 50px 0px;}.elementor-766 .elementor-element.elementor-element-6b12047 .elementor-button:hover, .elementor-766 .elementor-element.elementor-element-6b12047 .elementor-button:focus{border-color:#6EC1E4;}@media(max-width:1024px){.elementor-766 .elementor-element.elementor-element-1864514{margin-top:0px;margin-bottom:0px;padding:210px 10px 140px 10px;}.elementor-766 .elementor-element.elementor-element-7166e10{padding:80px 10px 80px 10px;}.elementor-766 .elementor-element.elementor-element-206645a > .elementor-element-populated{padding:10px 10px 10px 10px;}.elementor-766 .elementor-element.elementor-element-6b12047{width:100%;max-width:100%;}.elementor-766 .elementor-element.elementor-element-6b12047 .elementor-button{font-size:var( --e-global-typography-7dde3f3-font-size );line-height:var( --e-global-typography-7dde3f3-line-height );}}@media(max-width:767px){.elementor-766 .elementor-element.elementor-element-1864514{margin-top:0px;margin-bottom:0px;padding:152px 10px 80px 10px;}.elementor-766 .elementor-element.elementor-element-fec78f1 .elementor-heading-title{font-size:24px;}.elementor-766 .elementor-element.elementor-element-7166e10{padding:40px 10px 40px 10px;}.elementor-766 .elementor-element.elementor-element-206645a > .elementor-element-populated{margin:0px 0px 0px 0px;--e-column-margin-right:0px;--e-column-margin-left:0px;}.elementor-766 .elementor-element.elementor-element-1fc8d58 .elementor-heading-title{font-size:24px;}.elementor-766 .elementor-element.elementor-element-cbe10be{font-size:16px;}.elementor-766 .elementor-element.elementor-element-e23870e{font-size:16px;}.elementor-766 .elementor-element.elementor-element-6b12047 .elementor-button{font-size:var( --e-global-typography-7dde3f3-font-size );line-height:var( --e-global-typography-7dde3f3-line-height );padding:15px 30px 15px 30px;}}@media(min-width:768px){.elementor-766 .elementor-element.elementor-element-0c7820e{width:49.913%;}.elementor-766 .elementor-element.elementor-element-206645a{width:50.002%;}}@media(max-width:1024px) and (min-width:768px){.elementor-766 .elementor-element.elementor-element-0c7820e{width:100%;}.elementor-766 .elementor-element.elementor-element-206645a{width:100%;}}<\/style>\t\t<div data-elementor-type=\"wp-page\" data-elementor-id=\"766\" class=\"elementor elementor-766\" data-elementor-post-type=\"page\">\n\t\t\t\t\t\t<section class=\"elementor-section elementor-top-section elementor-element elementor-element-1864514 elementor-section-boxed elementor-section-height-default elementor-section-height-default\" data-id=\"1864514\" data-element_type=\"section\" data-settings=\"{&quot;background_background&quot;:&quot;classic&quot;}\">\n\t\t\t\t\t\t<div class=\"elementor-container elementor-column-gap-default\">\n\t\t\t\t\t<div class=\"elementor-column elementor-col-100 elementor-top-column elementor-element elementor-element-6bd545f\" data-id=\"6bd545f\" data-element_type=\"column\">\n\t\t\t<div class=\"elementor-widget-wrap elementor-element-populated\">\n\t\t\t\t\t\t<div class=\"elementor-element elementor-element-fec78f1 elementor-widget elementor-widget-heading\" data-id=\"fec78f1\" data-element_type=\"widget\" data-widget_type=\"heading.default\">\n\t\t\t\t<div class=\"elementor-widget-container\">\n\t\t\t\t\t<h2 class=\"elementor-heading-title elementor-size-default\">Ex\u00e1menes oculares para diab\u00e9ticos\n<\/h2>\t\t\t\t<\/div>\n\t\t\t\t<\/div>\n\t\t\t\t\t<\/div>\n\t\t<\/div>\n\t\t\t\t\t<\/div>\n\t\t<\/section>\n\t\t\t\t<section class=\"elementor-section elementor-top-section elementor-element elementor-element-7166e10 elementor-section-content-middle elementor-section-boxed elementor-section-height-default elementor-section-height-default\" data-id=\"7166e10\" data-element_type=\"section\" data-settings=\"{&quot;background_background&quot;:&quot;classic&quot;}\">\n\t\t\t\t\t\t<div class=\"elementor-container elementor-column-gap-default\">\n\t\t\t\t\t<div class=\"elementor-column elementor-col-50 elementor-top-column elementor-element elementor-element-0c7820e\" data-id=\"0c7820e\" data-element_type=\"column\">\n\t\t\t<div class=\"elementor-widget-wrap elementor-element-populated\">\n\t\t\t\t\t\t<div class=\"elementor-element elementor-element-fbde490 elementor-widget elementor-widget-image\" data-id=\"fbde490\" data-element_type=\"widget\" data-widget_type=\"image.default\">\n\t\t\t\t<div class=\"elementor-widget-container\">\n\t\t\t\t\t\t\t\t\t\t\t\t\t\t\t<img fetchpriority=\"high\" decoding=\"async\" width=\"640\" height=\"426\" src=\"https:\/\/nypeye.com\/wp-content\/uploads\/2024\/11\/2622576.webp\" class=\"attachment-full size-full wp-image-634\" alt=\"\" srcset=\"https:\/\/nypeye.com\/wp-content\/uploads\/2024\/11\/2622576.webp 640w, https:\/\/nypeye.com\/wp-content\/uploads\/2024\/11\/2622576-300x200.webp 300w, https:\/\/nypeye.com\/wp-content\/uploads\/2024\/11\/2622576-18x12.webp 18w\" sizes=\"(max-width: 640px) 100vw, 640px\" \/>\t\t\t\t\t\t\t\t\t\t\t\t\t\t\t<\/div>\n\t\t\t\t<\/div>\n\t\t\t\t\t<\/div>\n\t\t<\/div>\n\t\t\t\t<div class=\"elementor-column elementor-col-50 elementor-top-column elementor-element elementor-element-206645a\" data-id=\"206645a\" data-element_type=\"column\">\n\t\t\t<div class=\"elementor-widget-wrap elementor-element-populated\">\n\t\t\t\t\t\t<div class=\"elementor-element elementor-element-1fc8d58 elementor-widget elementor-widget-heading\" data-id=\"1fc8d58\" data-element_type=\"widget\" data-widget_type=\"heading.default\">\n\t\t\t\t<div class=\"elementor-widget-container\">\n\t\t\t\t\t<h2 class=\"elementor-heading-title elementor-size-default\">Ex\u00e1menes oculares para diab\u00e9ticos<\/h2>\t\t\t\t<\/div>\n\t\t\t\t<\/div>\n\t\t\t\t<div class=\"elementor-element elementor-element-cbe10be elementor-widget elementor-widget-text-editor\" data-id=\"cbe10be\" data-element_type=\"widget\" data-widget_type=\"text-editor.default\">\n\t\t\t\t<div class=\"elementor-widget-container\">\n\t\t\t\t\t\t\t\t\t<div id=\"vbid-2cdce50b-ce66-4378-a47d-173860f7e01b-dyn_elem_BODY_0s\" class=\"element body_preset_2\" contenteditable=\"false\" data-elementtype=\"BODY\"><p>La diabetes es un trastorno metab\u00f3lico complejo que afecta la capacidad del cuerpo para producir o utilizar la insulina eficazmente y regular los niveles de az\u00facar en sangre. Desafortunadamente, con el tiempo, los niveles elevados de az\u00facar en sangre pueden causar da\u00f1os en todo el cuerpo, con numerosas complicaciones para la salud y el bienestar general.<\/p>\u00a0<p>El t\u00e9rmino \u201cenfermedad ocular diab\u00e9tica\u201d se refiere a un grupo de afecciones que potencialmente amenazan la vista de las personas con diabetes. Este grupo de afecciones incluye la retinopat\u00eda diab\u00e9tica, el edema macular diab\u00e9tico (EMD), las cataratas y el glaucoma.<\/p><\/div>\t\t\t\t\t\t\t\t<\/div>\n\t\t\t\t<\/div>\n\t\t\t\t\t<\/div>\n\t\t<\/div>\n\t\t\t\t\t<\/div>\n\t\t<\/section>\n\t\t<div class=\"elementor-element elementor-element-337b39f e-flex e-con-boxed e-con e-parent\" data-id=\"337b39f\" data-element_type=\"container\">\n\t\t\t\t\t<div class=\"e-con-inner\">\n\t\t\t\t<div class=\"elementor-element elementor-element-e23870e elementor-widget elementor-widget-text-editor\" data-id=\"e23870e\" data-element_type=\"widget\" data-widget_type=\"text-editor.default\">\n\t\t\t\t<div class=\"elementor-widget-container\">\n\t\t\t\t\t\t\t\t\t<div id=\"vbid-2cdce50b-ce66-4378-a47d-173860f7e01b-dyn_elem_BODY_0s\" class=\"element body_preset_2\" contenteditable=\"false\" data-elementtype=\"BODY\"><p>La detecci\u00f3n temprana es fundamental para prevenir la p\u00e9rdida de visi\u00f3n causada por la enfermedad ocular diab\u00e9tica. Si tiene diabetes, es muy recomendable acudir al oftalm\u00f3logo para un examen completo de pupila dilatada al menos una vez al a\u00f1o y con mayor frecuencia, seg\u00fan se recomiende.<\/p>\u00a0<p>Adem\u00e1s de programar un examen ocular completo con dilataci\u00f3n de pupilas y controlar sus niveles de az\u00facar en sangre, es fundamental que preste mucha atenci\u00f3n a cualquier cambio en su visi\u00f3n. Comun\u00edquese con nuestro consultorio de inmediato si nota fluctuaciones repentinas o si su visi\u00f3n se vuelve irregular, borrosa o nublada.<\/p><\/div>\t\t\t\t\t\t\t\t<\/div>\n\t\t\t\t<\/div>\n\t\t\t\t<div class=\"elementor-element elementor-element-6b12047 elementor-align-center animated-slow elementor-widget-tablet__width-inherit elementor-widget elementor-widget-button\" data-id=\"6b12047\" data-element_type=\"widget\" data-settings=\"{&quot;_animation&quot;:&quot;none&quot;}\" data-widget_type=\"button.default\">\n\t\t\t\t<div class=\"elementor-widget-container\">\n\t\t\t\t\t\t\t\t\t<div class=\"elementor-button-wrapper\">\n\t\t\t\t\t<a class=\"elementor-button elementor-button-link elementor-size-sm elementor-animation-float\" href=\"https:\/\/nypeye.com\/es\/contact\/\">\n\t\t\t\t\t\t<span class=\"elementor-button-content-wrapper\">\n\t\t\t\t\t\t\t\t\t<span class=\"elementor-button-text\">Cont\u00e1ctenos<\/span>\n\t\t\t\t\t<\/span>\n\t\t\t\t\t<\/a>\n\t\t\t\t<\/div>\n\t\t\t\t\t\t\t\t<\/div>\n\t\t\t\t<\/div>\n\t\t\t\t\t<\/div>\n\t\t\t\t<\/div>\n\t\t\t\t<\/div>\n\t\t\n    <div class=\"xs_social_share_widget xs_share_url after_content \t\tmain_content  wslu-style-1 wslu-share-box-shaped wslu-fill-colored wslu-none wslu-share-horizontal wslu-theme-font-no wslu-main_content\">\n\n\t\t\n        <ul>\n\t\t\t        <\/ul>\n    <\/div>","protected":false},"excerpt":{"rendered":"<p>Diabetic Eye Exams Diabetic Eye Exams Diabetes is a complex metabolic disorder that impairs the body\u2019s ability to produce or use insulin effectively to regulate blood sugar levels. Unfortunately, over time elevated blood sugar levels can cause damage throughout the body with many complications to one\u2019s health and overall wellbeing. \u00a0 The term \u201cdiabetic eye [&hellip;]<\/p>","protected":false},"author":1,"featured_media":0,"parent":0,"menu_order":0,"comment_status":"closed","ping_status":"closed","template":"elementor_header_footer","meta":{"om_disable_all_campaigns":false,"_monsterinsights_skip_tracking":false,"_monsterinsights_sitenote_active":false,"_monsterinsights_sitenote_note":"","_monsterinsights_sitenote_category":0,"postBodyCss":"","postBodyMargin":[],"postBodyPadding":[],"postBodyBackground":{"backgroundType":"classic","gradient":""},"footnotes":""},"class_list":["post-766","page","type-page","status-publish","hentry"],"aioseo_notices":[],"_links":{"self":[{"href":"https:\/\/nypeye.com\/es\/wp-json\/wp\/v2\/pages\/766","targetHints":{"allow":["GET"]}}],"collection":[{"href":"https:\/\/nypeye.com\/es\/wp-json\/wp\/v2\/pages"}],"about":[{"href":"https:\/\/nypeye.com\/es\/wp-json\/wp\/v2\/types\/page"}],"author":[{"embeddable":true,"href":"https:\/\/nypeye.com\/es\/wp-json\/wp\/v2\/users\/1"}],"replies":[{"embeddable":true,"href":"https:\/\/nypeye.com\/es\/wp-json\/wp\/v2\/comments?post=766"}],"version-history":[{"count":16,"href":"https:\/\/nypeye.com\/es\/wp-json\/wp\/v2\/pages\/766\/revisions"}],"predecessor-version":[{"id":1318,"href":"https:\/\/nypeye.com\/es\/wp-json\/wp\/v2\/pages\/766\/revisions\/1318"}],"wp:attachment":[{"href":"https:\/\/nypeye.com\/es\/wp-json\/wp\/v2\/media?parent=766"}],"curies":[{"name":"wp","href":"https:\/\/api.w.org\/{rel}","templated":true}]}}