{"id":710,"date":"2024-11-10T14:27:52","date_gmt":"2024-11-10T14:27:52","guid":{"rendered":"https:\/\/nypeye.com\/?page_id=710"},"modified":"2024-12-10T15:48:26","modified_gmt":"2024-12-10T15:48:26","slug":"astigmatism","status":"publish","type":"page","link":"https:\/\/nypeye.com\/es\/astigmatism\/","title":{"rendered":"Astigmatismo"},"content":{"rendered":"<style>.elementor-710 .elementor-element.elementor-element-2b7a345:not(.elementor-motion-effects-element-type-background), .elementor-710 .elementor-element.elementor-element-2b7a345 > .elementor-motion-effects-container > .elementor-motion-effects-layer{background-color:#202F58;}.elementor-710 .elementor-element.elementor-element-2b7a345 > .elementor-container{max-width:1170px;}.elementor-710 .elementor-element.elementor-element-2b7a345{transition:background 0.3s, border 0.3s, border-radius 0.3s, box-shadow 0.3s;padding:100px 0px 100px 0px;z-index:0;}.elementor-710 .elementor-element.elementor-element-2b7a345 > .elementor-background-overlay{transition:background 0.3s, border-radius 0.3s, opacity 0.3s;}.elementor-710 .elementor-element.elementor-element-e7a5a7b{text-align:center;}.elementor-710 .elementor-element.elementor-element-e7a5a7b .elementor-heading-title{font-family:\"Inter\", Sans-serif;font-size:32px;font-weight:600;text-transform:uppercase;line-height:1.2em;color:#FFFFFF;}.elementor-710 .elementor-element.elementor-element-2d5ab82 > .elementor-container > .elementor-column > .elementor-widget-wrap{align-content:center;align-items:center;}.elementor-710 .elementor-element.elementor-element-2d5ab82 > .elementor-container{max-width:1170px;}.elementor-710 .elementor-element.elementor-element-2d5ab82{transition:background 0.3s, border 0.3s, border-radius 0.3s, box-shadow 0.3s;padding:100px 0px 50px 0px;}.elementor-710 .elementor-element.elementor-element-2d5ab82 > .elementor-background-overlay{transition:background 0.3s, border-radius 0.3s, opacity 0.3s;}.elementor-710 .elementor-element.elementor-element-f3cb28d{text-align:center;}.elementor-710 .elementor-element.elementor-element-f3cb28d img{border-radius:5px 5px 5px 5px;}.elementor-710 .elementor-element.elementor-element-8def699 > .elementor-element-populated{padding:10px 10px 40px 60px;}.elementor-710 .elementor-element.elementor-element-af0ef1a{text-align:left;}.elementor-710 .elementor-element.elementor-element-af0ef1a .elementor-heading-title{font-family:\"Inter\", Sans-serif;font-size:35px;font-weight:700;text-transform:capitalize;line-height:1.2em;color:#2A367A;}.elementor-710 .elementor-element.elementor-element-c8ad5bd{font-family:\"Heebo\", Sans-serif;font-size:17px;font-weight:400;line-height:1.5em;color:var( --e-global-color-secondary );}.elementor-710 .elementor-element.elementor-element-00e70ac .elementor-button{background-color:var( --e-global-color-primary );font-family:var( --e-global-typography-7dde3f3-font-family ), Sans-serif;font-size:var( --e-global-typography-7dde3f3-font-size );font-weight:var( --e-global-typography-7dde3f3-font-weight );line-height:var( --e-global-typography-7dde3f3-line-height );fill:#FFFFFF;color:#FFFFFF;border-radius:5px 5px 5px 5px;padding:20px 40px 20px 40px;}.elementor-710 .elementor-element.elementor-element-00e70ac .elementor-button:hover, .elementor-710 .elementor-element.elementor-element-00e70ac .elementor-button:focus{border-color:#6EC1E4;}@media(max-width:1024px){.elementor-710 .elementor-element.elementor-element-2b7a345{margin-top:0px;margin-bottom:0px;padding:210px 10px 140px 10px;}.elementor-710 .elementor-element.elementor-element-2d5ab82{padding:80px 10px 80px 10px;}.elementor-710 .elementor-element.elementor-element-8def699 > .elementor-element-populated{padding:10px 10px 10px 10px;}.elementor-710 .elementor-element.elementor-element-00e70ac{width:100%;max-width:100%;}.elementor-710 .elementor-element.elementor-element-00e70ac .elementor-button{font-size:var( --e-global-typography-7dde3f3-font-size );line-height:var( --e-global-typography-7dde3f3-line-height );}}@media(max-width:767px){.elementor-710 .elementor-element.elementor-element-2b7a345{margin-top:0px;margin-bottom:0px;padding:152px 10px 80px 10px;}.elementor-710 .elementor-element.elementor-element-e7a5a7b .elementor-heading-title{font-size:24px;}.elementor-710 .elementor-element.elementor-element-2d5ab82{padding:40px 10px 40px 10px;}.elementor-710 .elementor-element.elementor-element-8def699 > .elementor-element-populated{margin:0px 0px 0px 0px;--e-column-margin-right:0px;--e-column-margin-left:0px;}.elementor-710 .elementor-element.elementor-element-af0ef1a .elementor-heading-title{font-size:24px;}.elementor-710 .elementor-element.elementor-element-c8ad5bd{font-size:16px;}.elementor-710 .elementor-element.elementor-element-00e70ac .elementor-button{font-size:var( --e-global-typography-7dde3f3-font-size );line-height:var( --e-global-typography-7dde3f3-line-height );padding:15px 30px 15px 30px;}}@media(min-width:768px){.elementor-710 .elementor-element.elementor-element-b400ba8{width:49.913%;}.elementor-710 .elementor-element.elementor-element-8def699{width:50.002%;}}@media(max-width:1024px) and (min-width:768px){.elementor-710 .elementor-element.elementor-element-b400ba8{width:100%;}.elementor-710 .elementor-element.elementor-element-8def699{width:100%;}}<\/style>\t\t<div data-elementor-type=\"wp-page\" data-elementor-id=\"710\" class=\"elementor elementor-710\" data-elementor-post-type=\"page\">\n\t\t\t\t\t\t<section class=\"elementor-section elementor-top-section elementor-element elementor-element-2b7a345 elementor-section-boxed elementor-section-height-default elementor-section-height-default\" data-id=\"2b7a345\" data-element_type=\"section\" data-settings=\"{&quot;background_background&quot;:&quot;classic&quot;}\">\n\t\t\t\t\t\t<div class=\"elementor-container elementor-column-gap-default\">\n\t\t\t\t\t<div class=\"elementor-column elementor-col-100 elementor-top-column elementor-element elementor-element-11923eb\" data-id=\"11923eb\" data-element_type=\"column\">\n\t\t\t<div class=\"elementor-widget-wrap elementor-element-populated\">\n\t\t\t\t\t\t<div class=\"elementor-element elementor-element-e7a5a7b elementor-widget elementor-widget-heading\" data-id=\"e7a5a7b\" data-element_type=\"widget\" data-widget_type=\"heading.default\">\n\t\t\t\t<div class=\"elementor-widget-container\">\n\t\t\t\t\t<h2 class=\"elementor-heading-title elementor-size-default\">Astigmatismo<\/h2>\t\t\t\t<\/div>\n\t\t\t\t<\/div>\n\t\t\t\t\t<\/div>\n\t\t<\/div>\n\t\t\t\t\t<\/div>\n\t\t<\/section>\n\t\t\t\t<section class=\"elementor-section elementor-top-section elementor-element elementor-element-2d5ab82 elementor-section-content-middle elementor-section-boxed elementor-section-height-default elementor-section-height-default\" data-id=\"2d5ab82\" data-element_type=\"section\" data-settings=\"{&quot;background_background&quot;:&quot;classic&quot;}\">\n\t\t\t\t\t\t<div class=\"elementor-container elementor-column-gap-default\">\n\t\t\t\t\t<div class=\"elementor-column elementor-col-50 elementor-top-column elementor-element elementor-element-b400ba8\" data-id=\"b400ba8\" data-element_type=\"column\">\n\t\t\t<div class=\"elementor-widget-wrap elementor-element-populated\">\n\t\t\t\t\t\t<div class=\"elementor-element elementor-element-f3cb28d elementor-widget elementor-widget-image\" data-id=\"f3cb28d\" data-element_type=\"widget\" data-widget_type=\"image.default\">\n\t\t\t\t<div class=\"elementor-widget-container\">\n\t\t\t\t\t\t\t\t\t\t\t\t\t\t\t<img fetchpriority=\"high\" decoding=\"async\" width=\"640\" height=\"640\" src=\"https:\/\/nypeye.com\/wp-content\/uploads\/2024\/11\/2626408.webp\" class=\"attachment-full size-full wp-image-683\" alt=\"\" srcset=\"https:\/\/nypeye.com\/wp-content\/uploads\/2024\/11\/2626408.webp 640w, https:\/\/nypeye.com\/wp-content\/uploads\/2024\/11\/2626408-300x300.webp 300w, https:\/\/nypeye.com\/wp-content\/uploads\/2024\/11\/2626408-150x150.webp 150w, https:\/\/nypeye.com\/wp-content\/uploads\/2024\/11\/2626408-12x12.webp 12w\" sizes=\"(max-width: 640px) 100vw, 640px\" \/>\t\t\t\t\t\t\t\t\t\t\t\t\t\t\t<\/div>\n\t\t\t\t<\/div>\n\t\t\t\t\t<\/div>\n\t\t<\/div>\n\t\t\t\t<div class=\"elementor-column elementor-col-50 elementor-top-column elementor-element elementor-element-8def699\" data-id=\"8def699\" data-element_type=\"column\">\n\t\t\t<div class=\"elementor-widget-wrap elementor-element-populated\">\n\t\t\t\t\t\t<div class=\"elementor-element elementor-element-af0ef1a elementor-widget elementor-widget-heading\" data-id=\"af0ef1a\" data-element_type=\"widget\" data-widget_type=\"heading.default\">\n\t\t\t\t<div class=\"elementor-widget-container\">\n\t\t\t\t\t<h2 class=\"elementor-heading-title elementor-size-default\">Astigmatismo<\/h2>\t\t\t\t<\/div>\n\t\t\t\t<\/div>\n\t\t\t\t<div class=\"elementor-element elementor-element-c8ad5bd elementor-widget elementor-widget-text-editor\" data-id=\"c8ad5bd\" data-element_type=\"widget\" data-widget_type=\"text-editor.default\">\n\t\t\t\t<div class=\"elementor-widget-container\">\n\t\t\t\t\t\t\t\t\t<div id=\"vbid-2cdce50b-ce66-4378-a47d-173860f7e01b-dyn_elem_BODY_0s\" class=\"element body_preset_2\" contenteditable=\"false\" data-elementtype=\"BODY\"><p>El astigmatismo forma parte de la prescripci\u00f3n de sus anteojos. Es una afecci\u00f3n muy com\u00fan y no debe temerse. Simplemente significa que, en lugar de tener una forma esf\u00e9rica como la de un bal\u00f3n de f\u00fatbol, \u200b\u200bsu forma se parece m\u00e1s a la de un bal\u00f3n de rugby. Cuando esto ocurre, necesita una prescripci\u00f3n ligeramente mayor en una parte del ojo que en la otra. Su oftalm\u00f3logo podr\u00e1 realizar pruebas y tratar esta afecci\u00f3n con anteojos, lentes de contacto o incluso cirug\u00eda refractiva (por ejemplo, LASIK).<\/p><\/div>\t\t\t\t\t\t\t\t<\/div>\n\t\t\t\t<\/div>\n\t\t\t\t<div class=\"elementor-element elementor-element-00e70ac elementor-align-left animated-slow elementor-widget-tablet__width-inherit elementor-widget elementor-widget-button\" data-id=\"00e70ac\" data-element_type=\"widget\" data-settings=\"{&quot;_animation&quot;:&quot;none&quot;}\" data-widget_type=\"button.default\">\n\t\t\t\t<div class=\"elementor-widget-container\">\n\t\t\t\t\t\t\t\t\t<div class=\"elementor-button-wrapper\">\n\t\t\t\t\t<a class=\"elementor-button elementor-button-link elementor-size-sm elementor-animation-float\" href=\"https:\/\/nypeye.com\/es\/contact\/\">\n\t\t\t\t\t\t<span class=\"elementor-button-content-wrapper\">\n\t\t\t\t\t\t\t\t\t<span class=\"elementor-button-text\">Cont\u00e1ctenos<\/span>\n\t\t\t\t\t<\/span>\n\t\t\t\t\t<\/a>\n\t\t\t\t<\/div>\n\t\t\t\t\t\t\t\t<\/div>\n\t\t\t\t<\/div>\n\t\t\t\t\t<\/div>\n\t\t<\/div>\n\t\t\t\t\t<\/div>\n\t\t<\/section>\n\t\t\t\t<\/div>\n\t\t\n    <div class=\"xs_social_share_widget xs_share_url after_content \t\tmain_content  wslu-style-1 wslu-share-box-shaped wslu-fill-colored wslu-none wslu-share-horizontal wslu-theme-font-no wslu-main_content\">\n\n\t\t\n        <ul>\n\t\t\t        <\/ul>\n    <\/div>","protected":false},"excerpt":{"rendered":"<p>Astigmatism Astigmatism Astigmatism is a part of your glasses prescription. It is a very common condition and is nothing to be feared! It simply means that instead of your eyes being shaped spherically like a soccer ball, they are shaped more like a rugby instead. When this occurs you need slightly more prescription in one [&hellip;]<\/p>","protected":false},"author":1,"featured_media":0,"parent":0,"menu_order":0,"comment_status":"closed","ping_status":"closed","template":"elementor_header_footer","meta":{"om_disable_all_campaigns":false,"_monsterinsights_skip_tracking":false,"_monsterinsights_sitenote_active":false,"_monsterinsights_sitenote_note":"","_monsterinsights_sitenote_category":0,"postBodyCss":"","postBodyMargin":[],"postBodyPadding":[],"postBodyBackground":{"backgroundType":"classic","gradient":""},"footnotes":""},"class_list":["post-710","page","type-page","status-publish","hentry"],"aioseo_notices":[],"_links":{"self":[{"href":"https:\/\/nypeye.com\/es\/wp-json\/wp\/v2\/pages\/710","targetHints":{"allow":["GET"]}}],"collection":[{"href":"https:\/\/nypeye.com\/es\/wp-json\/wp\/v2\/pages"}],"about":[{"href":"https:\/\/nypeye.com\/es\/wp-json\/wp\/v2\/types\/page"}],"author":[{"embeddable":true,"href":"https:\/\/nypeye.com\/es\/wp-json\/wp\/v2\/users\/1"}],"replies":[{"embeddable":true,"href":"https:\/\/nypeye.com\/es\/wp-json\/wp\/v2\/comments?post=710"}],"version-history":[{"count":19,"href":"https:\/\/nypeye.com\/es\/wp-json\/wp\/v2\/pages\/710\/revisions"}],"predecessor-version":[{"id":1759,"href":"https:\/\/nypeye.com\/es\/wp-json\/wp\/v2\/pages\/710\/revisions\/1759"}],"wp:attachment":[{"href":"https:\/\/nypeye.com\/es\/wp-json\/wp\/v2\/media?parent=710"}],"curies":[{"name":"wp","href":"https:\/\/api.w.org\/{rel}","templated":true}]}}