{"id":696,"date":"2024-11-10T14:19:35","date_gmt":"2024-11-10T14:19:35","guid":{"rendered":"https:\/\/nypeye.com\/?page_id=696"},"modified":"2024-11-12T15:49:22","modified_gmt":"2024-11-12T15:49:22","slug":"farsightedness","status":"publish","type":"page","link":"https:\/\/nypeye.com\/es\/farsightedness\/","title":{"rendered":"Hipermetrop\u00eda"},"content":{"rendered":"<style>.elementor-696 .elementor-element.elementor-element-7887406:not(.elementor-motion-effects-element-type-background), .elementor-696 .elementor-element.elementor-element-7887406 > .elementor-motion-effects-container > .elementor-motion-effects-layer{background-color:#202F58;}.elementor-696 .elementor-element.elementor-element-7887406 > .elementor-container{max-width:1170px;}.elementor-696 .elementor-element.elementor-element-7887406{transition:background 0.3s, border 0.3s, border-radius 0.3s, box-shadow 0.3s;padding:100px 0px 100px 0px;z-index:0;}.elementor-696 .elementor-element.elementor-element-7887406 > .elementor-background-overlay{transition:background 0.3s, border-radius 0.3s, opacity 0.3s;}.elementor-696 .elementor-element.elementor-element-a1e6b25{text-align:center;}.elementor-696 .elementor-element.elementor-element-a1e6b25 .elementor-heading-title{font-family:\"Inter\", Sans-serif;font-size:32px;font-weight:600;text-transform:uppercase;line-height:1.2em;color:#FFFFFF;}.elementor-696 .elementor-element.elementor-element-d656c52 > .elementor-container > .elementor-column > .elementor-widget-wrap{align-content:center;align-items:center;}.elementor-696 .elementor-element.elementor-element-d656c52 > .elementor-container{max-width:1170px;}.elementor-696 .elementor-element.elementor-element-d656c52{transition:background 0.3s, border 0.3s, border-radius 0.3s, box-shadow 0.3s;padding:100px 0px 50px 0px;}.elementor-696 .elementor-element.elementor-element-d656c52 > .elementor-background-overlay{transition:background 0.3s, border-radius 0.3s, opacity 0.3s;}.elementor-696 .elementor-element.elementor-element-2285e4e{text-align:center;}.elementor-696 .elementor-element.elementor-element-2285e4e img{border-radius:5px 5px 5px 5px;}.elementor-696 .elementor-element.elementor-element-377312d > .elementor-element-populated{padding:10px 10px 40px 60px;}.elementor-696 .elementor-element.elementor-element-2ed17ac{text-align:left;}.elementor-696 .elementor-element.elementor-element-2ed17ac .elementor-heading-title{font-family:\"Inter\", Sans-serif;font-size:35px;font-weight:700;text-transform:capitalize;line-height:1.2em;color:#2A367A;}.elementor-696 .elementor-element.elementor-element-f3b66fd{font-family:\"Heebo\", Sans-serif;font-size:17px;font-weight:400;line-height:1.5em;color:var( --e-global-color-secondary );}.elementor-696 .elementor-element.elementor-element-71516d7 .elementor-button{background-color:var( --e-global-color-primary );font-family:var( --e-global-typography-7dde3f3-font-family ), Sans-serif;font-size:var( --e-global-typography-7dde3f3-font-size );font-weight:var( --e-global-typography-7dde3f3-font-weight );line-height:var( --e-global-typography-7dde3f3-line-height );fill:#FFFFFF;color:#FFFFFF;border-radius:5px 5px 5px 5px;padding:20px 40px 20px 40px;}.elementor-696 .elementor-element.elementor-element-71516d7 .elementor-button:hover, .elementor-696 .elementor-element.elementor-element-71516d7 .elementor-button:focus{border-color:#6EC1E4;}@media(max-width:1024px){.elementor-696 .elementor-element.elementor-element-7887406{margin-top:0px;margin-bottom:0px;padding:210px 10px 140px 10px;}.elementor-696 .elementor-element.elementor-element-d656c52{padding:80px 10px 80px 10px;}.elementor-696 .elementor-element.elementor-element-377312d > .elementor-element-populated{padding:10px 10px 10px 10px;}.elementor-696 .elementor-element.elementor-element-71516d7{width:100%;max-width:100%;}.elementor-696 .elementor-element.elementor-element-71516d7 .elementor-button{font-size:var( --e-global-typography-7dde3f3-font-size );line-height:var( --e-global-typography-7dde3f3-line-height );}}@media(max-width:767px){.elementor-696 .elementor-element.elementor-element-7887406{margin-top:0px;margin-bottom:0px;padding:152px 10px 80px 10px;}.elementor-696 .elementor-element.elementor-element-a1e6b25 .elementor-heading-title{font-size:24px;}.elementor-696 .elementor-element.elementor-element-d656c52{padding:40px 10px 40px 10px;}.elementor-696 .elementor-element.elementor-element-377312d > .elementor-element-populated{margin:0px 0px 0px 0px;--e-column-margin-right:0px;--e-column-margin-left:0px;}.elementor-696 .elementor-element.elementor-element-2ed17ac .elementor-heading-title{font-size:24px;}.elementor-696 .elementor-element.elementor-element-f3b66fd{font-size:16px;}.elementor-696 .elementor-element.elementor-element-71516d7 .elementor-button{font-size:var( --e-global-typography-7dde3f3-font-size );line-height:var( --e-global-typography-7dde3f3-line-height );padding:15px 30px 15px 30px;}}@media(min-width:768px){.elementor-696 .elementor-element.elementor-element-87a0488{width:49.913%;}.elementor-696 .elementor-element.elementor-element-377312d{width:50.002%;}}@media(max-width:1024px) and (min-width:768px){.elementor-696 .elementor-element.elementor-element-87a0488{width:100%;}.elementor-696 .elementor-element.elementor-element-377312d{width:100%;}}<\/style>\t\t<div data-elementor-type=\"wp-page\" data-elementor-id=\"696\" class=\"elementor elementor-696\" data-elementor-post-type=\"page\">\n\t\t\t\t\t\t<section class=\"elementor-section elementor-top-section elementor-element elementor-element-7887406 elementor-section-boxed elementor-section-height-default elementor-section-height-default\" data-id=\"7887406\" data-element_type=\"section\" data-settings=\"{&quot;background_background&quot;:&quot;classic&quot;}\">\n\t\t\t\t\t\t<div class=\"elementor-container elementor-column-gap-default\">\n\t\t\t\t\t<div class=\"elementor-column elementor-col-100 elementor-top-column elementor-element elementor-element-f56adb8\" data-id=\"f56adb8\" data-element_type=\"column\">\n\t\t\t<div class=\"elementor-widget-wrap elementor-element-populated\">\n\t\t\t\t\t\t<div class=\"elementor-element elementor-element-a1e6b25 elementor-widget elementor-widget-heading\" data-id=\"a1e6b25\" data-element_type=\"widget\" data-widget_type=\"heading.default\">\n\t\t\t\t<div class=\"elementor-widget-container\">\n\t\t\t\t\t<h2 class=\"elementor-heading-title elementor-size-default\">Hipermetrop\u00eda<\/h2>\t\t\t\t<\/div>\n\t\t\t\t<\/div>\n\t\t\t\t\t<\/div>\n\t\t<\/div>\n\t\t\t\t\t<\/div>\n\t\t<\/section>\n\t\t\t\t<section class=\"elementor-section elementor-top-section elementor-element elementor-element-d656c52 elementor-section-content-middle elementor-section-boxed elementor-section-height-default elementor-section-height-default\" data-id=\"d656c52\" data-element_type=\"section\" data-settings=\"{&quot;background_background&quot;:&quot;classic&quot;}\">\n\t\t\t\t\t\t<div class=\"elementor-container elementor-column-gap-default\">\n\t\t\t\t\t<div class=\"elementor-column elementor-col-50 elementor-top-column elementor-element elementor-element-87a0488\" data-id=\"87a0488\" data-element_type=\"column\">\n\t\t\t<div class=\"elementor-widget-wrap elementor-element-populated\">\n\t\t\t\t\t\t<div class=\"elementor-element elementor-element-2285e4e elementor-widget elementor-widget-image\" data-id=\"2285e4e\" data-element_type=\"widget\" data-widget_type=\"image.default\">\n\t\t\t\t<div class=\"elementor-widget-container\">\n\t\t\t\t\t\t\t\t\t\t\t\t\t\t\t<img fetchpriority=\"high\" decoding=\"async\" width=\"640\" height=\"426\" src=\"https:\/\/nypeye.com\/wp-content\/uploads\/2024\/11\/2622557.webp\" class=\"attachment-full size-full wp-image-626\" alt=\"Farsightedness\" srcset=\"https:\/\/nypeye.com\/wp-content\/uploads\/2024\/11\/2622557.webp 640w, https:\/\/nypeye.com\/wp-content\/uploads\/2024\/11\/2622557-300x200.webp 300w, https:\/\/nypeye.com\/wp-content\/uploads\/2024\/11\/2622557-18x12.webp 18w\" sizes=\"(max-width: 640px) 100vw, 640px\" \/>\t\t\t\t\t\t\t\t\t\t\t\t\t\t\t<\/div>\n\t\t\t\t<\/div>\n\t\t\t\t\t<\/div>\n\t\t<\/div>\n\t\t\t\t<div class=\"elementor-column elementor-col-50 elementor-top-column elementor-element elementor-element-377312d\" data-id=\"377312d\" data-element_type=\"column\">\n\t\t\t<div class=\"elementor-widget-wrap elementor-element-populated\">\n\t\t\t\t\t\t<div class=\"elementor-element elementor-element-2ed17ac elementor-widget elementor-widget-heading\" data-id=\"2ed17ac\" data-element_type=\"widget\" data-widget_type=\"heading.default\">\n\t\t\t\t<div class=\"elementor-widget-container\">\n\t\t\t\t\t<h2 class=\"elementor-heading-title elementor-size-default\">Hipermetrop\u00eda<\/h2>\t\t\t\t<\/div>\n\t\t\t\t<\/div>\n\t\t\t\t<div class=\"elementor-element elementor-element-f3b66fd elementor-widget elementor-widget-text-editor\" data-id=\"f3b66fd\" data-element_type=\"widget\" data-widget_type=\"text-editor.default\">\n\t\t\t\t<div class=\"elementor-widget-container\">\n\t\t\t\t\t\t\t\t\t<div id=\"vbid-2cdce50b-ce66-4378-a47d-173860f7e01b-dyn_elem_BODY_0s\" class=\"element body_preset_2\" contenteditable=\"false\" data-elementtype=\"BODY\"><p>La hipermetrop\u00eda se produce cuando se puede ver claramente el objeto distante (seg\u00fan la prescripci\u00f3n), pero la visi\u00f3n cercana puede ser un poco borrosa. Esto se puede corregir con anteojos, lentes de contacto o cirug\u00eda.<\/p>\u00a0<p>Cuando se examina a los ni\u00f1os por primera vez para ver si tienen hipermetrop\u00eda, es posible que necesiten una gota extra para los ojos que le permitir\u00e1 al m\u00e9dico hacer una prescripci\u00f3n m\u00e1s precisa. Esto se debe a que los ojos de algunos ni\u00f1os est\u00e1n trabajando constantemente para adaptarse a sus prescripciones. Por lo tanto, la gota conocida como ciclopentolato puede ser una parte muy importante del examen para permitirnos saber su prescripci\u00f3n exacta.<\/p><\/div>\t\t\t\t\t\t\t\t<\/div>\n\t\t\t\t<\/div>\n\t\t\t\t<div class=\"elementor-element elementor-element-71516d7 elementor-align-left animated-slow elementor-widget-tablet__width-inherit elementor-widget elementor-widget-button\" data-id=\"71516d7\" data-element_type=\"widget\" data-settings=\"{&quot;_animation&quot;:&quot;none&quot;}\" data-widget_type=\"button.default\">\n\t\t\t\t<div class=\"elementor-widget-container\">\n\t\t\t\t\t\t\t\t\t<div class=\"elementor-button-wrapper\">\n\t\t\t\t\t<a class=\"elementor-button elementor-button-link elementor-size-sm elementor-animation-float\" href=\"https:\/\/nypeye.com\/es\/contact\/\">\n\t\t\t\t\t\t<span class=\"elementor-button-content-wrapper\">\n\t\t\t\t\t\t\t\t\t<span class=\"elementor-button-text\">Cont\u00e1ctenos<\/span>\n\t\t\t\t\t<\/span>\n\t\t\t\t\t<\/a>\n\t\t\t\t<\/div>\n\t\t\t\t\t\t\t\t<\/div>\n\t\t\t\t<\/div>\n\t\t\t\t\t<\/div>\n\t\t<\/div>\n\t\t\t\t\t<\/div>\n\t\t<\/section>\n\t\t\t\t<\/div>\n\t\t\n    <div class=\"xs_social_share_widget xs_share_url after_content \t\tmain_content  wslu-style-1 wslu-share-box-shaped wslu-fill-colored wslu-none wslu-share-horizontal wslu-theme-font-no wslu-main_content\">\n\n\t\t\n        <ul>\n\t\t\t        <\/ul>\n    <\/div>","protected":false},"excerpt":{"rendered":"<p>Farsightedness Farsightedness Hyperopia is when you can see the distant object clearly (depending on the prescription) but your near vision may be a little bit blurry. This can be corrected with glasses, contacts or surgery. \u00a0 When children are first examined for their farsightedness, They may need an extra eye drop that will allow the [&hellip;]<\/p>","protected":false},"author":1,"featured_media":0,"parent":0,"menu_order":0,"comment_status":"closed","ping_status":"closed","template":"elementor_header_footer","meta":{"om_disable_all_campaigns":false,"_monsterinsights_skip_tracking":false,"_monsterinsights_sitenote_active":false,"_monsterinsights_sitenote_note":"","_monsterinsights_sitenote_category":0,"postBodyCss":"","postBodyMargin":[],"postBodyPadding":[],"postBodyBackground":{"backgroundType":"classic","gradient":""},"footnotes":""},"class_list":["post-696","page","type-page","status-publish","hentry"],"aioseo_notices":[],"_links":{"self":[{"href":"https:\/\/nypeye.com\/es\/wp-json\/wp\/v2\/pages\/696","targetHints":{"allow":["GET"]}}],"collection":[{"href":"https:\/\/nypeye.com\/es\/wp-json\/wp\/v2\/pages"}],"about":[{"href":"https:\/\/nypeye.com\/es\/wp-json\/wp\/v2\/types\/page"}],"author":[{"embeddable":true,"href":"https:\/\/nypeye.com\/es\/wp-json\/wp\/v2\/users\/1"}],"replies":[{"embeddable":true,"href":"https:\/\/nypeye.com\/es\/wp-json\/wp\/v2\/comments?post=696"}],"version-history":[{"count":22,"href":"https:\/\/nypeye.com\/es\/wp-json\/wp\/v2\/pages\/696\/revisions"}],"predecessor-version":[{"id":1328,"href":"https:\/\/nypeye.com\/es\/wp-json\/wp\/v2\/pages\/696\/revisions\/1328"}],"wp:attachment":[{"href":"https:\/\/nypeye.com\/es\/wp-json\/wp\/v2\/media?parent=696"}],"curies":[{"name":"wp","href":"https:\/\/api.w.org\/{rel}","templated":true}]}}