{"id":427,"date":"2024-11-02T08:59:01","date_gmt":"2024-11-02T08:59:01","guid":{"rendered":"https:\/\/nypeye.com\/?page_id=427"},"modified":"2024-11-25T16:05:05","modified_gmt":"2024-11-25T16:05:05","slug":"optilight-by-lumenis","status":"publish","type":"page","link":"https:\/\/nypeye.com\/es\/optilight-by-lumenis\/","title":{"rendered":"OptiLight de Lumenis"},"content":{"rendered":"<style>.elementor-427 .elementor-element.elementor-element-8816015:not(.elementor-motion-effects-element-type-background), .elementor-427 .elementor-element.elementor-element-8816015 > .elementor-motion-effects-container > .elementor-motion-effects-layer{background-image:url(\"https:\/\/nypeye.com\/wp-content\/uploads\/2024\/10\/oculist-examining-patient-vision-with-slit-lamp-in-clinic.jpg\");background-position:center center;background-repeat:no-repeat;background-size:cover;}.elementor-427 .elementor-element.elementor-element-8816015 > .elementor-background-overlay{background-color:var( --e-global-color-primary );opacity:0.9;transition:background 0.3s, border-radius 0.3s, opacity 0.3s;}.elementor-427 .elementor-element.elementor-element-8816015 > .elementor-container{max-width:1170px;}.elementor-427 .elementor-element.elementor-element-8816015{transition:background 0.3s, border 0.3s, border-radius 0.3s, box-shadow 0.3s;padding:100px 0px 100px 0px;z-index:0;}.elementor-427 .elementor-element.elementor-element-4a509cd{text-align:center;}.elementor-427 .elementor-element.elementor-element-4a509cd .elementor-heading-title{font-family:var( --e-global-typography-secondary-font-family ), Sans-serif;font-size:var( --e-global-typography-secondary-font-size );font-weight:var( --e-global-typography-secondary-font-weight );line-height:var( --e-global-typography-secondary-line-height );color:#FFFFFF;}.elementor-427 .elementor-element.elementor-element-124167e{text-align:center;}.elementor-427 .elementor-element.elementor-element-124167e .elementor-heading-title{font-size:18px;color:#FFFFFF;}.elementor-427 .elementor-element.elementor-element-a2f8f19{margin-top:80px;margin-bottom:0px;}.elementor-bc-flex-widget .elementor-427 .elementor-element.elementor-element-e9fcce9.elementor-column .elementor-widget-wrap{align-items:center;}.elementor-427 .elementor-element.elementor-element-e9fcce9.elementor-column.elementor-element[data-element_type=\"column\"] > .elementor-widget-wrap.elementor-element-populated{align-content:center;align-items:center;}.elementor-427 .elementor-element.elementor-element-e9fcce9 > .elementor-element-populated >  .elementor-background-overlay{opacity:0.1;}.elementor-427 .elementor-element.elementor-element-e9fcce9 > .elementor-element-populated{transition:background 0.3s, border 0.3s, border-radius 0.3s, box-shadow 0.3s;margin:0px 0px 0px 10px;--e-column-margin-right:0px;--e-column-margin-left:10px;padding:0px 0px 0px 20px;}.elementor-427 .elementor-element.elementor-element-e9fcce9 > .elementor-element-populated > .elementor-background-overlay{transition:background 0.3s, border-radius 0.3s, opacity 0.3s;}.elementor-427 .elementor-element.elementor-element-901c51a{text-align:left;font-family:\"Heebo\", Sans-serif;font-size:20px;font-weight:400;line-height:1.5em;color:var( --e-global-color-secondary );}.elementor-427 .elementor-element.elementor-element-27433c9{margin-top:100px;margin-bottom:50px;}.elementor-427 .elementor-element.elementor-element-62de870 > .elementor-widget-container{padding:0px 0px 0px 44px;}.elementor-427 .elementor-element.elementor-element-c87cccd .elementskit-single-faq .elementskit-faq-title{color:#35439B;}.elementor-427 .elementor-element.elementor-element-c87cccd .elementskit-single-faq .elementskit-faq-header{padding:21px 40px 21px 40px;}.elementor-427 .elementor-element.elementor-element-c87cccd .elementskit-single-faq .elementskit-faq-body{color:#000000;font-weight:400;padding:30px 40px 30px 40px;}.elementor-427 .elementor-element.elementor-element-ea82b9a .elementor-button{background-color:#35439B;}.elementor-427 .elementor-element.elementor-element-ea82b9a .elementor-button:hover, .elementor-427 .elementor-element.elementor-element-ea82b9a .elementor-button:focus{background-color:var( --e-global-color-text );color:var( --e-global-color-1517109 );}.elementor-427 .elementor-element.elementor-element-ea82b9a{width:var( --container-widget-width, 96.824% );max-width:96.824%;--container-widget-width:96.824%;--container-widget-flex-grow:0;}.elementor-427 .elementor-element.elementor-element-ea82b9a > .elementor-widget-container{margin:25px 0px 0px 0px;}.elementor-427 .elementor-element.elementor-element-ea82b9a.elementor-element{--flex-grow:0;--flex-shrink:0;}.elementor-427 .elementor-element.elementor-element-ea82b9a .elementor-button:hover svg, .elementor-427 .elementor-element.elementor-element-ea82b9a .elementor-button:focus svg{fill:var( --e-global-color-1517109 );}@media(max-width:1024px){.elementor-427 .elementor-element.elementor-element-8816015:not(.elementor-motion-effects-element-type-background), .elementor-427 .elementor-element.elementor-element-8816015 > .elementor-motion-effects-container > .elementor-motion-effects-layer{background-position:center center;}.elementor-427 .elementor-element.elementor-element-8816015{margin-top:0px;margin-bottom:0px;padding:210px 10px 140px 10px;}.elementor-427 .elementor-element.elementor-element-4a509cd .elementor-heading-title{font-size:var( --e-global-typography-secondary-font-size );line-height:var( --e-global-typography-secondary-line-height );}}@media(max-width:767px){.elementor-427 .elementor-element.elementor-element-8816015{margin-top:0px;margin-bottom:0px;padding:152px 10px 80px 10px;}.elementor-427 .elementor-element.elementor-element-4a509cd .elementor-heading-title{font-size:var( --e-global-typography-secondary-font-size );line-height:var( --e-global-typography-secondary-line-height );}.elementor-427 .elementor-element.elementor-element-e9fcce9 > .elementor-element-populated{margin:50px 0px 50px 0px;--e-column-margin-right:0px;--e-column-margin-left:0px;padding:0px 20px 0px 20px;}.elementor-427 .elementor-element.elementor-element-901c51a{font-size:16px;}.elementor-427 .elementor-element.elementor-element-27433c9{margin-top:0px;margin-bottom:0px;}.elementor-427 .elementor-element.elementor-element-62de870 > .elementor-widget-container{padding:0px 0px 0px 0px;}.elementor-427 .elementor-element.elementor-element-c87cccd .elementskit-single-faq .elementskit-faq-title{font-size:16px;}.elementor-427 .elementor-element.elementor-element-c87cccd .elementskit-single-faq .elementskit-faq-body{font-size:16px;}}@media(min-width:1025px){.elementor-427 .elementor-element.elementor-element-8816015:not(.elementor-motion-effects-element-type-background), .elementor-427 .elementor-element.elementor-element-8816015 > .elementor-motion-effects-container > .elementor-motion-effects-layer{background-attachment:fixed;}}<\/style>\t\t<div data-elementor-type=\"wp-page\" data-elementor-id=\"427\" class=\"elementor elementor-427\" data-elementor-post-type=\"page\">\n\t\t\t\t\t\t<section class=\"elementor-section elementor-top-section elementor-element elementor-element-8816015 elementor-section-boxed elementor-section-height-default elementor-section-height-default\" data-id=\"8816015\" data-element_type=\"section\" data-settings=\"{&quot;background_background&quot;:&quot;classic&quot;}\">\n\t\t\t\t\t\t\t<div class=\"elementor-background-overlay\"><\/div>\n\t\t\t\t\t\t\t<div class=\"elementor-container elementor-column-gap-default\">\n\t\t\t\t\t<div class=\"elementor-column elementor-col-100 elementor-top-column elementor-element elementor-element-ae85c80\" data-id=\"ae85c80\" data-element_type=\"column\">\n\t\t\t<div class=\"elementor-widget-wrap elementor-element-populated\">\n\t\t\t\t\t\t<div class=\"elementor-element elementor-element-4a509cd elementor-widget elementor-widget-heading\" data-id=\"4a509cd\" data-element_type=\"widget\" data-widget_type=\"heading.default\">\n\t\t\t\t<div class=\"elementor-widget-container\">\n\t\t\t\t\t<h2 class=\"elementor-heading-title elementor-size-default\">OptiLight de Lumenis<\/h2>\t\t\t\t<\/div>\n\t\t\t\t<\/div>\n\t\t\t\t<div class=\"elementor-element elementor-element-124167e elementor-widget elementor-widget-heading\" data-id=\"124167e\" data-element_type=\"widget\" data-widget_type=\"heading.default\">\n\t\t\t\t<div class=\"elementor-widget-container\">\n\t\t\t\t\t<h2 class=\"elementor-heading-title elementor-size-default\">Servicios de OptiLight de Lumenis ofrecidos en Brooklyn y Flushing (Entrada por 37th Ave), NY<\/h2>\t\t\t\t<\/div>\n\t\t\t\t<\/div>\n\t\t\t\t\t<\/div>\n\t\t<\/div>\n\t\t\t\t\t<\/div>\n\t\t<\/section>\n\t\t\t\t<section class=\"elementor-section elementor-top-section elementor-element elementor-element-a2f8f19 elementor-section-boxed elementor-section-height-default elementor-section-height-default\" data-id=\"a2f8f19\" data-element_type=\"section\">\n\t\t\t\t\t\t<div class=\"elementor-container elementor-column-gap-default\">\n\t\t\t\t\t<div class=\"elementor-column elementor-col-50 elementor-top-column elementor-element elementor-element-0c1ca63\" data-id=\"0c1ca63\" data-element_type=\"column\">\n\t\t\t<div class=\"elementor-widget-wrap elementor-element-populated\">\n\t\t\t\t\t\t<div class=\"elementor-element elementor-element-8982215 elementor-widget elementor-widget-image\" data-id=\"8982215\" data-element_type=\"widget\" data-widget_type=\"image.default\">\n\t\t\t\t<div class=\"elementor-widget-container\">\n\t\t\t\t\t\t\t\t\t\t\t\t\t\t\t<img fetchpriority=\"high\" decoding=\"async\" width=\"640\" height=\"505\" src=\"https:\/\/nypeye.com\/wp-content\/uploads\/2024\/11\/2648075.webp\" class=\"attachment-large size-large wp-image-432\" alt=\"NY Partners Ophthalmology\" srcset=\"https:\/\/nypeye.com\/wp-content\/uploads\/2024\/11\/2648075.webp 640w, https:\/\/nypeye.com\/wp-content\/uploads\/2024\/11\/2648075-300x237.webp 300w\" sizes=\"(max-width: 640px) 100vw, 640px\" \/>\t\t\t\t\t\t\t\t\t\t\t\t\t\t\t<\/div>\n\t\t\t\t<\/div>\n\t\t\t\t\t<\/div>\n\t\t<\/div>\n\t\t\t\t<div class=\"elementor-column elementor-col-50 elementor-top-column elementor-element elementor-element-e9fcce9\" data-id=\"e9fcce9\" data-element_type=\"column\" data-settings=\"{&quot;background_background&quot;:&quot;classic&quot;}\">\n\t\t\t<div class=\"elementor-widget-wrap elementor-element-populated\">\n\t\t\t\t\t<div class=\"elementor-background-overlay\"><\/div>\n\t\t\t\t\t\t<div class=\"elementor-element elementor-element-901c51a elementor-widget elementor-widget-text-editor\" data-id=\"901c51a\" data-element_type=\"widget\" data-widget_type=\"text-editor.default\">\n\t\t\t\t<div class=\"elementor-widget-container\">\n\t\t\t\t\t\t\t\t\t<p>El ojo seco presenta muchas molestias. Con un procedimiento de 10 minutos que se realiza cuatro veces con un intervalo de 2 a 4 semanas, OptiLight de Lumenis\u00ae controla y mejora la sequedad ocular, reduciendo la necesidad de gotas y ahorr\u00e1ndole tiempo y energ\u00eda. Para una soluci\u00f3n eficaz para el ojo seco, visite o llame a nuestra cl\u00ednica hoy mismo.<\/p>\t\t\t\t\t\t\t\t<\/div>\n\t\t\t\t<\/div>\n\t\t\t\t\t<\/div>\n\t\t<\/div>\n\t\t\t\t\t<\/div>\n\t\t<\/section>\n\t\t\t\t<section class=\"elementor-section elementor-top-section elementor-element elementor-element-27433c9 elementor-section-boxed elementor-section-height-default elementor-section-height-default\" data-id=\"27433c9\" data-element_type=\"section\">\n\t\t\t\t\t\t<div class=\"elementor-container elementor-column-gap-default\">\n\t\t\t\t\t<div class=\"elementor-column elementor-col-100 elementor-top-column elementor-element elementor-element-c7d504e\" data-id=\"c7d504e\" data-element_type=\"column\">\n\t\t\t<div class=\"elementor-widget-wrap elementor-element-populated\">\n\t\t\t\t\t\t<div class=\"elementor-element elementor-element-62de870 elementor-widget elementor-widget-heading\" data-id=\"62de870\" data-element_type=\"widget\" data-widget_type=\"heading.default\">\n\t\t\t\t<div class=\"elementor-widget-container\">\n\t\t\t\t\t<h2 class=\"elementor-heading-title elementor-size-default\">Trate los ojos secos con OptiLight de Lumenis<\/h2>\t\t\t\t<\/div>\n\t\t\t\t<\/div>\n\t\t\t\t<div class=\"elementor-element elementor-element-c87cccd elementor-widget elementor-widget-elementskit-faq\" data-id=\"c87cccd\" data-element_type=\"widget\" data-widget_type=\"elementskit-faq.default\">\n\t\t\t\t<div class=\"elementor-widget-container\">\n\t\t\t\t\t<div class=\"ekit-wid-con\" >\n                <div class=\"elementskit-single-faq elementor-repeater-item-0d1d539\">\n            <div class=\"elementskit-faq-header\">\n                <h2 class=\"elementskit-faq-title\"><\/h2>\n            <\/div>\n            <div class=\"elementskit-faq-body\">\n                La enfermedad del ojo seco es cada vez m\u00e1s com\u00fan y afecta a millones de personas en todo el mundo. Esta afecci\u00f3n cr\u00f3nica puede afectar significativamente la vida, dificultando en ocasiones incluso las tareas m\u00e1s peque\u00f1as. <br><br>\nSi tiene dolor ocular, visi\u00f3n borrosa y ojos secos o llorosos, podr\u00eda ser se\u00f1al de que padece la enfermedad del ojo seco. \u00a1Pero no se preocupe! Con un examen ocular exhaustivo, nuestro equipo puede evaluar su visi\u00f3n y salud ocular para brindarle el tratamiento que necesita.<br><br>\nCon tratamientos como OptiLight de Lumenis, podemos ayudarle a controlar los s\u00edntomas del ojo seco y a recuperar la visi\u00f3n con claridad y comodidad. Siga leyendo para saber m\u00e1s sobre OptiLight de Lumenis y c\u00f3mo puede mejorar su vida.            <\/div>\n        <\/div>\n                <div class=\"elementskit-single-faq elementor-repeater-item-8663419\">\n            <div class=\"elementskit-faq-header\">\n                <h2 class=\"elementskit-faq-title\">\u00bfCu\u00e1les son los s\u00edntomas del glaucoma?<\/h2>\n            <\/div>\n            <div class=\"elementskit-faq-body\">\n                La enfermedad del ojo seco es una afecci\u00f3n ocular com\u00fan que ocurre cuando hay un problema con cualquiera de los tres componentes de las l\u00e1grimas. <br><br>Tus l\u00e1grimas se componen de tres capas distintas, todas las cuales trabajan juntas para mantener tus ojos saludables:<br><br>\n\u25cf La capa aceitosa evita que las l\u00e1grimas se evaporen demasiado r\u00e1pido.\n<br>\n\u25cf La capa acuosa aporta nutrientes a los ojos.\n<br>\n\u25cf La capa de moco mantiene la pel\u00edcula lagrimal adherida a la superficie de los ojos.            <\/div>\n        <\/div>\n                <div class=\"elementskit-single-faq elementor-repeater-item-6785092\">\n            <div class=\"elementskit-faq-header\">\n                <h2 class=\"elementskit-faq-title\">\u00bfCu\u00e1les son los dos tipos de enfermedad del ojo seco?<\/h2>\n            <\/div>\n            <div class=\"elementskit-faq-body\">\n                Hay dos tipos de enfermedad del ojo seco.<br><br>\nOjo seco evaporativo (EDE)<br>\n\nLa ED es el tipo m\u00e1s com\u00fan de enfermedad del ojo seco. Este tipo de ojo seco se produce cuando las l\u00e1grimas carecen de la cantidad adecuada de aceite. Cuando esto sucede, las l\u00e1grimas pueden evaporarse demasiado r\u00e1pido, resecando los ojos. <br>En algunos casos, la EDE puede ser causada por una disfunci\u00f3n de las gl\u00e1ndulas de Meibomio, un trastorno en el que las gl\u00e1ndulas de Meibomio de los ojos se bloquean, lo que limita la cantidad de aceite que se produce para las l\u00e1grimas. <br><br>Deficiencia de l\u00e1grimas acuosas (DLA)<br>Si padece DTA, sus ojos carecen de la capa acuosa en las l\u00e1grimas. Esto significa que no producen suficientes l\u00e1grimas para mantener la humedad ocular, lo que puede provocar s\u00edntomas irritantes e inc\u00f3modos.            <\/div>\n        <\/div>\n                <div class=\"elementskit-single-faq elementor-repeater-item-c7623ad\">\n            <div class=\"elementskit-faq-header\">\n                <h2 class=\"elementskit-faq-title\">\u00bfCu\u00e1les son los s\u00edntomas de la enfermedad del ojo seco?<\/h2>\n            <\/div>\n            <div class=\"elementskit-faq-body\">\n                Si padece de enfermedad del ojo seco, es posible que note alguno de los siguientes s\u00edntomas:<br><br>\n\u25cf Una sensaci\u00f3n de ardor o picaz\u00f3n en los ojos\n<br>\n\u25cf Mucosidad fibrosa en los ojos o alrededor de ellos\n<br>\n\u25cf Ojos irritados o excesivamente llorosos\n<br>\n\u25cf Sensibilidad a la luz o fotofobia\n<br>\n\u25cf Enrojecimiento ocular, visi\u00f3n borrosa o fatiga ocular.\n<br>\n\u25cf Una sensaci\u00f3n de tener algo en los ojos.\n<br>\n\u25cf Dificultad para usar lentes de contacto \n<br><br>Si experimenta alguno de estos s\u00edntomas, programe una cita con su oftalm\u00f3logo para recibir un diagn\u00f3stico de ojo seco y recibir el tratamiento que necesita.             <\/div>\n        <\/div>\n                <div class=\"elementskit-single-faq elementor-repeater-item-61bda0d\">\n            <div class=\"elementskit-faq-header\">\n                <h2 class=\"elementskit-faq-title\">\u00bfQu\u00e9 es OptiLight de Lumenis?<\/h2>\n            <\/div>\n            <div class=\"elementskit-faq-body\">\n                OptiLight de Lumenis es un tratamiento seguro, suave y eficaz para el tratamiento del ojo seco. Este procedimiento no invasivo es el primer y \u00fanico tratamiento de luz pulsada intensa (IPL) aprobado por la FDA para el tratamiento del ojo seco.<br><br>OptiLight utiliza pulsos de luz que se administran con precisi\u00f3n en la zona debajo de los ojos para reducir los s\u00edntomas del ojo seco. Este procedimiento de 10 a 15 minutos puede aliviar los s\u00edntomas del ojo seco mediante:<br><br>\n\u25cf Aumento del tiempo de ruptura de la l\u00e1grima\n<br>\n\u25cf Reducir la cantidad de \u00e1caros demodex y bacterias alrededor de los ojos.\n<br>\n\u25cf Disminuci\u00f3n de la inflamaci\u00f3n.\n<br>\n\u25cf Mejora la funcionalidad de las gl\u00e1ndulas de Meibomio            <\/div>\n        <\/div>\n                <div class=\"elementskit-single-faq elementor-repeater-item-17587cd\">\n            <div class=\"elementskit-faq-header\">\n                <h2 class=\"elementskit-faq-title\">Qu\u00e9 esperar<\/h2>\n            <\/div>\n            <div class=\"elementskit-faq-body\">\n                Si su oftalm\u00f3logo le ha recomendado el tratamiento OptiLight, le explicar\u00e1 todo lo que puede esperar antes, durante y despu\u00e9s de su cita.<br><br><br>Prepar\u00e1ndose para su cita<br><br>Para prepararse para su cita debe evitar:<br><br>\n\u25cf Usar agentes o sueros aclaradores de la piel durante la semana anterior a su cita.\n<br>\n\u25cf Usar camas solares 1 mes antes de su cita\n<br>\n\u25cf Recibir botox al menos 3 meses antes de su cita\n<br>\n\u25cf Haber tomado isotretino\u00edna, tetraciclina o doxiciclina por v\u00eda oral en los 3 meses previos a su cita.<br><br><br>El tratamiento OptiLight<br><br>Este tratamiento es r\u00e1pido y sencillo, y solo toma de 10 a 15 minutos. Durante el tratamiento, el m\u00e9dico aplicar\u00e1 un gel fr\u00edo en la zona a tratar y le cubrir\u00e1 los ojos con protectores oculares.<br><br>Al aplicar la luz sobre la piel, es posible que experimentes una sensaci\u00f3n c\u00e1lida o de golpeteo, pero no deber\u00edas sentir ning\u00fan dolor.<br><br><br>Cuidados postoperatorios<br><br>Aunque los efectos secundarios son poco frecuentes, es posible que sienta los ojos ligeramente m\u00e1s secos o arenosos durante el d\u00eda posterior al procedimiento. Si experimenta sequedad ocular, puede usar l\u00e1grimas artificiales sin conservantes.<br><br>Despu\u00e9s del tratamiento, su piel estar\u00e1 sensible, por lo que le recomendamos evitar la exposici\u00f3n al sol y usar protector solar.             <\/div>\n        <\/div>\n                <div class=\"elementskit-single-faq elementor-repeater-item-38ee4b9\">\n            <div class=\"elementskit-faq-header\">\n                <h2 class=\"elementskit-faq-title\">\u00bfSoy un buen candidato para OptiLight de Lumenis?<\/h2>\n            <\/div>\n            <div class=\"elementskit-faq-body\">\n                \u00bfC\u00f3mo sabe si OptiLight es el tratamiento adecuado para usted? Durante un examen ocular, su m\u00e9dico puede determinar si es la opci\u00f3n adecuada.<br><br>En general, OptiLight no se recomienda para pacientes que:<br><br>\n\u25cf Est\u00e1 tomando ciertos medicamentos, como Accutane\n<br>\n\u25cf Tiene acn\u00e9 activo\n<br>\n\u25cf Sufre de ciertos trastornos de la piel.\n<br>\n\u25cf Son susceptibles a las cicatrices queloides.\n<br>\n\u25cf Tiene cicatrices severas\n<br>\n\u25cf He sufrido quemaduras solares graves recientemente.             <\/div>\n        <\/div>\n                <div class=\"elementskit-single-faq elementor-repeater-item-19bd551\">\n            <div class=\"elementskit-faq-header\">\n                <h2 class=\"elementskit-faq-title\">Encuentra alivio hoy<\/h2>\n            <\/div>\n            <div class=\"elementskit-faq-body\">\n                No tiene por qu\u00e9 vivir con los inc\u00f3modos s\u00edntomas del ojo seco. Con OptiLight de Lumenis, podr\u00e1 controlar sus s\u00edntomas de forma eficaz y eficiente, recuperando as\u00ed su calidad de vida.<br><br>Nuestro equipo siempre est\u00e1 aqu\u00ed para ayudarte a aliviar la sequedad ocular. \u00a1Reserva una cita hoy mismo para descubrir c\u00f3mo OptiLight de Lumenis puede ayudarte!            <\/div>\n        <\/div>\n                \n    <\/div>\t\t\t\t<\/div>\n\t\t\t\t<\/div>\n\t\t\t\t<div class=\"elementor-element elementor-element-ea82b9a elementor-align-center elementor-widget__width-initial elementor-widget elementor-widget-button\" data-id=\"ea82b9a\" data-element_type=\"widget\" data-widget_type=\"button.default\">\n\t\t\t\t<div class=\"elementor-widget-container\">\n\t\t\t\t\t\t\t\t\t<div class=\"elementor-button-wrapper\">\n\t\t\t\t\t<a class=\"elementor-button elementor-button-link elementor-size-sm\" href=\"https:\/\/nypeye.com\/es\/appointment-request\/\">\n\t\t\t\t\t\t<span class=\"elementor-button-content-wrapper\">\n\t\t\t\t\t\t\t\t\t<span class=\"elementor-button-text\">Solicitud de cita<\/span>\n\t\t\t\t\t<\/span>\n\t\t\t\t\t<\/a>\n\t\t\t\t<\/div>\n\t\t\t\t\t\t\t\t<\/div>\n\t\t\t\t<\/div>\n\t\t\t\t\t<\/div>\n\t\t<\/div>\n\t\t\t\t\t<\/div>\n\t\t<\/section>\n\t\t\t\t<\/div>\n\t\t\n    <div class=\"xs_social_share_widget xs_share_url after_content \t\tmain_content  wslu-style-1 wslu-share-box-shaped wslu-fill-colored wslu-none wslu-share-horizontal wslu-theme-font-no wslu-main_content\">\n\n\t\t\n        <ul>\n\t\t\t        <\/ul>\n    <\/div>","protected":false},"excerpt":{"rendered":"<p>OptiLight by Lumenis OptiLight by Lumenis services offered in Brooklyn and Flushing (Entrance on 37th Ave) , NY Dry eye presents many inconveniences. Featuring a 10-minute procedure performed four times just 2-4 weeks apart, OptiLight by Lumenis\u00ae manages and improves your dry eye disease, reducing the need for drops, as well as saving you time [&hellip;]<\/p>","protected":false},"author":1,"featured_media":0,"parent":0,"menu_order":0,"comment_status":"closed","ping_status":"closed","template":"elementor_header_footer","meta":{"om_disable_all_campaigns":false,"_monsterinsights_skip_tracking":false,"_monsterinsights_sitenote_active":false,"_monsterinsights_sitenote_note":"","_monsterinsights_sitenote_category":0,"postBodyCss":"","postBodyMargin":[],"postBodyPadding":[],"postBodyBackground":{"backgroundType":"classic","gradient":""},"footnotes":""},"class_list":["post-427","page","type-page","status-publish","hentry"],"aioseo_notices":[],"_links":{"self":[{"href":"https:\/\/nypeye.com\/es\/wp-json\/wp\/v2\/pages\/427","targetHints":{"allow":["GET"]}}],"collection":[{"href":"https:\/\/nypeye.com\/es\/wp-json\/wp\/v2\/pages"}],"about":[{"href":"https:\/\/nypeye.com\/es\/wp-json\/wp\/v2\/types\/page"}],"author":[{"embeddable":true,"href":"https:\/\/nypeye.com\/es\/wp-json\/wp\/v2\/users\/1"}],"replies":[{"embeddable":true,"href":"https:\/\/nypeye.com\/es\/wp-json\/wp\/v2\/comments?post=427"}],"version-history":[{"count":34,"href":"https:\/\/nypeye.com\/es\/wp-json\/wp\/v2\/pages\/427\/revisions"}],"predecessor-version":[{"id":1689,"href":"https:\/\/nypeye.com\/es\/wp-json\/wp\/v2\/pages\/427\/revisions\/1689"}],"wp:attachment":[{"href":"https:\/\/nypeye.com\/es\/wp-json\/wp\/v2\/media?parent=427"}],"curies":[{"name":"wp","href":"https:\/\/api.w.org\/{rel}","templated":true}]}}