{"id":380,"date":"2024-11-01T06:40:12","date_gmt":"2024-11-01T06:40:12","guid":{"rendered":"https:\/\/nypeye.com\/?page_id=380"},"modified":"2024-11-25T16:03:18","modified_gmt":"2024-11-25T16:03:18","slug":"multifocal-intraocular-lenses","status":"publish","type":"page","link":"https:\/\/nypeye.com\/es\/multifocal-intraocular-lenses\/","title":{"rendered":"Lentes intraoculares multifocales"},"content":{"rendered":"<style>.elementor-380 .elementor-element.elementor-element-66bea54:not(.elementor-motion-effects-element-type-background), .elementor-380 .elementor-element.elementor-element-66bea54 > .elementor-motion-effects-container > .elementor-motion-effects-layer{background-image:url(\"https:\/\/nypeye.com\/wp-content\/uploads\/2024\/10\/oculist-examining-patient-vision-with-slit-lamp-in-clinic.jpg\");background-position:center center;background-repeat:no-repeat;background-size:cover;}.elementor-380 .elementor-element.elementor-element-66bea54 > .elementor-background-overlay{background-color:var( --e-global-color-primary );opacity:0.9;transition:background 0.3s, border-radius 0.3s, opacity 0.3s;}.elementor-380 .elementor-element.elementor-element-66bea54 > .elementor-container{max-width:1170px;}.elementor-380 .elementor-element.elementor-element-66bea54{transition:background 0.3s, border 0.3s, border-radius 0.3s, box-shadow 0.3s;padding:100px 0px 100px 0px;z-index:0;}.elementor-380 .elementor-element.elementor-element-9752ad6{text-align:center;}.elementor-380 .elementor-element.elementor-element-9752ad6 .elementor-heading-title{font-family:var( --e-global-typography-secondary-font-family ), Sans-serif;font-size:var( --e-global-typography-secondary-font-size );font-weight:var( --e-global-typography-secondary-font-weight );line-height:var( --e-global-typography-secondary-line-height );color:#FFFFFF;}.elementor-380 .elementor-element.elementor-element-aa1828f{text-align:center;}.elementor-380 .elementor-element.elementor-element-aa1828f .elementor-heading-title{font-size:18px;color:#FFFFFF;}.elementor-380 .elementor-element.elementor-element-eb35aa2{margin-top:80px;margin-bottom:0px;}.elementor-bc-flex-widget .elementor-380 .elementor-element.elementor-element-66106e5.elementor-column .elementor-widget-wrap{align-items:center;}.elementor-380 .elementor-element.elementor-element-66106e5.elementor-column.elementor-element[data-element_type=\"column\"] > .elementor-widget-wrap.elementor-element-populated{align-content:center;align-items:center;}.elementor-380 .elementor-element.elementor-element-66106e5 > .elementor-element-populated >  .elementor-background-overlay{opacity:0.1;}.elementor-380 .elementor-element.elementor-element-66106e5 > .elementor-element-populated{transition:background 0.3s, border 0.3s, border-radius 0.3s, box-shadow 0.3s;margin:0px 0px 0px 10px;--e-column-margin-right:0px;--e-column-margin-left:10px;padding:0px 0px 0px 20px;}.elementor-380 .elementor-element.elementor-element-66106e5 > .elementor-element-populated > .elementor-background-overlay{transition:background 0.3s, border-radius 0.3s, opacity 0.3s;}.elementor-380 .elementor-element.elementor-element-f467b87{text-align:left;font-family:\"Heebo\", Sans-serif;font-size:20px;font-weight:400;line-height:1.5em;color:var( --e-global-color-secondary );}.elementor-380 .elementor-element.elementor-element-6005479{margin-top:100px;margin-bottom:50px;}.elementor-380 .elementor-element.elementor-element-72719c2 > .elementor-widget-container{padding:0px 0px 0px 44px;}.elementor-380 .elementor-element.elementor-element-5bb8a9e .elementskit-single-faq .elementskit-faq-title{color:#35439B;}.elementor-380 .elementor-element.elementor-element-5bb8a9e .elementskit-single-faq .elementskit-faq-header{padding:21px 40px 21px 40px;}.elementor-380 .elementor-element.elementor-element-5bb8a9e .elementskit-single-faq .elementskit-faq-body{color:#000000;font-weight:400;padding:30px 40px 30px 40px;}.elementor-380 .elementor-element.elementor-element-46e4111:not(.elementor-motion-effects-element-type-background), .elementor-380 .elementor-element.elementor-element-46e4111 > .elementor-motion-effects-container > .elementor-motion-effects-layer{background-image:url(\"https:\/\/nypeye.com\/wp-content\/uploads\/2024\/10\/handsome-doctor-showing-something-in-clipboard-to-smiling-patient-in-clinic.jpg\");background-position:0% 30%;background-repeat:no-repeat;background-size:cover;}.elementor-380 .elementor-element.elementor-element-46e4111 > .elementor-background-overlay{background-color:#2A367A;opacity:0.75;transition:background 0.3s, border-radius 0.3s, opacity 0.3s;}.elementor-380 .elementor-element.elementor-element-46e4111{transition:background 0.3s, border 0.3s, border-radius 0.3s, box-shadow 0.3s;margin-top:0px;margin-bottom:0px;padding:100px 0px 100px 0px;}.elementor-380 .elementor-element.elementor-element-adebecf.elementor-column > .elementor-widget-wrap{justify-content:center;}.elementor-380 .elementor-element.elementor-element-c1adee5 > .elementor-widget-container{padding:0% 14% 0% 14%;}.elementor-380 .elementor-element.elementor-element-c1adee5{text-align:center;font-family:var( --e-global-typography-9ccb7f4-font-family ), Sans-serif;font-size:var( --e-global-typography-9ccb7f4-font-size );font-weight:var( --e-global-typography-9ccb7f4-font-weight );line-height:var( --e-global-typography-9ccb7f4-line-height );color:#E1E3EA;}.elementor-380 .elementor-element.elementor-element-742e396 .elementor-button{background-color:#38B3E7;font-family:var( --e-global-typography-39ba9a8-font-family ), Sans-serif;font-size:var( --e-global-typography-39ba9a8-font-size );font-weight:var( --e-global-typography-39ba9a8-font-weight );line-height:var( --e-global-typography-39ba9a8-line-height );fill:#FFFFFF;color:#FFFFFF;border-radius:5px 5px 5px 5px;padding:18px 32px 18px 32px;}@media(max-width:1024px){.elementor-380 .elementor-element.elementor-element-66bea54:not(.elementor-motion-effects-element-type-background), .elementor-380 .elementor-element.elementor-element-66bea54 > .elementor-motion-effects-container > .elementor-motion-effects-layer{background-position:center center;}.elementor-380 .elementor-element.elementor-element-66bea54{margin-top:0px;margin-bottom:0px;padding:210px 10px 140px 10px;}.elementor-380 .elementor-element.elementor-element-9752ad6 .elementor-heading-title{font-size:var( --e-global-typography-secondary-font-size );line-height:var( --e-global-typography-secondary-line-height );}.elementor-380 .elementor-element.elementor-element-46e4111:not(.elementor-motion-effects-element-type-background), .elementor-380 .elementor-element.elementor-element-46e4111 > .elementor-motion-effects-container > .elementor-motion-effects-layer{background-position:0px 0px;}.elementor-380 .elementor-element.elementor-element-46e4111{padding:80px 0px 80px 0px;}.elementor-380 .elementor-element.elementor-element-adebecf > .elementor-element-populated{margin:0px 10px 0px 10px;--e-column-margin-right:10px;--e-column-margin-left:10px;}.elementor-380 .elementor-element.elementor-element-c1adee5 > .elementor-widget-container{padding:0% 10% 0% 10%;}.elementor-380 .elementor-element.elementor-element-c1adee5{font-size:var( --e-global-typography-9ccb7f4-font-size );line-height:var( --e-global-typography-9ccb7f4-line-height );}.elementor-380 .elementor-element.elementor-element-742e396 .elementor-button{font-size:var( --e-global-typography-39ba9a8-font-size );line-height:var( --e-global-typography-39ba9a8-line-height );}}@media(max-width:767px){.elementor-380 .elementor-element.elementor-element-66bea54{margin-top:0px;margin-bottom:0px;padding:152px 10px 80px 10px;}.elementor-380 .elementor-element.elementor-element-9752ad6 .elementor-heading-title{font-size:var( --e-global-typography-secondary-font-size );line-height:var( --e-global-typography-secondary-line-height );}.elementor-380 .elementor-element.elementor-element-66106e5 > .elementor-element-populated{margin:50px 0px 50px 0px;--e-column-margin-right:0px;--e-column-margin-left:0px;padding:0px 20px 0px 20px;}.elementor-380 .elementor-element.elementor-element-f467b87{font-size:16px;}.elementor-380 .elementor-element.elementor-element-6005479{margin-top:0px;margin-bottom:0px;}.elementor-380 .elementor-element.elementor-element-72719c2 > .elementor-widget-container{padding:0px 0px 0px 0px;}.elementor-380 .elementor-element.elementor-element-5bb8a9e .elementskit-single-faq .elementskit-faq-title{font-size:18px;}.elementor-380 .elementor-element.elementor-element-5bb8a9e .elementskit-single-faq .elementskit-faq-body{font-size:16px;}.elementor-380 .elementor-element.elementor-element-46e4111:not(.elementor-motion-effects-element-type-background), .elementor-380 .elementor-element.elementor-element-46e4111 > .elementor-motion-effects-container > .elementor-motion-effects-layer{background-position:0px 0px;}.elementor-380 .elementor-element.elementor-element-46e4111{padding:40px 0px 40px 0px;}.elementor-380 .elementor-element.elementor-element-adebecf > .elementor-element-populated{margin:0px 5px 0px 5px;--e-column-margin-right:5px;--e-column-margin-left:5px;}.elementor-380 .elementor-element.elementor-element-c1adee5 > .elementor-widget-container{padding:0px 0px 0px 0px;}.elementor-380 .elementor-element.elementor-element-c1adee5{font-size:var( --e-global-typography-9ccb7f4-font-size );line-height:var( --e-global-typography-9ccb7f4-line-height );}.elementor-380 .elementor-element.elementor-element-742e396 > .elementor-widget-container{margin:0px 0px 0px 0px;}.elementor-380 .elementor-element.elementor-element-742e396 .elementor-button{font-size:var( --e-global-typography-39ba9a8-font-size );line-height:var( --e-global-typography-39ba9a8-line-height );padding:15px 30px 15px 30px;}}@media(min-width:1025px){.elementor-380 .elementor-element.elementor-element-66bea54:not(.elementor-motion-effects-element-type-background), .elementor-380 .elementor-element.elementor-element-66bea54 > .elementor-motion-effects-container > .elementor-motion-effects-layer{background-attachment:fixed;}}<\/style>\t\t<div data-elementor-type=\"wp-page\" data-elementor-id=\"380\" class=\"elementor elementor-380\" data-elementor-post-type=\"page\">\n\t\t\t\t\t\t<section class=\"elementor-section elementor-top-section elementor-element elementor-element-66bea54 elementor-section-boxed elementor-section-height-default elementor-section-height-default\" data-id=\"66bea54\" data-element_type=\"section\" data-settings=\"{&quot;background_background&quot;:&quot;classic&quot;}\">\n\t\t\t\t\t\t\t<div class=\"elementor-background-overlay\"><\/div>\n\t\t\t\t\t\t\t<div class=\"elementor-container elementor-column-gap-default\">\n\t\t\t\t\t<div class=\"elementor-column elementor-col-100 elementor-top-column elementor-element elementor-element-461caf6\" data-id=\"461caf6\" data-element_type=\"column\">\n\t\t\t<div class=\"elementor-widget-wrap elementor-element-populated\">\n\t\t\t\t\t\t<div class=\"elementor-element elementor-element-9752ad6 elementor-widget elementor-widget-heading\" data-id=\"9752ad6\" data-element_type=\"widget\" data-widget_type=\"heading.default\">\n\t\t\t\t<div class=\"elementor-widget-container\">\n\t\t\t\t\t<h2 class=\"elementor-heading-title elementor-size-default\">Lentes intraoculares multifocales\n<\/h2>\t\t\t\t<\/div>\n\t\t\t\t<\/div>\n\t\t\t\t<div class=\"elementor-element elementor-element-aa1828f elementor-widget elementor-widget-heading\" data-id=\"aa1828f\" data-element_type=\"widget\" data-widget_type=\"heading.default\">\n\t\t\t\t<div class=\"elementor-widget-container\">\n\t\t\t\t\t<h2 class=\"elementor-heading-title elementor-size-default\">Servicios de lentes intraoculares multifocales en Brooklyn y Flushing (entrada por la avenida 37), Nueva York.<\/h2>\t\t\t\t<\/div>\n\t\t\t\t<\/div>\n\t\t\t\t\t<\/div>\n\t\t<\/div>\n\t\t\t\t\t<\/div>\n\t\t<\/section>\n\t\t\t\t<section class=\"elementor-section elementor-top-section elementor-element elementor-element-eb35aa2 elementor-section-boxed elementor-section-height-default elementor-section-height-default\" data-id=\"eb35aa2\" data-element_type=\"section\">\n\t\t\t\t\t\t<div class=\"elementor-container elementor-column-gap-default\">\n\t\t\t\t\t<div class=\"elementor-column elementor-col-50 elementor-top-column elementor-element elementor-element-e5bbb0b\" data-id=\"e5bbb0b\" data-element_type=\"column\">\n\t\t\t<div class=\"elementor-widget-wrap elementor-element-populated\">\n\t\t\t\t\t\t<div class=\"elementor-element elementor-element-236b3e2 elementor-widget elementor-widget-image\" data-id=\"236b3e2\" data-element_type=\"widget\" data-widget_type=\"image.default\">\n\t\t\t\t<div class=\"elementor-widget-container\">\n\t\t\t\t\t\t\t\t\t\t\t\t\t\t\t<img fetchpriority=\"high\" decoding=\"async\" width=\"640\" height=\"640\" src=\"https:\/\/nypeye.com\/wp-content\/uploads\/2024\/11\/2625913.webp\" class=\"attachment-large size-large wp-image-386\" alt=\"NY Partners Ophthalmology\" srcset=\"https:\/\/nypeye.com\/wp-content\/uploads\/2024\/11\/2625913.webp 640w, https:\/\/nypeye.com\/wp-content\/uploads\/2024\/11\/2625913-300x300.webp 300w, https:\/\/nypeye.com\/wp-content\/uploads\/2024\/11\/2625913-150x150.webp 150w\" sizes=\"(max-width: 640px) 100vw, 640px\" \/>\t\t\t\t\t\t\t\t\t\t\t\t\t\t\t<\/div>\n\t\t\t\t<\/div>\n\t\t\t\t\t<\/div>\n\t\t<\/div>\n\t\t\t\t<div class=\"elementor-column elementor-col-50 elementor-top-column elementor-element elementor-element-66106e5\" data-id=\"66106e5\" data-element_type=\"column\" data-settings=\"{&quot;background_background&quot;:&quot;classic&quot;}\">\n\t\t\t<div class=\"elementor-widget-wrap elementor-element-populated\">\n\t\t\t\t\t<div class=\"elementor-background-overlay\"><\/div>\n\t\t\t\t\t\t<div class=\"elementor-element elementor-element-f467b87 elementor-widget elementor-widget-text-editor\" data-id=\"f467b87\" data-element_type=\"widget\" data-widget_type=\"text-editor.default\">\n\t\t\t\t<div class=\"elementor-widget-container\">\n\t\t\t\t\t\t\t\t\t<p>Si tiene dificultad para ver con claridad debido a cataratas u otra anomal\u00eda visual, acuda a los especialistas de NY Partners Ophthalmology en Flushing, Queens, y Sunset Park, Brooklyn, Nueva York. La Dra. Sophia Siu y su equipo de expertos ofrecen lentes intraoculares (LIO) multifocales de vanguardia para perfeccionar su visi\u00f3n. Llame a la oficina para programar una cita o utilice la pesta\u00f1a de reservas en l\u00ednea hoy mismo.<\/p>\t\t\t\t\t\t\t\t<\/div>\n\t\t\t\t<\/div>\n\t\t\t\t\t<\/div>\n\t\t<\/div>\n\t\t\t\t\t<\/div>\n\t\t<\/section>\n\t\t\t\t<section class=\"elementor-section elementor-top-section elementor-element elementor-element-6005479 elementor-section-boxed elementor-section-height-default elementor-section-height-default\" data-id=\"6005479\" data-element_type=\"section\">\n\t\t\t\t\t\t<div class=\"elementor-container elementor-column-gap-default\">\n\t\t\t\t\t<div class=\"elementor-column elementor-col-100 elementor-top-column elementor-element elementor-element-db8bcd0\" data-id=\"db8bcd0\" data-element_type=\"column\">\n\t\t\t<div class=\"elementor-widget-wrap elementor-element-populated\">\n\t\t\t\t\t\t<div class=\"elementor-element elementor-element-72719c2 elementor-widget elementor-widget-heading\" data-id=\"72719c2\" data-element_type=\"widget\" data-widget_type=\"heading.default\">\n\t\t\t\t<div class=\"elementor-widget-container\">\n\t\t\t\t\t<h2 class=\"elementor-heading-title elementor-size-default\">Multifocal Intraocular Lenses Q&amp;A<\/h2>\t\t\t\t<\/div>\n\t\t\t\t<\/div>\n\t\t\t\t<div class=\"elementor-element elementor-element-5bb8a9e elementor-widget elementor-widget-elementskit-faq\" data-id=\"5bb8a9e\" data-element_type=\"widget\" data-widget_type=\"elementskit-faq.default\">\n\t\t\t\t<div class=\"elementor-widget-container\">\n\t\t\t\t\t<div class=\"ekit-wid-con\" >\n                <div class=\"elementskit-single-faq elementor-repeater-item-0d1d539\">\n            <div class=\"elementskit-faq-header\">\n                <h2 class=\"elementskit-faq-title\">\u00bfQu\u00e9 son las lentes intraoculares (LIO) multifocales?<\/h2>\n            <\/div>\n            <div class=\"elementskit-faq-body\">\n                Los implantes de LIO multifocales son lentes aprobados por la FDA que su oftalm\u00f3logo inserta en el ojo durante la cirug\u00eda de cataratas. Estos lentes pueden corregir problemas de visi\u00f3n sin riesgo de complicaciones posquir\u00fargicas.<br><br>\nLas lentes multifocales ayudan en la transici\u00f3n gradual entre ver objetos claramente de cerca, enfocar objetos a distancias intermedias y ver objetos distantes perfectamente. <br><br>NY Partners Ophthalmology ofrece lentes intraoculares t\u00f3ricas y de profundidad de foco extendidas, que tambi\u00e9n corrigen problemas de visi\u00f3n en el momento de la cirug\u00eda de cataratas.            <\/div>\n        <\/div>\n                <div class=\"elementskit-single-faq elementor-repeater-item-8663419\">\n            <div class=\"elementskit-faq-header\">\n                <h2 class=\"elementskit-faq-title\">\u00bfCu\u00e1les son los beneficios de las LIO multifocales?<\/h2>\n            <\/div>\n            <div class=\"elementskit-faq-body\">\n                Los principales beneficios de elegir LIO multifocales en NY Partners Ophthalmology incluyen:<br><br>\n\u25cf Mejoras en la visi\u00f3n\n<br>\n\u25cf Mejor agudeza visual a distancias cercanas, intermedias y lejanas.\n<br>\n\u25cf Capacidad de ver con claridad sin gafas adicionales\n<br>\n\u25cf Reducci\u00f3n de la nubosidad\n<br>\n\u25cf Transici\u00f3n mejorada entre distancias cercanas y lejanas\n<br>\n\u25cf Mejor calidad de vida\n<br>\n<br>El equipo de Oftalmolog\u00eda de NY Partners adapta cada prescripci\u00f3n de visi\u00f3n en funci\u00f3n de su situaci\u00f3n particular para garantizar resultados excepcionales.            <\/div>\n        <\/div>\n                <div class=\"elementskit-single-faq elementor-repeater-item-97e4d00\">\n            <div class=\"elementskit-faq-header\">\n                <h2 class=\"elementskit-faq-title\">\u00bfCu\u00e1les son los diferentes tipos de LIO?<\/h2>\n            <\/div>\n            <div class=\"elementskit-faq-body\">\n                Hay numerosas LIO disponibles, incluidas:<br>LIO multifocales<br>\nLas lentes intraoculares multifocales le permiten ver bien a distancias cercanas, intermedias y lejanas.<br><br>LIO de profundidad de enfoque extendida<br>Las LIO de profundidad de enfoque extendida tratan la presbicia (hipermetrop\u00eda relacionada con la edad) creando un \u00fanico punto focal alargado que mejora la profundidad de enfoque.<br><br>LIO t\u00f3ricas<br>Las LIO t\u00f3ricas colocadas durante la cirug\u00eda de cataratas corrigen el astigmatismo y eliminan los problemas de visi\u00f3n posteriores a la cirug\u00eda.<br>            <\/div>\n        <\/div>\n                <div class=\"elementskit-single-faq elementor-repeater-item-5b0f7ce\">\n            <div class=\"elementskit-faq-header\">\n                <h2 class=\"elementskit-faq-title\">\u00bfQu\u00e9 sucede durante la colocaci\u00f3n de una LIO multifocal?<\/h2>\n            <\/div>\n            <div class=\"elementskit-faq-body\">\n                Su oftalm\u00f3logo le implanta una LIO en el ojo durante la cirug\u00eda para reemplazar el cristalino y corregir problemas de visi\u00f3n. Primero adormece la zona a tratar y le administra un sedante para ayudarle a relajarse.  <br>\n<br>Su oftalm\u00f3logo retira con cuidado el lente viejo, lo reemplaza por un LIO sint\u00e9tico y se asegura de que est\u00e9 bien ajustado antes de llevarlo a una sala de recuperaci\u00f3n. Su oftalm\u00f3logo le dar\u00e1 seguimiento para garantizarle una visi\u00f3n excepcional despu\u00e9s de la cirug\u00eda.            <\/div>\n        <\/div>\n                <div class=\"elementskit-single-faq elementor-repeater-item-6785092\">\n            <div class=\"elementskit-faq-header\">\n                <h2 class=\"elementskit-faq-title\">\u00bfQu\u00e9 LIO son mejores para m\u00ed?<\/h2>\n            <\/div>\n            <div class=\"elementskit-faq-body\">\n                El equipo de Oftalmolog\u00eda de NY Partners determina qu\u00e9 lentes son mejores despu\u00e9s de revisar su historial m\u00e9dico, historial de salud ocular, preferencias de tratamiento, estilo de vida y s\u00edntomas. <br><br>Para realizar una evaluaci\u00f3n de la vista, el oftalm\u00f3logo lee una tabla optom\u00e9trica y observa diferentes lentes de cerca para determinar su prescripci\u00f3n. Tambi\u00e9n realiza un examen ocular completo, pruebas oculares diagn\u00f3sticas y, en ocasiones, procedimientos de imagen para detectar posibles enfermedades oculares u otros problemas de salud ocular. <br><br>Solicitan LIO multifocales personalizadas a un laboratorio especializado antes de la cirug\u00eda.            <\/div>\n        <\/div>\n                \n    <\/div>\t\t\t\t<\/div>\n\t\t\t\t<\/div>\n\t\t\t\t\t<\/div>\n\t\t<\/div>\n\t\t\t\t\t<\/div>\n\t\t<\/section>\n\t\t\t\t<section class=\"elementor-section elementor-top-section elementor-element elementor-element-46e4111 animated-slow elementor-section-full_width elementor-section-height-default elementor-section-height-default\" data-id=\"46e4111\" data-element_type=\"section\" data-settings=\"{&quot;background_background&quot;:&quot;classic&quot;,&quot;animation&quot;:&quot;none&quot;}\">\n\t\t\t\t\t\t\t<div class=\"elementor-background-overlay\"><\/div>\n\t\t\t\t\t\t\t<div class=\"elementor-container elementor-column-gap-default\">\n\t\t\t\t\t<div class=\"elementor-column elementor-col-100 elementor-top-column elementor-element elementor-element-adebecf\" data-id=\"adebecf\" data-element_type=\"column\">\n\t\t\t<div class=\"elementor-widget-wrap elementor-element-populated\">\n\t\t\t\t\t\t<div class=\"elementor-element elementor-element-c1adee5 elementor-widget elementor-widget-text-editor\" data-id=\"c1adee5\" data-element_type=\"widget\" data-widget_type=\"text-editor.default\">\n\t\t\t\t<div class=\"elementor-widget-container\">\n\t\t\t\t\t\t\t\t\t<h3><span style=\"color: #ffffff;\">Llame a la oficina de Oftalmolog\u00eda de NY Partners para obtener m\u00e1s informaci\u00f3n sobre las LIO multifocales y descubrir si son adecuadas para usted, o utilice el programador en l\u00ednea hoy mismo.<\/span><\/h3>\t\t\t\t\t\t\t\t<\/div>\n\t\t\t\t<\/div>\n\t\t\t\t<div class=\"elementor-element elementor-element-742e396 elementor-align-center elementor-mobile-align-center elementor-widget elementor-widget-button\" data-id=\"742e396\" data-element_type=\"widget\" data-widget_type=\"button.default\">\n\t\t\t\t<div class=\"elementor-widget-container\">\n\t\t\t\t\t\t\t\t\t<div class=\"elementor-button-wrapper\">\n\t\t\t\t\t<a class=\"elementor-button elementor-button-link elementor-size-sm\" href=\"https:\/\/nypeye.com\/es\/contact\/\">\n\t\t\t\t\t\t<span class=\"elementor-button-content-wrapper\">\n\t\t\t\t\t\t\t\t\t<span class=\"elementor-button-text\">Contacto <\/span>\n\t\t\t\t\t<\/span>\n\t\t\t\t\t<\/a>\n\t\t\t\t<\/div>\n\t\t\t\t\t\t\t\t<\/div>\n\t\t\t\t<\/div>\n\t\t\t\t\t<\/div>\n\t\t<\/div>\n\t\t\t\t\t<\/div>\n\t\t<\/section>\n\t\t\t\t<\/div>\n\t\t\n    <div class=\"xs_social_share_widget xs_share_url after_content \t\tmain_content  wslu-style-1 wslu-share-box-shaped wslu-fill-colored wslu-none wslu-share-horizontal wslu-theme-font-no wslu-main_content\">\n\n\t\t\n        <ul>\n\t\t\t        <\/ul>\n    <\/div>","protected":false},"excerpt":{"rendered":"<p>Multifocal Intraocular Lenses Multifocal Intraocular Lenses services offered in Brooklyn and Flushing (Entrance on 37th Ave) , NY If you struggle to see clearly because of cataracts or another vision abnormality, turn to the skilled specialists at NY Partners Ophthalmology in the Flushing neighborhood of Queens and Sunset Park neighborhood of Brooklyn, in New York [&hellip;]<\/p>","protected":false},"author":1,"featured_media":0,"parent":0,"menu_order":0,"comment_status":"closed","ping_status":"closed","template":"elementor_header_footer","meta":{"om_disable_all_campaigns":false,"_monsterinsights_skip_tracking":false,"_monsterinsights_sitenote_active":false,"_monsterinsights_sitenote_note":"","_monsterinsights_sitenote_category":0,"postBodyCss":"","postBodyMargin":[],"postBodyPadding":[],"postBodyBackground":{"backgroundType":"classic","gradient":""},"footnotes":""},"class_list":["post-380","page","type-page","status-publish","hentry"],"aioseo_notices":[],"_links":{"self":[{"href":"https:\/\/nypeye.com\/es\/wp-json\/wp\/v2\/pages\/380","targetHints":{"allow":["GET"]}}],"collection":[{"href":"https:\/\/nypeye.com\/es\/wp-json\/wp\/v2\/pages"}],"about":[{"href":"https:\/\/nypeye.com\/es\/wp-json\/wp\/v2\/types\/page"}],"author":[{"embeddable":true,"href":"https:\/\/nypeye.com\/es\/wp-json\/wp\/v2\/users\/1"}],"replies":[{"embeddable":true,"href":"https:\/\/nypeye.com\/es\/wp-json\/wp\/v2\/comments?post=380"}],"version-history":[{"count":19,"href":"https:\/\/nypeye.com\/es\/wp-json\/wp\/v2\/pages\/380\/revisions"}],"predecessor-version":[{"id":1686,"href":"https:\/\/nypeye.com\/es\/wp-json\/wp\/v2\/pages\/380\/revisions\/1686"}],"wp:attachment":[{"href":"https:\/\/nypeye.com\/es\/wp-json\/wp\/v2\/media?parent=380"}],"curies":[{"name":"wp","href":"https:\/\/api.w.org\/{rel}","templated":true}]}}