{"id":370,"date":"2024-11-01T06:21:13","date_gmt":"2024-11-01T06:21:13","guid":{"rendered":"https:\/\/nypeye.com\/?page_id=370"},"modified":"2024-11-25T16:01:53","modified_gmt":"2024-11-25T16:01:53","slug":"ilux2","status":"publish","type":"page","link":"https:\/\/nypeye.com\/es\/ilux2\/","title":{"rendered":"iLux2"},"content":{"rendered":"<style>.elementor-370 .elementor-element.elementor-element-11dc8dd:not(.elementor-motion-effects-element-type-background), .elementor-370 .elementor-element.elementor-element-11dc8dd > .elementor-motion-effects-container > .elementor-motion-effects-layer{background-image:url(\"https:\/\/nypeye.com\/wp-content\/uploads\/2024\/10\/oculist-examining-patient-vision-with-slit-lamp-in-clinic.jpg\");background-position:center center;background-repeat:no-repeat;background-size:cover;}.elementor-370 .elementor-element.elementor-element-11dc8dd > .elementor-background-overlay{background-color:var( --e-global-color-primary );opacity:0.9;transition:background 0.3s, border-radius 0.3s, opacity 0.3s;}.elementor-370 .elementor-element.elementor-element-11dc8dd > .elementor-container{max-width:1170px;}.elementor-370 .elementor-element.elementor-element-11dc8dd{transition:background 0.3s, border 0.3s, border-radius 0.3s, box-shadow 0.3s;padding:100px 0px 100px 0px;z-index:0;}.elementor-370 .elementor-element.elementor-element-f4eaadf{text-align:center;}.elementor-370 .elementor-element.elementor-element-f4eaadf .elementor-heading-title{font-family:var( --e-global-typography-secondary-font-family ), Sans-serif;font-size:var( --e-global-typography-secondary-font-size );font-weight:var( --e-global-typography-secondary-font-weight );line-height:var( --e-global-typography-secondary-line-height );color:#FFFFFF;}.elementor-370 .elementor-element.elementor-element-f36d703{text-align:center;}.elementor-370 .elementor-element.elementor-element-f36d703 .elementor-heading-title{font-size:18px;color:#FFFFFF;}.elementor-370 .elementor-element.elementor-element-c186b98{margin-top:80px;margin-bottom:0px;}.elementor-bc-flex-widget .elementor-370 .elementor-element.elementor-element-15708c5.elementor-column .elementor-widget-wrap{align-items:center;}.elementor-370 .elementor-element.elementor-element-15708c5.elementor-column.elementor-element[data-element_type=\"column\"] > .elementor-widget-wrap.elementor-element-populated{align-content:center;align-items:center;}.elementor-370 .elementor-element.elementor-element-15708c5 > .elementor-element-populated >  .elementor-background-overlay{opacity:0.1;}.elementor-370 .elementor-element.elementor-element-15708c5 > .elementor-element-populated{transition:background 0.3s, border 0.3s, border-radius 0.3s, box-shadow 0.3s;margin:0px 0px 0px 10px;--e-column-margin-right:0px;--e-column-margin-left:10px;padding:0px 0px 0px 20px;}.elementor-370 .elementor-element.elementor-element-15708c5 > .elementor-element-populated > .elementor-background-overlay{transition:background 0.3s, border-radius 0.3s, opacity 0.3s;}.elementor-370 .elementor-element.elementor-element-5301b46{text-align:left;font-family:\"Heebo\", Sans-serif;font-size:20px;font-weight:400;line-height:1.5em;color:var( --e-global-color-secondary );}.elementor-370 .elementor-element.elementor-element-9f66162{margin-top:100px;margin-bottom:50px;}.elementor-370 .elementor-element.elementor-element-8ad3438 > .elementor-widget-container{padding:0px 0px 0px 44px;}.elementor-370 .elementor-element.elementor-element-5614fd2 .elementskit-single-faq .elementskit-faq-title{color:#35439B;}.elementor-370 .elementor-element.elementor-element-5614fd2 .elementskit-single-faq .elementskit-faq-header{padding:21px 40px 21px 40px;}.elementor-370 .elementor-element.elementor-element-5614fd2 .elementskit-single-faq .elementskit-faq-body{color:#000000;font-weight:400;padding:30px 40px 30px 40px;}.elementor-370 .elementor-element.elementor-element-79bc8e9:not(.elementor-motion-effects-element-type-background), .elementor-370 .elementor-element.elementor-element-79bc8e9 > .elementor-motion-effects-container > .elementor-motion-effects-layer{background-image:url(\"https:\/\/nypeye.com\/wp-content\/uploads\/2024\/10\/handsome-doctor-showing-something-in-clipboard-to-smiling-patient-in-clinic.jpg\");background-position:0% 30%;background-repeat:no-repeat;background-size:cover;}.elementor-370 .elementor-element.elementor-element-79bc8e9 > .elementor-background-overlay{background-color:#2A367A;opacity:0.75;transition:background 0.3s, border-radius 0.3s, opacity 0.3s;}.elementor-370 .elementor-element.elementor-element-79bc8e9{transition:background 0.3s, border 0.3s, border-radius 0.3s, box-shadow 0.3s;margin-top:0px;margin-bottom:0px;padding:100px 0px 100px 0px;}.elementor-370 .elementor-element.elementor-element-694026f.elementor-column > .elementor-widget-wrap{justify-content:center;}.elementor-370 .elementor-element.elementor-element-c85d2fb > .elementor-widget-container{padding:0% 14% 0% 14%;}.elementor-370 .elementor-element.elementor-element-c85d2fb{text-align:center;font-family:var( --e-global-typography-9ccb7f4-font-family ), Sans-serif;font-size:var( --e-global-typography-9ccb7f4-font-size );font-weight:var( --e-global-typography-9ccb7f4-font-weight );line-height:var( --e-global-typography-9ccb7f4-line-height );color:#E1E3EA;}.elementor-370 .elementor-element.elementor-element-89d538c .elementor-button{background-color:#38B3E7;font-family:var( --e-global-typography-39ba9a8-font-family ), Sans-serif;font-size:var( --e-global-typography-39ba9a8-font-size );font-weight:var( --e-global-typography-39ba9a8-font-weight );line-height:var( --e-global-typography-39ba9a8-line-height );fill:#FFFFFF;color:#FFFFFF;border-radius:5px 5px 5px 5px;padding:18px 32px 18px 32px;}@media(max-width:1024px){.elementor-370 .elementor-element.elementor-element-11dc8dd:not(.elementor-motion-effects-element-type-background), .elementor-370 .elementor-element.elementor-element-11dc8dd > .elementor-motion-effects-container > .elementor-motion-effects-layer{background-position:center center;}.elementor-370 .elementor-element.elementor-element-11dc8dd{margin-top:0px;margin-bottom:0px;padding:210px 10px 140px 10px;}.elementor-370 .elementor-element.elementor-element-f4eaadf .elementor-heading-title{font-size:var( --e-global-typography-secondary-font-size );line-height:var( --e-global-typography-secondary-line-height );}.elementor-370 .elementor-element.elementor-element-79bc8e9:not(.elementor-motion-effects-element-type-background), .elementor-370 .elementor-element.elementor-element-79bc8e9 > .elementor-motion-effects-container > .elementor-motion-effects-layer{background-position:0px 0px;}.elementor-370 .elementor-element.elementor-element-79bc8e9{padding:80px 0px 80px 0px;}.elementor-370 .elementor-element.elementor-element-694026f > .elementor-element-populated{margin:0px 10px 0px 10px;--e-column-margin-right:10px;--e-column-margin-left:10px;}.elementor-370 .elementor-element.elementor-element-c85d2fb > .elementor-widget-container{padding:0% 10% 0% 10%;}.elementor-370 .elementor-element.elementor-element-c85d2fb{font-size:var( --e-global-typography-9ccb7f4-font-size );line-height:var( --e-global-typography-9ccb7f4-line-height );}.elementor-370 .elementor-element.elementor-element-89d538c .elementor-button{font-size:var( --e-global-typography-39ba9a8-font-size );line-height:var( --e-global-typography-39ba9a8-line-height );}}@media(max-width:767px){.elementor-370 .elementor-element.elementor-element-11dc8dd{margin-top:0px;margin-bottom:0px;padding:152px 10px 80px 10px;}.elementor-370 .elementor-element.elementor-element-f4eaadf .elementor-heading-title{font-size:var( --e-global-typography-secondary-font-size );line-height:var( --e-global-typography-secondary-line-height );}.elementor-370 .elementor-element.elementor-element-15708c5 > .elementor-element-populated{margin:50px 0px 50px 0px;--e-column-margin-right:0px;--e-column-margin-left:0px;padding:0px 20px 0px 20px;}.elementor-370 .elementor-element.elementor-element-5301b46{font-size:16px;}.elementor-370 .elementor-element.elementor-element-9f66162{margin-top:0px;margin-bottom:0px;}.elementor-370 .elementor-element.elementor-element-8ad3438 > .elementor-widget-container{padding:0px 0px 0px 0px;}.elementor-370 .elementor-element.elementor-element-5614fd2 .elementskit-single-faq .elementskit-faq-title{font-size:18px;}.elementor-370 .elementor-element.elementor-element-5614fd2 .elementskit-single-faq .elementskit-faq-body{font-size:16px;}.elementor-370 .elementor-element.elementor-element-79bc8e9:not(.elementor-motion-effects-element-type-background), .elementor-370 .elementor-element.elementor-element-79bc8e9 > .elementor-motion-effects-container > .elementor-motion-effects-layer{background-position:0px 0px;}.elementor-370 .elementor-element.elementor-element-79bc8e9{padding:40px 0px 40px 0px;}.elementor-370 .elementor-element.elementor-element-694026f > .elementor-element-populated{margin:0px 5px 0px 5px;--e-column-margin-right:5px;--e-column-margin-left:5px;}.elementor-370 .elementor-element.elementor-element-c85d2fb > .elementor-widget-container{padding:0px 0px 0px 0px;}.elementor-370 .elementor-element.elementor-element-c85d2fb{font-size:var( --e-global-typography-9ccb7f4-font-size );line-height:var( --e-global-typography-9ccb7f4-line-height );}.elementor-370 .elementor-element.elementor-element-89d538c > .elementor-widget-container{margin:0px 0px 0px 0px;}.elementor-370 .elementor-element.elementor-element-89d538c .elementor-button{font-size:var( --e-global-typography-39ba9a8-font-size );line-height:var( --e-global-typography-39ba9a8-line-height );padding:15px 30px 15px 30px;}}@media(min-width:1025px){.elementor-370 .elementor-element.elementor-element-11dc8dd:not(.elementor-motion-effects-element-type-background), .elementor-370 .elementor-element.elementor-element-11dc8dd > .elementor-motion-effects-container > .elementor-motion-effects-layer{background-attachment:fixed;}}<\/style>\t\t<div data-elementor-type=\"wp-page\" data-elementor-id=\"370\" class=\"elementor elementor-370\" data-elementor-post-type=\"page\">\n\t\t\t\t\t\t<section class=\"elementor-section elementor-top-section elementor-element elementor-element-11dc8dd elementor-section-boxed elementor-section-height-default elementor-section-height-default\" data-id=\"11dc8dd\" data-element_type=\"section\" data-settings=\"{&quot;background_background&quot;:&quot;classic&quot;}\">\n\t\t\t\t\t\t\t<div class=\"elementor-background-overlay\"><\/div>\n\t\t\t\t\t\t\t<div class=\"elementor-container elementor-column-gap-default\">\n\t\t\t\t\t<div class=\"elementor-column elementor-col-100 elementor-top-column elementor-element elementor-element-1aa1865\" data-id=\"1aa1865\" data-element_type=\"column\">\n\t\t\t<div class=\"elementor-widget-wrap elementor-element-populated\">\n\t\t\t\t\t\t<div class=\"elementor-element elementor-element-f4eaadf elementor-widget elementor-widget-heading\" data-id=\"f4eaadf\" data-element_type=\"widget\" data-widget_type=\"heading.default\">\n\t\t\t\t<div class=\"elementor-widget-container\">\n\t\t\t\t\t<h2 class=\"elementor-heading-title elementor-size-default\">iLux2<\/h2>\t\t\t\t<\/div>\n\t\t\t\t<\/div>\n\t\t\t\t<div class=\"elementor-element elementor-element-f36d703 elementor-widget elementor-widget-heading\" data-id=\"f36d703\" data-element_type=\"widget\" data-widget_type=\"heading.default\">\n\t\t\t\t<div class=\"elementor-widget-container\">\n\t\t\t\t\t<h2 class=\"elementor-heading-title elementor-size-default\">Servicios de iLux2 ofrecidos en Brooklyn y Flushing (Entrada por 37th Ave), NY<\/h2>\t\t\t\t<\/div>\n\t\t\t\t<\/div>\n\t\t\t\t\t<\/div>\n\t\t<\/div>\n\t\t\t\t\t<\/div>\n\t\t<\/section>\n\t\t\t\t<section class=\"elementor-section elementor-top-section elementor-element elementor-element-c186b98 elementor-section-boxed elementor-section-height-default elementor-section-height-default\" data-id=\"c186b98\" data-element_type=\"section\">\n\t\t\t\t\t\t<div class=\"elementor-container elementor-column-gap-default\">\n\t\t\t\t\t<div class=\"elementor-column elementor-col-50 elementor-top-column elementor-element elementor-element-4c9ebcf\" data-id=\"4c9ebcf\" data-element_type=\"column\">\n\t\t\t<div class=\"elementor-widget-wrap elementor-element-populated\">\n\t\t\t\t\t\t<div class=\"elementor-element elementor-element-75600fe elementor-widget elementor-widget-image\" data-id=\"75600fe\" data-element_type=\"widget\" data-widget_type=\"image.default\">\n\t\t\t\t<div class=\"elementor-widget-container\">\n\t\t\t\t\t\t\t\t\t\t\t\t\t\t\t<img fetchpriority=\"high\" decoding=\"async\" width=\"640\" height=\"593\" src=\"https:\/\/nypeye.com\/wp-content\/uploads\/2024\/11\/2626395.webp\" class=\"attachment-full size-full wp-image-376\" alt=\"NY Partners Ophthalmology\" srcset=\"https:\/\/nypeye.com\/wp-content\/uploads\/2024\/11\/2626395.webp 640w, https:\/\/nypeye.com\/wp-content\/uploads\/2024\/11\/2626395-300x278.webp 300w\" sizes=\"(max-width: 640px) 100vw, 640px\" \/>\t\t\t\t\t\t\t\t\t\t\t\t\t\t\t<\/div>\n\t\t\t\t<\/div>\n\t\t\t\t\t<\/div>\n\t\t<\/div>\n\t\t\t\t<div class=\"elementor-column elementor-col-50 elementor-top-column elementor-element elementor-element-15708c5\" data-id=\"15708c5\" data-element_type=\"column\" data-settings=\"{&quot;background_background&quot;:&quot;classic&quot;}\">\n\t\t\t<div class=\"elementor-widget-wrap elementor-element-populated\">\n\t\t\t\t\t<div class=\"elementor-background-overlay\"><\/div>\n\t\t\t\t\t\t<div class=\"elementor-element elementor-element-5301b46 elementor-widget elementor-widget-text-editor\" data-id=\"5301b46\" data-element_type=\"widget\" data-widget_type=\"text-editor.default\">\n\t\t\t\t<div class=\"elementor-widget-container\">\n\t\t\t\t\t\t\t\t\t<p>\u00bfNecesita alivio para la sequedad ocular pero quiere evitar la cirug\u00eda? En NY Partners Ophthalmology, ubicado en Flushing, Queens, y Sunset Park, Brooklyn, Nueva York, la Dra. Sophia Siu y su experimentado equipo ofrecen tratamientos iLux\u00ae de vanguardia para destapar las gl\u00e1ndulas seb\u00e1ceas y restaurar la lubricaci\u00f3n ocular. Llame a la oficina para obtener m\u00e1s informaci\u00f3n o utilice la pesta\u00f1a de reservas en l\u00ednea hoy mismo.<\/p>\t\t\t\t\t\t\t\t<\/div>\n\t\t\t\t<\/div>\n\t\t\t\t\t<\/div>\n\t\t<\/div>\n\t\t\t\t\t<\/div>\n\t\t<\/section>\n\t\t\t\t<section class=\"elementor-section elementor-top-section elementor-element elementor-element-9f66162 elementor-section-boxed elementor-section-height-default elementor-section-height-default\" data-id=\"9f66162\" data-element_type=\"section\">\n\t\t\t\t\t\t<div class=\"elementor-container elementor-column-gap-default\">\n\t\t\t\t\t<div class=\"elementor-column elementor-col-100 elementor-top-column elementor-element elementor-element-4a779de\" data-id=\"4a779de\" data-element_type=\"column\">\n\t\t\t<div class=\"elementor-widget-wrap elementor-element-populated\">\n\t\t\t\t\t\t<div class=\"elementor-element elementor-element-8ad3438 elementor-widget elementor-widget-heading\" data-id=\"8ad3438\" data-element_type=\"widget\" data-widget_type=\"heading.default\">\n\t\t\t\t<div class=\"elementor-widget-container\">\n\t\t\t\t\t<h2 class=\"elementor-heading-title elementor-size-default\">Preguntas y respuestas sobre iLux2<\/h2>\t\t\t\t<\/div>\n\t\t\t\t<\/div>\n\t\t\t\t<div class=\"elementor-element elementor-element-5614fd2 elementor-widget elementor-widget-elementskit-faq\" data-id=\"5614fd2\" data-element_type=\"widget\" data-widget_type=\"elementskit-faq.default\">\n\t\t\t\t<div class=\"elementor-widget-container\">\n\t\t\t\t\t<div class=\"ekit-wid-con\" >\n                <div class=\"elementskit-single-faq elementor-repeater-item-0d1d539\">\n            <div class=\"elementskit-faq-header\">\n                <h2 class=\"elementskit-faq-title\">\u00bfQu\u00e9 es iLux2\u00ae?<\/h2>\n            <\/div>\n            <div class=\"elementskit-faq-body\">\n                iLux2 de NY Partners Ophthalmology es un tratamiento para la sequedad ocular que restaura la humedad y alivia los s\u00edntomas molestos o dolorosos. El objetivo del tratamiento es destapar suavemente las gl\u00e1ndulas seb\u00e1ceas mediante compresi\u00f3n intensiva para restaurar la calidad de la pel\u00edcula lagrimal y reducir la sequedad ocular. Puede ayudarle a ver y sentirse mejor sin procedimientos invasivos ni un per\u00edodo de recuperaci\u00f3n prolongado.            <\/div>\n        <\/div>\n                <div class=\"elementskit-single-faq elementor-repeater-item-97e4d00\">\n            <div class=\"elementskit-faq-header\">\n                <h2 class=\"elementskit-faq-title\">\u00bfC\u00f3mo funciona iLux2?<\/h2>\n            <\/div>\n            <div class=\"elementskit-faq-body\">\n                iLux2 trata una afecci\u00f3n llamada disfunci\u00f3n de las gl\u00e1ndulas de Meibomio (DGM), que afecta a las peque\u00f1as gl\u00e1ndulas seb\u00e1ceas que rodean el borde de los p\u00e1rpados. Esta grasa impide que el agua de las l\u00e1grimas se evapore. La DGM, una causa com\u00fan de sequedad ocular, aparece cuando las gl\u00e1ndulas seb\u00e1ceas se obstruyen.            <\/div>\n        <\/div>\n                <div class=\"elementskit-single-faq elementor-repeater-item-8663419\">\n            <div class=\"elementskit-faq-header\">\n                <h2 class=\"elementskit-faq-title\">\u00bfEs iLux2 adecuada para m\u00ed?<\/h2>\n            <\/div>\n            <div class=\"elementskit-faq-body\">\n                El equipo de Oftalmolog\u00eda de NY Partners determina si usted es candidato para el tratamiento con iLux2 tras revisar su historial m\u00e9dico, su historial de salud ocular y sus s\u00edntomas. Los s\u00edntomas comunes de ojo seco incluyen:<br><br>\n\u25cf Visi\u00f3n borrosa\n<br>\n\u25cf Irritaci\u00f3n ocular\n<br>\n\u25cf Formaci\u00f3n de costras en las pesta\u00f1as\n<br>\n\u25cf Sensibilidad a la luz\n<br>\n\u25cf fatiga ocular\n<br>\n\u25cf Enrojecimiento\n<br>\n\u25cf Sequedad\n<br>\n\u25cf Incendio\n<br>\n\u25cf Picor\n<br>\n\u25cf Desgarro \n<br>\n<br>Su oftalm\u00f3logo tambi\u00e9n le evaluar\u00e1 la vista y le realizar\u00e1 un examen ocular completo, junto con las pruebas diagn\u00f3sticas necesarias, para detectar signos de DGM u otras causas comunes de sequedad ocular. Posteriormente, dise\u00f1ar\u00e1 un plan de tratamiento que puede incluir iLux.            <\/div>\n        <\/div>\n                <div class=\"elementskit-single-faq elementor-repeater-item-5b0f7ce\">\n            <div class=\"elementskit-faq-header\">\n                <h2 class=\"elementskit-faq-title\">\u00bfQu\u00e9 sucede durante el tratamiento con iLux2?<\/h2>\n            <\/div>\n            <div class=\"elementskit-faq-body\">\n                Durante el tratamiento con iLux2, un profesional de oftalmolog\u00eda de NY Partners utiliza un sistema de pulsaci\u00f3n t\u00e9rmica MGD, un dispositivo port\u00e1til que aplica calor terap\u00e9utico suave a las gl\u00e1ndulas de Meibomio obstruidas. El especialista aplica presi\u00f3n para expulsar los residuos, eliminar las obstrucciones y restablecer el funcionamiento de las gl\u00e1ndulas seb\u00e1ceas. <br>\n<br>El tratamiento de ambos ojos lleva alrededor de 8 a 12 minutos y el tiempo de recuperaci\u00f3n posterior es m\u00ednimo o nulo.            <\/div>\n        <\/div>\n                <div class=\"elementskit-single-faq elementor-repeater-item-6785092\">\n            <div class=\"elementskit-faq-header\">\n                <h2 class=\"elementskit-faq-title\">\u00bfQu\u00e9 debo esperar despu\u00e9s del tratamiento iLux2?<\/h2>\n            <\/div>\n            <div class=\"elementskit-faq-body\">\n                Despu\u00e9s de someterse a los tratamientos iLux2 para ojos secos, puede esperar sequedad durante los primeros d\u00edas. Con el tiempo, sus ojos se sentir\u00e1n menos secos y las mejoras continuar\u00e1n durante las siguientes semanas. Siga las instrucciones de su oftalm\u00f3logo para minimizar la sequedad en el futuro y asista a las visitas de seguimiento y a los ex\u00e1menes oculares de rutina.<br><br>No dude en llamar a la oficina de Oftalmolog\u00eda de NY Partners en cualquier momento si tiene preguntas.            <\/div>\n        <\/div>\n                \n    <\/div>\t\t\t\t<\/div>\n\t\t\t\t<\/div>\n\t\t\t\t\t<\/div>\n\t\t<\/div>\n\t\t\t\t\t<\/div>\n\t\t<\/section>\n\t\t\t\t<section class=\"elementor-section elementor-top-section elementor-element elementor-element-79bc8e9 animated-slow elementor-section-full_width elementor-section-height-default elementor-section-height-default\" data-id=\"79bc8e9\" data-element_type=\"section\" data-settings=\"{&quot;background_background&quot;:&quot;classic&quot;,&quot;animation&quot;:&quot;none&quot;}\">\n\t\t\t\t\t\t\t<div class=\"elementor-background-overlay\"><\/div>\n\t\t\t\t\t\t\t<div class=\"elementor-container elementor-column-gap-default\">\n\t\t\t\t\t<div class=\"elementor-column elementor-col-100 elementor-top-column elementor-element elementor-element-694026f\" data-id=\"694026f\" data-element_type=\"column\">\n\t\t\t<div class=\"elementor-widget-wrap elementor-element-populated\">\n\t\t\t\t\t\t<div class=\"elementor-element elementor-element-c85d2fb elementor-widget elementor-widget-text-editor\" data-id=\"c85d2fb\" data-element_type=\"widget\" data-widget_type=\"text-editor.default\">\n\t\t\t\t<div class=\"elementor-widget-container\">\n\t\t\t\t\t\t\t\t\t<h3><span style=\"color: #ffffff;\">Llame a la oficina de Oftalmolog\u00eda de NY Partners para obtener m\u00e1s informaci\u00f3n sobre el tratamiento iLux2 y descubrir si es adecuado para usted, o utilice el programador en l\u00ednea hoy mismo.<\/span><\/h3>\t\t\t\t\t\t\t\t<\/div>\n\t\t\t\t<\/div>\n\t\t\t\t<div class=\"elementor-element elementor-element-89d538c elementor-align-center elementor-mobile-align-center elementor-widget elementor-widget-button\" data-id=\"89d538c\" data-element_type=\"widget\" data-widget_type=\"button.default\">\n\t\t\t\t<div class=\"elementor-widget-container\">\n\t\t\t\t\t\t\t\t\t<div class=\"elementor-button-wrapper\">\n\t\t\t\t\t<a class=\"elementor-button elementor-button-link elementor-size-sm\" href=\"https:\/\/nypeye.com\/es\/contact\/\">\n\t\t\t\t\t\t<span class=\"elementor-button-content-wrapper\">\n\t\t\t\t\t\t\t\t\t<span class=\"elementor-button-text\">Contacto <\/span>\n\t\t\t\t\t<\/span>\n\t\t\t\t\t<\/a>\n\t\t\t\t<\/div>\n\t\t\t\t\t\t\t\t<\/div>\n\t\t\t\t<\/div>\n\t\t\t\t\t<\/div>\n\t\t<\/div>\n\t\t\t\t\t<\/div>\n\t\t<\/section>\n\t\t\t\t<\/div>\n\t\t\n    <div class=\"xs_social_share_widget xs_share_url after_content \t\tmain_content  wslu-style-1 wslu-share-box-shaped wslu-fill-colored wslu-none wslu-share-horizontal wslu-theme-font-no wslu-main_content\">\n\n\t\t\n        <ul>\n\t\t\t        <\/ul>\n    <\/div>","protected":false},"excerpt":{"rendered":"<p>iLux2 iLux2 services offered in Brooklyn and Flushing (Entrance on 37th Ave) , NY Do you need relief from dry eyes but want to avoid surgery? At NY Partners Ophthalmology in the Flushing neighborhood of Queens and Sunset Park neighborhood of Brooklyn, in New York City, Sophia Siu, MD, and the experienced team offer cutting-edge [&hellip;]<\/p>","protected":false},"author":1,"featured_media":0,"parent":0,"menu_order":0,"comment_status":"closed","ping_status":"closed","template":"elementor_header_footer","meta":{"om_disable_all_campaigns":false,"_monsterinsights_skip_tracking":false,"_monsterinsights_sitenote_active":false,"_monsterinsights_sitenote_note":"","_monsterinsights_sitenote_category":0,"postBodyCss":"","postBodyMargin":[],"postBodyPadding":[],"postBodyBackground":{"backgroundType":"classic","gradient":""},"footnotes":""},"class_list":["post-370","page","type-page","status-publish","hentry"],"aioseo_notices":[],"_links":{"self":[{"href":"https:\/\/nypeye.com\/es\/wp-json\/wp\/v2\/pages\/370","targetHints":{"allow":["GET"]}}],"collection":[{"href":"https:\/\/nypeye.com\/es\/wp-json\/wp\/v2\/pages"}],"about":[{"href":"https:\/\/nypeye.com\/es\/wp-json\/wp\/v2\/types\/page"}],"author":[{"embeddable":true,"href":"https:\/\/nypeye.com\/es\/wp-json\/wp\/v2\/users\/1"}],"replies":[{"embeddable":true,"href":"https:\/\/nypeye.com\/es\/wp-json\/wp\/v2\/comments?post=370"}],"version-history":[{"count":22,"href":"https:\/\/nypeye.com\/es\/wp-json\/wp\/v2\/pages\/370\/revisions"}],"predecessor-version":[{"id":1683,"href":"https:\/\/nypeye.com\/es\/wp-json\/wp\/v2\/pages\/370\/revisions\/1683"}],"wp:attachment":[{"href":"https:\/\/nypeye.com\/es\/wp-json\/wp\/v2\/media?parent=370"}],"curies":[{"name":"wp","href":"https:\/\/api.w.org\/{rel}","templated":true}]}}