{"id":359,"date":"2024-10-31T22:16:49","date_gmt":"2024-10-31T22:16:49","guid":{"rendered":"https:\/\/nypeye.com\/?page_id=359"},"modified":"2024-11-25T15:49:07","modified_gmt":"2024-11-25T15:49:07","slug":"myopia","status":"publish","type":"page","link":"https:\/\/nypeye.com\/es\/myopia\/","title":{"rendered":"Miop\u00eda"},"content":{"rendered":"<style>.elementor-359 .elementor-element.elementor-element-816404a:not(.elementor-motion-effects-element-type-background), .elementor-359 .elementor-element.elementor-element-816404a > .elementor-motion-effects-container > .elementor-motion-effects-layer{background-image:url(\"https:\/\/nypeye.com\/wp-content\/uploads\/2024\/10\/oculist-examining-patient-vision-with-slit-lamp-in-clinic.jpg\");background-position:center center;background-repeat:no-repeat;background-size:cover;}.elementor-359 .elementor-element.elementor-element-816404a > .elementor-background-overlay{background-color:var( --e-global-color-primary );opacity:0.9;transition:background 0.3s, border-radius 0.3s, opacity 0.3s;}.elementor-359 .elementor-element.elementor-element-816404a > .elementor-container{max-width:1170px;}.elementor-359 .elementor-element.elementor-element-816404a{transition:background 0.3s, border 0.3s, border-radius 0.3s, box-shadow 0.3s;padding:100px 0px 100px 0px;z-index:0;}.elementor-359 .elementor-element.elementor-element-4dcb814{text-align:center;}.elementor-359 .elementor-element.elementor-element-4dcb814 .elementor-heading-title{font-family:var( --e-global-typography-secondary-font-family ), Sans-serif;font-size:var( --e-global-typography-secondary-font-size );font-weight:var( --e-global-typography-secondary-font-weight );line-height:var( --e-global-typography-secondary-line-height );color:#FFFFFF;}.elementor-359 .elementor-element.elementor-element-0009304{text-align:center;}.elementor-359 .elementor-element.elementor-element-0009304 .elementor-heading-title{font-size:18px;color:#FFFFFF;}.elementor-359 .elementor-element.elementor-element-b007b44{margin-top:80px;margin-bottom:0px;}.elementor-bc-flex-widget .elementor-359 .elementor-element.elementor-element-1f98e68.elementor-column .elementor-widget-wrap{align-items:center;}.elementor-359 .elementor-element.elementor-element-1f98e68.elementor-column.elementor-element[data-element_type=\"column\"] > .elementor-widget-wrap.elementor-element-populated{align-content:center;align-items:center;}.elementor-359 .elementor-element.elementor-element-1f98e68 > .elementor-element-populated >  .elementor-background-overlay{opacity:0.1;}.elementor-359 .elementor-element.elementor-element-1f98e68 > .elementor-element-populated{transition:background 0.3s, border 0.3s, border-radius 0.3s, box-shadow 0.3s;margin:0px 0px 0px 10px;--e-column-margin-right:0px;--e-column-margin-left:10px;padding:0px 0px 0px 20px;}.elementor-359 .elementor-element.elementor-element-1f98e68 > .elementor-element-populated > .elementor-background-overlay{transition:background 0.3s, border-radius 0.3s, opacity 0.3s;}.elementor-359 .elementor-element.elementor-element-ef52a36{text-align:left;font-family:\"Heebo\", Sans-serif;font-size:20px;font-weight:400;line-height:1.5em;color:var( --e-global-color-secondary );}.elementor-359 .elementor-element.elementor-element-2eaa071{margin-top:100px;margin-bottom:50px;}.elementor-359 .elementor-element.elementor-element-9fcebfd > .elementor-widget-container{padding:0px 0px 0px 44px;}.elementor-359 .elementor-element.elementor-element-5e88b53 .elementskit-single-faq .elementskit-faq-title{color:#35439B;}.elementor-359 .elementor-element.elementor-element-5e88b53 .elementskit-single-faq .elementskit-faq-header{padding:21px 40px 21px 40px;}.elementor-359 .elementor-element.elementor-element-5e88b53 .elementskit-single-faq .elementskit-faq-body{color:#000000;font-weight:400;padding:30px 40px 30px 40px;}.elementor-359 .elementor-element.elementor-element-4393fad:not(.elementor-motion-effects-element-type-background), .elementor-359 .elementor-element.elementor-element-4393fad > .elementor-motion-effects-container > .elementor-motion-effects-layer{background-image:url(\"https:\/\/nypeye.com\/wp-content\/uploads\/2024\/10\/handsome-doctor-showing-something-in-clipboard-to-smiling-patient-in-clinic.jpg\");background-position:0% 30%;background-repeat:no-repeat;background-size:cover;}.elementor-359 .elementor-element.elementor-element-4393fad > .elementor-background-overlay{background-color:#2A367A;opacity:0.75;transition:background 0.3s, border-radius 0.3s, opacity 0.3s;}.elementor-359 .elementor-element.elementor-element-4393fad{transition:background 0.3s, border 0.3s, border-radius 0.3s, box-shadow 0.3s;margin-top:0px;margin-bottom:0px;padding:100px 0px 100px 0px;}.elementor-359 .elementor-element.elementor-element-846d2b6.elementor-column > .elementor-widget-wrap{justify-content:center;}.elementor-359 .elementor-element.elementor-element-58561d3 > .elementor-widget-container{padding:0% 14% 0% 14%;}.elementor-359 .elementor-element.elementor-element-58561d3{text-align:center;font-family:var( --e-global-typography-9ccb7f4-font-family ), Sans-serif;font-size:var( --e-global-typography-9ccb7f4-font-size );font-weight:var( --e-global-typography-9ccb7f4-font-weight );line-height:var( --e-global-typography-9ccb7f4-line-height );color:#E1E3EA;}.elementor-359 .elementor-element.elementor-element-d348685 .elementor-button{background-color:#38B3E7;font-family:var( --e-global-typography-39ba9a8-font-family ), Sans-serif;font-size:var( --e-global-typography-39ba9a8-font-size );font-weight:var( --e-global-typography-39ba9a8-font-weight );line-height:var( --e-global-typography-39ba9a8-line-height );fill:#FFFFFF;color:#FFFFFF;border-radius:5px 5px 5px 5px;padding:18px 32px 18px 32px;}@media(max-width:1024px){.elementor-359 .elementor-element.elementor-element-816404a:not(.elementor-motion-effects-element-type-background), .elementor-359 .elementor-element.elementor-element-816404a > .elementor-motion-effects-container > .elementor-motion-effects-layer{background-position:center center;}.elementor-359 .elementor-element.elementor-element-816404a{margin-top:0px;margin-bottom:0px;padding:210px 10px 140px 10px;}.elementor-359 .elementor-element.elementor-element-4dcb814 .elementor-heading-title{font-size:var( --e-global-typography-secondary-font-size );line-height:var( --e-global-typography-secondary-line-height );}.elementor-359 .elementor-element.elementor-element-4393fad:not(.elementor-motion-effects-element-type-background), .elementor-359 .elementor-element.elementor-element-4393fad > .elementor-motion-effects-container > .elementor-motion-effects-layer{background-position:0px 0px;}.elementor-359 .elementor-element.elementor-element-4393fad{padding:80px 0px 80px 0px;}.elementor-359 .elementor-element.elementor-element-846d2b6 > .elementor-element-populated{margin:0px 10px 0px 10px;--e-column-margin-right:10px;--e-column-margin-left:10px;}.elementor-359 .elementor-element.elementor-element-58561d3 > .elementor-widget-container{padding:0% 10% 0% 10%;}.elementor-359 .elementor-element.elementor-element-58561d3{font-size:var( --e-global-typography-9ccb7f4-font-size );line-height:var( --e-global-typography-9ccb7f4-line-height );}.elementor-359 .elementor-element.elementor-element-d348685 .elementor-button{font-size:var( --e-global-typography-39ba9a8-font-size );line-height:var( --e-global-typography-39ba9a8-line-height );}}@media(max-width:767px){.elementor-359 .elementor-element.elementor-element-816404a{margin-top:0px;margin-bottom:0px;padding:152px 10px 80px 10px;}.elementor-359 .elementor-element.elementor-element-4dcb814 .elementor-heading-title{font-size:var( --e-global-typography-secondary-font-size );line-height:var( --e-global-typography-secondary-line-height );}.elementor-359 .elementor-element.elementor-element-1f98e68 > .elementor-element-populated{margin:50px 0px 50px 0px;--e-column-margin-right:0px;--e-column-margin-left:0px;padding:0px 20px 0px 20px;}.elementor-359 .elementor-element.elementor-element-ef52a36{font-size:16px;}.elementor-359 .elementor-element.elementor-element-2eaa071{margin-top:0px;margin-bottom:0px;}.elementor-359 .elementor-element.elementor-element-9fcebfd > .elementor-widget-container{padding:0px 0px 0px 0px;}.elementor-359 .elementor-element.elementor-element-5e88b53 .elementskit-single-faq .elementskit-faq-title{font-size:18px;}.elementor-359 .elementor-element.elementor-element-5e88b53 .elementskit-single-faq .elementskit-faq-body{font-size:16px;}.elementor-359 .elementor-element.elementor-element-4393fad:not(.elementor-motion-effects-element-type-background), .elementor-359 .elementor-element.elementor-element-4393fad > .elementor-motion-effects-container > .elementor-motion-effects-layer{background-position:0px 0px;}.elementor-359 .elementor-element.elementor-element-4393fad{margin-top:0px;margin-bottom:0px;padding:40px 0px 40px 0px;}.elementor-359 .elementor-element.elementor-element-846d2b6 > .elementor-element-populated{margin:0px 5px 0px 5px;--e-column-margin-right:5px;--e-column-margin-left:5px;}.elementor-359 .elementor-element.elementor-element-58561d3 > .elementor-widget-container{padding:0px 0px 0px 0px;}.elementor-359 .elementor-element.elementor-element-58561d3{font-size:var( --e-global-typography-9ccb7f4-font-size );line-height:var( --e-global-typography-9ccb7f4-line-height );}.elementor-359 .elementor-element.elementor-element-d348685 > .elementor-widget-container{margin:0px 0px 0px 0px;}.elementor-359 .elementor-element.elementor-element-d348685 .elementor-button{font-size:var( --e-global-typography-39ba9a8-font-size );line-height:var( --e-global-typography-39ba9a8-line-height );padding:15px 30px 15px 30px;}}@media(min-width:1025px){.elementor-359 .elementor-element.elementor-element-816404a:not(.elementor-motion-effects-element-type-background), .elementor-359 .elementor-element.elementor-element-816404a > .elementor-motion-effects-container > .elementor-motion-effects-layer{background-attachment:fixed;}}<\/style>\t\t<div data-elementor-type=\"wp-page\" data-elementor-id=\"359\" class=\"elementor elementor-359\" data-elementor-post-type=\"page\">\n\t\t\t\t\t\t<section class=\"elementor-section elementor-top-section elementor-element elementor-element-816404a elementor-section-boxed elementor-section-height-default elementor-section-height-default\" data-id=\"816404a\" data-element_type=\"section\" data-settings=\"{&quot;background_background&quot;:&quot;classic&quot;}\">\n\t\t\t\t\t\t\t<div class=\"elementor-background-overlay\"><\/div>\n\t\t\t\t\t\t\t<div class=\"elementor-container elementor-column-gap-default\">\n\t\t\t\t\t<div class=\"elementor-column elementor-col-100 elementor-top-column elementor-element elementor-element-6c6284a\" data-id=\"6c6284a\" data-element_type=\"column\">\n\t\t\t<div class=\"elementor-widget-wrap elementor-element-populated\">\n\t\t\t\t\t\t<div class=\"elementor-element elementor-element-4dcb814 elementor-widget elementor-widget-heading\" data-id=\"4dcb814\" data-element_type=\"widget\" data-widget_type=\"heading.default\">\n\t\t\t\t<div class=\"elementor-widget-container\">\n\t\t\t\t\t<h2 class=\"elementor-heading-title elementor-size-default\">Miop\u00eda<\/h2>\t\t\t\t<\/div>\n\t\t\t\t<\/div>\n\t\t\t\t<div class=\"elementor-element elementor-element-0009304 elementor-widget elementor-widget-heading\" data-id=\"0009304\" data-element_type=\"widget\" data-widget_type=\"heading.default\">\n\t\t\t\t<div class=\"elementor-widget-container\">\n\t\t\t\t\t<h2 class=\"elementor-heading-title elementor-size-default\">Servicios de miop\u00eda disponibles en Brooklyn y Flushing (entrada por la avenida 37), Nueva York.<\/h2>\t\t\t\t<\/div>\n\t\t\t\t<\/div>\n\t\t\t\t\t<\/div>\n\t\t<\/div>\n\t\t\t\t\t<\/div>\n\t\t<\/section>\n\t\t\t\t<section class=\"elementor-section elementor-top-section elementor-element elementor-element-b007b44 elementor-section-boxed elementor-section-height-default elementor-section-height-default\" data-id=\"b007b44\" data-element_type=\"section\">\n\t\t\t\t\t\t<div class=\"elementor-container elementor-column-gap-default\">\n\t\t\t\t\t<div class=\"elementor-column elementor-col-50 elementor-top-column elementor-element elementor-element-1ad0147\" data-id=\"1ad0147\" data-element_type=\"column\">\n\t\t\t<div class=\"elementor-widget-wrap elementor-element-populated\">\n\t\t\t\t\t\t<div class=\"elementor-element elementor-element-350613f elementor-widget elementor-widget-image\" data-id=\"350613f\" data-element_type=\"widget\" data-widget_type=\"image.default\">\n\t\t\t\t<div class=\"elementor-widget-container\">\n\t\t\t\t\t\t\t\t\t\t\t\t\t\t\t<img fetchpriority=\"high\" decoding=\"async\" width=\"640\" height=\"640\" src=\"https:\/\/nypeye.com\/wp-content\/uploads\/2024\/10\/2624159.webp\" class=\"attachment-large size-large wp-image-361\" alt=\"NY Partners Ophthalmology\" srcset=\"https:\/\/nypeye.com\/wp-content\/uploads\/2024\/10\/2624159.webp 640w, https:\/\/nypeye.com\/wp-content\/uploads\/2024\/10\/2624159-300x300.webp 300w, https:\/\/nypeye.com\/wp-content\/uploads\/2024\/10\/2624159-150x150.webp 150w\" sizes=\"(max-width: 640px) 100vw, 640px\" \/>\t\t\t\t\t\t\t\t\t\t\t\t\t\t\t<\/div>\n\t\t\t\t<\/div>\n\t\t\t\t\t<\/div>\n\t\t<\/div>\n\t\t\t\t<div class=\"elementor-column elementor-col-50 elementor-top-column elementor-element elementor-element-1f98e68\" data-id=\"1f98e68\" data-element_type=\"column\" data-settings=\"{&quot;background_background&quot;:&quot;classic&quot;}\">\n\t\t\t<div class=\"elementor-widget-wrap elementor-element-populated\">\n\t\t\t\t\t<div class=\"elementor-background-overlay\"><\/div>\n\t\t\t\t\t\t<div class=\"elementor-element elementor-element-ef52a36 elementor-widget elementor-widget-text-editor\" data-id=\"ef52a36\" data-element_type=\"widget\" data-widget_type=\"text-editor.default\">\n\t\t\t\t<div class=\"elementor-widget-container\">\n\t\t\t\t\t\t\t\t\t<p>Si usted o su hijo padecen de miop\u00eda, com\u00fanmente conocida como miop\u00eda, consulte con el especialista de NY Partners Ophthalmology en Flushing, Queens, y Sunset Park, Brooklyn, Nueva York, para corregir la visi\u00f3n. La Dra. Sophia Siu y su excepcional equipo ofrecen una variedad de tratamientos eficaces para la miop\u00eda para ayudarles a usted y a su familia a ver con claridad. Llame a la oficina para comenzar o programe una cita en l\u00ednea hoy mismo.<\/p>\t\t\t\t\t\t\t\t<\/div>\n\t\t\t\t<\/div>\n\t\t\t\t\t<\/div>\n\t\t<\/div>\n\t\t\t\t\t<\/div>\n\t\t<\/section>\n\t\t\t\t<section class=\"elementor-section elementor-top-section elementor-element elementor-element-2eaa071 elementor-section-boxed elementor-section-height-default elementor-section-height-default\" data-id=\"2eaa071\" data-element_type=\"section\">\n\t\t\t\t\t\t<div class=\"elementor-container elementor-column-gap-default\">\n\t\t\t\t\t<div class=\"elementor-column elementor-col-100 elementor-top-column elementor-element elementor-element-59545f4\" data-id=\"59545f4\" data-element_type=\"column\">\n\t\t\t<div class=\"elementor-widget-wrap elementor-element-populated\">\n\t\t\t\t\t\t<div class=\"elementor-element elementor-element-9fcebfd elementor-widget elementor-widget-heading\" data-id=\"9fcebfd\" data-element_type=\"widget\" data-widget_type=\"heading.default\">\n\t\t\t\t<div class=\"elementor-widget-container\">\n\t\t\t\t\t<h2 class=\"elementor-heading-title elementor-size-default\">Myopia Q&amp;A<\/h2>\t\t\t\t<\/div>\n\t\t\t\t<\/div>\n\t\t\t\t<div class=\"elementor-element elementor-element-5e88b53 elementor-widget elementor-widget-elementskit-faq\" data-id=\"5e88b53\" data-element_type=\"widget\" data-widget_type=\"elementskit-faq.default\">\n\t\t\t\t<div class=\"elementor-widget-container\">\n\t\t\t\t\t<div class=\"ekit-wid-con\" >\n                <div class=\"elementskit-single-faq elementor-repeater-item-0d1d539\">\n            <div class=\"elementskit-faq-header\">\n                <h2 class=\"elementskit-faq-title\">\u00bfQu\u00e9 es la miop\u00eda?<\/h2>\n            <\/div>\n            <div class=\"elementskit-faq-body\">\n                La miop\u00eda, tambi\u00e9n llamada visi\u00f3n corta, es un problema que afecta la visi\u00f3n. Hace que los objetos cercanos se vean n\u00edtidos, mientras que los lejanos se ven borrosos. La miop\u00eda es una afecci\u00f3n com\u00fan en adultos y ni\u00f1os, pero se trata f\u00e1cilmente con lentes de contacto, gafas o cirug\u00eda. Los especialistas de NY Partners Ophthalmology personalizan cada tratamiento de correcci\u00f3n de la visi\u00f3n.<br><br>\nLa detecci\u00f3n y el tratamiento tempranos pueden reducir la gravedad de la miop\u00eda desde la infancia hasta la edad adulta.            <\/div>\n        <\/div>\n                <div class=\"elementskit-single-faq elementor-repeater-item-8663419\">\n            <div class=\"elementskit-faq-header\">\n                <h2 class=\"elementskit-faq-title\">\u00bfCu\u00e1les son los factores de riesgo de la miop\u00eda?<\/h2>\n            <\/div>\n            <div class=\"elementskit-faq-body\">\n                Si bien cualquier ni\u00f1o o adulto puede desarrollar miop\u00eda, sus factores de riesgo comunes incluyen:<br><br>\n\u25cf Globo ocular alargado\n<br>\n\u25cf C\u00f3rnea o cristalino demasiado curvado\n<br>\n\u25cf Antecedentes familiares de miop\u00eda\n<br>\n\u25cf Pasar mucho tiempo frente a la pantalla o leyendo\n<br>\n\u25cf No tomar descansos frecuentes durante actividades que requieren visi\u00f3n de cerca\n<br>\n\u25cf Falta de actividades al aire libre\n<br>\n<br>Adoptar h\u00e1bitos saludables y tener un buen equilibrio entre actividades al aire libre, activas y concentradas puede reducir el riesgo de miop\u00eda, pero no se puede prevenir si usted o su hijo tienen factores de riesgo.              <\/div>\n        <\/div>\n                <div class=\"elementskit-single-faq elementor-repeater-item-97e4d00\">\n            <div class=\"elementskit-faq-header\">\n                <h2 class=\"elementskit-faq-title\">\u00bfC\u00f3mo se diagnostica la miop\u00eda?<\/h2>\n            <\/div>\n            <div class=\"elementskit-faq-body\">\n                Para diagnosticar la miop\u00eda y determinar el tratamiento m\u00e1s adecuado, el equipo de Oftalmolog\u00eda de NY Partners revisa su historial m\u00e9dico, s\u00edntomas, h\u00e1bitos de estilo de vida e historial de salud ocular.<br><br>\nRealizan un examen ocular completo.<br><br>Tambi\u00e9n es posible que necesite pruebas de diagn\u00f3stico, incluidas pruebas de presi\u00f3n ocular o procedimientos de diagn\u00f3stico por im\u00e1genes para detectar o descartar problemas adicionales de salud ocular.             <\/div>\n        <\/div>\n                <div class=\"elementskit-single-faq elementor-repeater-item-6785092\">\n            <div class=\"elementskit-faq-header\">\n                <h2 class=\"elementskit-faq-title\">\u00bfC\u00f3mo se trata la miop\u00eda?<\/h2>\n            <\/div>\n            <div class=\"elementskit-faq-body\">\n                El tratamiento de la miop\u00eda que sea mejor para usted o su hijo depende de su estilo de vida, edad, gravedad de los problemas de visi\u00f3n y sus preferencias de tratamiento. <br><br>NY Partners Ophthalmology ofrece: <br><br>Gotas oft\u00e1lmicas de atropina de dosis baja  <br>Las gotas oft\u00e1lmicas de atropina, aprobadas por la FDA, minimizan la progresi\u00f3n de la miop\u00eda en ni\u00f1os con miop\u00eda leve o moderada. Pueden aplicarse por la noche antes de dormir.<br><br>lentes de contacto<br>NY Partners Ophthalmology ofrece numerosos lentes de contacto especiales que corrigen la miop\u00eda. <br>Las lentes de contacto blandas MiSight\u00ae reducen la progresi\u00f3n de la miop\u00eda y corrigen la visi\u00f3n en ni\u00f1os de 8 a 12 a\u00f1os al inicio del tratamiento. Pueden usar cada juego de lentes de contacto durante un d\u00eda y desecharlos despu\u00e9s de cada uso. <br><br>Lentes<br>Los anteojos tambi\u00e9n pueden corregir irregularidades en la visi\u00f3n causadas por la miop\u00eda. <br><br>procedimientos LASIK<br>El tratamiento LASIK utiliza tecnolog\u00eda l\u00e1ser de \u00faltima generaci\u00f3n para alterar la forma de la c\u00f3rnea, mejorando la visi\u00f3n sin lentes de contacto ni anteojos.<br><br>EVO ICL<br>Se puede colocar una lente col\u00e1mera implantable en el ojo para corregir la miop\u00eda y el astigmatismo.            <\/div>\n        <\/div>\n                \n    <\/div>\t\t\t\t<\/div>\n\t\t\t\t<\/div>\n\t\t\t\t\t<\/div>\n\t\t<\/div>\n\t\t\t\t\t<\/div>\n\t\t<\/section>\n\t\t\t\t<section class=\"elementor-section elementor-top-section elementor-element elementor-element-4393fad animated-slow elementor-section-full_width elementor-section-height-default elementor-section-height-default\" data-id=\"4393fad\" data-element_type=\"section\" data-settings=\"{&quot;background_background&quot;:&quot;classic&quot;,&quot;animation&quot;:&quot;none&quot;}\">\n\t\t\t\t\t\t\t<div class=\"elementor-background-overlay\"><\/div>\n\t\t\t\t\t\t\t<div class=\"elementor-container elementor-column-gap-default\">\n\t\t\t\t\t<div class=\"elementor-column elementor-col-100 elementor-top-column elementor-element elementor-element-846d2b6\" data-id=\"846d2b6\" data-element_type=\"column\">\n\t\t\t<div class=\"elementor-widget-wrap elementor-element-populated\">\n\t\t\t\t\t\t<div class=\"elementor-element elementor-element-58561d3 elementor-widget elementor-widget-text-editor\" data-id=\"58561d3\" data-element_type=\"widget\" data-widget_type=\"text-editor.default\">\n\t\t\t\t<div class=\"elementor-widget-container\">\n\t\t\t\t\t\t\t\t\t<h3><span style=\"color: #ffffff;\">Llame a la oficina de Oftalmolog\u00eda de NY Partners para programar un tratamiento para la miop\u00eda o utilice la pesta\u00f1a de reserva en l\u00ednea hoy mismo.<\/span><\/h3>\t\t\t\t\t\t\t\t<\/div>\n\t\t\t\t<\/div>\n\t\t\t\t<div class=\"elementor-element elementor-element-d348685 elementor-align-center elementor-mobile-align-center elementor-widget elementor-widget-button\" data-id=\"d348685\" data-element_type=\"widget\" data-widget_type=\"button.default\">\n\t\t\t\t<div class=\"elementor-widget-container\">\n\t\t\t\t\t\t\t\t\t<div class=\"elementor-button-wrapper\">\n\t\t\t\t\t<a class=\"elementor-button elementor-button-link elementor-size-sm\" href=\"https:\/\/nypeye.com\/es\/contact\/\">\n\t\t\t\t\t\t<span class=\"elementor-button-content-wrapper\">\n\t\t\t\t\t\t\t\t\t<span class=\"elementor-button-text\">Contacto <\/span>\n\t\t\t\t\t<\/span>\n\t\t\t\t\t<\/a>\n\t\t\t\t<\/div>\n\t\t\t\t\t\t\t\t<\/div>\n\t\t\t\t<\/div>\n\t\t\t\t\t<\/div>\n\t\t<\/div>\n\t\t\t\t\t<\/div>\n\t\t<\/section>\n\t\t\t\t<\/div>\n\t\t\n    <div class=\"xs_social_share_widget xs_share_url after_content \t\tmain_content  wslu-style-1 wslu-share-box-shaped wslu-fill-colored wslu-none wslu-share-horizontal wslu-theme-font-no wslu-main_content\">\n\n\t\t\n        <ul>\n\t\t\t        <\/ul>\n    <\/div>","protected":false},"excerpt":{"rendered":"<p>Myopia Myopia services offered in Brooklyn and Flushing (Entrance on 37th Ave) , NY If you or your child experience myopia, commonly known as nearsightedness, see the specialist at NY Partners Ophthalmology in the Flushing neighborhood of Queens and Sunset Park neighborhood of Brooklyn, in New York City, for vision correction. Sophia Siu, MD, and [&hellip;]<\/p>","protected":false},"author":1,"featured_media":0,"parent":0,"menu_order":0,"comment_status":"closed","ping_status":"closed","template":"elementor_header_footer","meta":{"om_disable_all_campaigns":false,"_monsterinsights_skip_tracking":false,"_monsterinsights_sitenote_active":false,"_monsterinsights_sitenote_note":"","_monsterinsights_sitenote_category":0,"postBodyCss":"","postBodyMargin":[],"postBodyPadding":[],"postBodyBackground":{"backgroundType":"classic","gradient":""},"footnotes":""},"class_list":["post-359","page","type-page","status-publish","hentry"],"aioseo_notices":[],"_links":{"self":[{"href":"https:\/\/nypeye.com\/es\/wp-json\/wp\/v2\/pages\/359","targetHints":{"allow":["GET"]}}],"collection":[{"href":"https:\/\/nypeye.com\/es\/wp-json\/wp\/v2\/pages"}],"about":[{"href":"https:\/\/nypeye.com\/es\/wp-json\/wp\/v2\/types\/page"}],"author":[{"embeddable":true,"href":"https:\/\/nypeye.com\/es\/wp-json\/wp\/v2\/users\/1"}],"replies":[{"embeddable":true,"href":"https:\/\/nypeye.com\/es\/wp-json\/wp\/v2\/comments?post=359"}],"version-history":[{"count":28,"href":"https:\/\/nypeye.com\/es\/wp-json\/wp\/v2\/pages\/359\/revisions"}],"predecessor-version":[{"id":1665,"href":"https:\/\/nypeye.com\/es\/wp-json\/wp\/v2\/pages\/359\/revisions\/1665"}],"wp:attachment":[{"href":"https:\/\/nypeye.com\/es\/wp-json\/wp\/v2\/media?parent=359"}],"curies":[{"name":"wp","href":"https:\/\/api.w.org\/{rel}","templated":true}]}}