{"id":347,"date":"2024-10-31T22:03:47","date_gmt":"2024-10-31T22:03:47","guid":{"rendered":"https:\/\/nypeye.com\/?page_id=347"},"modified":"2024-11-25T15:59:12","modified_gmt":"2024-11-25T15:59:12","slug":"lasik","status":"publish","type":"page","link":"https:\/\/nypeye.com\/es\/lasik\/","title":{"rendered":"LASIK"},"content":{"rendered":"<style>.elementor-347 .elementor-element.elementor-element-1798c7f:not(.elementor-motion-effects-element-type-background), .elementor-347 .elementor-element.elementor-element-1798c7f > .elementor-motion-effects-container > .elementor-motion-effects-layer{background-image:url(\"https:\/\/nypeye.com\/wp-content\/uploads\/2024\/10\/oculist-examining-patient-vision-with-slit-lamp-in-clinic.jpg\");background-position:center center;background-repeat:no-repeat;background-size:cover;}.elementor-347 .elementor-element.elementor-element-1798c7f > .elementor-background-overlay{background-color:var( --e-global-color-primary );opacity:0.9;transition:background 0.3s, border-radius 0.3s, opacity 0.3s;}.elementor-347 .elementor-element.elementor-element-1798c7f > .elementor-container{max-width:1170px;}.elementor-347 .elementor-element.elementor-element-1798c7f{transition:background 0.3s, border 0.3s, border-radius 0.3s, box-shadow 0.3s;padding:100px 0px 100px 0px;z-index:0;}.elementor-347 .elementor-element.elementor-element-804a4d7{text-align:center;}.elementor-347 .elementor-element.elementor-element-804a4d7 .elementor-heading-title{font-family:var( --e-global-typography-secondary-font-family ), Sans-serif;font-size:var( --e-global-typography-secondary-font-size );font-weight:var( --e-global-typography-secondary-font-weight );line-height:var( --e-global-typography-secondary-line-height );color:#FFFFFF;}.elementor-347 .elementor-element.elementor-element-5ca71fe{text-align:center;}.elementor-347 .elementor-element.elementor-element-5ca71fe .elementor-heading-title{font-size:18px;color:#FFFFFF;}.elementor-347 .elementor-element.elementor-element-5e96f69{margin-top:80px;margin-bottom:0px;}.elementor-bc-flex-widget .elementor-347 .elementor-element.elementor-element-45c1730.elementor-column .elementor-widget-wrap{align-items:center;}.elementor-347 .elementor-element.elementor-element-45c1730.elementor-column.elementor-element[data-element_type=\"column\"] > .elementor-widget-wrap.elementor-element-populated{align-content:center;align-items:center;}.elementor-347 .elementor-element.elementor-element-45c1730 > .elementor-element-populated >  .elementor-background-overlay{opacity:0.1;}.elementor-347 .elementor-element.elementor-element-45c1730 > .elementor-element-populated{transition:background 0.3s, border 0.3s, border-radius 0.3s, box-shadow 0.3s;margin:0px 0px 0px 10px;--e-column-margin-right:0px;--e-column-margin-left:10px;padding:0px 0px 0px 20px;}.elementor-347 .elementor-element.elementor-element-45c1730 > .elementor-element-populated > .elementor-background-overlay{transition:background 0.3s, border-radius 0.3s, opacity 0.3s;}.elementor-347 .elementor-element.elementor-element-c79d4f9{text-align:left;font-family:\"Heebo\", Sans-serif;font-size:20px;font-weight:400;line-height:1.5em;color:var( --e-global-color-secondary );}.elementor-347 .elementor-element.elementor-element-4eba061{margin-top:100px;margin-bottom:50px;}.elementor-347 .elementor-element.elementor-element-91cdb9e > .elementor-widget-container{padding:0px 0px 0px 44px;}.elementor-347 .elementor-element.elementor-element-4100edf .elementskit-single-faq .elementskit-faq-title{color:#35439B;}.elementor-347 .elementor-element.elementor-element-4100edf .elementskit-single-faq .elementskit-faq-header{padding:21px 40px 21px 40px;}.elementor-347 .elementor-element.elementor-element-4100edf .elementskit-single-faq .elementskit-faq-body{color:#000000;font-weight:400;padding:30px 40px 30px 40px;}.elementor-347 .elementor-element.elementor-element-6709993:not(.elementor-motion-effects-element-type-background), .elementor-347 .elementor-element.elementor-element-6709993 > .elementor-motion-effects-container > .elementor-motion-effects-layer{background-image:url(\"https:\/\/nypeye.com\/wp-content\/uploads\/2024\/10\/handsome-doctor-showing-something-in-clipboard-to-smiling-patient-in-clinic.jpg\");background-position:0% 30%;background-repeat:no-repeat;background-size:cover;}.elementor-347 .elementor-element.elementor-element-6709993 > .elementor-background-overlay{background-color:#2A367A;opacity:0.75;transition:background 0.3s, border-radius 0.3s, opacity 0.3s;}.elementor-347 .elementor-element.elementor-element-6709993{transition:background 0.3s, border 0.3s, border-radius 0.3s, box-shadow 0.3s;margin-top:0px;margin-bottom:100px;padding:100px 0px 100px 0px;}.elementor-347 .elementor-element.elementor-element-6ad2613.elementor-column > .elementor-widget-wrap{justify-content:center;}.elementor-347 .elementor-element.elementor-element-510400b > .elementor-widget-container{padding:0% 14% 0% 14%;}.elementor-347 .elementor-element.elementor-element-510400b{text-align:center;font-family:var( --e-global-typography-9ccb7f4-font-family ), Sans-serif;font-size:var( --e-global-typography-9ccb7f4-font-size );font-weight:var( --e-global-typography-9ccb7f4-font-weight );line-height:var( --e-global-typography-9ccb7f4-line-height );color:#E1E3EA;}.elementor-347 .elementor-element.elementor-element-56560aa .elementor-button{background-color:#38B3E7;font-family:var( --e-global-typography-39ba9a8-font-family ), Sans-serif;font-size:var( --e-global-typography-39ba9a8-font-size );font-weight:var( --e-global-typography-39ba9a8-font-weight );line-height:var( --e-global-typography-39ba9a8-line-height );fill:#FFFFFF;color:#FFFFFF;border-radius:5px 5px 5px 5px;padding:18px 32px 18px 32px;}@media(max-width:1024px){.elementor-347 .elementor-element.elementor-element-1798c7f:not(.elementor-motion-effects-element-type-background), .elementor-347 .elementor-element.elementor-element-1798c7f > .elementor-motion-effects-container > .elementor-motion-effects-layer{background-position:center center;}.elementor-347 .elementor-element.elementor-element-1798c7f{margin-top:0px;margin-bottom:0px;padding:210px 10px 140px 10px;}.elementor-347 .elementor-element.elementor-element-804a4d7 .elementor-heading-title{font-size:var( --e-global-typography-secondary-font-size );line-height:var( --e-global-typography-secondary-line-height );}.elementor-347 .elementor-element.elementor-element-6709993:not(.elementor-motion-effects-element-type-background), .elementor-347 .elementor-element.elementor-element-6709993 > .elementor-motion-effects-container > .elementor-motion-effects-layer{background-position:0px 0px;}.elementor-347 .elementor-element.elementor-element-6709993{padding:80px 0px 80px 0px;}.elementor-347 .elementor-element.elementor-element-6ad2613 > .elementor-element-populated{margin:0px 10px 0px 10px;--e-column-margin-right:10px;--e-column-margin-left:10px;}.elementor-347 .elementor-element.elementor-element-510400b > .elementor-widget-container{padding:0% 10% 0% 10%;}.elementor-347 .elementor-element.elementor-element-510400b{font-size:var( --e-global-typography-9ccb7f4-font-size );line-height:var( --e-global-typography-9ccb7f4-line-height );}.elementor-347 .elementor-element.elementor-element-56560aa .elementor-button{font-size:var( --e-global-typography-39ba9a8-font-size );line-height:var( --e-global-typography-39ba9a8-line-height );}}@media(max-width:767px){.elementor-347 .elementor-element.elementor-element-1798c7f{margin-top:0px;margin-bottom:0px;padding:152px 10px 80px 10px;}.elementor-347 .elementor-element.elementor-element-804a4d7 .elementor-heading-title{font-size:var( --e-global-typography-secondary-font-size );line-height:var( --e-global-typography-secondary-line-height );}.elementor-347 .elementor-element.elementor-element-5ca71fe .elementor-heading-title{font-size:16px;}.elementor-347 .elementor-element.elementor-element-45c1730 > .elementor-element-populated{margin:50px 0px 50px 0px;--e-column-margin-right:0px;--e-column-margin-left:0px;padding:0px 20px 0px 20px;}.elementor-347 .elementor-element.elementor-element-c79d4f9{font-size:16px;}.elementor-347 .elementor-element.elementor-element-4eba061{margin-top:0px;margin-bottom:0px;}.elementor-347 .elementor-element.elementor-element-91cdb9e > .elementor-widget-container{padding:0px 0px 0px 0px;}.elementor-347 .elementor-element.elementor-element-4100edf .elementskit-single-faq .elementskit-faq-title{font-size:18px;}.elementor-347 .elementor-element.elementor-element-4100edf .elementskit-single-faq .elementskit-faq-body{font-size:16px;}.elementor-347 .elementor-element.elementor-element-6709993:not(.elementor-motion-effects-element-type-background), .elementor-347 .elementor-element.elementor-element-6709993 > .elementor-motion-effects-container > .elementor-motion-effects-layer{background-position:0px 0px;}.elementor-347 .elementor-element.elementor-element-6709993{margin-top:0px;margin-bottom:0px;padding:40px 0px 40px 0px;}.elementor-347 .elementor-element.elementor-element-6ad2613 > .elementor-element-populated{margin:0px 5px 0px 5px;--e-column-margin-right:5px;--e-column-margin-left:5px;}.elementor-347 .elementor-element.elementor-element-510400b > .elementor-widget-container{padding:0px 0px 0px 0px;}.elementor-347 .elementor-element.elementor-element-510400b{font-size:var( --e-global-typography-9ccb7f4-font-size );line-height:var( --e-global-typography-9ccb7f4-line-height );}.elementor-347 .elementor-element.elementor-element-56560aa > .elementor-widget-container{margin:0px 0px 0px 0px;}.elementor-347 .elementor-element.elementor-element-56560aa .elementor-button{font-size:var( --e-global-typography-39ba9a8-font-size );line-height:var( --e-global-typography-39ba9a8-line-height );padding:15px 30px 15px 30px;}}@media(min-width:1025px){.elementor-347 .elementor-element.elementor-element-1798c7f:not(.elementor-motion-effects-element-type-background), .elementor-347 .elementor-element.elementor-element-1798c7f > .elementor-motion-effects-container > .elementor-motion-effects-layer{background-attachment:fixed;}}<\/style>\t\t<div data-elementor-type=\"wp-page\" data-elementor-id=\"347\" class=\"elementor elementor-347\" data-elementor-post-type=\"page\">\n\t\t\t\t\t\t<section class=\"elementor-section elementor-top-section elementor-element elementor-element-1798c7f elementor-section-boxed elementor-section-height-default elementor-section-height-default\" data-id=\"1798c7f\" data-element_type=\"section\" data-settings=\"{&quot;background_background&quot;:&quot;classic&quot;}\">\n\t\t\t\t\t\t\t<div class=\"elementor-background-overlay\"><\/div>\n\t\t\t\t\t\t\t<div class=\"elementor-container elementor-column-gap-default\">\n\t\t\t\t\t<div class=\"elementor-column elementor-col-100 elementor-top-column elementor-element elementor-element-2dd791d\" data-id=\"2dd791d\" data-element_type=\"column\">\n\t\t\t<div class=\"elementor-widget-wrap elementor-element-populated\">\n\t\t\t\t\t\t<div class=\"elementor-element elementor-element-804a4d7 elementor-widget elementor-widget-heading\" data-id=\"804a4d7\" data-element_type=\"widget\" data-widget_type=\"heading.default\">\n\t\t\t\t<div class=\"elementor-widget-container\">\n\t\t\t\t\t<h2 class=\"elementor-heading-title elementor-size-default\">LASIK<\/h2>\t\t\t\t<\/div>\n\t\t\t\t<\/div>\n\t\t\t\t<div class=\"elementor-element elementor-element-5ca71fe elementor-widget elementor-widget-heading\" data-id=\"5ca71fe\" data-element_type=\"widget\" data-widget_type=\"heading.default\">\n\t\t\t\t<div class=\"elementor-widget-container\">\n\t\t\t\t\t<h2 class=\"elementor-heading-title elementor-size-default\">Servicios LASIK ofrecidos en Brooklyn y Flushing (Entrada por 37th Ave), NY<\/h2>\t\t\t\t<\/div>\n\t\t\t\t<\/div>\n\t\t\t\t\t<\/div>\n\t\t<\/div>\n\t\t\t\t\t<\/div>\n\t\t<\/section>\n\t\t\t\t<section class=\"elementor-section elementor-top-section elementor-element elementor-element-5e96f69 elementor-section-boxed elementor-section-height-default elementor-section-height-default\" data-id=\"5e96f69\" data-element_type=\"section\">\n\t\t\t\t\t\t<div class=\"elementor-container elementor-column-gap-default\">\n\t\t\t\t\t<div class=\"elementor-column elementor-col-50 elementor-top-column elementor-element elementor-element-882a8b3\" data-id=\"882a8b3\" data-element_type=\"column\">\n\t\t\t<div class=\"elementor-widget-wrap elementor-element-populated\">\n\t\t\t\t\t\t<div class=\"elementor-element elementor-element-acfa052 elementor-widget elementor-widget-image\" data-id=\"acfa052\" data-element_type=\"widget\" data-widget_type=\"image.default\">\n\t\t\t\t<div class=\"elementor-widget-container\">\n\t\t\t\t\t\t\t\t\t\t\t\t\t\t\t<img fetchpriority=\"high\" decoding=\"async\" width=\"640\" height=\"640\" src=\"https:\/\/nypeye.com\/wp-content\/uploads\/2024\/10\/2624161.webp\" class=\"attachment-large size-large wp-image-355\" alt=\"NY Partners Ophthalmology\" srcset=\"https:\/\/nypeye.com\/wp-content\/uploads\/2024\/10\/2624161.webp 640w, https:\/\/nypeye.com\/wp-content\/uploads\/2024\/10\/2624161-300x300.webp 300w, https:\/\/nypeye.com\/wp-content\/uploads\/2024\/10\/2624161-150x150.webp 150w\" sizes=\"(max-width: 640px) 100vw, 640px\" \/>\t\t\t\t\t\t\t\t\t\t\t\t\t\t\t<\/div>\n\t\t\t\t<\/div>\n\t\t\t\t\t<\/div>\n\t\t<\/div>\n\t\t\t\t<div class=\"elementor-column elementor-col-50 elementor-top-column elementor-element elementor-element-45c1730\" data-id=\"45c1730\" data-element_type=\"column\" data-settings=\"{&quot;background_background&quot;:&quot;classic&quot;}\">\n\t\t\t<div class=\"elementor-widget-wrap elementor-element-populated\">\n\t\t\t\t\t<div class=\"elementor-background-overlay\"><\/div>\n\t\t\t\t\t\t<div class=\"elementor-element elementor-element-c79d4f9 elementor-widget elementor-widget-text-editor\" data-id=\"c79d4f9\" data-element_type=\"widget\" data-widget_type=\"text-editor.default\">\n\t\t\t\t<div class=\"elementor-widget-container\">\n\t\t\t\t\t\t\t\t\t<p>Si su objetivo es ver con claridad sin lentes de contacto ni gafas, consulte con los expertos de NY Partners Ophthalmology en Flushing, Queens, y Sunset Park, Brooklyn, Nueva York. La Dra. Sophia Siu y su excelente equipo ofrecen tratamiento LASIK (queratomileusis l\u00e1ser in situ) para restaurar su visi\u00f3n sin procedimientos invasivos ni tiempo de recuperaci\u00f3n significativo. Llame a la oficina para programar una consulta o utilice la pesta\u00f1a de reservas en l\u00ednea hoy mismo.<\/p>\t\t\t\t\t\t\t\t<\/div>\n\t\t\t\t<\/div>\n\t\t\t\t\t<\/div>\n\t\t<\/div>\n\t\t\t\t\t<\/div>\n\t\t<\/section>\n\t\t\t\t<section class=\"elementor-section elementor-top-section elementor-element elementor-element-4eba061 elementor-section-boxed elementor-section-height-default elementor-section-height-default\" data-id=\"4eba061\" data-element_type=\"section\">\n\t\t\t\t\t\t<div class=\"elementor-container elementor-column-gap-default\">\n\t\t\t\t\t<div class=\"elementor-column elementor-col-100 elementor-top-column elementor-element elementor-element-2becc1c\" data-id=\"2becc1c\" data-element_type=\"column\">\n\t\t\t<div class=\"elementor-widget-wrap elementor-element-populated\">\n\t\t\t\t\t\t<div class=\"elementor-element elementor-element-91cdb9e elementor-widget elementor-widget-heading\" data-id=\"91cdb9e\" data-element_type=\"widget\" data-widget_type=\"heading.default\">\n\t\t\t\t<div class=\"elementor-widget-container\">\n\t\t\t\t\t<h2 class=\"elementor-heading-title elementor-size-default\">LASIK Q&amp;A<\/h2>\t\t\t\t<\/div>\n\t\t\t\t<\/div>\n\t\t\t\t<div class=\"elementor-element elementor-element-4100edf elementor-widget elementor-widget-elementskit-faq\" data-id=\"4100edf\" data-element_type=\"widget\" data-widget_type=\"elementskit-faq.default\">\n\t\t\t\t<div class=\"elementor-widget-container\">\n\t\t\t\t\t<div class=\"ekit-wid-con\" >\n                <div class=\"elementskit-single-faq elementor-repeater-item-0d1d539\">\n            <div class=\"elementskit-faq-header\">\n                <h2 class=\"elementskit-faq-title\">\u00bfQu\u00e9 es LASIK?<\/h2>\n            <\/div>\n            <div class=\"elementskit-faq-body\">\n                LASIK es un procedimiento de correcci\u00f3n de la visi\u00f3n con l\u00e1ser que se utiliza para tratar problemas comunes de la vista, como la hipermetrop\u00eda, la miop\u00eda o el astigmatismo. El tratamiento aplica energ\u00eda l\u00e1ser a la c\u00f3rnea, en la superficie del ojo. Puede reducir la curvatura de una c\u00f3rnea demasiado pronunciada, hacerla m\u00e1s pronunciada para mejorar el enfoque y la visi\u00f3n, o alisar la c\u00f3rnea.<br><br>\nNY Partners Ophthalmology tambi\u00e9n ofrece queratectom\u00eda fotorrefractiva (PRK) o ablaci\u00f3n de superficie, otro tipo de cirug\u00eda refractiva utilizada para alterar la forma de la c\u00f3rnea y perfeccionar su visi\u00f3n.            <\/div>\n        <\/div>\n                <div class=\"elementskit-single-faq elementor-repeater-item-8663419\">\n            <div class=\"elementskit-faq-header\">\n                <h2 class=\"elementskit-faq-title\">\u00bfQui\u00e9n se beneficia de los procedimientos LASIK?<\/h2>\n            <\/div>\n            <div class=\"elementskit-faq-body\">\n                Los candidatos para el tratamiento LASIK pueden incluir personas que:<br><br>\n\u25cf No puedo ver con claridad sin lentes de contacto o gafas.\n<br>\n\u25cf Quiere evitar lentes de contacto y gafas\n<br>\n\u25cf No tener enfermedades oculares\n<br>\n\u25cf Por lo dem\u00e1s, gozan de buena salud.\n<br>\n\u25cf Adoptar h\u00e1bitos de vida saludables\n<br>\n<br>Es importante comprender que incluso despu\u00e9s de someterse a procedimientos LASIK, es posible que a\u00fan tenga que usar lentes de contacto o anteojos durante ciertas actividades.  <br><br>\nSin embargo, los resultados del LASIK son altamente efectivos y duraderos, lo que lo convierte en una alternativa excepcional a muchos otros tratamientos de correcci\u00f3n de la visi\u00f3n.            <\/div>\n        <\/div>\n                <div class=\"elementskit-single-faq elementor-repeater-item-97e4d00\">\n            <div class=\"elementskit-faq-header\">\n                <h2 class=\"elementskit-faq-title\">\u00bfEs LASIK adecuado para m\u00ed?<\/h2>\n            <\/div>\n            <div class=\"elementskit-faq-body\">\n                El equipo de Oftalmolog\u00eda de NY Partners revisa su historial de salud ocular, historial m\u00e9dico, s\u00edntomas, estilo de vida y preferencias de tratamiento. Realizan pruebas de visi\u00f3n, un examen ocular y procedimientos de diagn\u00f3stico si es necesario antes de personalizar su plan de tratamiento para la correcci\u00f3n de la visi\u00f3n.             <\/div>\n        <\/div>\n                <div class=\"elementskit-single-faq elementor-repeater-item-6785092\">\n            <div class=\"elementskit-faq-header\">\n                <h2 class=\"elementskit-faq-title\">\u00bfQu\u00e9 sucede durante la cirug\u00eda LASIK?<\/h2>\n            <\/div>\n            <div class=\"elementskit-faq-body\">\n                Durante los procedimientos LASIK en NY Partners Ophthalmology, el especialista le adormece los ojos con gotas para evitar molestias. Tambi\u00e9n le administra un sedante para que se relaje. El cirujano ocular utiliza el l\u00e1ser para crear un peque\u00f1o colgajo, modificar la c\u00f3rnea y reemplazarlo. El tratamiento suele durar unos 30 minutos o menos.            <\/div>\n        <\/div>\n                <div class=\"elementskit-single-faq elementor-repeater-item-3117ffc\">\n            <div class=\"elementskit-faq-header\">\n                <h2 class=\"elementskit-faq-title\">\u00bfQu\u00e9 debo esperar despu\u00e9s del procedimiento?<\/h2>\n            <\/div>\n            <div class=\"elementskit-faq-body\">\n                Despu\u00e9s del tratamiento LASIK, es posible que su visi\u00f3n se vea borrosa temporalmente. Pida a un familiar o amigo que lo lleve a casa, tome los medicamentos o gotas para los ojos seg\u00fan las indicaciones y proteja sus ojos con gafas de sol o un protector ocular. La recuperaci\u00f3n completa puede tardar de dos a tres meses. <br><br>\nNo dude en llamar a la oficina de Oftalmolog\u00eda de NY Partners si tiene alguna pregunta. Asista a todas las visitas de seguimiento con el equipo.            <\/div>\n        <\/div>\n                \n    <\/div>\t\t\t\t<\/div>\n\t\t\t\t<\/div>\n\t\t\t\t\t<\/div>\n\t\t<\/div>\n\t\t\t\t\t<\/div>\n\t\t<\/section>\n\t\t\t\t<section class=\"elementor-section elementor-top-section elementor-element elementor-element-6709993 animated-slow elementor-section-full_width elementor-section-height-default elementor-section-height-default\" data-id=\"6709993\" data-element_type=\"section\" data-settings=\"{&quot;background_background&quot;:&quot;classic&quot;,&quot;animation&quot;:&quot;none&quot;,&quot;animation_mobile&quot;:&quot;none&quot;}\">\n\t\t\t\t\t\t\t<div class=\"elementor-background-overlay\"><\/div>\n\t\t\t\t\t\t\t<div class=\"elementor-container elementor-column-gap-default\">\n\t\t\t\t\t<div class=\"elementor-column elementor-col-100 elementor-top-column elementor-element elementor-element-6ad2613\" data-id=\"6ad2613\" data-element_type=\"column\">\n\t\t\t<div class=\"elementor-widget-wrap elementor-element-populated\">\n\t\t\t\t\t\t<div class=\"elementor-element elementor-element-510400b elementor-widget elementor-widget-text-editor\" data-id=\"510400b\" data-element_type=\"widget\" data-widget_type=\"text-editor.default\">\n\t\t\t\t<div class=\"elementor-widget-container\">\n\t\t\t\t\t\t\t\t\t<h3><span style=\"color: #ffffff;\">Llame a NY Partners Ophthalmology o utilice la pesta\u00f1a de reserva en l\u00ednea hoy mismo para obtener m\u00e1s informaci\u00f3n sobre LASIK y determinar si es adecuado para usted. <\/span><\/h3>\t\t\t\t\t\t\t\t<\/div>\n\t\t\t\t<\/div>\n\t\t\t\t<div class=\"elementor-element elementor-element-56560aa elementor-align-center elementor-mobile-align-center elementor-widget elementor-widget-button\" data-id=\"56560aa\" data-element_type=\"widget\" data-widget_type=\"button.default\">\n\t\t\t\t<div class=\"elementor-widget-container\">\n\t\t\t\t\t\t\t\t\t<div class=\"elementor-button-wrapper\">\n\t\t\t\t\t<a class=\"elementor-button elementor-button-link elementor-size-sm\" href=\"https:\/\/nypeye.com\/es\/contact\/\">\n\t\t\t\t\t\t<span class=\"elementor-button-content-wrapper\">\n\t\t\t\t\t\t\t\t\t<span class=\"elementor-button-text\">Contacto <\/span>\n\t\t\t\t\t<\/span>\n\t\t\t\t\t<\/a>\n\t\t\t\t<\/div>\n\t\t\t\t\t\t\t\t<\/div>\n\t\t\t\t<\/div>\n\t\t\t\t\t<\/div>\n\t\t<\/div>\n\t\t\t\t\t<\/div>\n\t\t<\/section>\n\t\t\t\t<\/div>\n\t\t\n    <div class=\"xs_social_share_widget xs_share_url after_content \t\tmain_content  wslu-style-1 wslu-share-box-shaped wslu-fill-colored wslu-none wslu-share-horizontal wslu-theme-font-no wslu-main_content\">\n\n\t\t\n        <ul>\n\t\t\t        <\/ul>\n    <\/div>","protected":false},"excerpt":{"rendered":"<p>LASIK LASIK services offered in Brooklyn and Flushing (Entrance on 37th Ave) , NY If your goal is to see clearly without contact lenses or eyeglasses, see the experts at NY Partners Ophthalmology in the Flushing neighborhood of Queens and Sunset Park neighborhood of Brooklyn, in New York City. Sophia Siu, MD, and the outstanding [&hellip;]<\/p>","protected":false},"author":1,"featured_media":0,"parent":0,"menu_order":0,"comment_status":"closed","ping_status":"closed","template":"elementor_header_footer","meta":{"om_disable_all_campaigns":false,"_monsterinsights_skip_tracking":false,"_monsterinsights_sitenote_active":false,"_monsterinsights_sitenote_note":"","_monsterinsights_sitenote_category":0,"postBodyCss":"","postBodyMargin":[],"postBodyPadding":[],"postBodyBackground":{"backgroundType":"classic","gradient":""},"footnotes":""},"class_list":["post-347","page","type-page","status-publish","hentry"],"aioseo_notices":[],"_links":{"self":[{"href":"https:\/\/nypeye.com\/es\/wp-json\/wp\/v2\/pages\/347","targetHints":{"allow":["GET"]}}],"collection":[{"href":"https:\/\/nypeye.com\/es\/wp-json\/wp\/v2\/pages"}],"about":[{"href":"https:\/\/nypeye.com\/es\/wp-json\/wp\/v2\/types\/page"}],"author":[{"embeddable":true,"href":"https:\/\/nypeye.com\/es\/wp-json\/wp\/v2\/users\/1"}],"replies":[{"embeddable":true,"href":"https:\/\/nypeye.com\/es\/wp-json\/wp\/v2\/comments?post=347"}],"version-history":[{"count":22,"href":"https:\/\/nypeye.com\/es\/wp-json\/wp\/v2\/pages\/347\/revisions"}],"predecessor-version":[{"id":1680,"href":"https:\/\/nypeye.com\/es\/wp-json\/wp\/v2\/pages\/347\/revisions\/1680"}],"wp:attachment":[{"href":"https:\/\/nypeye.com\/es\/wp-json\/wp\/v2\/media?parent=347"}],"curies":[{"name":"wp","href":"https:\/\/api.w.org\/{rel}","templated":true}]}}