{"id":335,"date":"2024-10-31T21:48:22","date_gmt":"2024-10-31T21:48:22","guid":{"rendered":"https:\/\/nypeye.com\/?page_id=335"},"modified":"2024-11-25T15:57:42","modified_gmt":"2024-11-25T15:57:42","slug":"laser-cataract-surgery","status":"publish","type":"page","link":"https:\/\/nypeye.com\/es\/laser-cataract-surgery\/","title":{"rendered":"Cirug\u00eda de cataratas con l\u00e1ser"},"content":{"rendered":"<style>.elementor-335 .elementor-element.elementor-element-1330c7f:not(.elementor-motion-effects-element-type-background), .elementor-335 .elementor-element.elementor-element-1330c7f > .elementor-motion-effects-container > .elementor-motion-effects-layer{background-image:url(\"https:\/\/nypeye.com\/wp-content\/uploads\/2024\/10\/oculist-examining-patient-vision-with-slit-lamp-in-clinic.jpg\");background-position:center center;background-repeat:no-repeat;background-size:cover;}.elementor-335 .elementor-element.elementor-element-1330c7f > .elementor-background-overlay{background-color:var( --e-global-color-primary );opacity:0.9;transition:background 0.3s, border-radius 0.3s, opacity 0.3s;}.elementor-335 .elementor-element.elementor-element-1330c7f > .elementor-container{max-width:1170px;}.elementor-335 .elementor-element.elementor-element-1330c7f{transition:background 0.3s, border 0.3s, border-radius 0.3s, box-shadow 0.3s;padding:100px 0px 100px 0px;z-index:0;}.elementor-335 .elementor-element.elementor-element-7e79167{text-align:center;}.elementor-335 .elementor-element.elementor-element-7e79167 .elementor-heading-title{font-family:var( --e-global-typography-secondary-font-family ), Sans-serif;font-size:var( --e-global-typography-secondary-font-size );font-weight:var( --e-global-typography-secondary-font-weight );line-height:var( --e-global-typography-secondary-line-height );color:#FFFFFF;}.elementor-335 .elementor-element.elementor-element-19c2606{text-align:center;}.elementor-335 .elementor-element.elementor-element-19c2606 .elementor-heading-title{font-size:18px;color:#FFFFFF;}.elementor-335 .elementor-element.elementor-element-6167745{margin-top:80px;margin-bottom:0px;}.elementor-bc-flex-widget .elementor-335 .elementor-element.elementor-element-7dcf5e8.elementor-column .elementor-widget-wrap{align-items:center;}.elementor-335 .elementor-element.elementor-element-7dcf5e8.elementor-column.elementor-element[data-element_type=\"column\"] > .elementor-widget-wrap.elementor-element-populated{align-content:center;align-items:center;}.elementor-335 .elementor-element.elementor-element-7dcf5e8 > .elementor-element-populated >  .elementor-background-overlay{opacity:0.1;}.elementor-335 .elementor-element.elementor-element-7dcf5e8 > .elementor-element-populated{transition:background 0.3s, border 0.3s, border-radius 0.3s, box-shadow 0.3s;margin:0px 0px 0px 10px;--e-column-margin-right:0px;--e-column-margin-left:10px;padding:0px 0px 0px 20px;}.elementor-335 .elementor-element.elementor-element-7dcf5e8 > .elementor-element-populated > .elementor-background-overlay{transition:background 0.3s, border-radius 0.3s, opacity 0.3s;}.elementor-335 .elementor-element.elementor-element-1446697{text-align:left;font-family:\"Heebo\", Sans-serif;font-size:20px;font-weight:400;line-height:1.5em;color:var( --e-global-color-secondary );}.elementor-335 .elementor-element.elementor-element-4559887{margin-top:100px;margin-bottom:50px;}.elementor-335 .elementor-element.elementor-element-e83aee9 > .elementor-widget-container{padding:0px 0px 0px 44px;}.elementor-335 .elementor-element.elementor-element-8290ab1 .elementskit-single-faq .elementskit-faq-title{color:#35439B;}.elementor-335 .elementor-element.elementor-element-8290ab1 .elementskit-single-faq .elementskit-faq-header{padding:21px 40px 21px 40px;}.elementor-335 .elementor-element.elementor-element-8290ab1 .elementskit-single-faq .elementskit-faq-body{color:#000000;font-weight:400;padding:30px 40px 30px 40px;}.elementor-335 .elementor-element.elementor-element-761a4c7:not(.elementor-motion-effects-element-type-background), .elementor-335 .elementor-element.elementor-element-761a4c7 > .elementor-motion-effects-container > .elementor-motion-effects-layer{background-image:url(\"https:\/\/nypeye.com\/wp-content\/uploads\/2024\/10\/handsome-doctor-showing-something-in-clipboard-to-smiling-patient-in-clinic.jpg\");background-position:0% 30%;background-repeat:no-repeat;background-size:cover;}.elementor-335 .elementor-element.elementor-element-761a4c7 > .elementor-background-overlay{background-color:#2A367A;opacity:0.75;transition:background 0.3s, border-radius 0.3s, opacity 0.3s;}.elementor-335 .elementor-element.elementor-element-761a4c7{transition:background 0.3s, border 0.3s, border-radius 0.3s, box-shadow 0.3s;margin-top:0px;margin-bottom:0px;padding:100px 0px 100px 0px;}.elementor-335 .elementor-element.elementor-element-f375bac.elementor-column > .elementor-widget-wrap{justify-content:center;}.elementor-335 .elementor-element.elementor-element-6716fdc > .elementor-widget-container{padding:0% 14% 0% 14%;}.elementor-335 .elementor-element.elementor-element-6716fdc{text-align:center;font-family:var( --e-global-typography-9ccb7f4-font-family ), Sans-serif;font-size:var( --e-global-typography-9ccb7f4-font-size );font-weight:var( --e-global-typography-9ccb7f4-font-weight );line-height:var( --e-global-typography-9ccb7f4-line-height );color:#E1E3EA;}.elementor-335 .elementor-element.elementor-element-42f4440 .elementor-button{background-color:#38B3E7;font-family:var( --e-global-typography-39ba9a8-font-family ), Sans-serif;font-size:var( --e-global-typography-39ba9a8-font-size );font-weight:var( --e-global-typography-39ba9a8-font-weight );line-height:var( --e-global-typography-39ba9a8-line-height );fill:#FFFFFF;color:#FFFFFF;border-radius:5px 5px 5px 5px;padding:18px 32px 18px 32px;}@media(max-width:1024px){.elementor-335 .elementor-element.elementor-element-1330c7f:not(.elementor-motion-effects-element-type-background), .elementor-335 .elementor-element.elementor-element-1330c7f > .elementor-motion-effects-container > .elementor-motion-effects-layer{background-position:center center;}.elementor-335 .elementor-element.elementor-element-1330c7f{margin-top:0px;margin-bottom:0px;padding:210px 10px 140px 10px;}.elementor-335 .elementor-element.elementor-element-7e79167 .elementor-heading-title{font-size:var( --e-global-typography-secondary-font-size );line-height:var( --e-global-typography-secondary-line-height );}.elementor-335 .elementor-element.elementor-element-761a4c7:not(.elementor-motion-effects-element-type-background), .elementor-335 .elementor-element.elementor-element-761a4c7 > .elementor-motion-effects-container > .elementor-motion-effects-layer{background-position:0px 0px;}.elementor-335 .elementor-element.elementor-element-761a4c7{padding:80px 0px 80px 0px;}.elementor-335 .elementor-element.elementor-element-f375bac > .elementor-element-populated{margin:0px 10px 0px 10px;--e-column-margin-right:10px;--e-column-margin-left:10px;}.elementor-335 .elementor-element.elementor-element-6716fdc > .elementor-widget-container{padding:0% 10% 0% 10%;}.elementor-335 .elementor-element.elementor-element-6716fdc{font-size:var( --e-global-typography-9ccb7f4-font-size );line-height:var( --e-global-typography-9ccb7f4-line-height );}.elementor-335 .elementor-element.elementor-element-42f4440 .elementor-button{font-size:var( --e-global-typography-39ba9a8-font-size );line-height:var( --e-global-typography-39ba9a8-line-height );}}@media(max-width:767px){.elementor-335 .elementor-element.elementor-element-1330c7f{margin-top:0px;margin-bottom:0px;padding:152px 10px 80px 10px;}.elementor-335 .elementor-element.elementor-element-7e79167 .elementor-heading-title{font-size:var( --e-global-typography-secondary-font-size );line-height:var( --e-global-typography-secondary-line-height );}.elementor-335 .elementor-element.elementor-element-19c2606 .elementor-heading-title{font-size:16px;}.elementor-335 .elementor-element.elementor-element-7dcf5e8 > .elementor-element-populated{margin:50px 0px 50px 0px;--e-column-margin-right:0px;--e-column-margin-left:0px;padding:0px 20px 0px 20px;}.elementor-335 .elementor-element.elementor-element-1446697{font-size:16px;}.elementor-335 .elementor-element.elementor-element-4559887{margin-top:0px;margin-bottom:0px;}.elementor-335 .elementor-element.elementor-element-e83aee9 > .elementor-widget-container{padding:0px 0px 0px 0px;}.elementor-335 .elementor-element.elementor-element-8290ab1 .elementskit-single-faq .elementskit-faq-title{font-size:18px;}.elementor-335 .elementor-element.elementor-element-8290ab1 .elementskit-single-faq .elementskit-faq-body{font-size:16px;}.elementor-335 .elementor-element.elementor-element-761a4c7:not(.elementor-motion-effects-element-type-background), .elementor-335 .elementor-element.elementor-element-761a4c7 > .elementor-motion-effects-container > .elementor-motion-effects-layer{background-position:0px 0px;}.elementor-335 .elementor-element.elementor-element-761a4c7{margin-top:0px;margin-bottom:0px;padding:40px 0px 40px 0px;}.elementor-335 .elementor-element.elementor-element-f375bac > .elementor-element-populated{margin:0px 5px 0px 5px;--e-column-margin-right:5px;--e-column-margin-left:5px;}.elementor-335 .elementor-element.elementor-element-6716fdc > .elementor-widget-container{padding:0px 0px 0px 0px;}.elementor-335 .elementor-element.elementor-element-6716fdc{font-size:var( --e-global-typography-9ccb7f4-font-size );line-height:var( --e-global-typography-9ccb7f4-line-height );}.elementor-335 .elementor-element.elementor-element-42f4440 > .elementor-widget-container{margin:0px 0px 0px 0px;}.elementor-335 .elementor-element.elementor-element-42f4440 .elementor-button{font-size:var( --e-global-typography-39ba9a8-font-size );line-height:var( --e-global-typography-39ba9a8-line-height );padding:15px 30px 15px 30px;}}@media(min-width:1025px){.elementor-335 .elementor-element.elementor-element-1330c7f:not(.elementor-motion-effects-element-type-background), .elementor-335 .elementor-element.elementor-element-1330c7f > .elementor-motion-effects-container > .elementor-motion-effects-layer{background-attachment:fixed;}}<\/style>\t\t<div data-elementor-type=\"wp-page\" data-elementor-id=\"335\" class=\"elementor elementor-335\" data-elementor-post-type=\"page\">\n\t\t\t\t\t\t<section class=\"elementor-section elementor-top-section elementor-element elementor-element-1330c7f elementor-section-boxed elementor-section-height-default elementor-section-height-default\" data-id=\"1330c7f\" data-element_type=\"section\" data-settings=\"{&quot;background_background&quot;:&quot;classic&quot;}\">\n\t\t\t\t\t\t\t<div class=\"elementor-background-overlay\"><\/div>\n\t\t\t\t\t\t\t<div class=\"elementor-container elementor-column-gap-default\">\n\t\t\t\t\t<div class=\"elementor-column elementor-col-100 elementor-top-column elementor-element elementor-element-565d466\" data-id=\"565d466\" data-element_type=\"column\">\n\t\t\t<div class=\"elementor-widget-wrap elementor-element-populated\">\n\t\t\t\t\t\t<div class=\"elementor-element elementor-element-7e79167 elementor-widget elementor-widget-heading\" data-id=\"7e79167\" data-element_type=\"widget\" data-widget_type=\"heading.default\">\n\t\t\t\t<div class=\"elementor-widget-container\">\n\t\t\t\t\t<h2 class=\"elementor-heading-title elementor-size-default\">Cirug\u00eda de cataratas con l\u00e1ser<\/h2>\t\t\t\t<\/div>\n\t\t\t\t<\/div>\n\t\t\t\t<div class=\"elementor-element elementor-element-19c2606 elementor-widget elementor-widget-heading\" data-id=\"19c2606\" data-element_type=\"widget\" data-widget_type=\"heading.default\">\n\t\t\t\t<div class=\"elementor-widget-container\">\n\t\t\t\t\t<h2 class=\"elementor-heading-title elementor-size-default\">Servicios de cirug\u00eda de cataratas con l\u00e1ser en Brooklyn y Flushing (entrada por la avenida 37), Nueva York.<\/h2>\t\t\t\t<\/div>\n\t\t\t\t<\/div>\n\t\t\t\t\t<\/div>\n\t\t<\/div>\n\t\t\t\t\t<\/div>\n\t\t<\/section>\n\t\t\t\t<section class=\"elementor-section elementor-top-section elementor-element elementor-element-6167745 elementor-section-boxed elementor-section-height-default elementor-section-height-default\" data-id=\"6167745\" data-element_type=\"section\">\n\t\t\t\t\t\t<div class=\"elementor-container elementor-column-gap-default\">\n\t\t\t\t\t<div class=\"elementor-column elementor-col-50 elementor-top-column elementor-element elementor-element-e82c75e\" data-id=\"e82c75e\" data-element_type=\"column\">\n\t\t\t<div class=\"elementor-widget-wrap elementor-element-populated\">\n\t\t\t\t\t\t<div class=\"elementor-element elementor-element-c0824b0 elementor-widget elementor-widget-image\" data-id=\"c0824b0\" data-element_type=\"widget\" data-widget_type=\"image.default\">\n\t\t\t\t<div class=\"elementor-widget-container\">\n\t\t\t\t\t\t\t\t\t\t\t\t\t\t\t<img fetchpriority=\"high\" decoding=\"async\" width=\"640\" height=\"640\" src=\"https:\/\/nypeye.com\/wp-content\/uploads\/2024\/10\/2624149.webp\" class=\"attachment-large size-large wp-image-340\" alt=\"NY Partners Ophthalmology\" srcset=\"https:\/\/nypeye.com\/wp-content\/uploads\/2024\/10\/2624149.webp 640w, https:\/\/nypeye.com\/wp-content\/uploads\/2024\/10\/2624149-300x300.webp 300w, https:\/\/nypeye.com\/wp-content\/uploads\/2024\/10\/2624149-150x150.webp 150w\" sizes=\"(max-width: 640px) 100vw, 640px\" \/>\t\t\t\t\t\t\t\t\t\t\t\t\t\t\t<\/div>\n\t\t\t\t<\/div>\n\t\t\t\t\t<\/div>\n\t\t<\/div>\n\t\t\t\t<div class=\"elementor-column elementor-col-50 elementor-top-column elementor-element elementor-element-7dcf5e8\" data-id=\"7dcf5e8\" data-element_type=\"column\" data-settings=\"{&quot;background_background&quot;:&quot;classic&quot;}\">\n\t\t\t<div class=\"elementor-widget-wrap elementor-element-populated\">\n\t\t\t\t\t<div class=\"elementor-background-overlay\"><\/div>\n\t\t\t\t\t\t<div class=\"elementor-element elementor-element-1446697 elementor-widget elementor-widget-text-editor\" data-id=\"1446697\" data-element_type=\"widget\" data-widget_type=\"text-editor.default\">\n\t\t\t\t<div class=\"elementor-widget-container\">\n\t\t\t\t\t\t\t\t\t<p>Si tiene visi\u00f3n borrosa debido a cataratas, consulte con los profesionales de NY Partners Ophthalmology en Flushing, Queens, y Sunset Park, Brooklyn, Nueva York. La Dra. Sophia Siu y su equipo altamente capacitado ofrecen una soluci\u00f3n m\u00ednimamente invasiva. Ofrecen cirug\u00eda de cataratas con l\u00e1ser de femtosegundo para restaurar su visi\u00f3n, reducir el astigmatismo y minimizar el riesgo de complicaciones. Llame a la oficina para programar una cita o utilice la funci\u00f3n de reserva en l\u00ednea hoy mismo.<\/p>\t\t\t\t\t\t\t\t<\/div>\n\t\t\t\t<\/div>\n\t\t\t\t\t<\/div>\n\t\t<\/div>\n\t\t\t\t\t<\/div>\n\t\t<\/section>\n\t\t\t\t<section class=\"elementor-section elementor-top-section elementor-element elementor-element-4559887 elementor-section-boxed elementor-section-height-default elementor-section-height-default\" data-id=\"4559887\" data-element_type=\"section\">\n\t\t\t\t\t\t<div class=\"elementor-container elementor-column-gap-default\">\n\t\t\t\t\t<div class=\"elementor-column elementor-col-100 elementor-top-column elementor-element elementor-element-e3c4919\" data-id=\"e3c4919\" data-element_type=\"column\">\n\t\t\t<div class=\"elementor-widget-wrap elementor-element-populated\">\n\t\t\t\t\t\t<div class=\"elementor-element elementor-element-e83aee9 elementor-widget elementor-widget-heading\" data-id=\"e83aee9\" data-element_type=\"widget\" data-widget_type=\"heading.default\">\n\t\t\t\t<div class=\"elementor-widget-container\">\n\t\t\t\t\t<h2 class=\"elementor-heading-title elementor-size-default\">Laser Cataract Surgery Q&amp;A<\/h2>\t\t\t\t<\/div>\n\t\t\t\t<\/div>\n\t\t\t\t<div class=\"elementor-element elementor-element-8290ab1 elementor-widget elementor-widget-elementskit-faq\" data-id=\"8290ab1\" data-element_type=\"widget\" data-widget_type=\"elementskit-faq.default\">\n\t\t\t\t<div class=\"elementor-widget-container\">\n\t\t\t\t\t<div class=\"ekit-wid-con\" >\n                <div class=\"elementskit-single-faq elementor-repeater-item-0d1d539\">\n            <div class=\"elementskit-faq-header\">\n                <h2 class=\"elementskit-faq-title\">\u00bfQu\u00e9 es la cirug\u00eda de cataratas con l\u00e1ser?<\/h2>\n            <\/div>\n            <div class=\"elementskit-faq-body\">\n                Las cataratas son cristales opacos en el ojo que dificultan la visi\u00f3n clara. Suelen aparecer debido al envejecimiento y es posible que no note sus efectos inmediatamente. Sin embargo, con el tiempo, la visi\u00f3n nublada puede empeorar y afectar su calidad de vida. Consulte al equipo de Oftalmolog\u00eda de NY Partners ante la primera se\u00f1al de un problema.<br><br>\nLa cirug\u00eda de cataratas con l\u00e1ser es un procedimiento que utiliza energ\u00eda luminosa para tratar las cataratas, eliminando el cristalino nublado del ojo y reemplaz\u00e1ndolo por un lente artificial transparente con precisi\u00f3n y exactitud superiores.            <\/div>\n        <\/div>\n                <div class=\"elementskit-single-faq elementor-repeater-item-8663419\">\n            <div class=\"elementskit-faq-header\">\n                <h2 class=\"elementskit-faq-title\">\u00bfQui\u00e9n se beneficia de la cirug\u00eda de cataratas con l\u00e1ser?<\/h2>\n            <\/div>\n            <div class=\"elementskit-faq-body\">\n                La cirug\u00eda de cataratas beneficia a los pacientes que sufren s\u00edntomas a menudo debilitantes de cataratas, entre ellos:<br><br>\n\u25cf Visi\u00f3n borrosa de cerca o de lejos\n<br>\n\u25cf Halos alrededor de las luces\n<br>\n\u25cf Problemas para ver con luz brillante\n<br>\n\u25cf Problemas de deslumbramiento\n<br>\n\u25cf Visi\u00f3n de contraste reducida\n<br>\n\u25cf Problemas para ver con gafas\n<br>\n\u25cf Cambios en la visi\u00f3n del color<br>\n<br>Los factores de riesgo para desarrollar cataratas incluyen el envejecimiento y los antecedentes familiares de cataratas. Algunas cataratas se desarrollan al nacer o debido a una lesi\u00f3n, medicamentos o afecciones m\u00e9dicas como la diabetes. <br><br>\nLos factores de riesgo adicionales incluyen fumar, exposici\u00f3n a la luz ultravioleta (UV), inflamaci\u00f3n ocular y cirug\u00eda ocular previa.             <\/div>\n        <\/div>\n                <div class=\"elementskit-single-faq elementor-repeater-item-97e4d00\">\n            <div class=\"elementskit-faq-header\">\n                <h2 class=\"elementskit-faq-title\">\u00bfEs la cirug\u00eda de cataratas con l\u00e1ser adecuada para m\u00ed?<\/h2>\n            <\/div>\n            <div class=\"elementskit-faq-body\">\n                El equipo de Oftalmolog\u00eda de NY Partners determina si usted es candidato para la cirug\u00eda de cataratas con l\u00e1ser despu\u00e9s de revisar su historial m\u00e9dico, historial de salud ocular, s\u00edntomas, estilo de vida y preferencias de tratamiento. <br><br>\nEval\u00faan su visi\u00f3n, realizan un examen ocular completo y utilizan pruebas de diagn\u00f3stico para hacer un diagn\u00f3stico final y desarrollar un tratamiento efectivo. <br><br>\n\nAdem\u00e1s de la cirug\u00eda l\u00e1ser de cataratas, otras opciones de tratamiento incluyen cambios en el estilo de vida, observaci\u00f3n vigilante y correcci\u00f3n de la visi\u00f3n con prescripci\u00f3n m\u00e9dica. Sin embargo, muchas personas con cataratas eventualmente necesitan cirug\u00eda.            <\/div>\n        <\/div>\n                <div class=\"elementskit-single-faq elementor-repeater-item-6785092\">\n            <div class=\"elementskit-faq-header\">\n                <h2 class=\"elementskit-faq-title\">\u00bfQu\u00e9 sucede durante la cirug\u00eda de cataratas con l\u00e1ser?<\/h2>\n            <\/div>\n            <div class=\"elementskit-faq-body\">\n                Durante el procedimiento, el cirujano adormece la zona a tratar y un anestesi\u00f3logo le administra un sedante para relajarlo. El cirujano utiliza el l\u00e1ser para realizar incisiones precisas, ablandar y descomponer una catarata antigua y reemplazarla con un cristalino transparente.<br><br>\nDespu\u00e9s, p\u00eddale a un familiar o amigo que lo lleve a casa. Descanse bien y proteja sus ojos de la luz ultravioleta. Podr\u00eda sentir una leve molestia durante unos d\u00edas y la recuperaci\u00f3n se completar\u00e1 despu\u00e9s de varias semanas. Su m\u00e9dico reemplaza un cristalino opaco a la vez, por lo que podr\u00eda necesitar cirug\u00eda en el otro ojo m\u00e1s adelante.            <\/div>\n        <\/div>\n                \n    <\/div>\t\t\t\t<\/div>\n\t\t\t\t<\/div>\n\t\t\t\t\t<\/div>\n\t\t<\/div>\n\t\t\t\t\t<\/div>\n\t\t<\/section>\n\t\t\t\t<section class=\"elementor-section elementor-top-section elementor-element elementor-element-761a4c7 animated-slow elementor-section-full_width elementor-section-height-default elementor-section-height-default elementor-invisible\" data-id=\"761a4c7\" data-element_type=\"section\" data-settings=\"{&quot;background_background&quot;:&quot;classic&quot;,&quot;animation&quot;:&quot;fadeInUp&quot;}\">\n\t\t\t\t\t\t\t<div class=\"elementor-background-overlay\"><\/div>\n\t\t\t\t\t\t\t<div class=\"elementor-container elementor-column-gap-default\">\n\t\t\t\t\t<div class=\"elementor-column elementor-col-100 elementor-top-column elementor-element elementor-element-f375bac\" data-id=\"f375bac\" data-element_type=\"column\">\n\t\t\t<div class=\"elementor-widget-wrap elementor-element-populated\">\n\t\t\t\t\t\t<div class=\"elementor-element elementor-element-6716fdc elementor-widget elementor-widget-text-editor\" data-id=\"6716fdc\" data-element_type=\"widget\" data-widget_type=\"text-editor.default\">\n\t\t\t\t<div class=\"elementor-widget-container\">\n\t\t\t\t\t\t\t\t\t<h3><span style=\"color: #ffffff;\">Llame a la oficina de Oftalmolog\u00eda de NY Partners para obtener m\u00e1s informaci\u00f3n sobre la cirug\u00eda de cataratas con l\u00e1ser o programe una cita en l\u00ednea hoy mismo.<\/span><\/h3>\t\t\t\t\t\t\t\t<\/div>\n\t\t\t\t<\/div>\n\t\t\t\t<div class=\"elementor-element elementor-element-42f4440 elementor-align-center elementor-mobile-align-center elementor-widget elementor-widget-button\" data-id=\"42f4440\" data-element_type=\"widget\" data-widget_type=\"button.default\">\n\t\t\t\t<div class=\"elementor-widget-container\">\n\t\t\t\t\t\t\t\t\t<div class=\"elementor-button-wrapper\">\n\t\t\t\t\t<a class=\"elementor-button elementor-button-link elementor-size-sm\" href=\"https:\/\/nypeye.com\/es\/contact\/\">\n\t\t\t\t\t\t<span class=\"elementor-button-content-wrapper\">\n\t\t\t\t\t\t\t\t\t<span class=\"elementor-button-text\">Contacto <\/span>\n\t\t\t\t\t<\/span>\n\t\t\t\t\t<\/a>\n\t\t\t\t<\/div>\n\t\t\t\t\t\t\t\t<\/div>\n\t\t\t\t<\/div>\n\t\t\t\t\t<\/div>\n\t\t<\/div>\n\t\t\t\t\t<\/div>\n\t\t<\/section>\n\t\t\t\t<\/div>\n\t\t\n    <div class=\"xs_social_share_widget xs_share_url after_content \t\tmain_content  wslu-style-1 wslu-share-box-shaped wslu-fill-colored wslu-none wslu-share-horizontal wslu-theme-font-no wslu-main_content\">\n\n\t\t\n        <ul>\n\t\t\t        <\/ul>\n    <\/div>","protected":false},"excerpt":{"rendered":"<p>Laser Cataract Surgery Laser Cataract Surgery services offered in Brooklyn and Flushing (Entrance on 37th Ave) , NY If you have cloudy vision due to cataracts, see the professionals at NY Partners Ophthalmology in the the Flushing neighborhood of Queens and Sunset Park neighborhood of Brooklyn, in New York City. Sophia Siu, MD, and the [&hellip;]<\/p>","protected":false},"author":1,"featured_media":0,"parent":0,"menu_order":0,"comment_status":"closed","ping_status":"closed","template":"elementor_header_footer","meta":{"om_disable_all_campaigns":false,"_monsterinsights_skip_tracking":false,"_monsterinsights_sitenote_active":false,"_monsterinsights_sitenote_note":"","_monsterinsights_sitenote_category":0,"postBodyCss":"","postBodyMargin":[],"postBodyPadding":[],"postBodyBackground":{"backgroundType":"classic","gradient":""},"footnotes":""},"class_list":["post-335","page","type-page","status-publish","hentry"],"aioseo_notices":[],"_links":{"self":[{"href":"https:\/\/nypeye.com\/es\/wp-json\/wp\/v2\/pages\/335","targetHints":{"allow":["GET"]}}],"collection":[{"href":"https:\/\/nypeye.com\/es\/wp-json\/wp\/v2\/pages"}],"about":[{"href":"https:\/\/nypeye.com\/es\/wp-json\/wp\/v2\/types\/page"}],"author":[{"embeddable":true,"href":"https:\/\/nypeye.com\/es\/wp-json\/wp\/v2\/users\/1"}],"replies":[{"embeddable":true,"href":"https:\/\/nypeye.com\/es\/wp-json\/wp\/v2\/comments?post=335"}],"version-history":[{"count":22,"href":"https:\/\/nypeye.com\/es\/wp-json\/wp\/v2\/pages\/335\/revisions"}],"predecessor-version":[{"id":1677,"href":"https:\/\/nypeye.com\/es\/wp-json\/wp\/v2\/pages\/335\/revisions\/1677"}],"wp:attachment":[{"href":"https:\/\/nypeye.com\/es\/wp-json\/wp\/v2\/media?parent=335"}],"curies":[{"name":"wp","href":"https:\/\/api.w.org\/{rel}","templated":true}]}}