{"id":314,"date":"2024-10-31T21:09:42","date_gmt":"2024-10-31T21:09:42","guid":{"rendered":"https:\/\/nypeye.com\/?page_id=314"},"modified":"2024-11-25T15:55:24","modified_gmt":"2024-11-25T15:55:24","slug":"glaucoma","status":"publish","type":"page","link":"https:\/\/nypeye.com\/es\/glaucoma\/","title":{"rendered":"Glaucoma"},"content":{"rendered":"<style>.elementor-314 .elementor-element.elementor-element-df491a0:not(.elementor-motion-effects-element-type-background), .elementor-314 .elementor-element.elementor-element-df491a0 > .elementor-motion-effects-container > .elementor-motion-effects-layer{background-image:url(\"https:\/\/nypeye.com\/wp-content\/uploads\/2024\/10\/oculist-examining-patient-vision-with-slit-lamp-in-clinic.jpg\");background-position:center center;background-repeat:no-repeat;background-size:cover;}.elementor-314 .elementor-element.elementor-element-df491a0 > .elementor-background-overlay{background-color:var( --e-global-color-primary );opacity:0.9;transition:background 0.3s, border-radius 0.3s, opacity 0.3s;}.elementor-314 .elementor-element.elementor-element-df491a0 > .elementor-container{max-width:1170px;}.elementor-314 .elementor-element.elementor-element-df491a0{transition:background 0.3s, border 0.3s, border-radius 0.3s, box-shadow 0.3s;padding:100px 0px 100px 0px;z-index:0;}.elementor-314 .elementor-element.elementor-element-8e7dd87{text-align:center;}.elementor-314 .elementor-element.elementor-element-8e7dd87 .elementor-heading-title{font-family:var( --e-global-typography-secondary-font-family ), Sans-serif;font-size:var( --e-global-typography-secondary-font-size );font-weight:var( --e-global-typography-secondary-font-weight );line-height:var( --e-global-typography-secondary-line-height );color:#FFFFFF;}.elementor-314 .elementor-element.elementor-element-56966b6{text-align:center;}.elementor-314 .elementor-element.elementor-element-56966b6 .elementor-heading-title{font-size:18px;color:#FFFFFF;}.elementor-314 .elementor-element.elementor-element-47d94e5{margin-top:80px;margin-bottom:0px;}.elementor-bc-flex-widget .elementor-314 .elementor-element.elementor-element-0ffea4c.elementor-column .elementor-widget-wrap{align-items:center;}.elementor-314 .elementor-element.elementor-element-0ffea4c.elementor-column.elementor-element[data-element_type=\"column\"] > .elementor-widget-wrap.elementor-element-populated{align-content:center;align-items:center;}.elementor-314 .elementor-element.elementor-element-0ffea4c > .elementor-element-populated >  .elementor-background-overlay{opacity:0.1;}.elementor-314 .elementor-element.elementor-element-0ffea4c > .elementor-element-populated{transition:background 0.3s, border 0.3s, border-radius 0.3s, box-shadow 0.3s;margin:0px 0px 0px 10px;--e-column-margin-right:0px;--e-column-margin-left:10px;padding:0px 0px 0px 20px;}.elementor-314 .elementor-element.elementor-element-0ffea4c > .elementor-element-populated > .elementor-background-overlay{transition:background 0.3s, border-radius 0.3s, opacity 0.3s;}.elementor-314 .elementor-element.elementor-element-7043be9{text-align:left;font-family:\"Heebo\", Sans-serif;font-size:20px;font-weight:400;line-height:1.5em;color:var( --e-global-color-secondary );}.elementor-314 .elementor-element.elementor-element-0ae2407{margin-top:100px;margin-bottom:50px;}.elementor-314 .elementor-element.elementor-element-da7b59e > .elementor-widget-container{padding:0px 0px 0px 44px;}.elementor-314 .elementor-element.elementor-element-a1eb6ab .elementskit-single-faq .elementskit-faq-title{color:#35439B;}.elementor-314 .elementor-element.elementor-element-a1eb6ab .elementskit-single-faq .elementskit-faq-header{padding:21px 40px 21px 40px;}.elementor-314 .elementor-element.elementor-element-a1eb6ab .elementskit-single-faq .elementskit-faq-body{color:#000000;font-weight:400;padding:30px 40px 30px 40px;}.elementor-314 .elementor-element.elementor-element-928a053:not(.elementor-motion-effects-element-type-background), .elementor-314 .elementor-element.elementor-element-928a053 > .elementor-motion-effects-container > .elementor-motion-effects-layer{background-image:url(\"https:\/\/nypeye.com\/wp-content\/uploads\/2024\/10\/handsome-doctor-showing-something-in-clipboard-to-smiling-patient-in-clinic.jpg\");background-position:0% 30%;background-repeat:no-repeat;background-size:cover;}.elementor-314 .elementor-element.elementor-element-928a053 > .elementor-background-overlay{background-color:#2A367A;opacity:0.75;transition:background 0.3s, border-radius 0.3s, opacity 0.3s;}.elementor-314 .elementor-element.elementor-element-928a053{transition:background 0.3s, border 0.3s, border-radius 0.3s, box-shadow 0.3s;margin-top:0px;margin-bottom:0px;padding:100px 0px 100px 0px;}.elementor-314 .elementor-element.elementor-element-a37fb64.elementor-column > .elementor-widget-wrap{justify-content:center;}.elementor-314 .elementor-element.elementor-element-0181526 > .elementor-widget-container{padding:0% 14% 0% 14%;}.elementor-314 .elementor-element.elementor-element-0181526{text-align:center;font-family:var( --e-global-typography-9ccb7f4-font-family ), Sans-serif;font-size:var( --e-global-typography-9ccb7f4-font-size );font-weight:var( --e-global-typography-9ccb7f4-font-weight );line-height:var( --e-global-typography-9ccb7f4-line-height );color:#E1E3EA;}.elementor-314 .elementor-element.elementor-element-bceaf9b .elementor-button{background-color:#38B3E7;font-family:var( --e-global-typography-39ba9a8-font-family ), Sans-serif;font-size:var( --e-global-typography-39ba9a8-font-size );font-weight:var( --e-global-typography-39ba9a8-font-weight );line-height:var( --e-global-typography-39ba9a8-line-height );fill:#FFFFFF;color:#FFFFFF;border-radius:5px 5px 5px 5px;padding:18px 32px 18px 32px;}@media(max-width:1024px){.elementor-314 .elementor-element.elementor-element-df491a0:not(.elementor-motion-effects-element-type-background), .elementor-314 .elementor-element.elementor-element-df491a0 > .elementor-motion-effects-container > .elementor-motion-effects-layer{background-position:center center;}.elementor-314 .elementor-element.elementor-element-df491a0{margin-top:0px;margin-bottom:0px;padding:210px 10px 140px 10px;}.elementor-314 .elementor-element.elementor-element-8e7dd87 .elementor-heading-title{font-size:var( --e-global-typography-secondary-font-size );line-height:var( --e-global-typography-secondary-line-height );}.elementor-314 .elementor-element.elementor-element-928a053:not(.elementor-motion-effects-element-type-background), .elementor-314 .elementor-element.elementor-element-928a053 > .elementor-motion-effects-container > .elementor-motion-effects-layer{background-position:0px 0px;}.elementor-314 .elementor-element.elementor-element-928a053{padding:80px 0px 80px 0px;}.elementor-314 .elementor-element.elementor-element-a37fb64 > .elementor-element-populated{margin:0px 10px 0px 10px;--e-column-margin-right:10px;--e-column-margin-left:10px;}.elementor-314 .elementor-element.elementor-element-0181526 > .elementor-widget-container{padding:0% 10% 0% 10%;}.elementor-314 .elementor-element.elementor-element-0181526{font-size:var( --e-global-typography-9ccb7f4-font-size );line-height:var( --e-global-typography-9ccb7f4-line-height );}.elementor-314 .elementor-element.elementor-element-bceaf9b .elementor-button{font-size:var( --e-global-typography-39ba9a8-font-size );line-height:var( --e-global-typography-39ba9a8-line-height );}}@media(max-width:767px){.elementor-314 .elementor-element.elementor-element-df491a0{margin-top:0px;margin-bottom:0px;padding:152px 10px 80px 10px;}.elementor-314 .elementor-element.elementor-element-8e7dd87 .elementor-heading-title{font-size:var( --e-global-typography-secondary-font-size );line-height:var( --e-global-typography-secondary-line-height );}.elementor-314 .elementor-element.elementor-element-56966b6 .elementor-heading-title{font-size:16px;}.elementor-314 .elementor-element.elementor-element-0ffea4c > .elementor-element-populated{margin:50px 0px 50px 0px;--e-column-margin-right:0px;--e-column-margin-left:0px;padding:0px 20px 0px 20px;}.elementor-314 .elementor-element.elementor-element-7043be9{font-size:16px;}.elementor-314 .elementor-element.elementor-element-0ae2407{margin-top:0px;margin-bottom:0px;}.elementor-314 .elementor-element.elementor-element-da7b59e > .elementor-widget-container{padding:0px 0px 0px 0px;}.elementor-314 .elementor-element.elementor-element-a1eb6ab .elementskit-single-faq .elementskit-faq-title{font-size:18px;}.elementor-314 .elementor-element.elementor-element-a1eb6ab .elementskit-single-faq .elementskit-faq-body{font-size:16px;}.elementor-314 .elementor-element.elementor-element-928a053:not(.elementor-motion-effects-element-type-background), .elementor-314 .elementor-element.elementor-element-928a053 > .elementor-motion-effects-container > .elementor-motion-effects-layer{background-position:0px 0px;}.elementor-314 .elementor-element.elementor-element-928a053{margin-top:0px;margin-bottom:0px;padding:40px 0px 40px 0px;}.elementor-314 .elementor-element.elementor-element-a37fb64 > .elementor-element-populated{margin:0px 5px 0px 5px;--e-column-margin-right:5px;--e-column-margin-left:5px;}.elementor-314 .elementor-element.elementor-element-0181526 > .elementor-widget-container{padding:0px 0px 0px 0px;}.elementor-314 .elementor-element.elementor-element-0181526{font-size:var( --e-global-typography-9ccb7f4-font-size );line-height:var( --e-global-typography-9ccb7f4-line-height );}.elementor-314 .elementor-element.elementor-element-bceaf9b > .elementor-widget-container{margin:0px 0px 0px 0px;}.elementor-314 .elementor-element.elementor-element-bceaf9b .elementor-button{font-size:var( --e-global-typography-39ba9a8-font-size );line-height:var( --e-global-typography-39ba9a8-line-height );padding:15px 30px 15px 30px;}}@media(min-width:1025px){.elementor-314 .elementor-element.elementor-element-df491a0:not(.elementor-motion-effects-element-type-background), .elementor-314 .elementor-element.elementor-element-df491a0 > .elementor-motion-effects-container > .elementor-motion-effects-layer{background-attachment:fixed;}}<\/style>\t\t<div data-elementor-type=\"wp-page\" data-elementor-id=\"314\" class=\"elementor elementor-314\" data-elementor-post-type=\"page\">\n\t\t\t\t\t\t<section class=\"elementor-section elementor-top-section elementor-element elementor-element-df491a0 elementor-section-boxed elementor-section-height-default elementor-section-height-default\" data-id=\"df491a0\" data-element_type=\"section\" data-settings=\"{&quot;background_background&quot;:&quot;classic&quot;}\">\n\t\t\t\t\t\t\t<div class=\"elementor-background-overlay\"><\/div>\n\t\t\t\t\t\t\t<div class=\"elementor-container elementor-column-gap-default\">\n\t\t\t\t\t<div class=\"elementor-column elementor-col-100 elementor-top-column elementor-element elementor-element-6cabeec\" data-id=\"6cabeec\" data-element_type=\"column\">\n\t\t\t<div class=\"elementor-widget-wrap elementor-element-populated\">\n\t\t\t\t\t\t<div class=\"elementor-element elementor-element-8e7dd87 elementor-widget elementor-widget-heading\" data-id=\"8e7dd87\" data-element_type=\"widget\" data-widget_type=\"heading.default\">\n\t\t\t\t<div class=\"elementor-widget-container\">\n\t\t\t\t\t<h2 class=\"elementor-heading-title elementor-size-default\">Glaucoma<\/h2>\t\t\t\t<\/div>\n\t\t\t\t<\/div>\n\t\t\t\t<div class=\"elementor-element elementor-element-56966b6 elementor-widget elementor-widget-heading\" data-id=\"56966b6\" data-element_type=\"widget\" data-widget_type=\"heading.default\">\n\t\t\t\t<div class=\"elementor-widget-container\">\n\t\t\t\t\t<h2 class=\"elementor-heading-title elementor-size-default\">Servicios de glaucoma disponibles en Brooklyn y Flushing (entrada por la avenida 37), Nueva York.<\/h2>\t\t\t\t<\/div>\n\t\t\t\t<\/div>\n\t\t\t\t\t<\/div>\n\t\t<\/div>\n\t\t\t\t\t<\/div>\n\t\t<\/section>\n\t\t\t\t<section class=\"elementor-section elementor-top-section elementor-element elementor-element-47d94e5 elementor-section-boxed elementor-section-height-default elementor-section-height-default\" data-id=\"47d94e5\" data-element_type=\"section\">\n\t\t\t\t\t\t<div class=\"elementor-container elementor-column-gap-default\">\n\t\t\t\t\t<div class=\"elementor-column elementor-col-50 elementor-top-column elementor-element elementor-element-5c0f71d\" data-id=\"5c0f71d\" data-element_type=\"column\">\n\t\t\t<div class=\"elementor-widget-wrap elementor-element-populated\">\n\t\t\t\t\t\t<div class=\"elementor-element elementor-element-1a100f3 elementor-widget elementor-widget-image\" data-id=\"1a100f3\" data-element_type=\"widget\" data-widget_type=\"image.default\">\n\t\t\t\t<div class=\"elementor-widget-container\">\n\t\t\t\t\t\t\t\t\t\t\t\t\t\t\t<img fetchpriority=\"high\" decoding=\"async\" width=\"640\" height=\"640\" src=\"https:\/\/nypeye.com\/wp-content\/uploads\/2024\/10\/2624157.webp\" class=\"attachment-large size-large wp-image-319\" alt=\"NY Partners Ophthalmology\" srcset=\"https:\/\/nypeye.com\/wp-content\/uploads\/2024\/10\/2624157.webp 640w, https:\/\/nypeye.com\/wp-content\/uploads\/2024\/10\/2624157-300x300.webp 300w, https:\/\/nypeye.com\/wp-content\/uploads\/2024\/10\/2624157-150x150.webp 150w\" sizes=\"(max-width: 640px) 100vw, 640px\" \/>\t\t\t\t\t\t\t\t\t\t\t\t\t\t\t<\/div>\n\t\t\t\t<\/div>\n\t\t\t\t\t<\/div>\n\t\t<\/div>\n\t\t\t\t<div class=\"elementor-column elementor-col-50 elementor-top-column elementor-element elementor-element-0ffea4c\" data-id=\"0ffea4c\" data-element_type=\"column\" data-settings=\"{&quot;background_background&quot;:&quot;classic&quot;}\">\n\t\t\t<div class=\"elementor-widget-wrap elementor-element-populated\">\n\t\t\t\t\t<div class=\"elementor-background-overlay\"><\/div>\n\t\t\t\t\t\t<div class=\"elementor-element elementor-element-7043be9 elementor-widget elementor-widget-text-editor\" data-id=\"7043be9\" data-element_type=\"widget\" data-widget_type=\"text-editor.default\">\n\t\t\t\t<div class=\"elementor-widget-container\">\n\t\t\t\t\t\t\t\t\t<p>Si tiene glaucoma o presi\u00f3n ocular alta, el tratamiento es vital para reducir el riesgo de ceguera. En NY Partners Ophthalmology, ubicado en Flushing, Queens, y Sunset Park, Brooklyn, Nueva York, la Dra. Sophia Siu y su excelente equipo ofrecen tratamiento l\u00e1ser para el glaucoma para reducir las complicaciones. Llame a la oficina para obtener m\u00e1s informaci\u00f3n o utilice la pesta\u00f1a de reservas en l\u00ednea hoy mismo.<\/p>\t\t\t\t\t\t\t\t<\/div>\n\t\t\t\t<\/div>\n\t\t\t\t\t<\/div>\n\t\t<\/div>\n\t\t\t\t\t<\/div>\n\t\t<\/section>\n\t\t\t\t<section class=\"elementor-section elementor-top-section elementor-element elementor-element-0ae2407 elementor-section-boxed elementor-section-height-default elementor-section-height-default\" data-id=\"0ae2407\" data-element_type=\"section\">\n\t\t\t\t\t\t<div class=\"elementor-container elementor-column-gap-default\">\n\t\t\t\t\t<div class=\"elementor-column elementor-col-100 elementor-top-column elementor-element elementor-element-253ef6d\" data-id=\"253ef6d\" data-element_type=\"column\">\n\t\t\t<div class=\"elementor-widget-wrap elementor-element-populated\">\n\t\t\t\t\t\t<div class=\"elementor-element elementor-element-da7b59e elementor-widget elementor-widget-heading\" data-id=\"da7b59e\" data-element_type=\"widget\" data-widget_type=\"heading.default\">\n\t\t\t\t<div class=\"elementor-widget-container\">\n\t\t\t\t\t<h2 class=\"elementor-heading-title elementor-size-default\">Glaucoma Q&amp;A<\/h2>\t\t\t\t<\/div>\n\t\t\t\t<\/div>\n\t\t\t\t<div class=\"elementor-element elementor-element-a1eb6ab elementor-widget elementor-widget-elementskit-faq\" data-id=\"a1eb6ab\" data-element_type=\"widget\" data-widget_type=\"elementskit-faq.default\">\n\t\t\t\t<div class=\"elementor-widget-container\">\n\t\t\t\t\t<div class=\"ekit-wid-con\" >\n                <div class=\"elementskit-single-faq elementor-repeater-item-0d1d539\">\n            <div class=\"elementskit-faq-header\">\n                <h2 class=\"elementskit-faq-title\">\u00bfQu\u00e9 es el glaucoma?<\/h2>\n            <\/div>\n            <div class=\"elementskit-faq-body\">\n                El glaucoma es una enfermedad ocular com\u00fan y una de las principales causas de ceguera en personas mayores de 60 a\u00f1os. Se produce debido a un da\u00f1o en el nervio \u00f3ptico cuando se acumula l\u00edquido en el ojo, lo que provoca un aumento de la presi\u00f3n. Si se detecta a tiempo, el da\u00f1o ocular causado por el glaucoma suele ser prevenible.            <\/div>\n        <\/div>\n                <div class=\"elementskit-single-faq elementor-repeater-item-97e4d00\">\n            <div class=\"elementskit-faq-header\">\n                <h2 class=\"elementskit-faq-title\">\u00bfQu\u00e9 es el tratamiento l\u00e1ser para el glaucoma?<\/h2>\n            <\/div>\n            <div class=\"elementskit-faq-body\">\n                El tratamiento con l\u00e1ser para el glaucoma es una soluci\u00f3n com\u00fan, especialmente si no tolera las gotas oft\u00e1lmicas. Utiliza luz para corregir problemas asociados al glaucoma, drenar el l\u00edquido ocular y reducir la presi\u00f3n. Usted podr\u00eda ser candidato para el procedimiento si la medicaci\u00f3n no ha frenado la progresi\u00f3n del glaucoma.<br><br>\nDos tipos comunes de tratamientos con l\u00e1ser para el glaucoma incluyen:<br><br>\n\nTrabeculoplastia l\u00e1ser selectiva (SLT) <br><br>SLT es un tratamiento con l\u00e1ser para el glaucoma que reduce la presi\u00f3n intraocular en pacientes con glaucoma si las gotas para los ojos no han funcionado o causan efectos secundarios molestos.<br><br>\nIridotom\u00eda l\u00e1ser (IL)<br><br>\nLa IL es un tratamiento eficaz para pacientes con glaucoma de \u00e1ngulo estrecho o sus factores de riesgo. Tambi\u00e9n ayuda a prevenir esta enfermedad ocular.            <\/div>\n        <\/div>\n                <div class=\"elementskit-single-faq elementor-repeater-item-8663419\">\n            <div class=\"elementskit-faq-header\">\n                <h2 class=\"elementskit-faq-title\">\u00bfCu\u00e1les son los s\u00edntomas del glaucoma?<\/h2>\n            <\/div>\n            <div class=\"elementskit-faq-body\">\n                Aunque el glaucoma no suele presentar s\u00edntomas en sus primeras etapas, su oftalm\u00f3logo puede detectarlo durante ex\u00e1menes oculares de rutina. Los s\u00edntomas que pueden desarrollarse con el tiempo si el glaucoma no se trata incluyen:<br><br>\n\u25cf Puntos ciegos irregulares en la visi\u00f3n perif\u00e9rica\n<br>\n\u25cf Problemas de visi\u00f3n central\n<br>\nVisi\u00f3n borrosa\n<br>\n\u25cf Dolor ocular\n<br>\n\u25cf Dolores de cabeza\n<br>\n\u25cf N\u00e1useas\n<br>\n\u25cf V\u00f3mitos<br>\n\u25cf Anillos o halos de colores alrededor de las luces\n<br>\n\u25cf Deslumbramiento alrededor de las luces\n<br>\n\u25cf Dificultad para ver con un ojo\n<br><br>\nLos factores de riesgo para desarrollar glaucoma incluyen el envejecimiento, antecedentes familiares de glaucoma y tener c\u00f3rneas delgadas.             <\/div>\n        <\/div>\n                <div class=\"elementskit-single-faq elementor-repeater-item-6785092\">\n            <div class=\"elementskit-faq-header\">\n                <h2 class=\"elementskit-faq-title\">\u00bfEs el tratamiento con l\u00e1ser para el glaucoma adecuado para m\u00ed?<\/h2>\n            <\/div>\n            <div class=\"elementskit-faq-body\">\n                Para determinar si tiene glaucoma, qu\u00e9 tipo de glaucoma tiene y qu\u00e9 tan grave es, el equipo de Oftalmolog\u00eda de NY Partners analiza sus s\u00edntomas, historial m\u00e9dico e historial de salud ocular.<br><br>\nEval\u00faan su visi\u00f3n, realizan un examen ocular completo y ofrecen pruebas de diagn\u00f3stico que eval\u00faan la presi\u00f3n dentro de sus ojos.<br><br>\n\nSu proveedor puede recomendar cambios en el estilo de vida saludable, gotas para los ojos, medicamentos, tratamiento con l\u00e1ser, otros procedimientos m\u00e9dicos, cirug\u00eda de glaucoma o combinaciones de m\u00e1s de un tratamiento para lograr resultados superiores con el menor riesgo de complicaciones. <br><br>La Dra. Siu es una cirujana experta y ofrece tratamientos m\u00ednimamente invasivos para el glaucoma a sus pacientes. Estos procedimientos, a menudo conocidos como MIGS, son una opci\u00f3n ideal para quienes buscan mejorar sus s\u00edntomas y aliviar la molesta presi\u00f3n del glaucoma. Algunos ensayos cl\u00ednicos incluso han demostrado que los procedimientos MIGS contribuyen a una disminuci\u00f3n significativa de la presi\u00f3n ocular con el tiempo, adem\u00e1s de reducir el uso de gotas oft\u00e1lmicas recetadas.             <\/div>\n        <\/div>\n                <div class=\"elementskit-single-faq elementor-repeater-item-19bd551\">\n            <div class=\"elementskit-faq-header\">\n                <h2 class=\"elementskit-faq-title\">\u00bfQu\u00e9 sucede durante el tratamiento con l\u00e1ser para el glaucoma?<\/h2>\n            <\/div>\n            <div class=\"elementskit-faq-body\">\n                Durante el tratamiento l\u00e1ser para el glaucoma, que su oftalm\u00f3logo realiza en la misma consulta, recibir\u00e1 gotas para adormecer los ojos y aumentar su comodidad. Se utiliza un peque\u00f1o l\u00e1ser para modificar los tejidos, mejorar el drenaje y minimizar la presi\u00f3n. El tiempo de recuperaci\u00f3n es m\u00ednimo y los efectos completos del tratamiento l\u00e1ser para el glaucoma suelen tardar varias semanas.             <\/div>\n        <\/div>\n                \n    <\/div>\t\t\t\t<\/div>\n\t\t\t\t<\/div>\n\t\t\t\t\t<\/div>\n\t\t<\/div>\n\t\t\t\t\t<\/div>\n\t\t<\/section>\n\t\t\t\t<section class=\"elementor-section elementor-top-section elementor-element elementor-element-928a053 animated-slow elementor-section-full_width elementor-section-height-default elementor-section-height-default\" data-id=\"928a053\" data-element_type=\"section\" data-settings=\"{&quot;background_background&quot;:&quot;classic&quot;,&quot;animation&quot;:&quot;none&quot;}\">\n\t\t\t\t\t\t\t<div class=\"elementor-background-overlay\"><\/div>\n\t\t\t\t\t\t\t<div class=\"elementor-container elementor-column-gap-default\">\n\t\t\t\t\t<div class=\"elementor-column elementor-col-100 elementor-top-column elementor-element elementor-element-a37fb64\" data-id=\"a37fb64\" data-element_type=\"column\">\n\t\t\t<div class=\"elementor-widget-wrap elementor-element-populated\">\n\t\t\t\t\t\t<div class=\"elementor-element elementor-element-0181526 elementor-widget elementor-widget-text-editor\" data-id=\"0181526\" data-element_type=\"widget\" data-widget_type=\"text-editor.default\">\n\t\t\t\t<div class=\"elementor-widget-container\">\n\t\t\t\t\t\t\t\t\t<h3><span style=\"color: #ffffff;\">Llame a la oficina de Oftalmolog\u00eda de NY Partners para obtener m\u00e1s informaci\u00f3n sobre el tratamiento con l\u00e1ser para el glaucoma o programe una cita en l\u00ednea hoy mismo.<\/span><\/h3>\t\t\t\t\t\t\t\t<\/div>\n\t\t\t\t<\/div>\n\t\t\t\t<div class=\"elementor-element elementor-element-bceaf9b elementor-align-center elementor-mobile-align-center elementor-widget elementor-widget-button\" data-id=\"bceaf9b\" data-element_type=\"widget\" data-widget_type=\"button.default\">\n\t\t\t\t<div class=\"elementor-widget-container\">\n\t\t\t\t\t\t\t\t\t<div class=\"elementor-button-wrapper\">\n\t\t\t\t\t<a class=\"elementor-button elementor-button-link elementor-size-sm\" href=\"https:\/\/nypeye.com\/es\/contact\/\">\n\t\t\t\t\t\t<span class=\"elementor-button-content-wrapper\">\n\t\t\t\t\t\t\t\t\t<span class=\"elementor-button-text\">Contacto <\/span>\n\t\t\t\t\t<\/span>\n\t\t\t\t\t<\/a>\n\t\t\t\t<\/div>\n\t\t\t\t\t\t\t\t<\/div>\n\t\t\t\t<\/div>\n\t\t\t\t\t<\/div>\n\t\t<\/div>\n\t\t\t\t\t<\/div>\n\t\t<\/section>\n\t\t\t\t<\/div>\n\t\t\n    <div class=\"xs_social_share_widget xs_share_url after_content \t\tmain_content  wslu-style-1 wslu-share-box-shaped wslu-fill-colored wslu-none wslu-share-horizontal wslu-theme-font-no wslu-main_content\">\n\n\t\t\n        <ul>\n\t\t\t        <\/ul>\n    <\/div>","protected":false},"excerpt":{"rendered":"<p>Glaucoma Glaucoma services offered in Brooklyn and Flushing (Entrance on 37th Ave) , NY If you have glaucoma, or high pressure within your eyes, treatment is vital to reduce the risk of blindness. At NY Partners Ophthalmology in the Flushing neighborhood of Queens and Sunset Park neighborhood of Brooklyn, in New York City, Sophia Siu, [&hellip;]<\/p>","protected":false},"author":1,"featured_media":0,"parent":0,"menu_order":0,"comment_status":"closed","ping_status":"closed","template":"elementor_header_footer","meta":{"om_disable_all_campaigns":false,"_monsterinsights_skip_tracking":false,"_monsterinsights_sitenote_active":false,"_monsterinsights_sitenote_note":"","_monsterinsights_sitenote_category":0,"postBodyCss":"","postBodyMargin":[],"postBodyPadding":[],"postBodyBackground":{"backgroundType":"classic","gradient":""},"footnotes":""},"class_list":["post-314","page","type-page","status-publish","hentry"],"aioseo_notices":[],"_links":{"self":[{"href":"https:\/\/nypeye.com\/es\/wp-json\/wp\/v2\/pages\/314","targetHints":{"allow":["GET"]}}],"collection":[{"href":"https:\/\/nypeye.com\/es\/wp-json\/wp\/v2\/pages"}],"about":[{"href":"https:\/\/nypeye.com\/es\/wp-json\/wp\/v2\/types\/page"}],"author":[{"embeddable":true,"href":"https:\/\/nypeye.com\/es\/wp-json\/wp\/v2\/users\/1"}],"replies":[{"embeddable":true,"href":"https:\/\/nypeye.com\/es\/wp-json\/wp\/v2\/comments?post=314"}],"version-history":[{"count":31,"href":"https:\/\/nypeye.com\/es\/wp-json\/wp\/v2\/pages\/314\/revisions"}],"predecessor-version":[{"id":1674,"href":"https:\/\/nypeye.com\/es\/wp-json\/wp\/v2\/pages\/314\/revisions\/1674"}],"wp:attachment":[{"href":"https:\/\/nypeye.com\/es\/wp-json\/wp\/v2\/media?parent=314"}],"curies":[{"name":"wp","href":"https:\/\/api.w.org\/{rel}","templated":true}]}}