{"id":247,"date":"2024-10-30T19:01:47","date_gmt":"2024-10-30T19:01:47","guid":{"rendered":"https:\/\/nypeye.com\/?page_id=247"},"modified":"2024-11-25T15:51:42","modified_gmt":"2024-11-25T15:51:42","slug":"dry-eyes","status":"publish","type":"page","link":"https:\/\/nypeye.com\/es\/dry-eyes\/","title":{"rendered":"Ojos secos"},"content":{"rendered":"<style>.elementor-247 .elementor-element.elementor-element-16dcdcbd:not(.elementor-motion-effects-element-type-background), .elementor-247 .elementor-element.elementor-element-16dcdcbd > .elementor-motion-effects-container > .elementor-motion-effects-layer{background-image:url(\"https:\/\/nypeye.com\/wp-content\/uploads\/2024\/10\/oculist-examining-patient-vision-with-slit-lamp-in-clinic.jpg\");background-position:center center;background-repeat:no-repeat;background-size:cover;}.elementor-247 .elementor-element.elementor-element-16dcdcbd > .elementor-background-overlay{background-color:var( --e-global-color-primary );opacity:0.9;transition:background 0.3s, border-radius 0.3s, opacity 0.3s;}.elementor-247 .elementor-element.elementor-element-16dcdcbd > .elementor-container{max-width:1170px;}.elementor-247 .elementor-element.elementor-element-16dcdcbd{transition:background 0.3s, border 0.3s, border-radius 0.3s, box-shadow 0.3s;padding:100px 0px 100px 0px;z-index:0;}.elementor-247 .elementor-element.elementor-element-282e6b71{text-align:center;}.elementor-247 .elementor-element.elementor-element-282e6b71 .elementor-heading-title{font-family:\"Inter\", Sans-serif;font-size:32px;font-weight:600;line-height:1.2em;color:#FFFFFF;}.elementor-247 .elementor-element.elementor-element-696926fd{text-align:center;}.elementor-247 .elementor-element.elementor-element-696926fd .elementor-heading-title{font-size:18px;color:#FFFFFF;}.elementor-247 .elementor-element.elementor-element-42ddc556{margin-top:80px;margin-bottom:0px;}.elementor-bc-flex-widget .elementor-247 .elementor-element.elementor-element-2a886f19.elementor-column .elementor-widget-wrap{align-items:center;}.elementor-247 .elementor-element.elementor-element-2a886f19.elementor-column.elementor-element[data-element_type=\"column\"] > .elementor-widget-wrap.elementor-element-populated{align-content:center;align-items:center;}.elementor-247 .elementor-element.elementor-element-2a886f19 > .elementor-element-populated >  .elementor-background-overlay{opacity:0.1;}.elementor-247 .elementor-element.elementor-element-2a886f19 > .elementor-element-populated{transition:background 0.3s, border 0.3s, border-radius 0.3s, box-shadow 0.3s;margin:0px 0px 0px 10px;--e-column-margin-right:0px;--e-column-margin-left:10px;}.elementor-247 .elementor-element.elementor-element-2a886f19 > .elementor-element-populated > .elementor-background-overlay{transition:background 0.3s, border-radius 0.3s, opacity 0.3s;}.elementor-247 .elementor-element.elementor-element-769a7c06{text-align:left;font-family:\"Heebo\", Sans-serif;font-size:20px;font-weight:400;line-height:1.5em;color:var( --e-global-color-secondary );}.elementor-247 .elementor-element.elementor-element-77e45f0{margin-top:100px;margin-bottom:50px;}.elementor-247 .elementor-element.elementor-element-98ce891 .elementskit-single-faq .elementskit-faq-title{color:var( --e-global-color-primary );font-size:17px;}.elementor-247 .elementor-element.elementor-element-98ce891 .elementskit-single-faq .elementskit-faq-header{padding:21px 40px 21px 40px;}.elementor-247 .elementor-element.elementor-element-98ce891 .elementskit-single-faq .elementskit-faq-body{color:#000000;font-weight:400;padding:30px 40px 30px 40px;}.elementor-247 .elementor-element.elementor-element-046e346:not(.elementor-motion-effects-element-type-background), .elementor-247 .elementor-element.elementor-element-046e346 > .elementor-motion-effects-container > .elementor-motion-effects-layer{background-image:url(\"https:\/\/nypeye.com\/wp-content\/uploads\/2024\/10\/handsome-doctor-showing-something-in-clipboard-to-smiling-patient-in-clinic.jpg\");background-position:0% 30%;background-repeat:no-repeat;background-size:cover;}.elementor-247 .elementor-element.elementor-element-046e346 > .elementor-background-overlay{background-color:#2A367A;opacity:0.75;transition:background 0.3s, border-radius 0.3s, opacity 0.3s;}.elementor-247 .elementor-element.elementor-element-046e346{transition:background 0.3s, border 0.3s, border-radius 0.3s, box-shadow 0.3s;margin-top:0px;margin-bottom:0px;padding:100px 0px 100px 0px;}.elementor-247 .elementor-element.elementor-element-da13663.elementor-column > .elementor-widget-wrap{justify-content:center;}.elementor-247 .elementor-element.elementor-element-44f65b5 > .elementor-widget-container{padding:0% 14% 0% 14%;}.elementor-247 .elementor-element.elementor-element-44f65b5{text-align:center;font-family:var( --e-global-typography-9ccb7f4-font-family ), Sans-serif;font-size:var( --e-global-typography-9ccb7f4-font-size );font-weight:var( --e-global-typography-9ccb7f4-font-weight );line-height:var( --e-global-typography-9ccb7f4-line-height );color:#E1E3EA;}.elementor-247 .elementor-element.elementor-element-207dac0 .elementor-button{background-color:#38B3E7;font-family:var( --e-global-typography-39ba9a8-font-family ), Sans-serif;font-size:var( --e-global-typography-39ba9a8-font-size );font-weight:var( --e-global-typography-39ba9a8-font-weight );line-height:var( --e-global-typography-39ba9a8-line-height );fill:#FFFFFF;color:#FFFFFF;border-radius:5px 5px 5px 5px;padding:18px 32px 18px 32px;}@media(max-width:1024px){.elementor-247 .elementor-element.elementor-element-16dcdcbd:not(.elementor-motion-effects-element-type-background), .elementor-247 .elementor-element.elementor-element-16dcdcbd > .elementor-motion-effects-container > .elementor-motion-effects-layer{background-position:center center;}.elementor-247 .elementor-element.elementor-element-16dcdcbd{margin-top:0px;margin-bottom:0px;padding:210px 10px 140px 10px;}.elementor-247 .elementor-element.elementor-element-046e346:not(.elementor-motion-effects-element-type-background), .elementor-247 .elementor-element.elementor-element-046e346 > .elementor-motion-effects-container > .elementor-motion-effects-layer{background-position:0px 0px;}.elementor-247 .elementor-element.elementor-element-046e346{padding:80px 0px 80px 0px;}.elementor-247 .elementor-element.elementor-element-da13663 > .elementor-element-populated{margin:0px 10px 0px 10px;--e-column-margin-right:10px;--e-column-margin-left:10px;}.elementor-247 .elementor-element.elementor-element-44f65b5 > .elementor-widget-container{padding:0% 10% 0% 10%;}.elementor-247 .elementor-element.elementor-element-44f65b5{font-size:var( --e-global-typography-9ccb7f4-font-size );line-height:var( --e-global-typography-9ccb7f4-line-height );}.elementor-247 .elementor-element.elementor-element-207dac0 .elementor-button{font-size:var( --e-global-typography-39ba9a8-font-size );line-height:var( --e-global-typography-39ba9a8-line-height );}}@media(max-width:767px){.elementor-247 .elementor-element.elementor-element-16dcdcbd{margin-top:0px;margin-bottom:0px;padding:152px 10px 80px 10px;}.elementor-247 .elementor-element.elementor-element-282e6b71 .elementor-heading-title{font-size:24px;}.elementor-247 .elementor-element.elementor-element-696926fd .elementor-heading-title{font-size:16px;}.elementor-247 .elementor-element.elementor-element-2a886f19 > .elementor-element-populated{margin:50px 0px 50px 0px;--e-column-margin-right:0px;--e-column-margin-left:0px;padding:0px 20px 0px 20px;}.elementor-247 .elementor-element.elementor-element-769a7c06{font-size:16px;}.elementor-247 .elementor-element.elementor-element-77e45f0{margin-top:0px;margin-bottom:0px;}.elementor-247 .elementor-element.elementor-element-98ce891 .elementskit-single-faq .elementskit-faq-body{font-size:16px;}.elementor-247 .elementor-element.elementor-element-046e346:not(.elementor-motion-effects-element-type-background), .elementor-247 .elementor-element.elementor-element-046e346 > .elementor-motion-effects-container > .elementor-motion-effects-layer{background-position:0px 0px;}.elementor-247 .elementor-element.elementor-element-046e346{padding:40px 0px 40px 0px;}.elementor-247 .elementor-element.elementor-element-da13663 > .elementor-element-populated{margin:0px 5px 0px 5px;--e-column-margin-right:5px;--e-column-margin-left:5px;}.elementor-247 .elementor-element.elementor-element-44f65b5 > .elementor-widget-container{padding:0px 0px 0px 0px;}.elementor-247 .elementor-element.elementor-element-44f65b5{font-size:var( --e-global-typography-9ccb7f4-font-size );line-height:var( --e-global-typography-9ccb7f4-line-height );}.elementor-247 .elementor-element.elementor-element-207dac0 > .elementor-widget-container{margin:0px 0px 0px 0px;}.elementor-247 .elementor-element.elementor-element-207dac0 .elementor-button{font-size:var( --e-global-typography-39ba9a8-font-size );line-height:var( --e-global-typography-39ba9a8-line-height );padding:15px 30px 15px 30px;}}@media(min-width:1025px){.elementor-247 .elementor-element.elementor-element-16dcdcbd:not(.elementor-motion-effects-element-type-background), .elementor-247 .elementor-element.elementor-element-16dcdcbd > .elementor-motion-effects-container > .elementor-motion-effects-layer{background-attachment:fixed;}}<\/style>\t\t<div data-elementor-type=\"wp-page\" data-elementor-id=\"247\" class=\"elementor elementor-247\" data-elementor-post-type=\"page\">\n\t\t\t\t\t\t<section class=\"elementor-section elementor-top-section elementor-element elementor-element-16dcdcbd elementor-section-boxed elementor-section-height-default elementor-section-height-default\" data-id=\"16dcdcbd\" data-element_type=\"section\" data-settings=\"{&quot;background_background&quot;:&quot;classic&quot;}\">\n\t\t\t\t\t\t\t<div class=\"elementor-background-overlay\"><\/div>\n\t\t\t\t\t\t\t<div class=\"elementor-container elementor-column-gap-default\">\n\t\t\t\t\t<div class=\"elementor-column elementor-col-100 elementor-top-column elementor-element elementor-element-12ce9d21\" data-id=\"12ce9d21\" data-element_type=\"column\">\n\t\t\t<div class=\"elementor-widget-wrap elementor-element-populated\">\n\t\t\t\t\t\t<div class=\"elementor-element elementor-element-282e6b71 elementor-widget elementor-widget-heading\" data-id=\"282e6b71\" data-element_type=\"widget\" data-widget_type=\"heading.default\">\n\t\t\t\t<div class=\"elementor-widget-container\">\n\t\t\t\t\t<h2 class=\"elementor-heading-title elementor-size-default\">Ojos secos\n<\/h2>\t\t\t\t<\/div>\n\t\t\t\t<\/div>\n\t\t\t\t<div class=\"elementor-element elementor-element-696926fd elementor-widget elementor-widget-heading\" data-id=\"696926fd\" data-element_type=\"widget\" data-widget_type=\"heading.default\">\n\t\t\t\t<div class=\"elementor-widget-container\">\n\t\t\t\t\t<h2 class=\"elementor-heading-title elementor-size-default\">Servicios para ojos secos ofrecidos en Brooklyn y Flushing (Entrada por 37th Ave), NY<\/h2>\t\t\t\t<\/div>\n\t\t\t\t<\/div>\n\t\t\t\t\t<\/div>\n\t\t<\/div>\n\t\t\t\t\t<\/div>\n\t\t<\/section>\n\t\t\t\t<section class=\"elementor-section elementor-top-section elementor-element elementor-element-42ddc556 elementor-section-boxed elementor-section-height-default elementor-section-height-default\" data-id=\"42ddc556\" data-element_type=\"section\">\n\t\t\t\t\t\t<div class=\"elementor-container elementor-column-gap-default\">\n\t\t\t\t\t<div class=\"elementor-column elementor-col-50 elementor-top-column elementor-element elementor-element-42a0287c\" data-id=\"42a0287c\" data-element_type=\"column\">\n\t\t\t<div class=\"elementor-widget-wrap elementor-element-populated\">\n\t\t\t\t\t\t<div class=\"elementor-element elementor-element-eb7aa8d elementor-widget elementor-widget-image\" data-id=\"eb7aa8d\" data-element_type=\"widget\" data-widget_type=\"image.default\">\n\t\t\t\t<div class=\"elementor-widget-container\">\n\t\t\t\t\t\t\t\t\t\t\t\t\t\t\t<img fetchpriority=\"high\" decoding=\"async\" width=\"640\" height=\"640\" src=\"https:\/\/nypeye.com\/wp-content\/uploads\/2024\/10\/2624153.webp\" class=\"attachment-large size-large wp-image-267\" alt=\"NY Partners Ophthalmology\" srcset=\"https:\/\/nypeye.com\/wp-content\/uploads\/2024\/10\/2624153.webp 640w, https:\/\/nypeye.com\/wp-content\/uploads\/2024\/10\/2624153-300x300.webp 300w, https:\/\/nypeye.com\/wp-content\/uploads\/2024\/10\/2624153-150x150.webp 150w\" sizes=\"(max-width: 640px) 100vw, 640px\" \/>\t\t\t\t\t\t\t\t\t\t\t\t\t\t\t<\/div>\n\t\t\t\t<\/div>\n\t\t\t\t\t<\/div>\n\t\t<\/div>\n\t\t\t\t<div class=\"elementor-column elementor-col-50 elementor-top-column elementor-element elementor-element-2a886f19\" data-id=\"2a886f19\" data-element_type=\"column\" data-settings=\"{&quot;background_background&quot;:&quot;classic&quot;}\">\n\t\t\t<div class=\"elementor-widget-wrap elementor-element-populated\">\n\t\t\t\t\t<div class=\"elementor-background-overlay\"><\/div>\n\t\t\t\t\t\t<div class=\"elementor-element elementor-element-769a7c06 elementor-widget elementor-widget-text-editor\" data-id=\"769a7c06\" data-element_type=\"widget\" data-widget_type=\"text-editor.default\">\n\t\t\t\t<div class=\"elementor-widget-container\">\n\t\t\t\t\t\t\t\t\t<p>Si la sequedad ocular le irrita, le duele o le nubla la vista, consulte con los expertos de NY Partners Ophthalmology en Flushing, Queens, y Sunset Park, Brooklyn, Nueva York. La Dra. Sophia Siu y su equipo de expertos ofrecen tratamiento para la sequedad ocular para restaurar la hidrataci\u00f3n, el bienestar y la salud de sus ojos. Llame a la oficina de NY Partners Ophthalmology para programar un examen de la vista o utilice la funci\u00f3n de reserva en l\u00ednea hoy mismo.<\/p>\t\t\t\t\t\t\t\t<\/div>\n\t\t\t\t<\/div>\n\t\t\t\t\t<\/div>\n\t\t<\/div>\n\t\t\t\t\t<\/div>\n\t\t<\/section>\n\t\t\t\t<section class=\"elementor-section elementor-top-section elementor-element elementor-element-77e45f0 elementor-section-boxed elementor-section-height-default elementor-section-height-default\" data-id=\"77e45f0\" data-element_type=\"section\">\n\t\t\t\t\t\t<div class=\"elementor-container elementor-column-gap-default\">\n\t\t\t\t\t<div class=\"elementor-column elementor-col-100 elementor-top-column elementor-element elementor-element-d0f83b9\" data-id=\"d0f83b9\" data-element_type=\"column\">\n\t\t\t<div class=\"elementor-widget-wrap elementor-element-populated\">\n\t\t\t\t\t\t<div class=\"elementor-element elementor-element-2c2dacb elementor-widget elementor-widget-heading\" data-id=\"2c2dacb\" data-element_type=\"widget\" data-widget_type=\"heading.default\">\n\t\t\t\t<div class=\"elementor-widget-container\">\n\t\t\t\t\t<h2 class=\"elementor-heading-title elementor-size-default\">Dry Eyes Q&amp;A<\/h2>\t\t\t\t<\/div>\n\t\t\t\t<\/div>\n\t\t\t\t<div class=\"elementor-element elementor-element-98ce891 elementor-widget elementor-widget-elementskit-faq\" data-id=\"98ce891\" data-element_type=\"widget\" data-widget_type=\"elementskit-faq.default\">\n\t\t\t\t<div class=\"elementor-widget-container\">\n\t\t\t\t\t<div class=\"ekit-wid-con\" >\n                <div class=\"elementskit-single-faq elementor-repeater-item-0d1d539\">\n            <div class=\"elementskit-faq-header\">\n                <h2 class=\"elementskit-faq-title\">\u00bfQu\u00e9 son los ojos secos?<\/h2>\n            <\/div>\n            <div class=\"elementskit-faq-body\">\n                La sequedad ocular, o s\u00edndrome del ojo seco, puede reducir la humedad ocular. Esta afecci\u00f3n suele deberse a una alteraci\u00f3n de la capa lagrimal que recubre la superficie ocular. Las afecciones gen\u00e9ticas y los factores ambientales pueden causar sequedad ocular, que puede resultar incapacitante si no se trata. El equipo de Oftalmolog\u00eda de NY Partners cuenta con muchos a\u00f1os de experiencia en el tratamiento de la sequedad ocular y utiliza los \u00faltimos avances en tecnolog\u00eda y tratamientos para obtener resultados superiores y duraderos.            <\/div>\n        <\/div>\n                <div class=\"elementskit-single-faq elementor-repeater-item-97e4d00\">\n            <div class=\"elementskit-faq-header\">\n                <h2 class=\"elementskit-faq-title\">\u00bfCu\u00e1les son los s\u00edntomas del ojo seco?<\/h2>\n            <\/div>\n            <div class=\"elementskit-faq-body\">\n                Los s\u00edntomas comunes de los ojos secos incluyen:<br>\n\u25cf Enrojecimiento<br>\n\u25cf Sequedad<br>\n\u25cf Incendio<br>\n\u25cf Picor<br>\n\u25cf Desgarro <br>\nVisi\u00f3n borrosa<br>\n\u25cf Irritaci\u00f3n ocular<br>\n\u25cf Formaci\u00f3n de costras en las pesta\u00f1as<br>\n\u25cf Sensibilidad a la luz<br>\n\u25cf fatiga ocular<br>\nPodr\u00edas sentir como si tuvieras algo en los ojos cuando no lo tienes, o experimentar visi\u00f3n borrosa al leer, ver la televisi\u00f3n, conducir o usar la computadora. Los s\u00edntomas del ojo seco var\u00edan de leves a graves.            <\/div>\n        <\/div>\n                <div class=\"elementskit-single-faq elementor-repeater-item-a95929e\">\n            <div class=\"elementskit-faq-header\">\n                <h2 class=\"elementskit-faq-title\">\u00bfCu\u00e1les son los factores de riesgo del ojo seco?<\/h2>\n            <\/div>\n            <div class=\"elementskit-faq-body\">\n                Los factores de riesgo para desarrollar ojos secos incluyen:<br>\nEnvejecimiento<br>\nenfermedades autoinmunes<br>\nDiabetes<br>\nProblemas de tiroides<br>\nAfecciones neurol\u00f3gicas<br>\nClimas c\u00e1lidos o secos\n<br>\nViento<br>\nPolvo<br>\nAlergias<br>\nInflamaci\u00f3n del p\u00e1rpado\n<br>\nlesiones oculares<br>\nCirug\u00eda ocular previa<br>\nInfecci\u00f3n<br>\nUso de contacto<br>\nDisfunci\u00f3n de las gl\u00e1ndulas de Meibomio (DGM)<br>\nLa causa no siempre est\u00e1 del todo clara y m\u00e1s de un factor de riesgo puede contribuir al ojo seco.            <\/div>\n        <\/div>\n                <div class=\"elementskit-single-faq elementor-repeater-item-23c54c4\">\n            <div class=\"elementskit-faq-header\">\n                <h2 class=\"elementskit-faq-title\">\u00bfC\u00f3mo se diagnostican los ojos secos?<\/h2>\n            <\/div>\n            <div class=\"elementskit-faq-body\">\n                El equipo de Oftalmolog\u00eda de NY Partners diagnostica la sequedad ocular tras revisar sus s\u00edntomas, su historial de salud ocular y su historial m\u00e9dico. Realizan pruebas de visi\u00f3n, un examen ocular completo y pruebas diagn\u00f3sticas que pueden incluir an\u00e1lisis de sangre o pruebas que eval\u00faan la calidad y cantidad de sus l\u00e1grimas.            <\/div>\n        <\/div>\n                <div class=\"elementskit-single-faq elementor-repeater-item-f1f1952\">\n            <div class=\"elementskit-faq-header\">\n                <h2 class=\"elementskit-faq-title\">\u00bfC\u00f3mo se tratan los ojos secos?<\/h2>\n            <\/div>\n            <div class=\"elementskit-faq-body\">\n                NY Partners Ophthalmology ofrece numerosos tratamientos para los ojos secos, incluidos:<br>\nGeles<br>\nUng\u00fcentos\n<br>\nl\u00e1grimas artificiales\n<br>\naerosoles nasales\n<br>\nCompresas calientes\n<br>\nHigiene de los p\u00e1rpados\n<br>\nTapones lagrimales\n<br>\nReducci\u00f3n de la inflamaci\u00f3n ocular\n<br>\nGotas para los ojos con receta\n<br>\n\u25cf Alimentos o suplementos diet\u00e9ticos omega-3\n<br>\niLux2\u00ae\n<br><br>\niLux2 es un tratamiento que desbloquea suavemente las gl\u00e1ndulas mediante calor y compresi\u00f3n intensiva de las gl\u00e1ndulas seb\u00e1ceas para restaurar una pel\u00edcula lagrimal saludable.\n<br>\n<br>\nOptiLight es una terapia de luz aprobada por la FDA para el tratamiento del ojo seco. OptiLight tambi\u00e9n puede reducir las manchas marrones y el enrojecimiento en los p\u00e1rpados y las zonas circundantes. Disminuye la presencia de vasos sangu\u00edneos anormales, la sequedad corneal y la inflamaci\u00f3n.<br>\n            <\/div>\n        <\/div>\n                \n    <\/div>\t\t\t\t<\/div>\n\t\t\t\t<\/div>\n\t\t\t\t\t<\/div>\n\t\t<\/div>\n\t\t\t\t\t<\/div>\n\t\t<\/section>\n\t\t\t\t<section class=\"elementor-section elementor-top-section elementor-element elementor-element-046e346 animated-slow elementor-section-full_width elementor-section-height-default elementor-section-height-default\" data-id=\"046e346\" data-element_type=\"section\" data-settings=\"{&quot;background_background&quot;:&quot;classic&quot;,&quot;animation&quot;:&quot;none&quot;}\">\n\t\t\t\t\t\t\t<div class=\"elementor-background-overlay\"><\/div>\n\t\t\t\t\t\t\t<div class=\"elementor-container elementor-column-gap-default\">\n\t\t\t\t\t<div class=\"elementor-column elementor-col-100 elementor-top-column elementor-element elementor-element-da13663\" data-id=\"da13663\" data-element_type=\"column\">\n\t\t\t<div class=\"elementor-widget-wrap elementor-element-populated\">\n\t\t\t\t\t\t<div class=\"elementor-element elementor-element-44f65b5 elementor-widget elementor-widget-text-editor\" data-id=\"44f65b5\" data-element_type=\"widget\" data-widget_type=\"text-editor.default\">\n\t\t\t\t<div class=\"elementor-widget-container\">\n\t\t\t\t\t\t\t\t\t<h3><span style=\"color: #ffffff;\">Llame a la oficina de Oftalmolog\u00eda de NY Partners para obtener alivio de los ojos secos o utilice la funci\u00f3n de reserva en l\u00ednea hoy mismo.<\/span><\/h3>\t\t\t\t\t\t\t\t<\/div>\n\t\t\t\t<\/div>\n\t\t\t\t<div class=\"elementor-element elementor-element-207dac0 elementor-align-center elementor-mobile-align-center elementor-widget elementor-widget-button\" data-id=\"207dac0\" data-element_type=\"widget\" data-widget_type=\"button.default\">\n\t\t\t\t<div class=\"elementor-widget-container\">\n\t\t\t\t\t\t\t\t\t<div class=\"elementor-button-wrapper\">\n\t\t\t\t\t<a class=\"elementor-button elementor-button-link elementor-size-sm\" href=\"https:\/\/nypeye.com\/es\/contact\/\">\n\t\t\t\t\t\t<span class=\"elementor-button-content-wrapper\">\n\t\t\t\t\t\t\t\t\t<span class=\"elementor-button-text\">Contacto <\/span>\n\t\t\t\t\t<\/span>\n\t\t\t\t\t<\/a>\n\t\t\t\t<\/div>\n\t\t\t\t\t\t\t\t<\/div>\n\t\t\t\t<\/div>\n\t\t\t\t\t<\/div>\n\t\t<\/div>\n\t\t\t\t\t<\/div>\n\t\t<\/section>\n\t\t\t\t<\/div>\n\t\t\n    <div class=\"xs_social_share_widget xs_share_url after_content \t\tmain_content  wslu-style-1 wslu-share-box-shaped wslu-fill-colored wslu-none wslu-share-horizontal wslu-theme-font-no wslu-main_content\">\n\n\t\t\n        <ul>\n\t\t\t        <\/ul>\n    <\/div>","protected":false},"excerpt":{"rendered":"<p>Dry Eyes Dry Eyes services offered in Brooklyn and Flushing (Entrance on 37th Ave) , NY If dry eyes feel irritating, painful, or blur your vision, see the experts at NY Partners Ophthalmology in the Flushing neighborhood of Queens and Sunset Park neighborhood of Brooklyn, in New York City, in New York City. Sophia Siu, [&hellip;]<\/p>","protected":false},"author":1,"featured_media":0,"parent":0,"menu_order":0,"comment_status":"closed","ping_status":"closed","template":"elementor_header_footer","meta":{"om_disable_all_campaigns":false,"_monsterinsights_skip_tracking":false,"_monsterinsights_sitenote_active":false,"_monsterinsights_sitenote_note":"","_monsterinsights_sitenote_category":0,"postBodyCss":"","postBodyMargin":[],"postBodyPadding":[],"postBodyBackground":{"backgroundType":"classic","gradient":""},"footnotes":""},"class_list":["post-247","page","type-page","status-publish","hentry"],"aioseo_notices":[],"_links":{"self":[{"href":"https:\/\/nypeye.com\/es\/wp-json\/wp\/v2\/pages\/247","targetHints":{"allow":["GET"]}}],"collection":[{"href":"https:\/\/nypeye.com\/es\/wp-json\/wp\/v2\/pages"}],"about":[{"href":"https:\/\/nypeye.com\/es\/wp-json\/wp\/v2\/types\/page"}],"author":[{"embeddable":true,"href":"https:\/\/nypeye.com\/es\/wp-json\/wp\/v2\/users\/1"}],"replies":[{"embeddable":true,"href":"https:\/\/nypeye.com\/es\/wp-json\/wp\/v2\/comments?post=247"}],"version-history":[{"count":58,"href":"https:\/\/nypeye.com\/es\/wp-json\/wp\/v2\/pages\/247\/revisions"}],"predecessor-version":[{"id":1668,"href":"https:\/\/nypeye.com\/es\/wp-json\/wp\/v2\/pages\/247\/revisions\/1668"}],"wp:attachment":[{"href":"https:\/\/nypeye.com\/es\/wp-json\/wp\/v2\/media?parent=247"}],"curies":[{"name":"wp","href":"https:\/\/api.w.org\/{rel}","templated":true}]}}