{"id":214,"date":"2024-10-26T11:34:40","date_gmt":"2024-10-26T11:34:40","guid":{"rendered":"https:\/\/nypeye.com\/?page_id=214"},"modified":"2025-02-11T16:16:02","modified_gmt":"2025-02-11T16:16:02","slug":"hong-an-do-o-d","status":"publish","type":"page","link":"https:\/\/nypeye.com\/es\/hong-an-do-o-d\/","title":{"rendered":"Hong-An Do, O.D."},"content":{"rendered":"<style>.elementor-214 .elementor-element.elementor-element-1483b44:not(.elementor-motion-effects-element-type-background), .elementor-214 .elementor-element.elementor-element-1483b44 > .elementor-motion-effects-container > .elementor-motion-effects-layer{background-image:url(\"https:\/\/nypeye.com\/wp-content\/uploads\/2024\/10\/2748999.webp\");background-position:center center;background-repeat:no-repeat;background-size:cover;}.elementor-214 .elementor-element.elementor-element-1483b44 > .elementor-background-overlay{background-color:var( --e-global-color-primary );opacity:0.9;transition:background 0.3s, border-radius 0.3s, opacity 0.3s;}.elementor-214 .elementor-element.elementor-element-1483b44 > .elementor-container{max-width:1170px;}.elementor-214 .elementor-element.elementor-element-1483b44{transition:background 0.3s, border 0.3s, border-radius 0.3s, box-shadow 0.3s;padding:100px 0px 100px 0px;z-index:0;}.elementor-214 .elementor-element.elementor-element-fef75aa{text-align:center;}.elementor-214 .elementor-element.elementor-element-fef75aa .elementor-heading-title{font-family:var( --e-global-typography-secondary-font-family ), Sans-serif;font-size:var( --e-global-typography-secondary-font-size );font-weight:var( --e-global-typography-secondary-font-weight );line-height:var( --e-global-typography-secondary-line-height );color:#FFFFFF;}.elementor-214 .elementor-element.elementor-element-3566bd2{margin-top:80px;margin-bottom:80px;}.elementor-214 .elementor-element.elementor-element-0b67f1e{text-align:center;}.elementor-214 .elementor-element.elementor-element-0b67f1e .elementor-heading-title{font-family:var( --e-global-typography-secondary-font-family ), Sans-serif;font-size:var( --e-global-typography-secondary-font-size );font-weight:var( --e-global-typography-secondary-font-weight );line-height:var( --e-global-typography-secondary-line-height );color:var( --e-global-color-primary );}.elementor-214 .elementor-element.elementor-element-0426898{text-align:center;}.elementor-214 .elementor-element.elementor-element-0426898 .elementor-heading-title{font-family:\"Domine\", Sans-serif;font-size:18px;font-weight:600;text-transform:capitalize;line-height:1.2em;color:var( --e-global-color-primary );}.elementor-214 .elementor-element.elementor-element-8828482{--divider-border-style:curved;--divider-color:var( --e-global-color-primary );--divider-border-width:1px;--divider-pattern-height:20px;--divider-pattern-size:20px;}.elementor-214 .elementor-element.elementor-element-8828482 .elementor-divider-separator{width:23%;margin:0 auto;margin-center:0;}.elementor-214 .elementor-element.elementor-element-8828482 .elementor-divider{text-align:center;padding-block-start:2px;padding-block-end:2px;}.elementor-214 .elementor-element.elementor-element-16968d9{box-shadow:0px 0px 10px 0px rgba(0, 0, 0, 0.17);margin-top:50px;margin-bottom:0px;}.elementor-214 .elementor-element.elementor-element-e6c59e5 > .elementor-element-populated{padding:0px 0px 0px 0px;}.elementor-214 .elementor-element.elementor-element-1da373d > .elementor-widget-container{margin:0% 0% 0% 0%;}.elementor-214 .elementor-element.elementor-element-1da373d{text-align:right;}.elementor-214 .elementor-element.elementor-element-1da373d img{border-style:none;}.elementor-bc-flex-widget .elementor-214 .elementor-element.elementor-element-a073a8b.elementor-column .elementor-widget-wrap{align-items:center;}.elementor-214 .elementor-element.elementor-element-a073a8b.elementor-column.elementor-element[data-element_type=\"column\"] > .elementor-widget-wrap.elementor-element-populated{align-content:center;align-items:center;}.elementor-214 .elementor-element.elementor-element-a073a8b > .elementor-element-populated{transition:background 0.3s, border 0.3s, border-radius 0.3s, box-shadow 0.3s;margin:50px 50px 50px 50px;--e-column-margin-right:50px;--e-column-margin-left:50px;}.elementor-214 .elementor-element.elementor-element-a073a8b > .elementor-element-populated > .elementor-background-overlay{transition:background 0.3s, border-radius 0.3s, opacity 0.3s;}.elementor-214 .elementor-element.elementor-element-1181fb5{text-align:left;font-family:\"Heebo\", Sans-serif;font-size:18px;font-weight:400;line-height:1.5em;color:var( --e-global-color-secondary );}.elementor-214 .elementor-element.elementor-element-ceddb6f .elementor-button{background-color:var( --e-global-color-primary );fill:#FFFFFF;color:#FFFFFF;border-radius:50px 50px 50px 50px;padding:18px 32px 18px 32px;}.elementor-214 .elementor-element.elementor-element-ceddb6f .elementor-button:hover, .elementor-214 .elementor-element.elementor-element-ceddb6f .elementor-button:focus{background-color:var( --e-global-color-primary );}.elementor-214 .elementor-element.elementor-element-ceddb6f > .elementor-widget-container{margin:20px 0px 0px 0px;}@media(min-width:768px){.elementor-214 .elementor-element.elementor-element-e6c59e5{width:38.957%;}.elementor-214 .elementor-element.elementor-element-a073a8b{width:60.647%;}}@media(max-width:1024px){.elementor-214 .elementor-element.elementor-element-1483b44:not(.elementor-motion-effects-element-type-background), .elementor-214 .elementor-element.elementor-element-1483b44 > .elementor-motion-effects-container > .elementor-motion-effects-layer{background-position:center center;}.elementor-214 .elementor-element.elementor-element-1483b44{margin-top:0px;margin-bottom:0px;padding:210px 10px 140px 10px;}.elementor-214 .elementor-element.elementor-element-fef75aa .elementor-heading-title{font-size:var( --e-global-typography-secondary-font-size );line-height:var( --e-global-typography-secondary-line-height );}.elementor-214 .elementor-element.elementor-element-0b67f1e .elementor-heading-title{font-size:var( --e-global-typography-secondary-font-size );line-height:var( --e-global-typography-secondary-line-height );}.elementor-214 .elementor-element.elementor-element-ceddb6f > .elementor-widget-container{margin:0px 0px 0px 0px;}}@media(max-width:767px){.elementor-214 .elementor-element.elementor-element-1483b44{margin-top:0px;margin-bottom:0px;padding:152px 10px 80px 10px;}.elementor-214 .elementor-element.elementor-element-fef75aa .elementor-heading-title{font-size:var( --e-global-typography-secondary-font-size );line-height:var( --e-global-typography-secondary-line-height );}.elementor-214 .elementor-element.elementor-element-0b67f1e .elementor-heading-title{font-size:var( --e-global-typography-secondary-font-size );line-height:var( --e-global-typography-secondary-line-height );}.elementor-214 .elementor-element.elementor-element-0426898 .elementor-heading-title{font-size:24px;}.elementor-214 .elementor-element.elementor-element-8828482 .elementor-divider-separator{width:30%;}.elementor-214 .elementor-element.elementor-element-a073a8b > .elementor-element-populated{margin:50px 0px 50px 0px;--e-column-margin-right:0px;--e-column-margin-left:0px;padding:0px 20px 0px 20px;}.elementor-214 .elementor-element.elementor-element-1181fb5{font-size:16px;}.elementor-214 .elementor-element.elementor-element-ceddb6f .elementor-button{padding:15px 30px 15px 30px;}}<\/style>\t\t<div data-elementor-type=\"wp-page\" data-elementor-id=\"214\" class=\"elementor elementor-214\" data-elementor-post-type=\"page\">\n\t\t\t\t\t\t<section class=\"elementor-section elementor-top-section elementor-element elementor-element-1483b44 elementor-section-boxed elementor-section-height-default elementor-section-height-default\" data-id=\"1483b44\" data-element_type=\"section\" data-settings=\"{&quot;background_background&quot;:&quot;classic&quot;}\">\n\t\t\t\t\t\t\t<div class=\"elementor-background-overlay\"><\/div>\n\t\t\t\t\t\t\t<div class=\"elementor-container elementor-column-gap-default\">\n\t\t\t\t\t<div class=\"elementor-column elementor-col-100 elementor-top-column elementor-element elementor-element-bb58e60\" data-id=\"bb58e60\" data-element_type=\"column\">\n\t\t\t<div class=\"elementor-widget-wrap elementor-element-populated\">\n\t\t\t\t\t\t<div class=\"elementor-element elementor-element-fef75aa elementor-widget elementor-widget-heading\" data-id=\"fef75aa\" data-element_type=\"widget\" data-widget_type=\"heading.default\">\n\t\t\t\t<div class=\"elementor-widget-container\">\n\t\t\t\t\t<h2 class=\"elementor-heading-title elementor-size-default\">Nuestras proveedoras\n<\/h2>\t\t\t\t<\/div>\n\t\t\t\t<\/div>\n\t\t\t\t\t<\/div>\n\t\t<\/div>\n\t\t\t\t\t<\/div>\n\t\t<\/section>\n\t\t\t\t<section class=\"elementor-section elementor-top-section elementor-element elementor-element-3566bd2 elementor-section-boxed elementor-section-height-default elementor-section-height-default\" data-id=\"3566bd2\" data-element_type=\"section\">\n\t\t\t\t\t\t<div class=\"elementor-container elementor-column-gap-default\">\n\t\t\t\t\t<div class=\"elementor-column elementor-col-100 elementor-top-column elementor-element elementor-element-c84ff3e\" data-id=\"c84ff3e\" data-element_type=\"column\">\n\t\t\t<div class=\"elementor-widget-wrap elementor-element-populated\">\n\t\t\t\t\t\t<div class=\"elementor-element elementor-element-0b67f1e elementor-widget elementor-widget-heading\" data-id=\"0b67f1e\" data-element_type=\"widget\" data-widget_type=\"heading.default\">\n\t\t\t\t<div class=\"elementor-widget-container\">\n\t\t\t\t\t<h2 class=\"elementor-heading-title elementor-size-default\"> Hong-An Do, O.D.<\/h2>\t\t\t\t<\/div>\n\t\t\t\t<\/div>\n\t\t\t\t<div class=\"elementor-element elementor-element-0426898 elementor-widget elementor-widget-heading\" data-id=\"0426898\" data-element_type=\"widget\" data-widget_type=\"heading.default\">\n\t\t\t\t<div class=\"elementor-widget-container\">\n\t\t\t\t\t<h2 class=\"elementor-heading-title elementor-size-default\">en Brooklyn y Flushing (Entrada por la Avenida 37), NY<\/h2>\t\t\t\t<\/div>\n\t\t\t\t<\/div>\n\t\t\t\t<div class=\"elementor-element elementor-element-8828482 elementor-widget-divider--separator-type-pattern elementor-widget-divider--view-line elementor-widget elementor-widget-divider\" data-id=\"8828482\" data-element_type=\"widget\" data-widget_type=\"divider.default\">\n\t\t\t\t<div class=\"elementor-widget-container\">\n\t\t\t\t\t\t\t<div class=\"elementor-divider\" style=\"--divider-pattern-url: url(&quot;data:image\/svg+xml,%3Csvg xmlns=&#039;http:\/\/www.w3.org\/2000\/svg&#039; preserveAspectRatio=&#039;none&#039; overflow=&#039;visible&#039; height=&#039;100%&#039; viewBox=&#039;0 0 24 24&#039; fill=&#039;none&#039; stroke=&#039;black&#039; stroke-width=&#039;1&#039; stroke-linecap=&#039;square&#039; stroke-miterlimit=&#039;10&#039;%3E%3Cpath d=&#039;M0,6c6,0,6,13,12,13S18,6,24,6&#039;\/%3E%3C\/svg%3E&quot;);\">\n\t\t\t<span class=\"elementor-divider-separator\">\n\t\t\t\t\t\t<\/span>\n\t\t<\/div>\n\t\t\t\t\t\t<\/div>\n\t\t\t\t<\/div>\n\t\t\t\t<section class=\"elementor-section elementor-inner-section elementor-element elementor-element-16968d9 elementor-section-boxed elementor-section-height-default elementor-section-height-default\" data-id=\"16968d9\" data-element_type=\"section\">\n\t\t\t\t\t\t<div class=\"elementor-container elementor-column-gap-default\">\n\t\t\t\t\t<div class=\"elementor-column elementor-col-33 elementor-inner-column elementor-element elementor-element-e6c59e5\" data-id=\"e6c59e5\" data-element_type=\"column\">\n\t\t\t<div class=\"elementor-widget-wrap elementor-element-populated\">\n\t\t\t\t\t\t<div class=\"elementor-element elementor-element-1da373d elementor-widget elementor-widget-image\" data-id=\"1da373d\" data-element_type=\"widget\" data-settings=\"{&quot;sticky&quot;:&quot;top&quot;,&quot;sticky_parent&quot;:&quot;yes&quot;,&quot;sticky_on&quot;:[&quot;desktop&quot;,&quot;tablet&quot;,&quot;mobile&quot;],&quot;sticky_offset&quot;:0,&quot;sticky_effects_offset&quot;:0,&quot;sticky_anchor_link_offset&quot;:0}\" data-widget_type=\"image.default\">\n\t\t\t\t<div class=\"elementor-widget-container\">\n\t\t\t\t\t\t\t\t\t\t\t\t\t\t\t<img fetchpriority=\"high\" decoding=\"async\" width=\"1707\" height=\"2560\" src=\"https:\/\/nypeye.com\/wp-content\/uploads\/2025\/02\/IMG_1289-Edit-scaled.jpg\" class=\"attachment-full size-full wp-image-1889\" alt=\"\" srcset=\"https:\/\/nypeye.com\/wp-content\/uploads\/2025\/02\/IMG_1289-Edit-scaled.jpg 1707w, https:\/\/nypeye.com\/wp-content\/uploads\/2025\/02\/IMG_1289-Edit-200x300.jpg 200w, https:\/\/nypeye.com\/wp-content\/uploads\/2025\/02\/IMG_1289-Edit-683x1024.jpg 683w, https:\/\/nypeye.com\/wp-content\/uploads\/2025\/02\/IMG_1289-Edit-768x1152.jpg 768w, https:\/\/nypeye.com\/wp-content\/uploads\/2025\/02\/IMG_1289-Edit-1024x1536.jpg 1024w, https:\/\/nypeye.com\/wp-content\/uploads\/2025\/02\/IMG_1289-Edit-1365x2048.jpg 1365w, https:\/\/nypeye.com\/wp-content\/uploads\/2025\/02\/IMG_1289-Edit-8x12.jpg 8w\" sizes=\"(max-width: 1707px) 100vw, 1707px\" \/>\t\t\t\t\t\t\t\t\t\t\t\t\t\t\t<\/div>\n\t\t\t\t<\/div>\n\t\t\t\t\t<\/div>\n\t\t<\/div>\n\t\t\t\t<div class=\"elementor-column elementor-col-66 elementor-inner-column elementor-element elementor-element-a073a8b animated-slow\" data-id=\"a073a8b\" data-element_type=\"column\" data-settings=\"{&quot;animation&quot;:&quot;none&quot;,&quot;background_background&quot;:&quot;classic&quot;}\">\n\t\t\t<div class=\"elementor-widget-wrap elementor-element-populated\">\n\t\t\t\t\t\t<div class=\"elementor-element elementor-element-1181fb5 elementor-widget elementor-widget-text-editor\" data-id=\"1181fb5\" data-element_type=\"widget\" data-widget_type=\"text-editor.default\">\n\t\t\t\t<div class=\"elementor-widget-container\">\n\t\t\t\t\t\t\t\t\t<p>La Dra. Hong-An Do obtuvo su Doctorado en Optometr\u00eda con honores Beta Sima Kappa (BSK) en el New England College of Optometry. Durante sus estudios, fue vicepresidenta de la Sociedad de Honor BSK y obtuvo el mayor n\u00famero de premios de graduaci\u00f3n en ambas categor\u00edas por su destacado desempe\u00f1o acad\u00e9mico y cl\u00ednico. Posteriormente, complet\u00f3 su residencia en enfermedades oculares y atenci\u00f3n primaria en el campus Jamaica Plain del Departamento de Asuntos de Veteranos de Boston.<\/p><p>La Dra. Do se especializa en enfermedades oculares del segmento anterior y posterior, como ojo seco, glaucoma, degeneraci\u00f3n macular y atenci\u00f3n pre y postoperatoria de cirug\u00eda ocular. Habla ingl\u00e9s y vietnamita.<\/p><p>\u00a1En su tiempo libre, a la Dra. Do le encanta cocinar y hornear para sus amigos y familiares!<\/p>\t\t\t\t\t\t\t\t<\/div>\n\t\t\t\t<\/div>\n\t\t\t\t<div class=\"elementor-element elementor-element-ceddb6f elementor-mobile-align-center animated-slow elementor-align-center elementor-widget elementor-widget-button\" data-id=\"ceddb6f\" data-element_type=\"widget\" data-settings=\"{&quot;_animation&quot;:&quot;none&quot;,&quot;_animation_delay&quot;:40}\" data-widget_type=\"button.default\">\n\t\t\t\t<div class=\"elementor-widget-container\">\n\t\t\t\t\t\t\t\t\t<div class=\"elementor-button-wrapper\">\n\t\t\t\t\t<a class=\"elementor-button elementor-button-link elementor-size-sm elementor-animation-float\" href=\"https:\/\/nypeye.com\/es\/956\/\">\n\t\t\t\t\t\t<span class=\"elementor-button-content-wrapper\">\n\t\t\t\t\t\t\t\t\t<span class=\"elementor-button-text\">Solicitar cita<\/span>\n\t\t\t\t\t<\/span>\n\t\t\t\t\t<\/a>\n\t\t\t\t<\/div>\n\t\t\t\t\t\t\t\t<\/div>\n\t\t\t\t<\/div>\n\t\t\t\t\t<\/div>\n\t\t<\/div>\n\t\t\t\t\t<\/div>\n\t\t<\/section>\n\t\t\t\t\t<\/div>\n\t\t<\/div>\n\t\t\t\t\t<\/div>\n\t\t<\/section>\n\t\t\t\t<\/div>\n\t\t\n    <div class=\"xs_social_share_widget xs_share_url after_content \t\tmain_content  wslu-style-1 wslu-share-box-shaped wslu-fill-colored wslu-none wslu-share-horizontal wslu-theme-font-no wslu-main_content\">\n\n\t\t\n        <ul>\n\t\t\t        <\/ul>\n    <\/div>","protected":false},"excerpt":{"rendered":"<p>Our Providers Hong-An Do, O.D. in Brooklyn and Flushing (Entrance on 37th Ave) , NY Dr. Hong-An Do earned her Doctorate of Optometry with Beta Sima Kappa (BSK) honors from the New England College of Optometry. During her time in school, she served as the Vice-President of BSK Honor Society and won the highest number [&hellip;]<\/p>","protected":false},"author":1,"featured_media":0,"parent":0,"menu_order":0,"comment_status":"closed","ping_status":"closed","template":"elementor_header_footer","meta":{"om_disable_all_campaigns":false,"_monsterinsights_skip_tracking":false,"_monsterinsights_sitenote_active":false,"_monsterinsights_sitenote_note":"","_monsterinsights_sitenote_category":0,"postBodyCss":"","postBodyMargin":[],"postBodyPadding":[],"postBodyBackground":{"backgroundType":"classic","gradient":""},"footnotes":""},"class_list":["post-214","page","type-page","status-publish","hentry"],"aioseo_notices":[],"_links":{"self":[{"href":"https:\/\/nypeye.com\/es\/wp-json\/wp\/v2\/pages\/214","targetHints":{"allow":["GET"]}}],"collection":[{"href":"https:\/\/nypeye.com\/es\/wp-json\/wp\/v2\/pages"}],"about":[{"href":"https:\/\/nypeye.com\/es\/wp-json\/wp\/v2\/types\/page"}],"author":[{"embeddable":true,"href":"https:\/\/nypeye.com\/es\/wp-json\/wp\/v2\/users\/1"}],"replies":[{"embeddable":true,"href":"https:\/\/nypeye.com\/es\/wp-json\/wp\/v2\/comments?post=214"}],"version-history":[{"count":19,"href":"https:\/\/nypeye.com\/es\/wp-json\/wp\/v2\/pages\/214\/revisions"}],"predecessor-version":[{"id":1907,"href":"https:\/\/nypeye.com\/es\/wp-json\/wp\/v2\/pages\/214\/revisions\/1907"}],"wp:attachment":[{"href":"https:\/\/nypeye.com\/es\/wp-json\/wp\/v2\/media?parent=214"}],"curies":[{"name":"wp","href":"https:\/\/api.w.org\/{rel}","templated":true}]}}