{"id":208,"date":"2024-10-26T11:28:28","date_gmt":"2024-10-26T11:28:28","guid":{"rendered":"https:\/\/nypeye.com\/?page_id=208"},"modified":"2024-11-14T19:27:45","modified_gmt":"2024-11-14T19:27:45","slug":"zhenzhu-zhao-o-d","status":"publish","type":"page","link":"https:\/\/nypeye.com\/es\/zhenzhu-zhao-o-d\/","title":{"rendered":"Zhenzhu Zhao, O.D."},"content":{"rendered":"<style>.elementor-208 .elementor-element.elementor-element-4a661fa:not(.elementor-motion-effects-element-type-background), .elementor-208 .elementor-element.elementor-element-4a661fa > .elementor-motion-effects-container > .elementor-motion-effects-layer{background-image:url(\"https:\/\/nypeye.com\/wp-content\/uploads\/2024\/10\/2715707.webp\");background-position:center center;background-repeat:no-repeat;background-size:cover;}.elementor-208 .elementor-element.elementor-element-4a661fa > .elementor-background-overlay{background-color:var( --e-global-color-primary );opacity:0.9;transition:background 0.3s, border-radius 0.3s, opacity 0.3s;}.elementor-208 .elementor-element.elementor-element-4a661fa > .elementor-container{max-width:1170px;}.elementor-208 .elementor-element.elementor-element-4a661fa{transition:background 0.3s, border 0.3s, border-radius 0.3s, box-shadow 0.3s;padding:100px 0px 100px 0px;z-index:0;}.elementor-208 .elementor-element.elementor-element-83cab95{text-align:center;}.elementor-208 .elementor-element.elementor-element-83cab95 .elementor-heading-title{font-family:var( --e-global-typography-secondary-font-family ), Sans-serif;font-size:var( --e-global-typography-secondary-font-size );font-weight:var( --e-global-typography-secondary-font-weight );line-height:var( --e-global-typography-secondary-line-height );color:#FFFFFF;}.elementor-208 .elementor-element.elementor-element-c59740c{margin-top:80px;margin-bottom:80px;}.elementor-208 .elementor-element.elementor-element-2fd0352{text-align:center;}.elementor-208 .elementor-element.elementor-element-2fd0352 .elementor-heading-title{font-family:var( --e-global-typography-secondary-font-family ), Sans-serif;font-size:var( --e-global-typography-secondary-font-size );font-weight:var( --e-global-typography-secondary-font-weight );line-height:var( --e-global-typography-secondary-line-height );color:var( --e-global-color-primary );}.elementor-208 .elementor-element.elementor-element-ee5b8b7{text-align:center;}.elementor-208 .elementor-element.elementor-element-ee5b8b7 .elementor-heading-title{font-family:\"Domine\", Sans-serif;font-size:18px;font-weight:600;text-transform:capitalize;line-height:1.2em;color:var( --e-global-color-primary );}.elementor-208 .elementor-element.elementor-element-df88ab7{--divider-border-style:curved;--divider-color:var( --e-global-color-primary );--divider-border-width:1px;--divider-pattern-height:20px;--divider-pattern-size:20px;}.elementor-208 .elementor-element.elementor-element-df88ab7 .elementor-divider-separator{width:23%;margin:0 auto;margin-center:0;}.elementor-208 .elementor-element.elementor-element-df88ab7 .elementor-divider{text-align:center;padding-block-start:2px;padding-block-end:2px;}.elementor-208 .elementor-element.elementor-element-5d1437d{box-shadow:0px 0px 10px 0px rgba(0, 0, 0, 0.17);margin-top:50px;margin-bottom:0px;}.elementor-208 .elementor-element.elementor-element-f8ce5bf > .elementor-element-populated{padding:0px 0px 0px 0px;}.elementor-208 .elementor-element.elementor-element-3149c32 > .elementor-widget-container{margin:0% 0% 0% 0%;}.elementor-208 .elementor-element.elementor-element-3149c32{text-align:right;}.elementor-208 .elementor-element.elementor-element-3149c32 img{border-style:none;}.elementor-bc-flex-widget .elementor-208 .elementor-element.elementor-element-78402b6.elementor-column .elementor-widget-wrap{align-items:center;}.elementor-208 .elementor-element.elementor-element-78402b6.elementor-column.elementor-element[data-element_type=\"column\"] > .elementor-widget-wrap.elementor-element-populated{align-content:center;align-items:center;}.elementor-208 .elementor-element.elementor-element-78402b6 > .elementor-element-populated{transition:background 0.3s, border 0.3s, border-radius 0.3s, box-shadow 0.3s;margin:50px 50px 50px 50px;--e-column-margin-right:50px;--e-column-margin-left:50px;}.elementor-208 .elementor-element.elementor-element-78402b6 > .elementor-element-populated > .elementor-background-overlay{transition:background 0.3s, border-radius 0.3s, opacity 0.3s;}.elementor-208 .elementor-element.elementor-element-cdb3170{text-align:left;font-family:\"Heebo\", Sans-serif;font-size:18px;font-weight:400;line-height:1.5em;color:#000000;}.elementor-208 .elementor-element.elementor-element-c7a960e .elementor-button{background-color:var( --e-global-color-primary );fill:#FFFFFF;color:#FFFFFF;border-radius:50px 50px 50px 50px;padding:18px 32px 18px 32px;}.elementor-208 .elementor-element.elementor-element-c7a960e .elementor-button:hover, .elementor-208 .elementor-element.elementor-element-c7a960e .elementor-button:focus{background-color:var( --e-global-color-primary );}.elementor-208 .elementor-element.elementor-element-c7a960e > .elementor-widget-container{margin:20px 0px 0px 0px;}@media(min-width:768px){.elementor-208 .elementor-element.elementor-element-f8ce5bf{width:38.957%;}.elementor-208 .elementor-element.elementor-element-78402b6{width:60.647%;}}@media(max-width:1024px){.elementor-208 .elementor-element.elementor-element-4a661fa:not(.elementor-motion-effects-element-type-background), .elementor-208 .elementor-element.elementor-element-4a661fa > .elementor-motion-effects-container > .elementor-motion-effects-layer{background-position:center center;}.elementor-208 .elementor-element.elementor-element-4a661fa{margin-top:0px;margin-bottom:0px;padding:210px 10px 140px 10px;}.elementor-208 .elementor-element.elementor-element-83cab95 .elementor-heading-title{font-size:var( --e-global-typography-secondary-font-size );line-height:var( --e-global-typography-secondary-line-height );}.elementor-208 .elementor-element.elementor-element-2fd0352 .elementor-heading-title{font-size:var( --e-global-typography-secondary-font-size );line-height:var( --e-global-typography-secondary-line-height );}.elementor-208 .elementor-element.elementor-element-c7a960e > .elementor-widget-container{margin:0px 0px 0px 0px;}}@media(max-width:767px){.elementor-208 .elementor-element.elementor-element-4a661fa{margin-top:0px;margin-bottom:0px;padding:152px 10px 80px 10px;}.elementor-208 .elementor-element.elementor-element-83cab95 .elementor-heading-title{font-size:var( --e-global-typography-secondary-font-size );line-height:var( --e-global-typography-secondary-line-height );}.elementor-208 .elementor-element.elementor-element-2fd0352 .elementor-heading-title{font-size:var( --e-global-typography-secondary-font-size );line-height:var( --e-global-typography-secondary-line-height );}.elementor-208 .elementor-element.elementor-element-ee5b8b7 .elementor-heading-title{font-size:24px;}.elementor-208 .elementor-element.elementor-element-df88ab7 .elementor-divider-separator{width:25%;}.elementor-208 .elementor-element.elementor-element-78402b6 > .elementor-element-populated{margin:50px 0px 50px 0px;--e-column-margin-right:0px;--e-column-margin-left:0px;padding:0px 20px 0px 20px;}.elementor-208 .elementor-element.elementor-element-cdb3170{font-size:16px;}.elementor-208 .elementor-element.elementor-element-c7a960e .elementor-button{padding:15px 30px 15px 30px;}}<\/style>\t\t<div data-elementor-type=\"wp-page\" data-elementor-id=\"208\" class=\"elementor elementor-208\" data-elementor-post-type=\"page\">\n\t\t\t\t\t\t<section class=\"elementor-section elementor-top-section elementor-element elementor-element-4a661fa elementor-section-boxed elementor-section-height-default elementor-section-height-default\" data-id=\"4a661fa\" data-element_type=\"section\" data-settings=\"{&quot;background_background&quot;:&quot;classic&quot;}\">\n\t\t\t\t\t\t\t<div class=\"elementor-background-overlay\"><\/div>\n\t\t\t\t\t\t\t<div class=\"elementor-container elementor-column-gap-default\">\n\t\t\t\t\t<div class=\"elementor-column elementor-col-100 elementor-top-column elementor-element elementor-element-6391c03\" data-id=\"6391c03\" data-element_type=\"column\">\n\t\t\t<div class=\"elementor-widget-wrap elementor-element-populated\">\n\t\t\t\t\t\t<div class=\"elementor-element elementor-element-83cab95 elementor-widget elementor-widget-heading\" data-id=\"83cab95\" data-element_type=\"widget\" data-widget_type=\"heading.default\">\n\t\t\t\t<div class=\"elementor-widget-container\">\n\t\t\t\t\t<h2 class=\"elementor-heading-title elementor-size-default\">Nuestras proveedoras\n<\/h2>\t\t\t\t<\/div>\n\t\t\t\t<\/div>\n\t\t\t\t\t<\/div>\n\t\t<\/div>\n\t\t\t\t\t<\/div>\n\t\t<\/section>\n\t\t\t\t<section class=\"elementor-section elementor-top-section elementor-element elementor-element-c59740c elementor-section-boxed elementor-section-height-default elementor-section-height-default\" data-id=\"c59740c\" data-element_type=\"section\">\n\t\t\t\t\t\t<div class=\"elementor-container elementor-column-gap-default\">\n\t\t\t\t\t<div class=\"elementor-column elementor-col-100 elementor-top-column elementor-element elementor-element-7e7db13\" data-id=\"7e7db13\" data-element_type=\"column\">\n\t\t\t<div class=\"elementor-widget-wrap elementor-element-populated\">\n\t\t\t\t\t\t<div class=\"elementor-element elementor-element-2fd0352 elementor-widget elementor-widget-heading\" data-id=\"2fd0352\" data-element_type=\"widget\" data-widget_type=\"heading.default\">\n\t\t\t\t<div class=\"elementor-widget-container\">\n\t\t\t\t\t<h2 class=\"elementor-heading-title elementor-size-default\">Zhenzhu Zhao, OD, FAAO<\/h2>\t\t\t\t<\/div>\n\t\t\t\t<\/div>\n\t\t\t\t<div class=\"elementor-element elementor-element-ee5b8b7 elementor-widget elementor-widget-heading\" data-id=\"ee5b8b7\" data-element_type=\"widget\" data-widget_type=\"heading.default\">\n\t\t\t\t<div class=\"elementor-widget-container\">\n\t\t\t\t\t<h2 class=\"elementor-heading-title elementor-size-default\">en Brooklyn y Flushing (Entrada por la Avenida 37), NY<\/h2>\t\t\t\t<\/div>\n\t\t\t\t<\/div>\n\t\t\t\t<div class=\"elementor-element elementor-element-df88ab7 elementor-widget-divider--separator-type-pattern elementor-widget-divider--view-line elementor-widget elementor-widget-divider\" data-id=\"df88ab7\" data-element_type=\"widget\" data-widget_type=\"divider.default\">\n\t\t\t\t<div class=\"elementor-widget-container\">\n\t\t\t\t\t\t\t<div class=\"elementor-divider\" style=\"--divider-pattern-url: url(&quot;data:image\/svg+xml,%3Csvg xmlns=&#039;http:\/\/www.w3.org\/2000\/svg&#039; preserveAspectRatio=&#039;none&#039; overflow=&#039;visible&#039; height=&#039;100%&#039; viewBox=&#039;0 0 24 24&#039; fill=&#039;none&#039; stroke=&#039;black&#039; stroke-width=&#039;1&#039; stroke-linecap=&#039;square&#039; stroke-miterlimit=&#039;10&#039;%3E%3Cpath d=&#039;M0,6c6,0,6,13,12,13S18,6,24,6&#039;\/%3E%3C\/svg%3E&quot;);\">\n\t\t\t<span class=\"elementor-divider-separator\">\n\t\t\t\t\t\t<\/span>\n\t\t<\/div>\n\t\t\t\t\t\t<\/div>\n\t\t\t\t<\/div>\n\t\t\t\t<section class=\"elementor-section elementor-inner-section elementor-element elementor-element-5d1437d elementor-section-boxed elementor-section-height-default elementor-section-height-default\" data-id=\"5d1437d\" data-element_type=\"section\">\n\t\t\t\t\t\t<div class=\"elementor-container elementor-column-gap-default\">\n\t\t\t\t\t<div class=\"elementor-column elementor-col-33 elementor-inner-column elementor-element elementor-element-f8ce5bf\" data-id=\"f8ce5bf\" data-element_type=\"column\">\n\t\t\t<div class=\"elementor-widget-wrap elementor-element-populated\">\n\t\t\t\t\t\t<div class=\"elementor-element elementor-element-3149c32 elementor-widget elementor-widget-image\" data-id=\"3149c32\" data-element_type=\"widget\" data-settings=\"{&quot;sticky&quot;:&quot;top&quot;,&quot;sticky_parent&quot;:&quot;yes&quot;,&quot;sticky_on&quot;:[&quot;desktop&quot;,&quot;tablet&quot;,&quot;mobile&quot;],&quot;sticky_offset&quot;:0,&quot;sticky_effects_offset&quot;:0,&quot;sticky_anchor_link_offset&quot;:0}\" data-widget_type=\"image.default\">\n\t\t\t\t<div class=\"elementor-widget-container\">\n\t\t\t\t\t\t\t\t\t\t\t\t\t\t\t<img fetchpriority=\"high\" decoding=\"async\" width=\"640\" height=\"882\" src=\"https:\/\/nypeye.com\/wp-content\/uploads\/2024\/10\/2715707.webp\" class=\"attachment-full size-full wp-image-134\" alt=\"NY Partners Ophthalmology,Zhenzhu Zhao,O.D.\" srcset=\"https:\/\/nypeye.com\/wp-content\/uploads\/2024\/10\/2715707.webp 640w, https:\/\/nypeye.com\/wp-content\/uploads\/2024\/10\/2715707-218x300.webp 218w\" sizes=\"(max-width: 640px) 100vw, 640px\" \/>\t\t\t\t\t\t\t\t\t\t\t\t\t\t\t<\/div>\n\t\t\t\t<\/div>\n\t\t\t\t\t<\/div>\n\t\t<\/div>\n\t\t\t\t<div class=\"elementor-column elementor-col-66 elementor-inner-column elementor-element elementor-element-78402b6 animated-slow\" data-id=\"78402b6\" data-element_type=\"column\" data-settings=\"{&quot;animation&quot;:&quot;none&quot;,&quot;background_background&quot;:&quot;classic&quot;}\">\n\t\t\t<div class=\"elementor-widget-wrap elementor-element-populated\">\n\t\t\t\t\t\t<div class=\"elementor-element elementor-element-cdb3170 elementor-widget elementor-widget-text-editor\" data-id=\"cdb3170\" data-element_type=\"widget\" data-widget_type=\"text-editor.default\">\n\t\t\t\t<div class=\"elementor-widget-container\">\n\t\t\t\t\t\t\t\t\t<p>La Dra. Zhenzhu Zhao obtuvo su Doctorado en Optometr\u00eda en el Pennsylvania College of Optometry de la Universidad de Salus. Tras graduarse en 2022, complet\u00f3 su residencia en optometr\u00eda de atenci\u00f3n primaria con \u00e9nfasis en enfermedades oculares en el Sistema de Atenci\u00f3n M\u00e9dica del Valle del Hudson para Asuntos de Veteranos de Nueva York. La Dra. Zhao es miembro activo de la Asociaci\u00f3n de Optometr\u00eda del Estado de Nueva York y de la Academia Estadounidense de Optometr\u00eda. Es diplomada de la Junta Estadounidense de Optometr\u00eda y miembro de la Academia Estadounidense de Optometr\u00eda.&nbsp;<\/p>\n<p>La Dra. Zhao naci\u00f3 en Guangdong, China, y se mud\u00f3 a Brooklyn, Nueva York, con su familia a los doce a\u00f1os. Le apasiona contribuir a la comunidad en la que creci\u00f3. Actualmente, ofrece atenci\u00f3n oftalmol\u00f3gica integral, especializ\u00e1ndose en enfermedades oculares, en NY Partners Ophthalmology. Habla ingl\u00e9s, canton\u00e9s y mandar\u00edn.<\/p>\t\t\t\t\t\t\t\t<\/div>\n\t\t\t\t<\/div>\n\t\t\t\t<div class=\"elementor-element elementor-element-c7a960e elementor-mobile-align-center animated-slow elementor-align-center elementor-widget elementor-widget-button\" data-id=\"c7a960e\" data-element_type=\"widget\" data-settings=\"{&quot;_animation&quot;:&quot;none&quot;,&quot;_animation_delay&quot;:40}\" data-widget_type=\"button.default\">\n\t\t\t\t<div class=\"elementor-widget-container\">\n\t\t\t\t\t\t\t\t\t<div class=\"elementor-button-wrapper\">\n\t\t\t\t\t<a class=\"elementor-button elementor-button-link elementor-size-sm elementor-animation-float\" href=\"https:\/\/nypeye.com\/es\/appointment-request\/\">\n\t\t\t\t\t\t<span class=\"elementor-button-content-wrapper\">\n\t\t\t\t\t\t\t\t\t<span class=\"elementor-button-text\">Solicitar cita<\/span>\n\t\t\t\t\t<\/span>\n\t\t\t\t\t<\/a>\n\t\t\t\t<\/div>\n\t\t\t\t\t\t\t\t<\/div>\n\t\t\t\t<\/div>\n\t\t\t\t\t<\/div>\n\t\t<\/div>\n\t\t\t\t\t<\/div>\n\t\t<\/section>\n\t\t\t\t\t<\/div>\n\t\t<\/div>\n\t\t\t\t\t<\/div>\n\t\t<\/section>\n\t\t\t\t<\/div>\n\t\t\n    <div class=\"xs_social_share_widget xs_share_url after_content \t\tmain_content  wslu-style-1 wslu-share-box-shaped wslu-fill-colored wslu-none wslu-share-horizontal wslu-theme-font-no wslu-main_content\">\n\n\t\t\n        <ul>\n\t\t\t        <\/ul>\n    <\/div>","protected":false},"excerpt":{"rendered":"<p>Our Providers Zhenzhu Zhao, O.D.,FAAO \u8d99\u632f\u73e0\u91ab\u751f in Brooklyn and Flushing (Entrance on 37th Ave) , NY Dr. Zhenzhu Zhao received her Doctorate of Optometry from the Pennsylvania College of Optometry at Salus University. After graduating in 2022, she went on to complete her residency in primary care optometry with ocular disease emphasis at the Veterans [&hellip;]<\/p>","protected":false},"author":1,"featured_media":0,"parent":0,"menu_order":0,"comment_status":"closed","ping_status":"closed","template":"elementor_header_footer","meta":{"om_disable_all_campaigns":false,"_monsterinsights_skip_tracking":false,"_monsterinsights_sitenote_active":false,"_monsterinsights_sitenote_note":"","_monsterinsights_sitenote_category":0,"postBodyCss":"","postBodyMargin":[],"postBodyPadding":[],"postBodyBackground":{"backgroundType":"classic","gradient":""},"footnotes":""},"class_list":["post-208","page","type-page","status-publish","hentry"],"aioseo_notices":[],"_links":{"self":[{"href":"https:\/\/nypeye.com\/es\/wp-json\/wp\/v2\/pages\/208","targetHints":{"allow":["GET"]}}],"collection":[{"href":"https:\/\/nypeye.com\/es\/wp-json\/wp\/v2\/pages"}],"about":[{"href":"https:\/\/nypeye.com\/es\/wp-json\/wp\/v2\/types\/page"}],"author":[{"embeddable":true,"href":"https:\/\/nypeye.com\/es\/wp-json\/wp\/v2\/users\/1"}],"replies":[{"embeddable":true,"href":"https:\/\/nypeye.com\/es\/wp-json\/wp\/v2\/comments?post=208"}],"version-history":[{"count":19,"href":"https:\/\/nypeye.com\/es\/wp-json\/wp\/v2\/pages\/208\/revisions"}],"predecessor-version":[{"id":1562,"href":"https:\/\/nypeye.com\/es\/wp-json\/wp\/v2\/pages\/208\/revisions\/1562"}],"wp:attachment":[{"href":"https:\/\/nypeye.com\/es\/wp-json\/wp\/v2\/media?parent=208"}],"curies":[{"name":"wp","href":"https:\/\/api.w.org\/{rel}","templated":true}]}}