{"id":202,"date":"2024-10-26T11:22:07","date_gmt":"2024-10-26T11:22:07","guid":{"rendered":"https:\/\/nypeye.com\/?page_id=202"},"modified":"2025-02-11T16:14:08","modified_gmt":"2025-02-11T16:14:08","slug":"carlos-woc-o-d","status":"publish","type":"page","link":"https:\/\/nypeye.com\/es\/carlos-woc-o-d\/","title":{"rendered":"Carlos Woc, O.D."},"content":{"rendered":"<style>.elementor-202 .elementor-element.elementor-element-aa4131c > .elementor-container{max-width:1170px;}.elementor-202 .elementor-element.elementor-element-aa4131c:not(.elementor-motion-effects-element-type-background), .elementor-202 .elementor-element.elementor-element-aa4131c > .elementor-motion-effects-container > .elementor-motion-effects-layer{background-image:url(\"https:\/\/nypeye.com\/wp-content\/uploads\/2024\/10\/2715705.webp\");background-position:center center;background-repeat:no-repeat;background-size:cover;}.elementor-202 .elementor-element.elementor-element-aa4131c > .elementor-background-overlay{background-color:var( --e-global-color-primary );opacity:0.9;transition:background 0.3s, border-radius 0.3s, opacity 0.3s;}.elementor-202 .elementor-element.elementor-element-aa4131c{transition:background 0.3s, border 0.3s, border-radius 0.3s, box-shadow 0.3s;padding:100px 0px 100px 0px;z-index:0;}.elementor-202 .elementor-element.elementor-element-3894b0d{text-align:center;}.elementor-202 .elementor-element.elementor-element-3894b0d .elementor-heading-title{font-family:var( --e-global-typography-secondary-font-family ), Sans-serif;font-size:var( --e-global-typography-secondary-font-size );font-weight:var( --e-global-typography-secondary-font-weight );line-height:var( --e-global-typography-secondary-line-height );color:#FFFFFF;}.elementor-202 .elementor-element.elementor-element-97e1f2b{margin-top:80px;margin-bottom:80px;}.elementor-202 .elementor-element.elementor-element-b6b4dd4{text-align:center;}.elementor-202 .elementor-element.elementor-element-b6b4dd4 .elementor-heading-title{font-family:var( --e-global-typography-secondary-font-family ), Sans-serif;font-size:var( --e-global-typography-secondary-font-size );font-weight:var( --e-global-typography-secondary-font-weight );line-height:var( --e-global-typography-secondary-line-height );color:var( --e-global-color-primary );}.elementor-202 .elementor-element.elementor-element-6579baa{text-align:center;}.elementor-202 .elementor-element.elementor-element-6579baa .elementor-heading-title{font-family:\"Domine\", Sans-serif;font-size:18px;font-weight:600;text-transform:capitalize;line-height:1.2em;color:var( --e-global-color-primary );}.elementor-202 .elementor-element.elementor-element-e111c6c{--divider-border-style:curved;--divider-color:var( --e-global-color-primary );--divider-border-width:1px;--divider-pattern-height:20px;--divider-pattern-size:20px;}.elementor-202 .elementor-element.elementor-element-e111c6c .elementor-divider-separator{width:23%;margin:0 auto;margin-center:0;}.elementor-202 .elementor-element.elementor-element-e111c6c .elementor-divider{text-align:center;padding-block-start:2px;padding-block-end:2px;}.elementor-202 .elementor-element.elementor-element-0cacfe3{box-shadow:0px 0px 10px 0px rgba(0, 0, 0, 0.17);margin-top:50px;margin-bottom:0px;}.elementor-202 .elementor-element.elementor-element-c381237 > .elementor-element-populated{padding:0px 0px 0px 0px;}.elementor-202 .elementor-element.elementor-element-649f495{text-align:end;}.elementor-202 .elementor-element.elementor-element-649f495 img{border-style:none;}.elementor-202 .elementor-element.elementor-element-649f495 > .elementor-widget-container{margin:0% 0% 0% 0%;}.elementor-bc-flex-widget .elementor-202 .elementor-element.elementor-element-fc8b08b.elementor-column .elementor-widget-wrap{align-items:center;}.elementor-202 .elementor-element.elementor-element-fc8b08b.elementor-column.elementor-element[data-element_type=\"column\"] > .elementor-widget-wrap.elementor-element-populated{align-content:center;align-items:center;}.elementor-202 .elementor-element.elementor-element-fc8b08b > .elementor-element-populated{transition:background 0.3s, border 0.3s, border-radius 0.3s, box-shadow 0.3s;margin:50px 50px 50px 50px;--e-column-margin-right:50px;--e-column-margin-left:50px;}.elementor-202 .elementor-element.elementor-element-fc8b08b > .elementor-element-populated > .elementor-background-overlay{transition:background 0.3s, border-radius 0.3s, opacity 0.3s;}.elementor-202 .elementor-element.elementor-element-0a7adb2{text-align:start;font-family:\"Heebo\", Sans-serif;font-size:18px;font-weight:400;line-height:1.5em;color:var( --e-global-color-secondary );}.elementor-202 .elementor-element.elementor-element-ff90ae1 .elementor-button{fill:#FFFFFF;color:#FFFFFF;background-color:var( --e-global-color-primary );border-radius:50px 50px 50px 50px;padding:18px 32px 18px 32px;}.elementor-202 .elementor-element.elementor-element-ff90ae1 .elementor-button:hover, .elementor-202 .elementor-element.elementor-element-ff90ae1 .elementor-button:focus{background-color:var( --e-global-color-primary );}.elementor-202 .elementor-element.elementor-element-ff90ae1 > .elementor-widget-container{margin:20px 0px 0px 0px;}@media(min-width:768px){.elementor-202 .elementor-element.elementor-element-c381237{width:38.957%;}.elementor-202 .elementor-element.elementor-element-fc8b08b{width:60.647%;}}@media(max-width:1024px){.elementor-202 .elementor-element.elementor-element-aa4131c:not(.elementor-motion-effects-element-type-background), .elementor-202 .elementor-element.elementor-element-aa4131c > .elementor-motion-effects-container > .elementor-motion-effects-layer{background-position:center center;}.elementor-202 .elementor-element.elementor-element-aa4131c{margin-top:0px;margin-bottom:0px;padding:210px 10px 140px 10px;}.elementor-202 .elementor-element.elementor-element-3894b0d .elementor-heading-title{font-size:var( --e-global-typography-secondary-font-size );line-height:var( --e-global-typography-secondary-line-height );}.elementor-202 .elementor-element.elementor-element-b6b4dd4 .elementor-heading-title{font-size:var( --e-global-typography-secondary-font-size );line-height:var( --e-global-typography-secondary-line-height );}.elementor-202 .elementor-element.elementor-element-ff90ae1 > .elementor-widget-container{margin:0px 0px 0px 0px;}}@media(max-width:767px){.elementor-202 .elementor-element.elementor-element-aa4131c{margin-top:0px;margin-bottom:0px;padding:152px 10px 80px 10px;}.elementor-202 .elementor-element.elementor-element-3894b0d .elementor-heading-title{font-size:var( --e-global-typography-secondary-font-size );line-height:var( --e-global-typography-secondary-line-height );}.elementor-202 .elementor-element.elementor-element-b6b4dd4 .elementor-heading-title{font-size:var( --e-global-typography-secondary-font-size );line-height:var( --e-global-typography-secondary-line-height );}.elementor-202 .elementor-element.elementor-element-6579baa .elementor-heading-title{font-size:18px;}.elementor-202 .elementor-element.elementor-element-e111c6c .elementor-divider-separator{width:30%;}.elementor-202 .elementor-element.elementor-element-fc8b08b > .elementor-element-populated{margin:50px 0px 50px 0px;--e-column-margin-right:0px;--e-column-margin-left:0px;padding:0px 20px 0px 20px;}.elementor-202 .elementor-element.elementor-element-0a7adb2{font-size:16px;}.elementor-202 .elementor-element.elementor-element-ff90ae1 .elementor-button{padding:15px 30px 15px 30px;}}<\/style>\t\t<div data-elementor-type=\"wp-page\" data-elementor-id=\"202\" class=\"elementor elementor-202\" data-elementor-post-type=\"page\">\n\t\t\t\t\t\t<section class=\"elementor-section elementor-top-section elementor-element elementor-element-aa4131c elementor-section-boxed elementor-section-height-default elementor-section-height-default\" data-id=\"aa4131c\" data-element_type=\"section\" data-e-type=\"section\" data-settings=\"{&quot;background_background&quot;:&quot;classic&quot;}\">\n\t\t\t\t\t\t\t<div class=\"elementor-background-overlay\"><\/div>\n\t\t\t\t\t\t\t<div class=\"elementor-container elementor-column-gap-default\">\n\t\t\t\t\t<div class=\"elementor-column elementor-col-100 elementor-top-column elementor-element elementor-element-f853ff5\" data-id=\"f853ff5\" data-element_type=\"column\" data-e-type=\"column\">\n\t\t\t<div class=\"elementor-widget-wrap elementor-element-populated\">\n\t\t\t\t\t\t<div class=\"elementor-element elementor-element-3894b0d elementor-widget elementor-widget-heading\" data-id=\"3894b0d\" data-element_type=\"widget\" data-e-type=\"widget\" data-widget_type=\"heading.default\">\n\t\t\t\t<div class=\"elementor-widget-container\">\n\t\t\t\t\t<h2 class=\"elementor-heading-title elementor-size-default\">Nuestras proveedoras\n<\/h2>\t\t\t\t<\/div>\n\t\t\t\t<\/div>\n\t\t\t\t\t<\/div>\n\t\t<\/div>\n\t\t\t\t\t<\/div>\n\t\t<\/section>\n\t\t\t\t<section class=\"elementor-section elementor-top-section elementor-element elementor-element-97e1f2b elementor-section-boxed elementor-section-height-default elementor-section-height-default\" data-id=\"97e1f2b\" data-element_type=\"section\" data-e-type=\"section\">\n\t\t\t\t\t\t<div class=\"elementor-container elementor-column-gap-default\">\n\t\t\t\t\t<div class=\"elementor-column elementor-col-100 elementor-top-column elementor-element elementor-element-828bd3c\" data-id=\"828bd3c\" data-element_type=\"column\" data-e-type=\"column\">\n\t\t\t<div class=\"elementor-widget-wrap elementor-element-populated\">\n\t\t\t\t\t\t<div class=\"elementor-element elementor-element-b6b4dd4 elementor-widget elementor-widget-heading\" data-id=\"b6b4dd4\" data-element_type=\"widget\" data-e-type=\"widget\" data-widget_type=\"heading.default\">\n\t\t\t\t<div class=\"elementor-widget-container\">\n\t\t\t\t\t<h2 class=\"elementor-heading-title elementor-size-default\">Carlos Woc, O.D.,FAAO<\/h2>\t\t\t\t<\/div>\n\t\t\t\t<\/div>\n\t\t\t\t<div class=\"elementor-element elementor-element-6579baa elementor-widget elementor-widget-heading\" data-id=\"6579baa\" data-element_type=\"widget\" data-e-type=\"widget\" data-widget_type=\"heading.default\">\n\t\t\t\t<div class=\"elementor-widget-container\">\n\t\t\t\t\t<h2 class=\"elementor-heading-title elementor-size-default\">en Brooklyn y Flushing (Entrada por la Avenida 37), NY\n<\/h2>\t\t\t\t<\/div>\n\t\t\t\t<\/div>\n\t\t\t\t<div class=\"elementor-element elementor-element-e111c6c elementor-widget-divider--separator-type-pattern elementor-widget-divider--view-line elementor-widget elementor-widget-divider\" data-id=\"e111c6c\" data-element_type=\"widget\" data-e-type=\"widget\" data-widget_type=\"divider.default\">\n\t\t\t\t<div class=\"elementor-widget-container\">\n\t\t\t\t\t\t\t<div class=\"elementor-divider\" style=\"--divider-pattern-url: url(&quot;data:image\/svg+xml,%3Csvg xmlns=&#039;http:\/\/www.w3.org\/2000\/svg&#039; preserveAspectRatio=&#039;none&#039; overflow=&#039;visible&#039; height=&#039;100%&#039; viewBox=&#039;0 0 24 24&#039; fill=&#039;none&#039; stroke=&#039;black&#039; stroke-width=&#039;1&#039; stroke-linecap=&#039;square&#039; stroke-miterlimit=&#039;10&#039;%3E%3Cpath d=&#039;M0,6c6,0,6,13,12,13S18,6,24,6&#039;\/%3E%3C\/svg%3E&quot;);\">\n\t\t\t<span class=\"elementor-divider-separator\">\n\t\t\t\t\t\t<\/span>\n\t\t<\/div>\n\t\t\t\t\t\t<\/div>\n\t\t\t\t<\/div>\n\t\t\t\t<section class=\"elementor-section elementor-inner-section elementor-element elementor-element-0cacfe3 elementor-section-boxed elementor-section-height-default elementor-section-height-default\" data-id=\"0cacfe3\" data-element_type=\"section\" data-e-type=\"section\">\n\t\t\t\t\t\t<div class=\"elementor-container elementor-column-gap-default\">\n\t\t\t\t\t<div class=\"elementor-column elementor-col-33 elementor-inner-column elementor-element elementor-element-c381237\" data-id=\"c381237\" data-element_type=\"column\" data-e-type=\"column\">\n\t\t\t<div class=\"elementor-widget-wrap elementor-element-populated\">\n\t\t\t\t\t\t<div class=\"elementor-element elementor-element-649f495 elementor-widget elementor-widget-image\" data-id=\"649f495\" data-element_type=\"widget\" data-e-type=\"widget\" data-settings=\"{&quot;sticky&quot;:&quot;top&quot;,&quot;sticky_parent&quot;:&quot;yes&quot;,&quot;sticky_on&quot;:[&quot;desktop&quot;,&quot;tablet&quot;,&quot;mobile&quot;],&quot;sticky_offset&quot;:0,&quot;sticky_effects_offset&quot;:0,&quot;sticky_anchor_link_offset&quot;:0}\" data-widget_type=\"image.default\">\n\t\t\t\t<div class=\"elementor-widget-container\">\n\t\t\t\t\t\t\t\t\t\t\t\t\t\t\t<img fetchpriority=\"high\" decoding=\"async\" width=\"1707\" height=\"2560\" src=\"https:\/\/nypeye.com\/wp-content\/uploads\/2025\/02\/IMG_1306-Edit-scaled.jpg\" class=\"attachment-full size-full wp-image-1888\" alt=\"\" srcset=\"https:\/\/nypeye.com\/wp-content\/uploads\/2025\/02\/IMG_1306-Edit-scaled.jpg 1707w, https:\/\/nypeye.com\/wp-content\/uploads\/2025\/02\/IMG_1306-Edit-200x300.jpg 200w, https:\/\/nypeye.com\/wp-content\/uploads\/2025\/02\/IMG_1306-Edit-683x1024.jpg 683w, https:\/\/nypeye.com\/wp-content\/uploads\/2025\/02\/IMG_1306-Edit-768x1152.jpg 768w, https:\/\/nypeye.com\/wp-content\/uploads\/2025\/02\/IMG_1306-Edit-1024x1536.jpg 1024w, https:\/\/nypeye.com\/wp-content\/uploads\/2025\/02\/IMG_1306-Edit-1365x2048.jpg 1365w, https:\/\/nypeye.com\/wp-content\/uploads\/2025\/02\/IMG_1306-Edit-8x12.jpg 8w\" sizes=\"(max-width: 1707px) 100vw, 1707px\" \/>\t\t\t\t\t\t\t\t\t\t\t\t\t\t\t<\/div>\n\t\t\t\t<\/div>\n\t\t\t\t\t<\/div>\n\t\t<\/div>\n\t\t\t\t<div class=\"elementor-column elementor-col-66 elementor-inner-column elementor-element elementor-element-fc8b08b animated-slow\" data-id=\"fc8b08b\" data-element_type=\"column\" data-e-type=\"column\" data-settings=\"{&quot;animation&quot;:&quot;none&quot;,&quot;background_background&quot;:&quot;classic&quot;}\">\n\t\t\t<div class=\"elementor-widget-wrap elementor-element-populated\">\n\t\t\t\t\t\t<div class=\"elementor-element elementor-element-0a7adb2 elementor-widget elementor-widget-text-editor\" data-id=\"0a7adb2\" data-element_type=\"widget\" data-e-type=\"widget\" data-widget_type=\"text-editor.default\">\n\t\t\t\t<div class=\"elementor-widget-container\">\n\t\t\t\t\t\t\t\t\t<p>El Dr. Carlos Woc, OD, FAAO, es un optometrista residente y miembro de la Academia Americana de Optometr\u00eda (AAOP). Cuenta con experiencia en la atenci\u00f3n oftalmol\u00f3gica integral, incluyendo el manejo de enfermedades oculares, glaucoma, ojo seco, refracciones y lentes de contacto. Ha trabajado en diversos entornos de atenci\u00f3n oftalmol\u00f3gica, como hospitales, instituciones acad\u00e9micas, consultorios privados de oftalmolog\u00eda y \u00f3pticas. Graduado con orgullo de la Facultad de Optometr\u00eda de la Universidad Estatal de Nueva York (SUNY), el Dr. Woc no solo obtuvo la distinci\u00f3n de honores BSK, sino que tambi\u00e9n recibi\u00f3 la Llave de Oro. Realiz\u00f3 importantes contribuciones a su generaci\u00f3n como miembro del Consejo Estudiantil y del Consejo de Generaci\u00f3n, demostrando su dedicaci\u00f3n a su campo. Su compromiso con la atenci\u00f3n oftalmol\u00f3gica lo llev\u00f3 a realizar una residencia en Atenci\u00f3n Primaria\/Salud Comunitaria y Enfermedades Oculares en NYC Health and Hospitals \u2013 Gotham Health\/East New York, donde una rigurosa formaci\u00f3n perfeccion\u00f3 su experiencia y consolid\u00f3 su dedicaci\u00f3n a la atenci\u00f3n oftalmol\u00f3gica de primer nivel. El Dr. Woc es multiling\u00fce, habla con fluidez espa\u00f1ol, canton\u00e9s e ingl\u00e9s y algo de mandar\u00edn, lo que refleja su pasi\u00f3n por servir a la diversa comunidad de Nueva York.<\/p><p>Antes de dedicarse a la optometr\u00eda, el Dr. Woc\u2019s tuvo una trayectoria corporativa diversa y trabaj\u00f3 como gerente de proyectos financieros en Amazon, consultor en Accenture y auditor de TI en Deloitte &amp; Touche. Se gradu\u00f3 en Administraci\u00f3n de Empresas por la Universidad de Washington-Seattle, con especializaci\u00f3n en Sistemas de Informaci\u00f3n y Contabilidad. M\u00e1s all\u00e1 de su faceta profesional, el Dr. Woc\u2019s es un viajero apasionado que se inspira en la exploraci\u00f3n de nuevas culturas y paisajes, y disfruta de los placeres de diversas experiencias culinarias. El Dr. Woc tambi\u00e9n disfruta del cine, tocar la guitarra y el piano, y practicar deportes. Aprecia poder pasar tiempo con su familia. <span style=\"color: #000000;\">wife<\/span>, daughter and family.<\/p>\t\t\t\t\t\t\t\t<\/div>\n\t\t\t\t<\/div>\n\t\t\t\t<div class=\"elementor-element elementor-element-ff90ae1 elementor-mobile-align-center animated-slow elementor-align-center elementor-widget elementor-widget-button\" data-id=\"ff90ae1\" data-element_type=\"widget\" data-e-type=\"widget\" data-settings=\"{&quot;_animation&quot;:&quot;none&quot;,&quot;_animation_delay&quot;:40}\" data-widget_type=\"button.default\">\n\t\t\t\t<div class=\"elementor-widget-container\">\n\t\t\t\t\t\t\t\t\t<div class=\"elementor-button-wrapper\">\n\t\t\t\t\t<a class=\"elementor-button elementor-button-link elementor-size-sm elementor-animation-float\" href=\"https:\/\/nypeye.com\/es\/appointment-request\/\">\n\t\t\t\t\t\t<span class=\"elementor-button-content-wrapper\">\n\t\t\t\t\t\t\t\t\t<span class=\"elementor-button-text\">Solicitar cita<\/span>\n\t\t\t\t\t<\/span>\n\t\t\t\t\t<\/a>\n\t\t\t\t<\/div>\n\t\t\t\t\t\t\t\t<\/div>\n\t\t\t\t<\/div>\n\t\t\t\t\t<\/div>\n\t\t<\/div>\n\t\t\t\t\t<\/div>\n\t\t<\/section>\n\t\t\t\t\t<\/div>\n\t\t<\/div>\n\t\t\t\t\t<\/div>\n\t\t<\/section>\n\t\t\t\t<\/div>\n\t\t\n    <div class=\"xs_social_share_widget xs_share_url after_content \t\tmain_content  wslu-style-1 wslu-share-box-shaped wslu-fill-colored wslu-none wslu-share-horizontal wslu-theme-font-no wslu-main_content\">\n\n\t\t\n        <ul>\n\t\t\t        <\/ul>\n    <\/div>","protected":false},"excerpt":{"rendered":"<p>Our Providers Carlos Woc, O.D.,FAAO \u970d\u82f1\u5091 in Brooklyn and Flushing (Entrance on 37th Ave) , NY Dr. Carlos Woc, OD, FAAO, is a resident-trained optometrist and Fellow of the American Academy of Optometry, with experience in providing comprehensive eye care, including the management of ocular diseases, glaucoma, dry eye disease, refractions, and contact lenses. He [&hellip;]<\/p>","protected":false},"author":1,"featured_media":0,"parent":0,"menu_order":0,"comment_status":"closed","ping_status":"closed","template":"elementor_header_footer","meta":{"om_disable_all_campaigns":false,"_monsterinsights_skip_tracking":false,"_monsterinsights_sitenote_active":false,"_monsterinsights_sitenote_note":"","_monsterinsights_sitenote_category":0,"postBodyCss":"","postBodyMargin":[],"postBodyPadding":[],"postBodyBackground":{"backgroundType":"classic","gradient":""},"footnotes":""},"class_list":["post-202","page","type-page","status-publish","hentry"],"aioseo_notices":[],"_links":{"self":[{"href":"https:\/\/nypeye.com\/es\/wp-json\/wp\/v2\/pages\/202","targetHints":{"allow":["GET"]}}],"collection":[{"href":"https:\/\/nypeye.com\/es\/wp-json\/wp\/v2\/pages"}],"about":[{"href":"https:\/\/nypeye.com\/es\/wp-json\/wp\/v2\/types\/page"}],"author":[{"embeddable":true,"href":"https:\/\/nypeye.com\/es\/wp-json\/wp\/v2\/users\/1"}],"replies":[{"embeddable":true,"href":"https:\/\/nypeye.com\/es\/wp-json\/wp\/v2\/comments?post=202"}],"version-history":[{"count":19,"href":"https:\/\/nypeye.com\/es\/wp-json\/wp\/v2\/pages\/202\/revisions"}],"predecessor-version":[{"id":1904,"href":"https:\/\/nypeye.com\/es\/wp-json\/wp\/v2\/pages\/202\/revisions\/1904"}],"wp:attachment":[{"href":"https:\/\/nypeye.com\/es\/wp-json\/wp\/v2\/media?parent=202"}],"curies":[{"name":"wp","href":"https:\/\/api.w.org\/{rel}","templated":true}]}}