{"id":196,"date":"2024-10-26T11:15:10","date_gmt":"2024-10-26T11:15:10","guid":{"rendered":"https:\/\/nypeye.com\/?page_id=196"},"modified":"2024-11-12T12:00:36","modified_gmt":"2024-11-12T12:00:36","slug":"juliana-choi-o-d","status":"publish","type":"page","link":"https:\/\/nypeye.com\/es\/juliana-choi-o-d\/","title":{"rendered":"Juliana Choi, O.D."},"content":{"rendered":"<style>.elementor-196 .elementor-element.elementor-element-1d7af61:not(.elementor-motion-effects-element-type-background), .elementor-196 .elementor-element.elementor-element-1d7af61 > .elementor-motion-effects-container > .elementor-motion-effects-layer{background-image:url(\"https:\/\/nypeye.com\/wp-content\/uploads\/2024\/10\/2715701.webp\");background-position:center center;background-repeat:no-repeat;background-size:cover;}.elementor-196 .elementor-element.elementor-element-1d7af61 > .elementor-background-overlay{background-color:var( --e-global-color-primary );opacity:0.9;transition:background 0.3s, border-radius 0.3s, opacity 0.3s;}.elementor-196 .elementor-element.elementor-element-1d7af61 > .elementor-container{max-width:1170px;}.elementor-196 .elementor-element.elementor-element-1d7af61{transition:background 0.3s, border 0.3s, border-radius 0.3s, box-shadow 0.3s;padding:100px 0px 100px 0px;z-index:0;}.elementor-196 .elementor-element.elementor-element-2a5efac{text-align:center;}.elementor-196 .elementor-element.elementor-element-2a5efac .elementor-heading-title{font-family:var( --e-global-typography-secondary-font-family ), Sans-serif;font-size:var( --e-global-typography-secondary-font-size );font-weight:var( --e-global-typography-secondary-font-weight );line-height:var( --e-global-typography-secondary-line-height );color:#FFFFFF;}.elementor-196 .elementor-element.elementor-element-d85b3b5{margin-top:80px;margin-bottom:80px;}.elementor-196 .elementor-element.elementor-element-15f0566{text-align:center;}.elementor-196 .elementor-element.elementor-element-15f0566 .elementor-heading-title{font-family:var( --e-global-typography-secondary-font-family ), Sans-serif;font-size:var( --e-global-typography-secondary-font-size );font-weight:var( --e-global-typography-secondary-font-weight );line-height:var( --e-global-typography-secondary-line-height );color:var( --e-global-color-primary );}.elementor-196 .elementor-element.elementor-element-b76732b{text-align:center;}.elementor-196 .elementor-element.elementor-element-b76732b .elementor-heading-title{font-family:\"Domine\", Sans-serif;font-size:18px;font-weight:600;text-transform:capitalize;line-height:1.2em;color:var( --e-global-color-primary );}.elementor-196 .elementor-element.elementor-element-d1a0f01{--divider-border-style:curved;--divider-color:var( --e-global-color-primary );--divider-border-width:1px;--divider-pattern-height:20px;--divider-pattern-size:20px;}.elementor-196 .elementor-element.elementor-element-d1a0f01 .elementor-divider-separator{width:23%;margin:0 auto;margin-center:0;}.elementor-196 .elementor-element.elementor-element-d1a0f01 .elementor-divider{text-align:center;padding-block-start:2px;padding-block-end:2px;}.elementor-196 .elementor-element.elementor-element-e5376d0{box-shadow:0px 0px 10px 0px rgba(0, 0, 0, 0.17);margin-top:50px;margin-bottom:0px;}.elementor-196 .elementor-element.elementor-element-9dba935 > .elementor-element-populated{padding:0px 0px 0px 0px;}.elementor-196 .elementor-element.elementor-element-b579d59 > .elementor-widget-container{margin:0% 0% 0% 0%;}.elementor-196 .elementor-element.elementor-element-b579d59{text-align:right;}.elementor-196 .elementor-element.elementor-element-b579d59 img{border-style:none;}.elementor-bc-flex-widget .elementor-196 .elementor-element.elementor-element-2c3a680.elementor-column .elementor-widget-wrap{align-items:center;}.elementor-196 .elementor-element.elementor-element-2c3a680.elementor-column.elementor-element[data-element_type=\"column\"] > .elementor-widget-wrap.elementor-element-populated{align-content:center;align-items:center;}.elementor-196 .elementor-element.elementor-element-2c3a680 > .elementor-element-populated{transition:background 0.3s, border 0.3s, border-radius 0.3s, box-shadow 0.3s;margin:50px 50px 50px 50px;--e-column-margin-right:50px;--e-column-margin-left:50px;}.elementor-196 .elementor-element.elementor-element-2c3a680 > .elementor-element-populated > .elementor-background-overlay{transition:background 0.3s, border-radius 0.3s, opacity 0.3s;}.elementor-196 .elementor-element.elementor-element-08a31f2{text-align:left;font-family:\"Heebo\", Sans-serif;font-size:18px;font-weight:400;line-height:1.5em;color:var( --e-global-color-secondary );}.elementor-196 .elementor-element.elementor-element-bb30cb3 .elementor-button{background-color:var( --e-global-color-primary );fill:#FFFFFF;color:#FFFFFF;border-radius:50px 50px 50px 50px;padding:18px 32px 18px 32px;}.elementor-196 .elementor-element.elementor-element-bb30cb3 .elementor-button:hover, .elementor-196 .elementor-element.elementor-element-bb30cb3 .elementor-button:focus{background-color:var( --e-global-color-primary );}.elementor-196 .elementor-element.elementor-element-bb30cb3 > .elementor-widget-container{margin:20px 0px 0px 0px;}@media(min-width:768px){.elementor-196 .elementor-element.elementor-element-9dba935{width:38.957%;}.elementor-196 .elementor-element.elementor-element-2c3a680{width:60.647%;}}@media(max-width:1024px){.elementor-196 .elementor-element.elementor-element-1d7af61:not(.elementor-motion-effects-element-type-background), .elementor-196 .elementor-element.elementor-element-1d7af61 > .elementor-motion-effects-container > .elementor-motion-effects-layer{background-position:center center;}.elementor-196 .elementor-element.elementor-element-1d7af61{margin-top:0px;margin-bottom:0px;padding:210px 10px 140px 10px;}.elementor-196 .elementor-element.elementor-element-2a5efac .elementor-heading-title{font-size:var( --e-global-typography-secondary-font-size );line-height:var( --e-global-typography-secondary-line-height );}.elementor-196 .elementor-element.elementor-element-15f0566 .elementor-heading-title{font-size:var( --e-global-typography-secondary-font-size );line-height:var( --e-global-typography-secondary-line-height );}.elementor-196 .elementor-element.elementor-element-bb30cb3 > .elementor-widget-container{margin:0px 0px 0px 0px;}}@media(max-width:767px){.elementor-196 .elementor-element.elementor-element-1d7af61{margin-top:0px;margin-bottom:0px;padding:152px 10px 80px 10px;}.elementor-196 .elementor-element.elementor-element-2a5efac .elementor-heading-title{font-size:var( --e-global-typography-secondary-font-size );line-height:var( --e-global-typography-secondary-line-height );}.elementor-196 .elementor-element.elementor-element-15f0566 .elementor-heading-title{font-size:var( --e-global-typography-secondary-font-size );line-height:var( --e-global-typography-secondary-line-height );}.elementor-196 .elementor-element.elementor-element-b76732b .elementor-heading-title{font-size:18px;}.elementor-196 .elementor-element.elementor-element-d1a0f01 .elementor-divider-separator{width:30%;}.elementor-196 .elementor-element.elementor-element-2c3a680 > .elementor-element-populated{margin:50px 0px 50px 0px;--e-column-margin-right:0px;--e-column-margin-left:0px;padding:0px 20px 0px 20px;}.elementor-196 .elementor-element.elementor-element-08a31f2{font-size:16px;}.elementor-196 .elementor-element.elementor-element-bb30cb3 .elementor-button{padding:15px 30px 15px 30px;}}<\/style>\t\t<div data-elementor-type=\"wp-page\" data-elementor-id=\"196\" class=\"elementor elementor-196\" data-elementor-post-type=\"page\">\n\t\t\t\t\t\t<section class=\"elementor-section elementor-top-section elementor-element elementor-element-1d7af61 elementor-section-boxed elementor-section-height-default elementor-section-height-default\" data-id=\"1d7af61\" data-element_type=\"section\" data-settings=\"{&quot;background_background&quot;:&quot;classic&quot;}\">\n\t\t\t\t\t\t\t<div class=\"elementor-background-overlay\"><\/div>\n\t\t\t\t\t\t\t<div class=\"elementor-container elementor-column-gap-default\">\n\t\t\t\t\t<div class=\"elementor-column elementor-col-100 elementor-top-column elementor-element elementor-element-51499d9\" data-id=\"51499d9\" data-element_type=\"column\">\n\t\t\t<div class=\"elementor-widget-wrap elementor-element-populated\">\n\t\t\t\t\t\t<div class=\"elementor-element elementor-element-2a5efac elementor-widget elementor-widget-heading\" data-id=\"2a5efac\" data-element_type=\"widget\" data-widget_type=\"heading.default\">\n\t\t\t\t<div class=\"elementor-widget-container\">\n\t\t\t\t\t<h2 class=\"elementor-heading-title elementor-size-default\">Nuestras proveedoras\n<\/h2>\t\t\t\t<\/div>\n\t\t\t\t<\/div>\n\t\t\t\t\t<\/div>\n\t\t<\/div>\n\t\t\t\t\t<\/div>\n\t\t<\/section>\n\t\t\t\t<section class=\"elementor-section elementor-top-section elementor-element elementor-element-d85b3b5 elementor-section-boxed elementor-section-height-default elementor-section-height-default\" data-id=\"d85b3b5\" data-element_type=\"section\">\n\t\t\t\t\t\t<div class=\"elementor-container elementor-column-gap-default\">\n\t\t\t\t\t<div class=\"elementor-column elementor-col-100 elementor-top-column elementor-element elementor-element-fc5cc6f\" data-id=\"fc5cc6f\" data-element_type=\"column\">\n\t\t\t<div class=\"elementor-widget-wrap elementor-element-populated\">\n\t\t\t\t\t\t<div class=\"elementor-element elementor-element-15f0566 elementor-widget elementor-widget-heading\" data-id=\"15f0566\" data-element_type=\"widget\" data-widget_type=\"heading.default\">\n\t\t\t\t<div class=\"elementor-widget-container\">\n\t\t\t\t\t<h2 class=\"elementor-heading-title elementor-size-default\">Juliana Choi, OD<\/h2>\t\t\t\t<\/div>\n\t\t\t\t<\/div>\n\t\t\t\t<div class=\"elementor-element elementor-element-b76732b elementor-widget elementor-widget-heading\" data-id=\"b76732b\" data-element_type=\"widget\" data-widget_type=\"heading.default\">\n\t\t\t\t<div class=\"elementor-widget-container\">\n\t\t\t\t\t<h2 class=\"elementor-heading-title elementor-size-default\">Doctora en Optometr\u00eda en Brooklyn y Flushing (entrada en 37th Ave), NY\n<\/h2>\t\t\t\t<\/div>\n\t\t\t\t<\/div>\n\t\t\t\t<div class=\"elementor-element elementor-element-d1a0f01 elementor-widget-divider--separator-type-pattern elementor-widget-divider--view-line elementor-widget elementor-widget-divider\" data-id=\"d1a0f01\" data-element_type=\"widget\" data-widget_type=\"divider.default\">\n\t\t\t\t<div class=\"elementor-widget-container\">\n\t\t\t\t\t\t\t<div class=\"elementor-divider\" style=\"--divider-pattern-url: url(&quot;data:image\/svg+xml,%3Csvg xmlns=&#039;http:\/\/www.w3.org\/2000\/svg&#039; preserveAspectRatio=&#039;none&#039; overflow=&#039;visible&#039; height=&#039;100%&#039; viewBox=&#039;0 0 24 24&#039; fill=&#039;none&#039; stroke=&#039;black&#039; stroke-width=&#039;1&#039; stroke-linecap=&#039;square&#039; stroke-miterlimit=&#039;10&#039;%3E%3Cpath d=&#039;M0,6c6,0,6,13,12,13S18,6,24,6&#039;\/%3E%3C\/svg%3E&quot;);\">\n\t\t\t<span class=\"elementor-divider-separator\">\n\t\t\t\t\t\t<\/span>\n\t\t<\/div>\n\t\t\t\t\t\t<\/div>\n\t\t\t\t<\/div>\n\t\t\t\t<section class=\"elementor-section elementor-inner-section elementor-element elementor-element-e5376d0 elementor-section-boxed elementor-section-height-default elementor-section-height-default\" data-id=\"e5376d0\" data-element_type=\"section\">\n\t\t\t\t\t\t<div class=\"elementor-container elementor-column-gap-default\">\n\t\t\t\t\t<div class=\"elementor-column elementor-col-33 elementor-inner-column elementor-element elementor-element-9dba935\" data-id=\"9dba935\" data-element_type=\"column\">\n\t\t\t<div class=\"elementor-widget-wrap elementor-element-populated\">\n\t\t\t\t\t\t<div class=\"elementor-element elementor-element-b579d59 elementor-widget elementor-widget-image\" data-id=\"b579d59\" data-element_type=\"widget\" data-settings=\"{&quot;sticky&quot;:&quot;top&quot;,&quot;sticky_parent&quot;:&quot;yes&quot;,&quot;sticky_on&quot;:[&quot;desktop&quot;,&quot;tablet&quot;,&quot;mobile&quot;],&quot;sticky_offset&quot;:0,&quot;sticky_effects_offset&quot;:0,&quot;sticky_anchor_link_offset&quot;:0}\" data-widget_type=\"image.default\">\n\t\t\t\t<div class=\"elementor-widget-container\">\n\t\t\t\t\t\t\t\t\t\t\t\t\t\t\t<img fetchpriority=\"high\" decoding=\"async\" width=\"640\" height=\"924\" src=\"https:\/\/nypeye.com\/wp-content\/uploads\/2024\/10\/2715701.webp\" class=\"attachment-full size-full wp-image-132\" alt=\"NY Partners Ophthalmology,Juliana Choi,O.D.\" srcset=\"https:\/\/nypeye.com\/wp-content\/uploads\/2024\/10\/2715701.webp 640w, https:\/\/nypeye.com\/wp-content\/uploads\/2024\/10\/2715701-208x300.webp 208w\" sizes=\"(max-width: 640px) 100vw, 640px\" \/>\t\t\t\t\t\t\t\t\t\t\t\t\t\t\t<\/div>\n\t\t\t\t<\/div>\n\t\t\t\t\t<\/div>\n\t\t<\/div>\n\t\t\t\t<div class=\"elementor-column elementor-col-66 elementor-inner-column elementor-element elementor-element-2c3a680 animated-slow\" data-id=\"2c3a680\" data-element_type=\"column\" data-settings=\"{&quot;animation&quot;:&quot;none&quot;,&quot;background_background&quot;:&quot;classic&quot;}\">\n\t\t\t<div class=\"elementor-widget-wrap elementor-element-populated\">\n\t\t\t\t\t\t<div class=\"elementor-element elementor-element-08a31f2 elementor-widget elementor-widget-text-editor\" data-id=\"08a31f2\" data-element_type=\"widget\" data-widget_type=\"text-editor.default\">\n\t\t\t\t<div class=\"elementor-widget-container\">\n\t\t\t\t\t\t\t\t\t<p>La Dra. Choi cree en brindar atenci\u00f3n m\u00e9dica equitativa y de alta calidad a todos los grupos de personas que viven en su comunidad. Se especializa en enfermedades oculares y cogestiona la atenci\u00f3n quir\u00fargica pre y postoperatoria. La Dra. Choi obtuvo su Doctorado en Optometr\u00eda en el New England College of Optometry y es miembro de la Asociaci\u00f3n Americana de Optometr\u00eda y de la Asociaci\u00f3n de Optometr\u00eda del Estado de Nueva York. Durante sus estudios, fue tesorera del club de Pr\u00e1ctica Privada de NECO y secretaria y copresidenta del club de la Comunidad de Optometristas Cristianos de NECO. La Dra. Choi habla ingl\u00e9s, coreano, portugu\u00e9s y espa\u00f1ol.<\/p>\t\t\t\t\t\t\t\t<\/div>\n\t\t\t\t<\/div>\n\t\t\t\t<div class=\"elementor-element elementor-element-bb30cb3 elementor-mobile-align-center animated-slow elementor-align-center elementor-widget elementor-widget-button\" data-id=\"bb30cb3\" data-element_type=\"widget\" data-settings=\"{&quot;_animation&quot;:&quot;none&quot;,&quot;_animation_delay&quot;:40}\" data-widget_type=\"button.default\">\n\t\t\t\t<div class=\"elementor-widget-container\">\n\t\t\t\t\t\t\t\t\t<div class=\"elementor-button-wrapper\">\n\t\t\t\t\t<a class=\"elementor-button elementor-button-link elementor-size-sm elementor-animation-float\" href=\"https:\/\/nypeye.com\/es\/appointment-request\/\">\n\t\t\t\t\t\t<span class=\"elementor-button-content-wrapper\">\n\t\t\t\t\t\t\t\t\t<span class=\"elementor-button-text\">Solicitar cita<\/span>\n\t\t\t\t\t<\/span>\n\t\t\t\t\t<\/a>\n\t\t\t\t<\/div>\n\t\t\t\t\t\t\t\t<\/div>\n\t\t\t\t<\/div>\n\t\t\t\t\t<\/div>\n\t\t<\/div>\n\t\t\t\t\t<\/div>\n\t\t<\/section>\n\t\t\t\t\t<\/div>\n\t\t<\/div>\n\t\t\t\t\t<\/div>\n\t\t<\/section>\n\t\t\t\t<\/div>\n\t\t\n    <div class=\"xs_social_share_widget xs_share_url after_content \t\tmain_content  wslu-style-1 wslu-share-box-shaped wslu-fill-colored wslu-none wslu-share-horizontal wslu-theme-font-no wslu-main_content\">\n\n\t\t\n        <ul>\n\t\t\t        <\/ul>\n    <\/div>","protected":false},"excerpt":{"rendered":"<p>Our Providers Juliana Choi, OD \u5d14\u6731\u8389\u5b89\u5a1c Doctor of Optometry in Brooklyn and Flushing (Entrance on 37th Ave) , NY Dr. Choi believes in providing equal, high quality health care for all groups of people living in her community. She specializes in ocular diseases and co-manages pre and post-operative surgical care. Dr. Choi received her Doctorate [&hellip;]<\/p>","protected":false},"author":1,"featured_media":0,"parent":0,"menu_order":0,"comment_status":"closed","ping_status":"closed","template":"elementor_header_footer","meta":{"om_disable_all_campaigns":false,"_monsterinsights_skip_tracking":false,"_monsterinsights_sitenote_active":false,"_monsterinsights_sitenote_note":"","_monsterinsights_sitenote_category":0,"postBodyCss":"","postBodyMargin":[],"postBodyPadding":[],"postBodyBackground":{"backgroundType":"classic","gradient":""},"footnotes":""},"class_list":["post-196","page","type-page","status-publish","hentry"],"aioseo_notices":[],"_links":{"self":[{"href":"https:\/\/nypeye.com\/es\/wp-json\/wp\/v2\/pages\/196","targetHints":{"allow":["GET"]}}],"collection":[{"href":"https:\/\/nypeye.com\/es\/wp-json\/wp\/v2\/pages"}],"about":[{"href":"https:\/\/nypeye.com\/es\/wp-json\/wp\/v2\/types\/page"}],"author":[{"embeddable":true,"href":"https:\/\/nypeye.com\/es\/wp-json\/wp\/v2\/users\/1"}],"replies":[{"embeddable":true,"href":"https:\/\/nypeye.com\/es\/wp-json\/wp\/v2\/comments?post=196"}],"version-history":[{"count":13,"href":"https:\/\/nypeye.com\/es\/wp-json\/wp\/v2\/pages\/196\/revisions"}],"predecessor-version":[{"id":1192,"href":"https:\/\/nypeye.com\/es\/wp-json\/wp\/v2\/pages\/196\/revisions\/1192"}],"wp:attachment":[{"href":"https:\/\/nypeye.com\/es\/wp-json\/wp\/v2\/media?parent=196"}],"curies":[{"name":"wp","href":"https:\/\/api.w.org\/{rel}","templated":true}]}}