{"id":1931,"date":"2025-02-14T20:00:31","date_gmt":"2025-02-14T20:00:31","guid":{"rendered":"https:\/\/nypeye.com\/?page_id=1931"},"modified":"2025-02-14T21:40:04","modified_gmt":"2025-02-14T21:40:04","slug":"shuk-kei-cheng-m-d","status":"publish","type":"page","link":"https:\/\/nypeye.com\/es\/shuk-kei-cheng-m-d\/","title":{"rendered":"Shuk Kei Cheng, M.D."},"content":{"rendered":"<style>.elementor-1931 .elementor-element.elementor-element-4be9b991:not(.elementor-motion-effects-element-type-background), .elementor-1931 .elementor-element.elementor-element-4be9b991 > .elementor-motion-effects-container > .elementor-motion-effects-layer{background-image:url(\"https:\/\/nypeye.com\/wp-content\/uploads\/2024\/10\/2606602.webp\");background-position:center center;background-repeat:no-repeat;background-size:cover;}.elementor-1931 .elementor-element.elementor-element-4be9b991 > .elementor-background-overlay{background-color:var( --e-global-color-primary );opacity:0.9;transition:background 0.3s, border-radius 0.3s, opacity 0.3s;}.elementor-1931 .elementor-element.elementor-element-4be9b991 > .elementor-container{max-width:1170px;}.elementor-1931 .elementor-element.elementor-element-4be9b991{transition:background 0.3s, border 0.3s, border-radius 0.3s, box-shadow 0.3s;padding:100px 0px 100px 0px;z-index:0;}.elementor-1931 .elementor-element.elementor-element-4e8c27a1{text-align:center;}.elementor-1931 .elementor-element.elementor-element-4e8c27a1 .elementor-heading-title{font-family:var( --e-global-typography-secondary-font-family ), Sans-serif;font-size:var( --e-global-typography-secondary-font-size );font-weight:var( --e-global-typography-secondary-font-weight );line-height:var( --e-global-typography-secondary-line-height );color:#FFFFFF;}.elementor-1931 .elementor-element.elementor-element-2468cfb6{margin-top:80px;margin-bottom:80px;}.elementor-1931 .elementor-element.elementor-element-275675a1{text-align:center;}.elementor-1931 .elementor-element.elementor-element-275675a1 .elementor-heading-title{font-family:var( --e-global-typography-secondary-font-family ), Sans-serif;font-size:var( --e-global-typography-secondary-font-size );font-weight:var( --e-global-typography-secondary-font-weight );line-height:var( --e-global-typography-secondary-line-height );color:var( --e-global-color-primary );}.elementor-1931 .elementor-element.elementor-element-111080ef{text-align:center;}.elementor-1931 .elementor-element.elementor-element-111080ef .elementor-heading-title{font-family:\"Domine\", Sans-serif;font-size:18px;font-weight:600;text-transform:capitalize;line-height:1.2em;color:var( --e-global-color-primary );}.elementor-1931 .elementor-element.elementor-element-69b53f16{--divider-border-style:curved;--divider-color:var( --e-global-color-primary );--divider-border-width:1px;--divider-pattern-height:20px;--divider-pattern-size:20px;}.elementor-1931 .elementor-element.elementor-element-69b53f16 .elementor-divider-separator{width:23%;margin:0 auto;margin-center:0;}.elementor-1931 .elementor-element.elementor-element-69b53f16 .elementor-divider{text-align:center;padding-block-start:2px;padding-block-end:2px;}.elementor-1931 .elementor-element.elementor-element-41cb9644{box-shadow:0px 0px 10px 0px rgba(0, 0, 0, 0.17);margin-top:50px;margin-bottom:0px;}.elementor-1931 .elementor-element.elementor-element-b20c077 > .elementor-element-populated{padding:0px 0px 0px 0px;}.elementor-1931 .elementor-element.elementor-element-5978732c > .elementor-widget-container{margin:0% 0% 0% 0%;}.elementor-1931 .elementor-element.elementor-element-5978732c{text-align:right;}.elementor-1931 .elementor-element.elementor-element-5978732c img{border-style:none;}.elementor-bc-flex-widget .elementor-1931 .elementor-element.elementor-element-28575e2d.elementor-column .elementor-widget-wrap{align-items:center;}.elementor-1931 .elementor-element.elementor-element-28575e2d.elementor-column.elementor-element[data-element_type=\"column\"] > .elementor-widget-wrap.elementor-element-populated{align-content:center;align-items:center;}.elementor-1931 .elementor-element.elementor-element-28575e2d > .elementor-element-populated{transition:background 0.3s, border 0.3s, border-radius 0.3s, box-shadow 0.3s;margin:50px 50px 50px 50px;--e-column-margin-right:50px;--e-column-margin-left:50px;}.elementor-1931 .elementor-element.elementor-element-28575e2d > .elementor-element-populated > .elementor-background-overlay{transition:background 0.3s, border-radius 0.3s, opacity 0.3s;}.elementor-1931 .elementor-element.elementor-element-28bf102c{text-align:left;font-family:\"Heebo\", Sans-serif;font-size:18px;font-weight:400;line-height:1.5em;color:var( --e-global-color-secondary );}.elementor-1931 .elementor-element.elementor-element-7ffca0b1 .elementor-button{background-color:var( --e-global-color-primary );fill:#FFFFFF;color:#FFFFFF;border-radius:50px 50px 50px 50px;padding:18px 32px 18px 32px;}.elementor-1931 .elementor-element.elementor-element-7ffca0b1 .elementor-button:hover, .elementor-1931 .elementor-element.elementor-element-7ffca0b1 .elementor-button:focus{background-color:var( --e-global-color-primary );}.elementor-1931 .elementor-element.elementor-element-7ffca0b1 > .elementor-widget-container{margin:20px 0px 0px 0px;}@media(max-width:1024px){.elementor-1931 .elementor-element.elementor-element-4be9b991:not(.elementor-motion-effects-element-type-background), .elementor-1931 .elementor-element.elementor-element-4be9b991 > .elementor-motion-effects-container > .elementor-motion-effects-layer{background-position:center center;}.elementor-1931 .elementor-element.elementor-element-4be9b991{margin-top:0px;margin-bottom:0px;padding:210px 10px 140px 10px;}.elementor-1931 .elementor-element.elementor-element-4e8c27a1 .elementor-heading-title{font-size:var( --e-global-typography-secondary-font-size );line-height:var( --e-global-typography-secondary-line-height );}.elementor-1931 .elementor-element.elementor-element-275675a1 .elementor-heading-title{font-size:var( --e-global-typography-secondary-font-size );line-height:var( --e-global-typography-secondary-line-height );}.elementor-1931 .elementor-element.elementor-element-7ffca0b1 > .elementor-widget-container{margin:0px 0px 0px 0px;}}@media(max-width:767px){.elementor-1931 .elementor-element.elementor-element-4be9b991{margin-top:0px;margin-bottom:0px;padding:152px 10px 80px 10px;}.elementor-1931 .elementor-element.elementor-element-4e8c27a1 .elementor-heading-title{font-size:var( --e-global-typography-secondary-font-size );line-height:var( --e-global-typography-secondary-line-height );}.elementor-1931 .elementor-element.elementor-element-275675a1 .elementor-heading-title{font-size:var( --e-global-typography-secondary-font-size );line-height:var( --e-global-typography-secondary-line-height );}.elementor-1931 .elementor-element.elementor-element-111080ef .elementor-heading-title{font-size:18px;}.elementor-1931 .elementor-element.elementor-element-69b53f16 .elementor-divider-separator{width:30%;}.elementor-1931 .elementor-element.elementor-element-28575e2d > .elementor-element-populated{margin:50px 0px 50px 0px;--e-column-margin-right:0px;--e-column-margin-left:0px;padding:0px 20px 0px 20px;}.elementor-1931 .elementor-element.elementor-element-28bf102c{font-size:16px;}.elementor-1931 .elementor-element.elementor-element-7ffca0b1 .elementor-button{padding:15px 30px 15px 30px;}}<\/style>\t\t<div data-elementor-type=\"wp-page\" data-elementor-id=\"1931\" class=\"elementor elementor-1931\" data-elementor-post-type=\"page\">\n\t\t\t\t\t\t<section class=\"elementor-section elementor-top-section elementor-element elementor-element-4be9b991 elementor-section-boxed elementor-section-height-default elementor-section-height-default\" data-id=\"4be9b991\" data-element_type=\"section\" data-settings=\"{&quot;background_background&quot;:&quot;classic&quot;}\">\n\t\t\t\t\t\t\t<div class=\"elementor-background-overlay\"><\/div>\n\t\t\t\t\t\t\t<div class=\"elementor-container elementor-column-gap-default\">\n\t\t\t\t\t<div class=\"elementor-column elementor-col-100 elementor-top-column elementor-element elementor-element-2e428aff\" data-id=\"2e428aff\" data-element_type=\"column\">\n\t\t\t<div class=\"elementor-widget-wrap elementor-element-populated\">\n\t\t\t\t\t\t<div class=\"elementor-element elementor-element-4e8c27a1 elementor-widget elementor-widget-heading\" data-id=\"4e8c27a1\" data-element_type=\"widget\" data-widget_type=\"heading.default\">\n\t\t\t\t<div class=\"elementor-widget-container\">\n\t\t\t\t\t<h2 class=\"elementor-heading-title elementor-size-default\">Nuestras proveedoras\n<\/h2>\t\t\t\t<\/div>\n\t\t\t\t<\/div>\n\t\t\t\t\t<\/div>\n\t\t<\/div>\n\t\t\t\t\t<\/div>\n\t\t<\/section>\n\t\t\t\t<section class=\"elementor-section elementor-top-section elementor-element elementor-element-2468cfb6 elementor-section-boxed elementor-section-height-default elementor-section-height-default\" data-id=\"2468cfb6\" data-element_type=\"section\">\n\t\t\t\t\t\t<div class=\"elementor-container elementor-column-gap-default\">\n\t\t\t\t\t<div class=\"elementor-column elementor-col-100 elementor-top-column elementor-element elementor-element-30376560\" data-id=\"30376560\" data-element_type=\"column\">\n\t\t\t<div class=\"elementor-widget-wrap elementor-element-populated\">\n\t\t\t\t\t\t<div class=\"elementor-element elementor-element-275675a1 elementor-widget elementor-widget-heading\" data-id=\"275675a1\" data-element_type=\"widget\" data-widget_type=\"heading.default\">\n\t\t\t\t<div class=\"elementor-widget-container\">\n\t\t\t\t\t<h2 class=\"elementor-heading-title elementor-size-default\">Shuk Kei Cheng, M.D.\nZheng Shuji\n<\/h2>\t\t\t\t<\/div>\n\t\t\t\t<\/div>\n\t\t\t\t<div class=\"elementor-element elementor-element-111080ef elementor-widget elementor-widget-heading\" data-id=\"111080ef\" data-element_type=\"widget\" data-widget_type=\"heading.default\">\n\t\t\t\t<div class=\"elementor-widget-container\">\n\t\t\t\t\t<h2 class=\"elementor-heading-title elementor-size-default\">en Brooklyn y Flushing (Entrada por la Avenida 37), NY<\/h2>\t\t\t\t<\/div>\n\t\t\t\t<\/div>\n\t\t\t\t<div class=\"elementor-element elementor-element-69b53f16 elementor-widget-divider--separator-type-pattern elementor-widget-divider--view-line elementor-widget elementor-widget-divider\" data-id=\"69b53f16\" data-element_type=\"widget\" data-widget_type=\"divider.default\">\n\t\t\t\t<div class=\"elementor-widget-container\">\n\t\t\t\t\t\t\t<div class=\"elementor-divider\" style=\"--divider-pattern-url: url(&quot;data:image\/svg+xml,%3Csvg xmlns=&#039;http:\/\/www.w3.org\/2000\/svg&#039; preserveAspectRatio=&#039;none&#039; overflow=&#039;visible&#039; height=&#039;100%&#039; viewBox=&#039;0 0 24 24&#039; fill=&#039;none&#039; stroke=&#039;black&#039; stroke-width=&#039;1&#039; stroke-linecap=&#039;square&#039; stroke-miterlimit=&#039;10&#039;%3E%3Cpath d=&#039;M0,6c6,0,6,13,12,13S18,6,24,6&#039;\/%3E%3C\/svg%3E&quot;);\">\n\t\t\t<span class=\"elementor-divider-separator\">\n\t\t\t\t\t\t<\/span>\n\t\t<\/div>\n\t\t\t\t\t\t<\/div>\n\t\t\t\t<\/div>\n\t\t\t\t<section class=\"elementor-section elementor-inner-section elementor-element elementor-element-41cb9644 elementor-section-boxed elementor-section-height-default elementor-section-height-default\" data-id=\"41cb9644\" data-element_type=\"section\">\n\t\t\t\t\t\t<div class=\"elementor-container elementor-column-gap-default\">\n\t\t\t\t\t<div class=\"elementor-column elementor-col-33 elementor-inner-column elementor-element elementor-element-b20c077\" data-id=\"b20c077\" data-element_type=\"column\">\n\t\t\t<div class=\"elementor-widget-wrap elementor-element-populated\">\n\t\t\t\t\t\t<div class=\"elementor-element elementor-element-5978732c elementor-widget elementor-widget-image\" data-id=\"5978732c\" data-element_type=\"widget\" data-settings=\"{&quot;sticky&quot;:&quot;top&quot;,&quot;sticky_parent&quot;:&quot;yes&quot;,&quot;sticky_on&quot;:[&quot;desktop&quot;,&quot;tablet&quot;,&quot;mobile&quot;],&quot;sticky_offset&quot;:0,&quot;sticky_effects_offset&quot;:0,&quot;sticky_anchor_link_offset&quot;:0}\" data-widget_type=\"image.default\">\n\t\t\t\t<div class=\"elementor-widget-container\">\n\t\t\t\t\t\t\t\t\t\t\t\t\t\t\t<img fetchpriority=\"high\" decoding=\"async\" width=\"1707\" height=\"2560\" src=\"https:\/\/nypeye.com\/wp-content\/uploads\/2025\/02\/IMG_1367-Edit-scaled.jpg\" class=\"attachment-full size-full wp-image-1886\" alt=\"\" srcset=\"https:\/\/nypeye.com\/wp-content\/uploads\/2025\/02\/IMG_1367-Edit-scaled.jpg 1707w, https:\/\/nypeye.com\/wp-content\/uploads\/2025\/02\/IMG_1367-Edit-200x300.jpg 200w, https:\/\/nypeye.com\/wp-content\/uploads\/2025\/02\/IMG_1367-Edit-683x1024.jpg 683w, https:\/\/nypeye.com\/wp-content\/uploads\/2025\/02\/IMG_1367-Edit-768x1152.jpg 768w, https:\/\/nypeye.com\/wp-content\/uploads\/2025\/02\/IMG_1367-Edit-1024x1536.jpg 1024w, https:\/\/nypeye.com\/wp-content\/uploads\/2025\/02\/IMG_1367-Edit-1365x2048.jpg 1365w, https:\/\/nypeye.com\/wp-content\/uploads\/2025\/02\/IMG_1367-Edit-8x12.jpg 8w\" sizes=\"(max-width: 1707px) 100vw, 1707px\" \/>\t\t\t\t\t\t\t\t\t\t\t\t\t\t\t<\/div>\n\t\t\t\t<\/div>\n\t\t\t\t\t<\/div>\n\t\t<\/div>\n\t\t\t\t<div class=\"elementor-column elementor-col-66 elementor-inner-column elementor-element elementor-element-28575e2d animated-slow\" data-id=\"28575e2d\" data-element_type=\"column\" data-settings=\"{&quot;animation&quot;:&quot;none&quot;,&quot;background_background&quot;:&quot;classic&quot;}\">\n\t\t\t<div class=\"elementor-widget-wrap elementor-element-populated\">\n\t\t\t\t\t\t<div class=\"elementor-element elementor-element-28bf102c elementor-widget elementor-widget-text-editor\" data-id=\"28bf102c\" data-element_type=\"widget\" data-widget_type=\"text-editor.default\">\n\t\t\t\t<div class=\"elementor-widget-container\">\n\t\t\t\t\t\t\t\t\t<p>La Dra. Shuk Kei Cheng es oftalm\u00f3loga, cirujana y especialista en c\u00f3rnea con beca de investigaci\u00f3n. Obtuvo su licenciatura en la Universidad Wesleyan y su t\u00edtulo de m\u00e9dica en la Universidad de Georgetown. Posteriormente, complet\u00f3 su residencia en la Facultad de Medicina de SUNY Downstate y continu\u00f3 su especializaci\u00f3n con una beca de investigaci\u00f3n en c\u00f3rnea y refractividad en el Weill Cornell Medical College.<\/p>\t\t\t\t\t\t\t\t<\/div>\n\t\t\t\t<\/div>\n\t\t\t\t<div class=\"elementor-element elementor-element-7ffca0b1 elementor-mobile-align-center animated-slow elementor-align-center elementor-widget elementor-widget-button\" data-id=\"7ffca0b1\" data-element_type=\"widget\" data-settings=\"{&quot;_animation&quot;:&quot;none&quot;,&quot;_animation_delay&quot;:40}\" data-widget_type=\"button.default\">\n\t\t\t\t<div class=\"elementor-widget-container\">\n\t\t\t\t\t\t\t\t\t<div class=\"elementor-button-wrapper\">\n\t\t\t\t\t<a class=\"elementor-button elementor-button-link elementor-size-sm elementor-animation-float\" href=\"https:\/\/nypeye.com\/es\/appointment-request\/\">\n\t\t\t\t\t\t<span class=\"elementor-button-content-wrapper\">\n\t\t\t\t\t\t\t\t\t<span class=\"elementor-button-text\">Solicitar cita<\/span>\n\t\t\t\t\t<\/span>\n\t\t\t\t\t<\/a>\n\t\t\t\t<\/div>\n\t\t\t\t\t\t\t\t<\/div>\n\t\t\t\t<\/div>\n\t\t\t\t\t<\/div>\n\t\t<\/div>\n\t\t\t\t\t<\/div>\n\t\t<\/section>\n\t\t\t\t\t<\/div>\n\t\t<\/div>\n\t\t\t\t\t<\/div>\n\t\t<\/section>\n\t\t\t\t<\/div>\n\t\t\n    <div class=\"xs_social_share_widget xs_share_url after_content \t\tmain_content  wslu-style-1 wslu-share-box-shaped wslu-fill-colored wslu-none wslu-share-horizontal wslu-theme-font-no wslu-main_content\">\n\n\t\t\n        <ul>\n\t\t\t        <\/ul>\n    <\/div>","protected":false},"excerpt":{"rendered":"<p>Our Providers Shuk Kei Cheng, M.D. \u912d\u6dd1\u59ec in Brooklyn and Flushing (Entrance on 37th Ave) , NY Shuk Kei Cheng, MD, is an ophthalmologist, surgeon, and fellowship trained cornea specialist. She earned her undergraduate degree from Wesleyan University and her medical degree from Georgetown University. Following this, she completed her residency at SUNY Downstate School [&hellip;]<\/p>","protected":false},"author":1,"featured_media":0,"parent":0,"menu_order":0,"comment_status":"closed","ping_status":"closed","template":"elementor_header_footer","meta":{"om_disable_all_campaigns":false,"_monsterinsights_skip_tracking":false,"_monsterinsights_sitenote_active":false,"_monsterinsights_sitenote_note":"","_monsterinsights_sitenote_category":0,"postBodyCss":"","postBodyMargin":[],"postBodyPadding":[],"postBodyBackground":{"backgroundType":"classic","gradient":""},"footnotes":""},"class_list":["post-1931","page","type-page","status-publish","hentry"],"aioseo_notices":[],"_links":{"self":[{"href":"https:\/\/nypeye.com\/es\/wp-json\/wp\/v2\/pages\/1931","targetHints":{"allow":["GET"]}}],"collection":[{"href":"https:\/\/nypeye.com\/es\/wp-json\/wp\/v2\/pages"}],"about":[{"href":"https:\/\/nypeye.com\/es\/wp-json\/wp\/v2\/types\/page"}],"author":[{"embeddable":true,"href":"https:\/\/nypeye.com\/es\/wp-json\/wp\/v2\/users\/1"}],"replies":[{"embeddable":true,"href":"https:\/\/nypeye.com\/es\/wp-json\/wp\/v2\/comments?post=1931"}],"version-history":[{"count":7,"href":"https:\/\/nypeye.com\/es\/wp-json\/wp\/v2\/pages\/1931\/revisions"}],"predecessor-version":[{"id":1953,"href":"https:\/\/nypeye.com\/es\/wp-json\/wp\/v2\/pages\/1931\/revisions\/1953"}],"wp:attachment":[{"href":"https:\/\/nypeye.com\/es\/wp-json\/wp\/v2\/media?parent=1931"}],"curies":[{"name":"wp","href":"https:\/\/api.w.org\/{rel}","templated":true}]}}