{"id":185,"date":"2024-10-26T11:03:46","date_gmt":"2024-10-26T11:03:46","guid":{"rendered":"https:\/\/nypeye.com\/?page_id=185"},"modified":"2025-11-20T19:04:27","modified_gmt":"2025-11-20T19:04:27","slug":"ellen-ren-od","status":"publish","type":"page","link":"https:\/\/nypeye.com\/es\/ellen-ren-od\/","title":{"rendered":"Ellen Ren, OD"},"content":{"rendered":"<style>.elementor-185 .elementor-element.elementor-element-05d7432:not(.elementor-motion-effects-element-type-background), .elementor-185 .elementor-element.elementor-element-05d7432 > .elementor-motion-effects-container > .elementor-motion-effects-layer{background-image:url(\"https:\/\/nypeye.com\/wp-content\/uploads\/2024\/10\/2748227.webp\");background-position:center center;background-repeat:no-repeat;background-size:cover;}.elementor-185 .elementor-element.elementor-element-05d7432 > .elementor-background-overlay{background-color:var( --e-global-color-primary );opacity:0.9;transition:background 0.3s, border-radius 0.3s, opacity 0.3s;}.elementor-185 .elementor-element.elementor-element-05d7432 > .elementor-container{max-width:1170px;}.elementor-185 .elementor-element.elementor-element-05d7432{transition:background 0.3s, border 0.3s, border-radius 0.3s, box-shadow 0.3s;padding:100px 0px 100px 0px;z-index:0;}.elementor-185 .elementor-element.elementor-element-efb55f3{text-align:center;}.elementor-185 .elementor-element.elementor-element-efb55f3 .elementor-heading-title{font-family:var( --e-global-typography-secondary-font-family ), Sans-serif;font-size:var( --e-global-typography-secondary-font-size );font-weight:var( --e-global-typography-secondary-font-weight );line-height:var( --e-global-typography-secondary-line-height );color:#FFFFFF;}.elementor-185 .elementor-element.elementor-element-55edbba{margin-top:80px;margin-bottom:80px;}.elementor-185 .elementor-element.elementor-element-1d2d220{text-align:center;}.elementor-185 .elementor-element.elementor-element-1d2d220 .elementor-heading-title{font-family:var( --e-global-typography-secondary-font-family ), Sans-serif;font-size:var( --e-global-typography-secondary-font-size );font-weight:var( --e-global-typography-secondary-font-weight );line-height:var( --e-global-typography-secondary-line-height );color:var( --e-global-color-primary );}.elementor-185 .elementor-element.elementor-element-e03c3d6{text-align:center;}.elementor-185 .elementor-element.elementor-element-e03c3d6 .elementor-heading-title{font-family:\"Domine\", Sans-serif;font-size:18px;font-weight:600;text-transform:capitalize;line-height:1.2em;color:var( --e-global-color-primary );}.elementor-185 .elementor-element.elementor-element-02fd3f2{--divider-border-style:curved;--divider-color:var( --e-global-color-primary );--divider-border-width:1px;--divider-pattern-height:20px;--divider-pattern-size:20px;}.elementor-185 .elementor-element.elementor-element-02fd3f2 .elementor-divider-separator{width:23%;margin:0 auto;margin-center:0;}.elementor-185 .elementor-element.elementor-element-02fd3f2 .elementor-divider{text-align:center;padding-block-start:2px;padding-block-end:2px;}.elementor-185 .elementor-element.elementor-element-11287a1{box-shadow:0px 0px 10px 0px rgba(0, 0, 0, 0.17);margin-top:50px;margin-bottom:0px;}.elementor-185 .elementor-element.elementor-element-f39c083 > .elementor-element-populated{padding:0px 0px 0px 0px;}.elementor-185 .elementor-element.elementor-element-040d5fc > .elementor-widget-container{margin:0% 0% 0% 0%;}.elementor-185 .elementor-element.elementor-element-040d5fc{text-align:right;}.elementor-185 .elementor-element.elementor-element-040d5fc img{border-style:none;}.elementor-bc-flex-widget .elementor-185 .elementor-element.elementor-element-3a83239.elementor-column .elementor-widget-wrap{align-items:center;}.elementor-185 .elementor-element.elementor-element-3a83239.elementor-column.elementor-element[data-element_type=\"column\"] > .elementor-widget-wrap.elementor-element-populated{align-content:center;align-items:center;}.elementor-185 .elementor-element.elementor-element-3a83239 > .elementor-element-populated{transition:background 0.3s, border 0.3s, border-radius 0.3s, box-shadow 0.3s;margin:50px 50px 50px 50px;--e-column-margin-right:50px;--e-column-margin-left:50px;}.elementor-185 .elementor-element.elementor-element-3a83239 > .elementor-element-populated > .elementor-background-overlay{transition:background 0.3s, border-radius 0.3s, opacity 0.3s;}.elementor-185 .elementor-element.elementor-element-c09753f{text-align:left;font-family:\"Heebo\", Sans-serif;font-size:18px;font-weight:400;line-height:1.5em;color:var( --e-global-color-secondary );}.elementor-185 .elementor-element.elementor-element-4a590f6 .elementor-button{background-color:var( --e-global-color-primary );fill:#FFFFFF;color:#FFFFFF;border-radius:50px 50px 50px 50px;padding:18px 32px 18px 32px;}.elementor-185 .elementor-element.elementor-element-4a590f6 .elementor-button:hover, .elementor-185 .elementor-element.elementor-element-4a590f6 .elementor-button:focus{background-color:var( --e-global-color-primary );}.elementor-185 .elementor-element.elementor-element-4a590f6 > .elementor-widget-container{margin:20px 0px 0px 0px;}@media(min-width:768px){.elementor-185 .elementor-element.elementor-element-f39c083{width:38.957%;}.elementor-185 .elementor-element.elementor-element-3a83239{width:60.647%;}}@media(max-width:1024px){.elementor-185 .elementor-element.elementor-element-05d7432:not(.elementor-motion-effects-element-type-background), .elementor-185 .elementor-element.elementor-element-05d7432 > .elementor-motion-effects-container > .elementor-motion-effects-layer{background-position:center center;}.elementor-185 .elementor-element.elementor-element-05d7432{margin-top:0px;margin-bottom:0px;padding:210px 10px 140px 10px;}.elementor-185 .elementor-element.elementor-element-efb55f3 .elementor-heading-title{font-size:var( --e-global-typography-secondary-font-size );line-height:var( --e-global-typography-secondary-line-height );}.elementor-185 .elementor-element.elementor-element-1d2d220 .elementor-heading-title{font-size:var( --e-global-typography-secondary-font-size );line-height:var( --e-global-typography-secondary-line-height );}.elementor-185 .elementor-element.elementor-element-4a590f6 > .elementor-widget-container{margin:0px 0px 0px 0px;}}@media(max-width:767px){.elementor-185 .elementor-element.elementor-element-05d7432{margin-top:0px;margin-bottom:0px;padding:152px 10px 80px 10px;}.elementor-185 .elementor-element.elementor-element-efb55f3 .elementor-heading-title{font-size:var( --e-global-typography-secondary-font-size );line-height:var( --e-global-typography-secondary-line-height );}.elementor-185 .elementor-element.elementor-element-1d2d220 .elementor-heading-title{font-size:var( --e-global-typography-secondary-font-size );line-height:var( --e-global-typography-secondary-line-height );}.elementor-185 .elementor-element.elementor-element-e03c3d6 .elementor-heading-title{font-size:18px;}.elementor-185 .elementor-element.elementor-element-02fd3f2 .elementor-divider-separator{width:30%;}.elementor-185 .elementor-element.elementor-element-3a83239 > .elementor-element-populated{margin:50px 0px 50px 0px;--e-column-margin-right:0px;--e-column-margin-left:0px;padding:0px 20px 0px 20px;}.elementor-185 .elementor-element.elementor-element-c09753f{font-size:16px;}.elementor-185 .elementor-element.elementor-element-4a590f6 .elementor-button{padding:15px 30px 15px 30px;}}<\/style>\t\t<div data-elementor-type=\"wp-page\" data-elementor-id=\"185\" class=\"elementor elementor-185\" data-elementor-post-type=\"page\">\n\t\t\t\t\t\t<section class=\"elementor-section elementor-top-section elementor-element elementor-element-05d7432 elementor-section-boxed elementor-section-height-default elementor-section-height-default\" data-id=\"05d7432\" data-element_type=\"section\" data-settings=\"{&quot;background_background&quot;:&quot;classic&quot;}\">\n\t\t\t\t\t\t\t<div class=\"elementor-background-overlay\"><\/div>\n\t\t\t\t\t\t\t<div class=\"elementor-container elementor-column-gap-default\">\n\t\t\t\t\t<div class=\"elementor-column elementor-col-100 elementor-top-column elementor-element elementor-element-7450d11\" data-id=\"7450d11\" data-element_type=\"column\">\n\t\t\t<div class=\"elementor-widget-wrap elementor-element-populated\">\n\t\t\t\t\t\t<div class=\"elementor-element elementor-element-efb55f3 elementor-widget elementor-widget-heading\" data-id=\"efb55f3\" data-element_type=\"widget\" data-widget_type=\"heading.default\">\n\t\t\t\t<div class=\"elementor-widget-container\">\n\t\t\t\t\t<h2 class=\"elementor-heading-title elementor-size-default\">Nuestras proveedoras\n<\/h2>\t\t\t\t<\/div>\n\t\t\t\t<\/div>\n\t\t\t\t\t<\/div>\n\t\t<\/div>\n\t\t\t\t\t<\/div>\n\t\t<\/section>\n\t\t\t\t<section class=\"elementor-section elementor-top-section elementor-element elementor-element-55edbba elementor-section-boxed elementor-section-height-default elementor-section-height-default\" data-id=\"55edbba\" data-element_type=\"section\">\n\t\t\t\t\t\t<div class=\"elementor-container elementor-column-gap-default\">\n\t\t\t\t\t<div class=\"elementor-column elementor-col-100 elementor-top-column elementor-element elementor-element-4def1a6\" data-id=\"4def1a6\" data-element_type=\"column\">\n\t\t\t<div class=\"elementor-widget-wrap elementor-element-populated\">\n\t\t\t\t\t\t<div class=\"elementor-element elementor-element-1d2d220 elementor-widget elementor-widget-heading\" data-id=\"1d2d220\" data-element_type=\"widget\" data-widget_type=\"heading.default\">\n\t\t\t\t<div class=\"elementor-widget-container\">\n\t\t\t\t\t<h2 class=\"elementor-heading-title elementor-size-default\">Ellen Ren, O.D.,FAAO \u4efb\u6bc5\u7a4e<\/h2>\t\t\t\t<\/div>\n\t\t\t\t<\/div>\n\t\t\t\t<div class=\"elementor-element elementor-element-e03c3d6 elementor-widget elementor-widget-heading\" data-id=\"e03c3d6\" data-element_type=\"widget\" data-widget_type=\"heading.default\">\n\t\t\t\t<div class=\"elementor-widget-container\">\n\t\t\t\t\t<h2 class=\"elementor-heading-title elementor-size-default\">en Brooklyn y Flushing (Entrada por la Avenida 37), NY\n\n<\/h2>\t\t\t\t<\/div>\n\t\t\t\t<\/div>\n\t\t\t\t<div class=\"elementor-element elementor-element-02fd3f2 elementor-widget-divider--separator-type-pattern elementor-widget-divider--view-line elementor-widget elementor-widget-divider\" data-id=\"02fd3f2\" data-element_type=\"widget\" data-widget_type=\"divider.default\">\n\t\t\t\t<div class=\"elementor-widget-container\">\n\t\t\t\t\t\t\t<div class=\"elementor-divider\" style=\"--divider-pattern-url: url(&quot;data:image\/svg+xml,%3Csvg xmlns=&#039;http:\/\/www.w3.org\/2000\/svg&#039; preserveAspectRatio=&#039;none&#039; overflow=&#039;visible&#039; height=&#039;100%&#039; viewBox=&#039;0 0 24 24&#039; fill=&#039;none&#039; stroke=&#039;black&#039; stroke-width=&#039;1&#039; stroke-linecap=&#039;square&#039; stroke-miterlimit=&#039;10&#039;%3E%3Cpath d=&#039;M0,6c6,0,6,13,12,13S18,6,24,6&#039;\/%3E%3C\/svg%3E&quot;);\">\n\t\t\t<span class=\"elementor-divider-separator\">\n\t\t\t\t\t\t<\/span>\n\t\t<\/div>\n\t\t\t\t\t\t<\/div>\n\t\t\t\t<\/div>\n\t\t\t\t<section class=\"elementor-section elementor-inner-section elementor-element elementor-element-11287a1 elementor-section-boxed elementor-section-height-default elementor-section-height-default\" data-id=\"11287a1\" data-element_type=\"section\">\n\t\t\t\t\t\t<div class=\"elementor-container elementor-column-gap-default\">\n\t\t\t\t\t<div class=\"elementor-column elementor-col-33 elementor-inner-column elementor-element elementor-element-f39c083\" data-id=\"f39c083\" data-element_type=\"column\">\n\t\t\t<div class=\"elementor-widget-wrap elementor-element-populated\">\n\t\t\t\t\t\t<div class=\"elementor-element elementor-element-040d5fc elementor-widget elementor-widget-image\" data-id=\"040d5fc\" data-element_type=\"widget\" data-settings=\"{&quot;sticky&quot;:&quot;top&quot;,&quot;sticky_parent&quot;:&quot;yes&quot;,&quot;sticky_on&quot;:[&quot;desktop&quot;,&quot;tablet&quot;,&quot;mobile&quot;],&quot;sticky_offset&quot;:0,&quot;sticky_effects_offset&quot;:0,&quot;sticky_anchor_link_offset&quot;:0}\" data-widget_type=\"image.default\">\n\t\t\t\t<div class=\"elementor-widget-container\">\n\t\t\t\t\t\t\t\t\t\t\t\t\t\t\t<img fetchpriority=\"high\" decoding=\"async\" width=\"1707\" height=\"2560\" src=\"https:\/\/nypeye.com\/wp-content\/uploads\/2025\/11\/IMG_0779-scaled.jpeg\" class=\"attachment-full size-full wp-image-2137\" alt=\"\" srcset=\"https:\/\/nypeye.com\/wp-content\/uploads\/2025\/11\/IMG_0779-scaled.jpeg 1707w, https:\/\/nypeye.com\/wp-content\/uploads\/2025\/11\/IMG_0779-200x300.jpeg 200w, https:\/\/nypeye.com\/wp-content\/uploads\/2025\/11\/IMG_0779-683x1024.jpeg 683w, https:\/\/nypeye.com\/wp-content\/uploads\/2025\/11\/IMG_0779-768x1152.jpeg 768w, https:\/\/nypeye.com\/wp-content\/uploads\/2025\/11\/IMG_0779-1024x1536.jpeg 1024w, https:\/\/nypeye.com\/wp-content\/uploads\/2025\/11\/IMG_0779-1365x2048.jpeg 1365w, https:\/\/nypeye.com\/wp-content\/uploads\/2025\/11\/IMG_0779-8x12.jpeg 8w\" sizes=\"(max-width: 1707px) 100vw, 1707px\" \/>\t\t\t\t\t\t\t\t\t\t\t\t\t\t\t<\/div>\n\t\t\t\t<\/div>\n\t\t\t\t\t<\/div>\n\t\t<\/div>\n\t\t\t\t<div class=\"elementor-column elementor-col-66 elementor-inner-column elementor-element elementor-element-3a83239 animated-slow\" data-id=\"3a83239\" data-element_type=\"column\" data-settings=\"{&quot;animation&quot;:&quot;none&quot;,&quot;background_background&quot;:&quot;classic&quot;}\">\n\t\t\t<div class=\"elementor-widget-wrap elementor-element-populated\">\n\t\t\t\t\t\t<div class=\"elementor-element elementor-element-c09753f elementor-widget elementor-widget-text-editor\" data-id=\"c09753f\" data-element_type=\"widget\" data-widget_type=\"text-editor.default\">\n\t\t\t\t<div class=\"elementor-widget-container\">\n\t\t\t\t\t\t\t\t\t<p>La Dra. Ellen Ren es una optometrista residente y miembro de la Academia Americana de Optometr\u00eda con experiencia en cuidado ocular integral, baja visi\u00f3n, glaucoma, enfermedades de la retina, lentes de contacto, ojo seco y pediatr\u00eda. Complet\u00f3 su licenciatura en Biolog\u00eda en el Instituto de Tecnolog\u00eda de Nueva Jersey Albert Dorman Honors College, donde form\u00f3 parte del programa acelerado de optometr\u00eda y se gradu\u00f3 Summa Cum Laude. Posteriormente, recibi\u00f3 su Doctorado en Optometr\u00eda de la Facultad de Optometr\u00eda de la Universidad Estatal de Nueva York. Complet\u00f3 su residencia en Baja Visi\u00f3n en el Centro de Rehabilitaci\u00f3n Visual William Feinbloom de la Facultad de Optometr\u00eda de Pensilvania, donde trabaj\u00f3 con pacientes con diversas enfermedades oculares terminales para mejorar su funci\u00f3n visual restante. Ha presentado su trabajo en baja visi\u00f3n en m\u00faltiples congresos nacionales. Tiene experiencia previa trabajando en NYC Health+Hospitals\/Gouverneur, Bryn Mawr Rehab Hospital y en la pr\u00e1ctica privada.<\/p><p>Anteriormente, fue patinadora sobre hielo para la selecci\u00f3n nacional estadounidense y ha tenido la oportunidad de representar a Estados Unidos en competiciones internacionales. En su tiempo libre, disfruta del crochet, el yoga, la reposter\u00eda y pintarse las u\u00f1as. Todas sus pasiones y aficiones le han demostrado lo valiosa que puede ser una buena visi\u00f3n funcional y espera ayudar a sus pacientes a mejorarla para que tambi\u00e9n puedan hacer lo que les apasiona. Habla ingl\u00e9s, chino mandar\u00edn y espa\u00f1ol b\u00e1sico.<\/p>\t\t\t\t\t\t\t\t<\/div>\n\t\t\t\t<\/div>\n\t\t\t\t<div class=\"elementor-element elementor-element-4a590f6 elementor-mobile-align-center animated-slow elementor-align-center elementor-widget elementor-widget-button\" data-id=\"4a590f6\" data-element_type=\"widget\" data-settings=\"{&quot;_animation&quot;:&quot;none&quot;,&quot;_animation_delay&quot;:40}\" data-widget_type=\"button.default\">\n\t\t\t\t<div class=\"elementor-widget-container\">\n\t\t\t\t\t\t\t\t\t<div class=\"elementor-button-wrapper\">\n\t\t\t\t\t<a class=\"elementor-button elementor-button-link elementor-size-sm elementor-animation-float\" href=\"https:\/\/nypeye.com\/es\/appointment-request\/\">\n\t\t\t\t\t\t<span class=\"elementor-button-content-wrapper\">\n\t\t\t\t\t\t\t\t\t<span class=\"elementor-button-text\">Solicitar cita<\/span>\n\t\t\t\t\t<\/span>\n\t\t\t\t\t<\/a>\n\t\t\t\t<\/div>\n\t\t\t\t\t\t\t\t<\/div>\n\t\t\t\t<\/div>\n\t\t\t\t\t<\/div>\n\t\t<\/div>\n\t\t\t\t\t<\/div>\n\t\t<\/section>\n\t\t\t\t\t<\/div>\n\t\t<\/div>\n\t\t\t\t\t<\/div>\n\t\t<\/section>\n\t\t\t\t<\/div>\n\t\t\n    <div class=\"xs_social_share_widget xs_share_url after_content \t\tmain_content  wslu-style-1 wslu-share-box-shaped wslu-fill-colored wslu-none wslu-share-horizontal wslu-theme-font-no wslu-main_content\">\n\n\t\t\n        <ul>\n\t\t\t        <\/ul>\n    <\/div>","protected":false},"excerpt":{"rendered":"<p>Our Providers Ellen Ren, O.D.,FAAO \u4efb\u6bc5\u7a4e in Brooklyn and Flushing (Entrance on 37th Ave) , NY Dr. Ellen Ren is a residency-trained optometrist and Fellow of the American Academy of Optometry with experience in comprehensive eye care, low vision, glaucoma, retinal disease, contact lens, dry eye and pediatrics. She completed her BA in Biology at [&hellip;]<\/p>","protected":false},"author":1,"featured_media":0,"parent":0,"menu_order":0,"comment_status":"closed","ping_status":"closed","template":"elementor_header_footer","meta":{"om_disable_all_campaigns":false,"_monsterinsights_skip_tracking":false,"_monsterinsights_sitenote_active":false,"_monsterinsights_sitenote_note":"","_monsterinsights_sitenote_category":0,"postBodyCss":"","postBodyMargin":[],"postBodyPadding":[],"postBodyBackground":{"backgroundType":"classic","gradient":""},"footnotes":""},"class_list":["post-185","page","type-page","status-publish","hentry"],"aioseo_notices":[],"_links":{"self":[{"href":"https:\/\/nypeye.com\/es\/wp-json\/wp\/v2\/pages\/185","targetHints":{"allow":["GET"]}}],"collection":[{"href":"https:\/\/nypeye.com\/es\/wp-json\/wp\/v2\/pages"}],"about":[{"href":"https:\/\/nypeye.com\/es\/wp-json\/wp\/v2\/types\/page"}],"author":[{"embeddable":true,"href":"https:\/\/nypeye.com\/es\/wp-json\/wp\/v2\/users\/1"}],"replies":[{"embeddable":true,"href":"https:\/\/nypeye.com\/es\/wp-json\/wp\/v2\/comments?post=185"}],"version-history":[{"count":25,"href":"https:\/\/nypeye.com\/es\/wp-json\/wp\/v2\/pages\/185\/revisions"}],"predecessor-version":[{"id":2140,"href":"https:\/\/nypeye.com\/es\/wp-json\/wp\/v2\/pages\/185\/revisions\/2140"}],"wp:attachment":[{"href":"https:\/\/nypeye.com\/es\/wp-json\/wp\/v2\/media?parent=185"}],"curies":[{"name":"wp","href":"https:\/\/api.w.org\/{rel}","templated":true}]}}