{"id":1789,"date":"2024-12-10T16:04:39","date_gmt":"2024-12-10T16:04:39","guid":{"rendered":"https:\/\/nypeye.com\/?page_id=1789"},"modified":"2024-12-10T16:06:59","modified_gmt":"2024-12-10T16:06:59","slug":"presbyopia","status":"publish","type":"page","link":"https:\/\/nypeye.com\/es\/presbyopia\/","title":{"rendered":"Presbicia"},"content":{"rendered":"<style>.elementor-1789 .elementor-element.elementor-element-703e963:not(.elementor-motion-effects-element-type-background), .elementor-1789 .elementor-element.elementor-element-703e963 > .elementor-motion-effects-container > .elementor-motion-effects-layer{background-color:#202F58;}.elementor-1789 .elementor-element.elementor-element-703e963 > .elementor-container{max-width:1170px;}.elementor-1789 .elementor-element.elementor-element-703e963{transition:background 0.3s, border 0.3s, border-radius 0.3s, box-shadow 0.3s;padding:100px 0px 100px 0px;z-index:0;}.elementor-1789 .elementor-element.elementor-element-703e963 > .elementor-background-overlay{transition:background 0.3s, border-radius 0.3s, opacity 0.3s;}.elementor-1789 .elementor-element.elementor-element-4e02a5e{text-align:center;}.elementor-1789 .elementor-element.elementor-element-4e02a5e .elementor-heading-title{font-family:\"Inter\", Sans-serif;font-size:32px;font-weight:600;text-transform:uppercase;line-height:1.2em;color:#FFFFFF;}.elementor-1789 .elementor-element.elementor-element-c1002ac > .elementor-container > .elementor-column > .elementor-widget-wrap{align-content:center;align-items:center;}.elementor-1789 .elementor-element.elementor-element-c1002ac > .elementor-container{max-width:1170px;}.elementor-1789 .elementor-element.elementor-element-c1002ac{transition:background 0.3s, border 0.3s, border-radius 0.3s, box-shadow 0.3s;padding:100px 0px 50px 0px;}.elementor-1789 .elementor-element.elementor-element-c1002ac > .elementor-background-overlay{transition:background 0.3s, border-radius 0.3s, opacity 0.3s;}.elementor-1789 .elementor-element.elementor-element-a8c6a30{text-align:center;}.elementor-1789 .elementor-element.elementor-element-a8c6a30 img{border-radius:5px 5px 5px 5px;}.elementor-1789 .elementor-element.elementor-element-e3522b4 > .elementor-element-populated{padding:10px 10px 40px 60px;}.elementor-1789 .elementor-element.elementor-element-5c16302{text-align:left;}.elementor-1789 .elementor-element.elementor-element-5c16302 .elementor-heading-title{font-family:\"Inter\", Sans-serif;font-size:35px;font-weight:700;text-transform:capitalize;line-height:1.2em;color:#2A367A;}.elementor-1789 .elementor-element.elementor-element-7a2e858{font-family:\"Heebo\", Sans-serif;font-size:17px;font-weight:400;line-height:1.5em;color:var( --e-global-color-secondary );}.elementor-1789 .elementor-element.elementor-element-a976031 .elementor-button{background-color:var( --e-global-color-primary );font-family:var( --e-global-typography-7dde3f3-font-family ), Sans-serif;font-size:var( --e-global-typography-7dde3f3-font-size );font-weight:var( --e-global-typography-7dde3f3-font-weight );line-height:var( --e-global-typography-7dde3f3-line-height );fill:#FFFFFF;color:#FFFFFF;border-radius:5px 5px 5px 5px;padding:20px 40px 20px 40px;}.elementor-1789 .elementor-element.elementor-element-a976031 .elementor-button:hover, .elementor-1789 .elementor-element.elementor-element-a976031 .elementor-button:focus{border-color:#6EC1E4;}@media(max-width:1024px){.elementor-1789 .elementor-element.elementor-element-703e963{margin-top:0px;margin-bottom:0px;padding:210px 10px 140px 10px;}.elementor-1789 .elementor-element.elementor-element-c1002ac{padding:80px 10px 80px 10px;}.elementor-1789 .elementor-element.elementor-element-e3522b4 > .elementor-element-populated{padding:10px 10px 10px 10px;}.elementor-1789 .elementor-element.elementor-element-a976031{width:100%;max-width:100%;}.elementor-1789 .elementor-element.elementor-element-a976031 .elementor-button{font-size:var( --e-global-typography-7dde3f3-font-size );line-height:var( --e-global-typography-7dde3f3-line-height );}}@media(max-width:767px){.elementor-1789 .elementor-element.elementor-element-703e963{margin-top:0px;margin-bottom:0px;padding:152px 10px 80px 10px;}.elementor-1789 .elementor-element.elementor-element-4e02a5e .elementor-heading-title{font-size:24px;}.elementor-1789 .elementor-element.elementor-element-c1002ac{padding:40px 10px 40px 10px;}.elementor-1789 .elementor-element.elementor-element-e3522b4 > .elementor-element-populated{margin:0px 0px 0px 0px;--e-column-margin-right:0px;--e-column-margin-left:0px;}.elementor-1789 .elementor-element.elementor-element-5c16302 .elementor-heading-title{font-size:24px;}.elementor-1789 .elementor-element.elementor-element-7a2e858{font-size:16px;}.elementor-1789 .elementor-element.elementor-element-a976031 .elementor-button{font-size:var( --e-global-typography-7dde3f3-font-size );line-height:var( --e-global-typography-7dde3f3-line-height );padding:15px 30px 15px 30px;}}@media(min-width:768px){.elementor-1789 .elementor-element.elementor-element-ea10058{width:49.913%;}.elementor-1789 .elementor-element.elementor-element-e3522b4{width:50.002%;}}@media(max-width:1024px) and (min-width:768px){.elementor-1789 .elementor-element.elementor-element-ea10058{width:100%;}.elementor-1789 .elementor-element.elementor-element-e3522b4{width:100%;}}<\/style>\t\t<div data-elementor-type=\"wp-page\" data-elementor-id=\"1789\" class=\"elementor elementor-1789\" data-elementor-post-type=\"page\">\n\t\t\t\t\t\t<section class=\"elementor-section elementor-top-section elementor-element elementor-element-703e963 elementor-section-boxed elementor-section-height-default elementor-section-height-default\" data-id=\"703e963\" data-element_type=\"section\" data-settings=\"{&quot;background_background&quot;:&quot;classic&quot;}\">\n\t\t\t\t\t\t<div class=\"elementor-container elementor-column-gap-default\">\n\t\t\t\t\t<div class=\"elementor-column elementor-col-100 elementor-top-column elementor-element elementor-element-cad764b\" data-id=\"cad764b\" data-element_type=\"column\">\n\t\t\t<div class=\"elementor-widget-wrap elementor-element-populated\">\n\t\t\t\t\t\t<div class=\"elementor-element elementor-element-4e02a5e elementor-widget elementor-widget-heading\" data-id=\"4e02a5e\" data-element_type=\"widget\" data-widget_type=\"heading.default\">\n\t\t\t\t<div class=\"elementor-widget-container\">\n\t\t\t\t\t<h2 class=\"elementor-heading-title elementor-size-default\">Presbicia<\/h2>\t\t\t\t<\/div>\n\t\t\t\t<\/div>\n\t\t\t\t\t<\/div>\n\t\t<\/div>\n\t\t\t\t\t<\/div>\n\t\t<\/section>\n\t\t\t\t<section class=\"elementor-section elementor-top-section elementor-element elementor-element-c1002ac elementor-section-content-middle elementor-section-boxed elementor-section-height-default elementor-section-height-default\" data-id=\"c1002ac\" data-element_type=\"section\" data-settings=\"{&quot;background_background&quot;:&quot;classic&quot;}\">\n\t\t\t\t\t\t<div class=\"elementor-container elementor-column-gap-default\">\n\t\t\t\t\t<div class=\"elementor-column elementor-col-50 elementor-top-column elementor-element elementor-element-ea10058\" data-id=\"ea10058\" data-element_type=\"column\">\n\t\t\t<div class=\"elementor-widget-wrap elementor-element-populated\">\n\t\t\t\t\t\t<div class=\"elementor-element elementor-element-a8c6a30 elementor-widget elementor-widget-image\" data-id=\"a8c6a30\" data-element_type=\"widget\" data-widget_type=\"image.default\">\n\t\t\t\t<div class=\"elementor-widget-container\">\n\t\t\t\t\t\t\t\t\t\t\t\t\t\t\t<img fetchpriority=\"high\" decoding=\"async\" width=\"640\" height=\"640\" src=\"https:\/\/nypeye.com\/wp-content\/uploads\/2024\/11\/2626396.webp\" class=\"attachment-full size-full wp-image-670\" alt=\"Presbyopia\" srcset=\"https:\/\/nypeye.com\/wp-content\/uploads\/2024\/11\/2626396.webp 640w, https:\/\/nypeye.com\/wp-content\/uploads\/2024\/11\/2626396-300x300.webp 300w, https:\/\/nypeye.com\/wp-content\/uploads\/2024\/11\/2626396-150x150.webp 150w, https:\/\/nypeye.com\/wp-content\/uploads\/2024\/11\/2626396-12x12.webp 12w\" sizes=\"(max-width: 640px) 100vw, 640px\" \/>\t\t\t\t\t\t\t\t\t\t\t\t\t\t\t<\/div>\n\t\t\t\t<\/div>\n\t\t\t\t\t<\/div>\n\t\t<\/div>\n\t\t\t\t<div class=\"elementor-column elementor-col-50 elementor-top-column elementor-element elementor-element-e3522b4\" data-id=\"e3522b4\" data-element_type=\"column\">\n\t\t\t<div class=\"elementor-widget-wrap elementor-element-populated\">\n\t\t\t\t\t\t<div class=\"elementor-element elementor-element-5c16302 elementor-widget elementor-widget-heading\" data-id=\"5c16302\" data-element_type=\"widget\" data-widget_type=\"heading.default\">\n\t\t\t\t<div class=\"elementor-widget-container\">\n\t\t\t\t\t<h2 class=\"elementor-heading-title elementor-size-default\">Presbicia<\/h2>\t\t\t\t<\/div>\n\t\t\t\t<\/div>\n\t\t\t\t<div class=\"elementor-element elementor-element-7a2e858 elementor-widget elementor-widget-text-editor\" data-id=\"7a2e858\" data-element_type=\"widget\" data-widget_type=\"text-editor.default\">\n\t\t\t\t<div class=\"elementor-widget-container\">\n\t\t\t\t\t\t\t\t\t<p>A medida que envejecemos, nuestra capacidad para ver de cerca disminuye gradualmente. Esto se conoce como \u201cpresbicia\u201d. Esto suele ocurrir alrededor de los 40 a\u00f1os, pero el momento espec\u00edfico puede variar seg\u00fan una multitud de factores diferentes.<\/p><p>El mejor tratamiento para la presbicia son las gafas para leer. Por eso, si crees que tu visi\u00f3n para leer se est\u00e1 volviendo cada vez m\u00e1s borrosa y tienes alrededor de 40 a\u00f1os, no dudes en pedir cita con tu oftalm\u00f3logo ahora.<\/p>\t\t\t\t\t\t\t\t<\/div>\n\t\t\t\t<\/div>\n\t\t\t\t<div class=\"elementor-element elementor-element-a976031 elementor-align-left animated-slow elementor-widget-tablet__width-inherit elementor-widget elementor-widget-button\" data-id=\"a976031\" data-element_type=\"widget\" data-settings=\"{&quot;_animation&quot;:&quot;none&quot;}\" data-widget_type=\"button.default\">\n\t\t\t\t<div class=\"elementor-widget-container\">\n\t\t\t\t\t\t\t\t\t<div class=\"elementor-button-wrapper\">\n\t\t\t\t\t<a class=\"elementor-button elementor-button-link elementor-size-sm elementor-animation-float\" href=\"https:\/\/nypeye.com\/es\/contact\/\">\n\t\t\t\t\t\t<span class=\"elementor-button-content-wrapper\">\n\t\t\t\t\t\t\t\t\t<span class=\"elementor-button-text\">Cont\u00e1ctenos<\/span>\n\t\t\t\t\t<\/span>\n\t\t\t\t\t<\/a>\n\t\t\t\t<\/div>\n\t\t\t\t\t\t\t\t<\/div>\n\t\t\t\t<\/div>\n\t\t\t\t\t<\/div>\n\t\t<\/div>\n\t\t\t\t\t<\/div>\n\t\t<\/section>\n\t\t\t\t<\/div>\n\t\t\n    <div class=\"xs_social_share_widget xs_share_url after_content \t\tmain_content  wslu-style-1 wslu-share-box-shaped wslu-fill-colored wslu-none wslu-share-horizontal wslu-theme-font-no wslu-main_content\">\n\n\t\t\n        <ul>\n\t\t\t        <\/ul>\n    <\/div>","protected":false},"excerpt":{"rendered":"<p>Presbyopia Presbyopia As we get older, our ability to see up close gradually diminishes. This is known as &#8220;presbyopia.&#8221; This usually occurs around age 40 but the specific timing may differ depending on a multitude of different factors. The best treatment for presbyopia is reading glasses. Therefore, if you think your reading vision is getting [&hellip;]<\/p>","protected":false},"author":1,"featured_media":0,"parent":0,"menu_order":0,"comment_status":"closed","ping_status":"closed","template":"elementor_header_footer","meta":{"om_disable_all_campaigns":false,"_monsterinsights_skip_tracking":false,"_monsterinsights_sitenote_active":false,"_monsterinsights_sitenote_note":"","_monsterinsights_sitenote_category":0,"postBodyCss":"","postBodyMargin":[],"postBodyPadding":[],"postBodyBackground":{"backgroundType":"classic","gradient":""},"footnotes":""},"class_list":["post-1789","page","type-page","status-publish","hentry"],"aioseo_notices":[],"_links":{"self":[{"href":"https:\/\/nypeye.com\/es\/wp-json\/wp\/v2\/pages\/1789","targetHints":{"allow":["GET"]}}],"collection":[{"href":"https:\/\/nypeye.com\/es\/wp-json\/wp\/v2\/pages"}],"about":[{"href":"https:\/\/nypeye.com\/es\/wp-json\/wp\/v2\/types\/page"}],"author":[{"embeddable":true,"href":"https:\/\/nypeye.com\/es\/wp-json\/wp\/v2\/users\/1"}],"replies":[{"embeddable":true,"href":"https:\/\/nypeye.com\/es\/wp-json\/wp\/v2\/comments?post=1789"}],"version-history":[{"count":7,"href":"https:\/\/nypeye.com\/es\/wp-json\/wp\/v2\/pages\/1789\/revisions"}],"predecessor-version":[{"id":1797,"href":"https:\/\/nypeye.com\/es\/wp-json\/wp\/v2\/pages\/1789\/revisions\/1797"}],"wp:attachment":[{"href":"https:\/\/nypeye.com\/es\/wp-json\/wp\/v2\/media?parent=1789"}],"curies":[{"name":"wp","href":"https:\/\/api.w.org\/{rel}","templated":true}]}}