{"id":1778,"date":"2024-12-10T16:01:10","date_gmt":"2024-12-10T16:01:10","guid":{"rendered":"https:\/\/nypeye.com\/?page_id=1778"},"modified":"2024-12-10T16:03:09","modified_gmt":"2024-12-10T16:03:09","slug":"hypertensive-eye-disease","status":"publish","type":"page","link":"https:\/\/nypeye.com\/es\/hypertensive-eye-disease\/","title":{"rendered":"Enfermedad ocular hipertensiva"},"content":{"rendered":"<style>.elementor-1778 .elementor-element.elementor-element-bee191d:not(.elementor-motion-effects-element-type-background), .elementor-1778 .elementor-element.elementor-element-bee191d > .elementor-motion-effects-container > .elementor-motion-effects-layer{background-color:#202F58;}.elementor-1778 .elementor-element.elementor-element-bee191d > .elementor-container{max-width:1170px;}.elementor-1778 .elementor-element.elementor-element-bee191d{transition:background 0.3s, border 0.3s, border-radius 0.3s, box-shadow 0.3s;padding:100px 0px 100px 0px;z-index:0;}.elementor-1778 .elementor-element.elementor-element-bee191d > .elementor-background-overlay{transition:background 0.3s, border-radius 0.3s, opacity 0.3s;}.elementor-1778 .elementor-element.elementor-element-996d2a7{text-align:center;}.elementor-1778 .elementor-element.elementor-element-996d2a7 .elementor-heading-title{font-family:\"Inter\", Sans-serif;font-size:32px;font-weight:600;text-transform:uppercase;line-height:1.2em;color:#FFFFFF;}.elementor-1778 .elementor-element.elementor-element-29c179f > .elementor-container > .elementor-column > .elementor-widget-wrap{align-content:center;align-items:center;}.elementor-1778 .elementor-element.elementor-element-29c179f > .elementor-container{max-width:1170px;}.elementor-1778 .elementor-element.elementor-element-29c179f{transition:background 0.3s, border 0.3s, border-radius 0.3s, box-shadow 0.3s;padding:100px 0px 50px 0px;}.elementor-1778 .elementor-element.elementor-element-29c179f > .elementor-background-overlay{transition:background 0.3s, border-radius 0.3s, opacity 0.3s;}.elementor-1778 .elementor-element.elementor-element-a187d70{text-align:center;}.elementor-1778 .elementor-element.elementor-element-a187d70 img{border-radius:5px 5px 5px 5px;}.elementor-1778 .elementor-element.elementor-element-eda5f28 > .elementor-element-populated{padding:10px 10px 40px 60px;}.elementor-1778 .elementor-element.elementor-element-5e459a2{text-align:left;}.elementor-1778 .elementor-element.elementor-element-5e459a2 .elementor-heading-title{font-family:\"Inter\", Sans-serif;font-size:35px;font-weight:700;text-transform:capitalize;line-height:1.2em;color:#2A367A;}.elementor-1778 .elementor-element.elementor-element-cc6384f{font-family:\"Heebo\", Sans-serif;font-size:17px;font-weight:400;line-height:1.5em;color:var( --e-global-color-secondary );}.elementor-1778 .elementor-element.elementor-element-42a9b5a .elementor-button{background-color:var( --e-global-color-primary );font-family:var( --e-global-typography-7dde3f3-font-family ), Sans-serif;font-size:var( --e-global-typography-7dde3f3-font-size );font-weight:var( --e-global-typography-7dde3f3-font-weight );line-height:var( --e-global-typography-7dde3f3-line-height );fill:#FFFFFF;color:#FFFFFF;border-radius:5px 5px 5px 5px;padding:20px 40px 20px 40px;}.elementor-1778 .elementor-element.elementor-element-42a9b5a .elementor-button:hover, .elementor-1778 .elementor-element.elementor-element-42a9b5a .elementor-button:focus{border-color:#6EC1E4;}@media(max-width:1024px){.elementor-1778 .elementor-element.elementor-element-bee191d{margin-top:0px;margin-bottom:0px;padding:210px 10px 140px 10px;}.elementor-1778 .elementor-element.elementor-element-29c179f{padding:80px 10px 80px 10px;}.elementor-1778 .elementor-element.elementor-element-eda5f28 > .elementor-element-populated{padding:10px 10px 10px 10px;}.elementor-1778 .elementor-element.elementor-element-42a9b5a{width:100%;max-width:100%;}.elementor-1778 .elementor-element.elementor-element-42a9b5a .elementor-button{font-size:var( --e-global-typography-7dde3f3-font-size );line-height:var( --e-global-typography-7dde3f3-line-height );}}@media(max-width:767px){.elementor-1778 .elementor-element.elementor-element-bee191d{margin-top:0px;margin-bottom:0px;padding:152px 10px 80px 10px;}.elementor-1778 .elementor-element.elementor-element-996d2a7 .elementor-heading-title{font-size:24px;}.elementor-1778 .elementor-element.elementor-element-29c179f{padding:40px 10px 40px 10px;}.elementor-1778 .elementor-element.elementor-element-eda5f28 > .elementor-element-populated{margin:0px 0px 0px 0px;--e-column-margin-right:0px;--e-column-margin-left:0px;}.elementor-1778 .elementor-element.elementor-element-5e459a2 .elementor-heading-title{font-size:24px;}.elementor-1778 .elementor-element.elementor-element-cc6384f{font-size:16px;}.elementor-1778 .elementor-element.elementor-element-42a9b5a .elementor-button{font-size:var( --e-global-typography-7dde3f3-font-size );line-height:var( --e-global-typography-7dde3f3-line-height );padding:15px 30px 15px 30px;}}@media(min-width:768px){.elementor-1778 .elementor-element.elementor-element-0cdf3cd{width:49.913%;}.elementor-1778 .elementor-element.elementor-element-eda5f28{width:50.002%;}}@media(max-width:1024px) and (min-width:768px){.elementor-1778 .elementor-element.elementor-element-0cdf3cd{width:100%;}.elementor-1778 .elementor-element.elementor-element-eda5f28{width:100%;}}<\/style>\t\t<div data-elementor-type=\"wp-page\" data-elementor-id=\"1778\" class=\"elementor elementor-1778\" data-elementor-post-type=\"page\">\n\t\t\t\t\t\t<section class=\"elementor-section elementor-top-section elementor-element elementor-element-bee191d elementor-section-boxed elementor-section-height-default elementor-section-height-default\" data-id=\"bee191d\" data-element_type=\"section\" data-settings=\"{&quot;background_background&quot;:&quot;classic&quot;}\">\n\t\t\t\t\t\t<div class=\"elementor-container elementor-column-gap-default\">\n\t\t\t\t\t<div class=\"elementor-column elementor-col-100 elementor-top-column elementor-element elementor-element-1b70553\" data-id=\"1b70553\" data-element_type=\"column\">\n\t\t\t<div class=\"elementor-widget-wrap elementor-element-populated\">\n\t\t\t\t\t\t<div class=\"elementor-element elementor-element-996d2a7 elementor-widget elementor-widget-heading\" data-id=\"996d2a7\" data-element_type=\"widget\" data-widget_type=\"heading.default\">\n\t\t\t\t<div class=\"elementor-widget-container\">\n\t\t\t\t\t<h2 class=\"elementor-heading-title elementor-size-default\">Enfermedad ocular hipertensiva\n<\/h2>\t\t\t\t<\/div>\n\t\t\t\t<\/div>\n\t\t\t\t\t<\/div>\n\t\t<\/div>\n\t\t\t\t\t<\/div>\n\t\t<\/section>\n\t\t\t\t<section class=\"elementor-section elementor-top-section elementor-element elementor-element-29c179f elementor-section-content-middle elementor-section-boxed elementor-section-height-default elementor-section-height-default\" data-id=\"29c179f\" data-element_type=\"section\" data-settings=\"{&quot;background_background&quot;:&quot;classic&quot;}\">\n\t\t\t\t\t\t<div class=\"elementor-container elementor-column-gap-default\">\n\t\t\t\t\t<div class=\"elementor-column elementor-col-50 elementor-top-column elementor-element elementor-element-0cdf3cd\" data-id=\"0cdf3cd\" data-element_type=\"column\">\n\t\t\t<div class=\"elementor-widget-wrap elementor-element-populated\">\n\t\t\t\t\t\t<div class=\"elementor-element elementor-element-a187d70 elementor-widget elementor-widget-image\" data-id=\"a187d70\" data-element_type=\"widget\" data-widget_type=\"image.default\">\n\t\t\t\t<div class=\"elementor-widget-container\">\n\t\t\t\t\t\t\t\t\t\t\t\t\t\t\t<img fetchpriority=\"high\" decoding=\"async\" width=\"640\" height=\"426\" src=\"https:\/\/nypeye.com\/wp-content\/uploads\/2024\/11\/2622580.webp\" class=\"attachment-full size-full wp-image-649\" alt=\"Hypertensive Eye Disease\" srcset=\"https:\/\/nypeye.com\/wp-content\/uploads\/2024\/11\/2622580.webp 640w, https:\/\/nypeye.com\/wp-content\/uploads\/2024\/11\/2622580-300x200.webp 300w, https:\/\/nypeye.com\/wp-content\/uploads\/2024\/11\/2622580-18x12.webp 18w\" sizes=\"(max-width: 640px) 100vw, 640px\" \/>\t\t\t\t\t\t\t\t\t\t\t\t\t\t\t<\/div>\n\t\t\t\t<\/div>\n\t\t\t\t\t<\/div>\n\t\t<\/div>\n\t\t\t\t<div class=\"elementor-column elementor-col-50 elementor-top-column elementor-element elementor-element-eda5f28\" data-id=\"eda5f28\" data-element_type=\"column\">\n\t\t\t<div class=\"elementor-widget-wrap elementor-element-populated\">\n\t\t\t\t\t\t<div class=\"elementor-element elementor-element-5e459a2 elementor-widget elementor-widget-heading\" data-id=\"5e459a2\" data-element_type=\"widget\" data-widget_type=\"heading.default\">\n\t\t\t\t<div class=\"elementor-widget-container\">\n\t\t\t\t\t<h2 class=\"elementor-heading-title elementor-size-default\">Enfermedad ocular hipertensiva\n<\/h2>\t\t\t\t<\/div>\n\t\t\t\t<\/div>\n\t\t\t\t<div class=\"elementor-element elementor-element-cc6384f elementor-widget elementor-widget-text-editor\" data-id=\"cc6384f\" data-element_type=\"widget\" data-widget_type=\"text-editor.default\">\n\t\t\t\t<div class=\"elementor-widget-container\">\n\t\t\t\t\t\t\t\t\t<section id=\"vbid-2bcca941-3c2a-4acb-b4f6-a4146c2a464d\" class=\"section master item-box\" data-position=\"default\" data-position-popup-appearance=\"always\" data-arranger=\"flex\" data-textalign=\"left\" data-verticalalign=\"top\" data-horizontalalign=\"center\" data-layouttype=\"multi\" data-layoutclass=\"bottom-center\" data-imagefit=\"cover\" data-imagefilter=\"filter-1\" data-effectimage=\"image-effect-1\" data-section-width=\"boxed\" data-sbid=\"sbid-548875cc-1749-4006-8af9-d554fe3bd978\" data-autoplay=\"stop\" data-durationbetweenslides=\"3\" data-headerposition=\"false\" data-slide-effect=\"slide\" data-is-slide-section=\"true\"><div class=\"children\"><div class=\"section-children\"><article id=\"vbid-2bcca941-3c2a-4acb-b4f6-a4146c2a464d_0\" class=\"item section-item\" data-no-children=\"false\" data-visible=\"true\"><div class=\"text-side editable\"><div id=\"vbid-2bcca941-3c2a-4acb-b4f6-a4146c2a464d-dyn_elem_BODY_0s\" class=\"element body_preset_2\" contenteditable=\"false\" data-elementtype=\"BODY\"><p>Si le han diagnosticado hipertensi\u00f3n, es muy importante que acuda a su oftalm\u00f3logo debido a la posibilidad de que se produzcan cambios en los vasos sangu\u00edneos de la retina o incluso en el nervio \u00f3ptico. Si nota que su visi\u00f3n se est\u00e1 volviendo borrosa, solicite una cita con su oftalm\u00f3logo, ya que esto tambi\u00e9n puede deberse a la hipertensi\u00f3n.<\/p><\/div><\/div><\/article><\/div><\/div><\/section><menu id=\"vbid-3b05ca9c-ba60-4ca8-8e2b-0908383a43d6\" class=\"bottom_footer\" data-horizontalalign=\"center\" data-sbid=\"sbid-3f455cde-916e-456a-8c6c-3f4c8195133b\"><\/menu>\t\t\t\t\t\t\t\t<\/div>\n\t\t\t\t<\/div>\n\t\t\t\t<div class=\"elementor-element elementor-element-42a9b5a elementor-align-left animated-slow elementor-widget-tablet__width-inherit elementor-widget elementor-widget-button\" data-id=\"42a9b5a\" data-element_type=\"widget\" data-settings=\"{&quot;_animation&quot;:&quot;none&quot;}\" data-widget_type=\"button.default\">\n\t\t\t\t<div class=\"elementor-widget-container\">\n\t\t\t\t\t\t\t\t\t<div class=\"elementor-button-wrapper\">\n\t\t\t\t\t<a class=\"elementor-button elementor-button-link elementor-size-sm elementor-animation-float\" href=\"https:\/\/nypeye.com\/es\/contact\/\">\n\t\t\t\t\t\t<span class=\"elementor-button-content-wrapper\">\n\t\t\t\t\t\t\t\t\t<span class=\"elementor-button-text\">Cont\u00e1ctenos<\/span>\n\t\t\t\t\t<\/span>\n\t\t\t\t\t<\/a>\n\t\t\t\t<\/div>\n\t\t\t\t\t\t\t\t<\/div>\n\t\t\t\t<\/div>\n\t\t\t\t\t<\/div>\n\t\t<\/div>\n\t\t\t\t\t<\/div>\n\t\t<\/section>\n\t\t\t\t<\/div>\n\t\t\n    <div class=\"xs_social_share_widget xs_share_url after_content \t\tmain_content  wslu-style-1 wslu-share-box-shaped wslu-fill-colored wslu-none wslu-share-horizontal wslu-theme-font-no wslu-main_content\">\n\n\t\t\n        <ul>\n\t\t\t        <\/ul>\n    <\/div>","protected":false},"excerpt":{"rendered":"<p>Hypertensive Eye Disease Hypertensive Eye Disease If you have been diagnosed with hypertension it is very important to follow up with your eye doctor due to the possibility of changes to the retinal blood vessels or even your optic nerve! If you notice your vision is getting blurry, make an appointment with your eye doctor [&hellip;]<\/p>","protected":false},"author":1,"featured_media":0,"parent":0,"menu_order":0,"comment_status":"closed","ping_status":"closed","template":"elementor_header_footer","meta":{"om_disable_all_campaigns":false,"_monsterinsights_skip_tracking":false,"_monsterinsights_sitenote_active":false,"_monsterinsights_sitenote_note":"","_monsterinsights_sitenote_category":0,"postBodyCss":"","postBodyMargin":[],"postBodyPadding":[],"postBodyBackground":{"backgroundType":"classic","gradient":""},"footnotes":""},"class_list":["post-1778","page","type-page","status-publish","hentry"],"aioseo_notices":[],"_links":{"self":[{"href":"https:\/\/nypeye.com\/es\/wp-json\/wp\/v2\/pages\/1778","targetHints":{"allow":["GET"]}}],"collection":[{"href":"https:\/\/nypeye.com\/es\/wp-json\/wp\/v2\/pages"}],"about":[{"href":"https:\/\/nypeye.com\/es\/wp-json\/wp\/v2\/types\/page"}],"author":[{"embeddable":true,"href":"https:\/\/nypeye.com\/es\/wp-json\/wp\/v2\/users\/1"}],"replies":[{"embeddable":true,"href":"https:\/\/nypeye.com\/es\/wp-json\/wp\/v2\/comments?post=1778"}],"version-history":[{"count":7,"href":"https:\/\/nypeye.com\/es\/wp-json\/wp\/v2\/pages\/1778\/revisions"}],"predecessor-version":[{"id":1785,"href":"https:\/\/nypeye.com\/es\/wp-json\/wp\/v2\/pages\/1778\/revisions\/1785"}],"wp:attachment":[{"href":"https:\/\/nypeye.com\/es\/wp-json\/wp\/v2\/media?parent=1778"}],"curies":[{"name":"wp","href":"https:\/\/api.w.org\/{rel}","templated":true}]}}