{"id":172,"date":"2024-10-26T10:35:25","date_gmt":"2024-10-26T10:35:25","guid":{"rendered":"https:\/\/nypeye.com\/?page_id=172"},"modified":"2024-11-12T12:00:54","modified_gmt":"2024-11-12T12:00:54","slug":"sophia-siu-m-d","status":"publish","type":"page","link":"https:\/\/nypeye.com\/es\/sophia-siu-m-d\/","title":{"rendered":"Sophia Siu, M.D"},"content":{"rendered":"<style>.elementor-172 .elementor-element.elementor-element-4be9b991:not(.elementor-motion-effects-element-type-background), .elementor-172 .elementor-element.elementor-element-4be9b991 > .elementor-motion-effects-container > .elementor-motion-effects-layer{background-image:url(\"https:\/\/nypeye.com\/wp-content\/uploads\/2024\/10\/2606602.webp\");background-position:center center;background-repeat:no-repeat;background-size:cover;}.elementor-172 .elementor-element.elementor-element-4be9b991 > .elementor-background-overlay{background-color:var( --e-global-color-primary );opacity:0.9;transition:background 0.3s, border-radius 0.3s, opacity 0.3s;}.elementor-172 .elementor-element.elementor-element-4be9b991 > .elementor-container{max-width:1170px;}.elementor-172 .elementor-element.elementor-element-4be9b991{transition:background 0.3s, border 0.3s, border-radius 0.3s, box-shadow 0.3s;padding:100px 0px 100px 0px;z-index:0;}.elementor-172 .elementor-element.elementor-element-4e8c27a1{text-align:center;}.elementor-172 .elementor-element.elementor-element-4e8c27a1 .elementor-heading-title{font-family:var( --e-global-typography-secondary-font-family ), Sans-serif;font-size:var( --e-global-typography-secondary-font-size );font-weight:var( --e-global-typography-secondary-font-weight );line-height:var( --e-global-typography-secondary-line-height );color:#FFFFFF;}.elementor-172 .elementor-element.elementor-element-2468cfb6{margin-top:80px;margin-bottom:80px;}.elementor-172 .elementor-element.elementor-element-275675a1{text-align:center;}.elementor-172 .elementor-element.elementor-element-275675a1 .elementor-heading-title{font-family:var( --e-global-typography-secondary-font-family ), Sans-serif;font-size:var( --e-global-typography-secondary-font-size );font-weight:var( --e-global-typography-secondary-font-weight );line-height:var( --e-global-typography-secondary-line-height );color:var( --e-global-color-primary );}.elementor-172 .elementor-element.elementor-element-111080ef{text-align:center;}.elementor-172 .elementor-element.elementor-element-111080ef .elementor-heading-title{font-family:\"Domine\", Sans-serif;font-size:18px;font-weight:600;text-transform:capitalize;line-height:1.2em;color:var( --e-global-color-primary );}.elementor-172 .elementor-element.elementor-element-69b53f16{--divider-border-style:curved;--divider-color:var( --e-global-color-primary );--divider-border-width:1px;--divider-pattern-height:20px;--divider-pattern-size:20px;}.elementor-172 .elementor-element.elementor-element-69b53f16 .elementor-divider-separator{width:23%;margin:0 auto;margin-center:0;}.elementor-172 .elementor-element.elementor-element-69b53f16 .elementor-divider{text-align:center;padding-block-start:2px;padding-block-end:2px;}.elementor-172 .elementor-element.elementor-element-41cb9644{box-shadow:0px 0px 10px 0px rgba(0, 0, 0, 0.17);margin-top:50px;margin-bottom:0px;}.elementor-172 .elementor-element.elementor-element-b20c077 > .elementor-element-populated{padding:0px 0px 0px 0px;}.elementor-172 .elementor-element.elementor-element-5978732c > .elementor-widget-container{margin:0% 0% 0% 0%;}.elementor-172 .elementor-element.elementor-element-5978732c{text-align:right;}.elementor-172 .elementor-element.elementor-element-5978732c img{border-style:none;}.elementor-bc-flex-widget .elementor-172 .elementor-element.elementor-element-28575e2d.elementor-column .elementor-widget-wrap{align-items:center;}.elementor-172 .elementor-element.elementor-element-28575e2d.elementor-column.elementor-element[data-element_type=\"column\"] > .elementor-widget-wrap.elementor-element-populated{align-content:center;align-items:center;}.elementor-172 .elementor-element.elementor-element-28575e2d > .elementor-element-populated{transition:background 0.3s, border 0.3s, border-radius 0.3s, box-shadow 0.3s;margin:50px 50px 50px 50px;--e-column-margin-right:50px;--e-column-margin-left:50px;}.elementor-172 .elementor-element.elementor-element-28575e2d > .elementor-element-populated > .elementor-background-overlay{transition:background 0.3s, border-radius 0.3s, opacity 0.3s;}.elementor-172 .elementor-element.elementor-element-28bf102c{text-align:left;font-family:\"Heebo\", Sans-serif;font-size:18px;font-weight:400;line-height:1.5em;color:var( --e-global-color-secondary );}.elementor-172 .elementor-element.elementor-element-7ffca0b1 .elementor-button{background-color:var( --e-global-color-primary );fill:#FFFFFF;color:#FFFFFF;border-radius:50px 50px 50px 50px;padding:18px 32px 18px 32px;}.elementor-172 .elementor-element.elementor-element-7ffca0b1 .elementor-button:hover, .elementor-172 .elementor-element.elementor-element-7ffca0b1 .elementor-button:focus{background-color:var( --e-global-color-primary );}.elementor-172 .elementor-element.elementor-element-7ffca0b1 > .elementor-widget-container{margin:20px 0px 0px 0px;}@media(max-width:1024px){.elementor-172 .elementor-element.elementor-element-4be9b991:not(.elementor-motion-effects-element-type-background), .elementor-172 .elementor-element.elementor-element-4be9b991 > .elementor-motion-effects-container > .elementor-motion-effects-layer{background-position:center center;}.elementor-172 .elementor-element.elementor-element-4be9b991{margin-top:0px;margin-bottom:0px;padding:210px 10px 140px 10px;}.elementor-172 .elementor-element.elementor-element-4e8c27a1 .elementor-heading-title{font-size:var( --e-global-typography-secondary-font-size );line-height:var( --e-global-typography-secondary-line-height );}.elementor-172 .elementor-element.elementor-element-275675a1 .elementor-heading-title{font-size:var( --e-global-typography-secondary-font-size );line-height:var( --e-global-typography-secondary-line-height );}.elementor-172 .elementor-element.elementor-element-7ffca0b1 > .elementor-widget-container{margin:0px 0px 0px 0px;}}@media(max-width:767px){.elementor-172 .elementor-element.elementor-element-4be9b991{margin-top:0px;margin-bottom:0px;padding:152px 10px 80px 10px;}.elementor-172 .elementor-element.elementor-element-4e8c27a1 .elementor-heading-title{font-size:var( --e-global-typography-secondary-font-size );line-height:var( --e-global-typography-secondary-line-height );}.elementor-172 .elementor-element.elementor-element-275675a1 .elementor-heading-title{font-size:var( --e-global-typography-secondary-font-size );line-height:var( --e-global-typography-secondary-line-height );}.elementor-172 .elementor-element.elementor-element-111080ef .elementor-heading-title{font-size:18px;}.elementor-172 .elementor-element.elementor-element-69b53f16 .elementor-divider-separator{width:30%;}.elementor-172 .elementor-element.elementor-element-28575e2d > .elementor-element-populated{margin:50px 0px 50px 0px;--e-column-margin-right:0px;--e-column-margin-left:0px;padding:0px 20px 0px 20px;}.elementor-172 .elementor-element.elementor-element-28bf102c{font-size:16px;}.elementor-172 .elementor-element.elementor-element-7ffca0b1 .elementor-button{padding:15px 30px 15px 30px;}}<\/style>\t\t<div data-elementor-type=\"wp-page\" data-elementor-id=\"172\" class=\"elementor elementor-172\" data-elementor-post-type=\"page\">\n\t\t\t\t\t\t<section class=\"elementor-section elementor-top-section elementor-element elementor-element-4be9b991 elementor-section-boxed elementor-section-height-default elementor-section-height-default\" data-id=\"4be9b991\" data-element_type=\"section\" data-settings=\"{&quot;background_background&quot;:&quot;classic&quot;}\">\n\t\t\t\t\t\t\t<div class=\"elementor-background-overlay\"><\/div>\n\t\t\t\t\t\t\t<div class=\"elementor-container elementor-column-gap-default\">\n\t\t\t\t\t<div class=\"elementor-column elementor-col-100 elementor-top-column elementor-element elementor-element-2e428aff\" data-id=\"2e428aff\" data-element_type=\"column\">\n\t\t\t<div class=\"elementor-widget-wrap elementor-element-populated\">\n\t\t\t\t\t\t<div class=\"elementor-element elementor-element-4e8c27a1 elementor-widget elementor-widget-heading\" data-id=\"4e8c27a1\" data-element_type=\"widget\" data-widget_type=\"heading.default\">\n\t\t\t\t<div class=\"elementor-widget-container\">\n\t\t\t\t\t<h2 class=\"elementor-heading-title elementor-size-default\">Nuestras proveedoras\n<\/h2>\t\t\t\t<\/div>\n\t\t\t\t<\/div>\n\t\t\t\t\t<\/div>\n\t\t<\/div>\n\t\t\t\t\t<\/div>\n\t\t<\/section>\n\t\t\t\t<section class=\"elementor-section elementor-top-section elementor-element elementor-element-2468cfb6 elementor-section-boxed elementor-section-height-default elementor-section-height-default\" data-id=\"2468cfb6\" data-element_type=\"section\">\n\t\t\t\t\t\t<div class=\"elementor-container elementor-column-gap-default\">\n\t\t\t\t\t<div class=\"elementor-column elementor-col-100 elementor-top-column elementor-element elementor-element-30376560\" data-id=\"30376560\" data-element_type=\"column\">\n\t\t\t<div class=\"elementor-widget-wrap elementor-element-populated\">\n\t\t\t\t\t\t<div class=\"elementor-element elementor-element-275675a1 elementor-widget elementor-widget-heading\" data-id=\"275675a1\" data-element_type=\"widget\" data-widget_type=\"heading.default\">\n\t\t\t\t<div class=\"elementor-widget-container\">\n\t\t\t\t\t<h2 class=\"elementor-heading-title elementor-size-default\">Dra. Sophia Y. Siu<\/h2>\t\t\t\t<\/div>\n\t\t\t\t<\/div>\n\t\t\t\t<div class=\"elementor-element elementor-element-111080ef elementor-widget elementor-widget-heading\" data-id=\"111080ef\" data-element_type=\"widget\" data-widget_type=\"heading.default\">\n\t\t\t\t<div class=\"elementor-widget-container\">\n\t\t\t\t\t<h2 class=\"elementor-heading-title elementor-size-default\">Board-Certified Comprehensive Ophthalmologist &amp; Cornea, Cataract, and Refractive Surgeon in Brooklyn and Flushing (Entrance on 37th Ave) , NY\n<\/h2>\t\t\t\t<\/div>\n\t\t\t\t<\/div>\n\t\t\t\t<div class=\"elementor-element elementor-element-69b53f16 elementor-widget-divider--separator-type-pattern elementor-widget-divider--view-line elementor-widget elementor-widget-divider\" data-id=\"69b53f16\" data-element_type=\"widget\" data-widget_type=\"divider.default\">\n\t\t\t\t<div class=\"elementor-widget-container\">\n\t\t\t\t\t\t\t<div class=\"elementor-divider\" style=\"--divider-pattern-url: url(&quot;data:image\/svg+xml,%3Csvg xmlns=&#039;http:\/\/www.w3.org\/2000\/svg&#039; preserveAspectRatio=&#039;none&#039; overflow=&#039;visible&#039; height=&#039;100%&#039; viewBox=&#039;0 0 24 24&#039; fill=&#039;none&#039; stroke=&#039;black&#039; stroke-width=&#039;1&#039; stroke-linecap=&#039;square&#039; stroke-miterlimit=&#039;10&#039;%3E%3Cpath d=&#039;M0,6c6,0,6,13,12,13S18,6,24,6&#039;\/%3E%3C\/svg%3E&quot;);\">\n\t\t\t<span class=\"elementor-divider-separator\">\n\t\t\t\t\t\t<\/span>\n\t\t<\/div>\n\t\t\t\t\t\t<\/div>\n\t\t\t\t<\/div>\n\t\t\t\t<section class=\"elementor-section elementor-inner-section elementor-element elementor-element-41cb9644 elementor-section-boxed elementor-section-height-default elementor-section-height-default\" data-id=\"41cb9644\" data-element_type=\"section\">\n\t\t\t\t\t\t<div class=\"elementor-container elementor-column-gap-default\">\n\t\t\t\t\t<div class=\"elementor-column elementor-col-33 elementor-inner-column elementor-element elementor-element-b20c077\" data-id=\"b20c077\" data-element_type=\"column\">\n\t\t\t<div class=\"elementor-widget-wrap elementor-element-populated\">\n\t\t\t\t\t\t<div class=\"elementor-element elementor-element-5978732c elementor-widget elementor-widget-image\" data-id=\"5978732c\" data-element_type=\"widget\" data-settings=\"{&quot;sticky&quot;:&quot;top&quot;,&quot;sticky_parent&quot;:&quot;yes&quot;,&quot;sticky_on&quot;:[&quot;desktop&quot;,&quot;tablet&quot;,&quot;mobile&quot;],&quot;sticky_offset&quot;:0,&quot;sticky_effects_offset&quot;:0,&quot;sticky_anchor_link_offset&quot;:0}\" data-widget_type=\"image.default\">\n\t\t\t\t<div class=\"elementor-widget-container\">\n\t\t\t\t\t\t\t\t\t\t\t\t\t\t\t<img fetchpriority=\"high\" decoding=\"async\" width=\"640\" height=\"518\" src=\"https:\/\/nypeye.com\/wp-content\/uploads\/2024\/10\/2606603.webp\" class=\"attachment-full size-full wp-image-130\" alt=\"NY Partners Ophthalmology, Sophia Siu,M.D.\" srcset=\"https:\/\/nypeye.com\/wp-content\/uploads\/2024\/10\/2606603.webp 640w, https:\/\/nypeye.com\/wp-content\/uploads\/2024\/10\/2606603-300x243.webp 300w\" sizes=\"(max-width: 640px) 100vw, 640px\" \/>\t\t\t\t\t\t\t\t\t\t\t\t\t\t\t<\/div>\n\t\t\t\t<\/div>\n\t\t\t\t\t<\/div>\n\t\t<\/div>\n\t\t\t\t<div class=\"elementor-column elementor-col-66 elementor-inner-column elementor-element elementor-element-28575e2d animated-slow\" data-id=\"28575e2d\" data-element_type=\"column\" data-settings=\"{&quot;animation&quot;:&quot;none&quot;,&quot;background_background&quot;:&quot;classic&quot;}\">\n\t\t\t<div class=\"elementor-widget-wrap elementor-element-populated\">\n\t\t\t\t\t\t<div class=\"elementor-element elementor-element-28bf102c elementor-widget elementor-widget-text-editor\" data-id=\"28bf102c\" data-element_type=\"widget\" data-widget_type=\"text-editor.default\">\n\t\t\t\t<div class=\"elementor-widget-container\">\n\t\t\t\t\t\t\t\t\t<p>La Dra. Sophia Y. Siu es oftalm\u00f3loga integral, cirujana y especialista en c\u00f3rnea con especializaci\u00f3n en NY Partners Ophthalmology. Atiende a pacientes de los barrios de Flushing, Queens, y Sunset Park, Brooklyn, en la ciudad de Nueva York, y adopta un enfoque integral para sus planes de tratamiento.\u00a0<\/p><p>La Dra. Siu complet\u00f3 sus estudios de pregrado en la Universidad Estatal de Pensilvania. Posteriormente, se gradu\u00f3 con honores en la Facultad de Medicina Jefferson de Filadelfia, Pensilvania. Durante su estancia en Filadelfia, la Dra. Siu complet\u00f3 su residencia en oftalmolog\u00eda en el Hospital Universitario de Temple.\u00a0<\/p><p>La Dra. Siu continu\u00f3 sus estudios y complet\u00f3 una especializaci\u00f3n en c\u00f3rnea y enfermedades externas en el prestigioso e hist\u00f3rico Wills Eye Hospital. Con esta formaci\u00f3n, r\u00e1pidamente se convirti\u00f3 en una oftalm\u00f3loga muy solicitada y se mud\u00f3 a la ciudad de Nueva York. Actualmente trabaja como miembro del personal del New York Eye and Ear Infirmary, el Manhattan Eye, Ear &amp; Throat Hospital y el Lenox Hill Hospital.<\/p><p>Ha publicado en numerosas revistas acad\u00e9micas y presentado en congresos nacionales. Oftalm\u00f3loga certificada, la Dra. Siu se especializa en oftalmolog\u00eda integral, trasplante de c\u00f3rnea y cirug\u00eda del segmento anterior. Es una cirujana de cataratas experta y realiza cirug\u00eda de glaucoma m\u00ednimamente invasiva. Como especialista en c\u00f3rnea, la Dra. Siu trata enfermedades oculares infecciosas y enfermedades de la superficie ocular.<\/p><p>Fuera del trabajo, le gusta viajar, cocinar y pasar tiempo con su esposo y sus hijos.<\/p>\t\t\t\t\t\t\t\t<\/div>\n\t\t\t\t<\/div>\n\t\t\t\t<div class=\"elementor-element elementor-element-7ffca0b1 elementor-mobile-align-center animated-slow elementor-align-center elementor-widget elementor-widget-button\" data-id=\"7ffca0b1\" data-element_type=\"widget\" data-settings=\"{&quot;_animation&quot;:&quot;none&quot;,&quot;_animation_delay&quot;:40}\" data-widget_type=\"button.default\">\n\t\t\t\t<div class=\"elementor-widget-container\">\n\t\t\t\t\t\t\t\t\t<div class=\"elementor-button-wrapper\">\n\t\t\t\t\t<a class=\"elementor-button elementor-button-link elementor-size-sm elementor-animation-float\" href=\"https:\/\/nypeye.com\/es\/appointment-request\/\">\n\t\t\t\t\t\t<span class=\"elementor-button-content-wrapper\">\n\t\t\t\t\t\t\t\t\t<span class=\"elementor-button-text\">Solicitar cita<\/span>\n\t\t\t\t\t<\/span>\n\t\t\t\t\t<\/a>\n\t\t\t\t<\/div>\n\t\t\t\t\t\t\t\t<\/div>\n\t\t\t\t<\/div>\n\t\t\t\t\t<\/div>\n\t\t<\/div>\n\t\t\t\t\t<\/div>\n\t\t<\/section>\n\t\t\t\t\t<\/div>\n\t\t<\/div>\n\t\t\t\t\t<\/div>\n\t\t<\/section>\n\t\t\t\t<\/div>\n\t\t\n    <div class=\"xs_social_share_widget xs_share_url after_content \t\tmain_content  wslu-style-1 wslu-share-box-shaped wslu-fill-colored wslu-none wslu-share-horizontal wslu-theme-font-no wslu-main_content\">\n\n\t\t\n        <ul>\n\t\t\t        <\/ul>\n    <\/div>","protected":false},"excerpt":{"rendered":"<p>Our Providers Sophia Y. Siu, MD \u856d\u82e5\u8a69 Board-Certified Comprehensive Ophthalmologist &amp; Cornea, Cataract, and Refractive Surgeon in Brooklyn and Flushing (Entrance on 37th Ave) , NY Sophia Y. Siu, MD, is a comprehensive ophthalmologist, surgeon, and fellowship-trained cornea specialist at NY Partners Ophthalmology. Serving patients from the Flushing neighborhood of Queens and Sunset Park neighborhood [&hellip;]<\/p>","protected":false},"author":1,"featured_media":0,"parent":0,"menu_order":0,"comment_status":"closed","ping_status":"closed","template":"elementor_header_footer","meta":{"om_disable_all_campaigns":false,"_monsterinsights_skip_tracking":false,"_monsterinsights_sitenote_active":false,"_monsterinsights_sitenote_note":"","_monsterinsights_sitenote_category":0,"postBodyCss":"","postBodyMargin":[],"postBodyPadding":[],"postBodyBackground":{"backgroundType":"classic","gradient":""},"footnotes":""},"class_list":["post-172","page","type-page","status-publish","hentry"],"aioseo_notices":[],"_links":{"self":[{"href":"https:\/\/nypeye.com\/es\/wp-json\/wp\/v2\/pages\/172","targetHints":{"allow":["GET"]}}],"collection":[{"href":"https:\/\/nypeye.com\/es\/wp-json\/wp\/v2\/pages"}],"about":[{"href":"https:\/\/nypeye.com\/es\/wp-json\/wp\/v2\/types\/page"}],"author":[{"embeddable":true,"href":"https:\/\/nypeye.com\/es\/wp-json\/wp\/v2\/users\/1"}],"replies":[{"embeddable":true,"href":"https:\/\/nypeye.com\/es\/wp-json\/wp\/v2\/comments?post=172"}],"version-history":[{"count":22,"href":"https:\/\/nypeye.com\/es\/wp-json\/wp\/v2\/pages\/172\/revisions"}],"predecessor-version":[{"id":1199,"href":"https:\/\/nypeye.com\/es\/wp-json\/wp\/v2\/pages\/172\/revisions\/1199"}],"wp:attachment":[{"href":"https:\/\/nypeye.com\/es\/wp-json\/wp\/v2\/media?parent=172"}],"curies":[{"name":"wp","href":"https:\/\/api.w.org\/{rel}","templated":true}]}}