{"id":16,"date":"2024-10-23T22:47:40","date_gmt":"2024-10-23T22:47:40","guid":{"rendered":"https:\/\/nypeye.com\/?page_id=16"},"modified":"2025-03-16T15:14:30","modified_gmt":"2025-03-16T15:14:30","slug":"about","status":"publish","type":"page","link":"https:\/\/nypeye.com\/es\/about\/","title":{"rendered":"Acerca de"},"content":{"rendered":"<style>.elementor-16 .elementor-element.elementor-element-65d7bb1a:not(.elementor-motion-effects-element-type-background), .elementor-16 .elementor-element.elementor-element-65d7bb1a > .elementor-motion-effects-container > .elementor-motion-effects-layer{background-image:url(\"https:\/\/nypeye.com\/wp-content\/uploads\/2024\/10\/young-woman-visiting-opthalmologist.jpg\");background-position:center center;background-repeat:no-repeat;background-size:cover;}.elementor-16 .elementor-element.elementor-element-65d7bb1a > .elementor-background-overlay{background-color:var( --e-global-color-primary );opacity:0.9;transition:background 0.3s, border-radius 0.3s, opacity 0.3s;}.elementor-16 .elementor-element.elementor-element-65d7bb1a > .elementor-container{max-width:1170px;}.elementor-16 .elementor-element.elementor-element-65d7bb1a{transition:background 0.3s, border 0.3s, border-radius 0.3s, box-shadow 0.3s;padding:100px 0px 100px 0px;z-index:0;}.elementor-16 .elementor-element.elementor-element-3290c275{text-align:center;}.elementor-16 .elementor-element.elementor-element-3290c275 .elementor-heading-title{font-family:var( --e-global-typography-secondary-font-family ), Sans-serif;font-size:var( --e-global-typography-secondary-font-size );font-weight:var( --e-global-typography-secondary-font-weight );line-height:var( --e-global-typography-secondary-line-height );color:#FFFFFF;}.elementor-16 .elementor-element.elementor-element-552eb48b{text-align:center;}.elementor-16 .elementor-element.elementor-element-552eb48b .elementor-heading-title{font-size:18px;color:#FFFFFF;}.elementor-16 .elementor-element.elementor-element-4ee036b1{margin-top:80px;margin-bottom:-15px;}.elementor-16 .elementor-element.elementor-element-45cc1ff > .elementor-widget-container{margin:0% 0% 0% 0%;}.elementor-16 .elementor-element.elementor-element-45cc1ff{text-align:right;}.elementor-16 .elementor-element.elementor-element-45cc1ff img{border-style:none;}.elementor-16 .elementor-element.elementor-element-7f4c604d > .elementor-element-populated >  .elementor-background-overlay{opacity:0.1;}.elementor-16 .elementor-element.elementor-element-7f4c604d > .elementor-element-populated{transition:background 0.3s, border 0.3s, border-radius 0.3s, box-shadow 0.3s;}.elementor-16 .elementor-element.elementor-element-7f4c604d > .elementor-element-populated > .elementor-background-overlay{transition:background 0.3s, border-radius 0.3s, opacity 0.3s;}.elementor-16 .elementor-element.elementor-element-7dc82c2c{text-align:left;font-family:\"Heebo\", Sans-serif;font-size:18px;font-weight:300;line-height:1.5em;color:var( --e-global-color-secondary );}.elementor-16 .elementor-element.elementor-element-703223ee{margin-top:0px;margin-bottom:50px;}.elementor-16 .elementor-element.elementor-element-66051a58{text-align:left;font-family:\"Heebo\", Sans-serif;font-size:18px;font-weight:300;line-height:1.5em;color:var( --e-global-color-secondary );}@media(min-width:768px){.elementor-16 .elementor-element.elementor-element-45b3b8df{width:43.81%;}.elementor-16 .elementor-element.elementor-element-7f4c604d{width:55.546%;}}@media(max-width:1024px){.elementor-16 .elementor-element.elementor-element-65d7bb1a:not(.elementor-motion-effects-element-type-background), .elementor-16 .elementor-element.elementor-element-65d7bb1a > .elementor-motion-effects-container > .elementor-motion-effects-layer{background-position:center center;}.elementor-16 .elementor-element.elementor-element-65d7bb1a{margin-top:0px;margin-bottom:0px;padding:210px 10px 140px 10px;}.elementor-16 .elementor-element.elementor-element-3290c275 .elementor-heading-title{font-size:var( --e-global-typography-secondary-font-size );line-height:var( --e-global-typography-secondary-line-height );}}@media(max-width:767px){.elementor-16 .elementor-element.elementor-element-65d7bb1a{margin-top:0px;margin-bottom:0px;padding:152px 10px 80px 10px;}.elementor-16 .elementor-element.elementor-element-3290c275 .elementor-heading-title{font-size:var( --e-global-typography-secondary-font-size );line-height:var( --e-global-typography-secondary-line-height );}.elementor-16 .elementor-element.elementor-element-7dc82c2c{font-size:16px;}.elementor-16 .elementor-element.elementor-element-66051a58{font-size:16px;}}<\/style>\t\t<div data-elementor-type=\"wp-page\" data-elementor-id=\"16\" class=\"elementor elementor-16\" data-elementor-post-type=\"page\">\n\t\t\t\t\t\t<section class=\"elementor-section elementor-top-section elementor-element elementor-element-65d7bb1a elementor-section-boxed elementor-section-height-default elementor-section-height-default\" data-id=\"65d7bb1a\" data-element_type=\"section\" data-settings=\"{&quot;background_background&quot;:&quot;classic&quot;}\">\n\t\t\t\t\t\t\t<div class=\"elementor-background-overlay\"><\/div>\n\t\t\t\t\t\t\t<div class=\"elementor-container elementor-column-gap-default\">\n\t\t\t\t\t<div class=\"elementor-column elementor-col-100 elementor-top-column elementor-element elementor-element-3f39f147\" data-id=\"3f39f147\" data-element_type=\"column\">\n\t\t\t<div class=\"elementor-widget-wrap elementor-element-populated\">\n\t\t\t\t\t\t<div class=\"elementor-element elementor-element-3290c275 elementor-widget elementor-widget-heading\" data-id=\"3290c275\" data-element_type=\"widget\" data-widget_type=\"heading.default\">\n\t\t\t\t<div class=\"elementor-widget-container\">\n\t\t\t\t\t<h2 class=\"elementor-heading-title elementor-size-default\">Bienvenido a nuestra pr\u00e1ctica\n<\/h2>\t\t\t\t<\/div>\n\t\t\t\t<\/div>\n\t\t\t\t<div class=\"elementor-element elementor-element-552eb48b elementor-widget elementor-widget-heading\" data-id=\"552eb48b\" data-element_type=\"widget\" data-widget_type=\"heading.default\">\n\t\t\t\t<div class=\"elementor-widget-container\">\n\t\t\t\t\t<h2 class=\"elementor-heading-title elementor-size-default\">Oftalmolog\u00eda ubicada en Brooklyn y Flushing (Entrada por 37th Ave), NY\n<\/h2>\t\t\t\t<\/div>\n\t\t\t\t<\/div>\n\t\t\t\t\t<\/div>\n\t\t<\/div>\n\t\t\t\t\t<\/div>\n\t\t<\/section>\n\t\t\t\t<section class=\"elementor-section elementor-top-section elementor-element elementor-element-4ee036b1 elementor-section-boxed elementor-section-height-default elementor-section-height-default\" data-id=\"4ee036b1\" data-element_type=\"section\">\n\t\t\t\t\t\t<div class=\"elementor-container elementor-column-gap-default\">\n\t\t\t\t\t<div class=\"elementor-column elementor-col-33 elementor-top-column elementor-element elementor-element-45b3b8df\" data-id=\"45b3b8df\" data-element_type=\"column\">\n\t\t\t<div class=\"elementor-widget-wrap elementor-element-populated\">\n\t\t\t\t\t\t<div class=\"elementor-element elementor-element-45cc1ff elementor-widget elementor-widget-image\" data-id=\"45cc1ff\" data-element_type=\"widget\" data-widget_type=\"image.default\">\n\t\t\t\t<div class=\"elementor-widget-container\">\n\t\t\t\t\t\t\t\t\t\t\t\t\t\t\t<img fetchpriority=\"high\" decoding=\"async\" width=\"768\" height=\"477\" src=\"https:\/\/nypeye.com\/wp-content\/uploads\/2024\/10\/416375.webp\" class=\"attachment-large size-large wp-image-243\" alt=\"\" srcset=\"https:\/\/nypeye.com\/wp-content\/uploads\/2024\/10\/416375.webp 768w, https:\/\/nypeye.com\/wp-content\/uploads\/2024\/10\/416375-300x186.webp 300w\" sizes=\"(max-width: 768px) 100vw, 768px\" \/>\t\t\t\t\t\t\t\t\t\t\t\t\t\t\t<\/div>\n\t\t\t\t<\/div>\n\t\t\t\t\t<\/div>\n\t\t<\/div>\n\t\t\t\t<div class=\"elementor-column elementor-col-66 elementor-top-column elementor-element elementor-element-7f4c604d\" data-id=\"7f4c604d\" data-element_type=\"column\" data-settings=\"{&quot;background_background&quot;:&quot;classic&quot;}\">\n\t\t\t<div class=\"elementor-widget-wrap elementor-element-populated\">\n\t\t\t\t\t<div class=\"elementor-background-overlay\"><\/div>\n\t\t\t\t\t\t<div class=\"elementor-element elementor-element-7dc82c2c elementor-widget elementor-widget-text-editor\" data-id=\"7dc82c2c\" data-element_type=\"widget\" data-widget_type=\"text-editor.default\">\n\t\t\t\t<div class=\"elementor-widget-container\">\n\t\t\t\t\t\t\t\t\t<p>NY Partners Ophthalmology es una cl\u00ednica oftalmol\u00f3gica de alta gama ubicada en Flushing, Queens, y Sunset Park, Brooklyn, Nueva York. Est\u00e1 dirigida por la Dra. Sophia Siu y su equipo de expertos. Atiende a pacientes a partir de los tres a\u00f1os en un entorno amigable, acogedor y con tecnolog\u00eda de vanguardia.\u00a0<\/p><p>El equipo ofrece servicios integrales de atenci\u00f3n oftalmol\u00f3gica que incluyen ex\u00e1menes oculares y tratamientos m\u00e9dicos y quir\u00fargicos avanzados. Gu\u00edan a los pacientes durante el tratamiento, respondiendo a cualquier inquietud o pregunta que puedan tener durante el proceso.<\/p>\t\t\t\t\t\t\t\t<\/div>\n\t\t\t\t<\/div>\n\t\t\t\t\t<\/div>\n\t\t<\/div>\n\t\t\t\t\t<\/div>\n\t\t<\/section>\n\t\t\t\t<section class=\"elementor-section elementor-top-section elementor-element elementor-element-703223ee elementor-section-boxed elementor-section-height-default elementor-section-height-default\" data-id=\"703223ee\" data-element_type=\"section\">\n\t\t\t\t\t\t<div class=\"elementor-container elementor-column-gap-default\">\n\t\t\t\t\t<div class=\"elementor-column elementor-col-100 elementor-top-column elementor-element elementor-element-74f5ca6c\" data-id=\"74f5ca6c\" data-element_type=\"column\">\n\t\t\t<div class=\"elementor-widget-wrap elementor-element-populated\">\n\t\t\t\t\t\t<div class=\"elementor-element elementor-element-66051a58 elementor-widget elementor-widget-text-editor\" data-id=\"66051a58\" data-element_type=\"widget\" data-widget_type=\"text-editor.default\">\n\t\t\t\t<div class=\"elementor-widget-container\">\n\t\t\t\t\t\t\t\t\t<p>El excelente equipo de Oftalmolog\u00eda de NY Partners cuenta con una amplia formaci\u00f3n y muchos a\u00f1os de experiencia. Atienden a pacientes con dificultades... <a href=\"https:\/\/nypeye.com\/es\/dry-eyes\/\">d<span style=\"text-decoration: underline;\">ry eyes<\/span><\/a>, <span style=\"text-decoration: underline;\"><a href=\"https:\/\/nypeye.com\/es\/laser-cataract-surgery\/\">cataracts<\/a><\/span>, <span style=\"text-decoration: underline;\"><a href=\"https:\/\/nypeye.com\/es\/glaucoma\/\">glaucoma<\/a><\/span>, <span style=\"text-decoration: underline;\"><a href=\"https:\/\/nypeye.com\/es\/myopia\/\">myopia<\/a> <\/span>(miop\u00eda) y otros problemas relacionados con la visi\u00f3n. Adem\u00e1s, ofrece tratamientos m\u00ednimamente invasivos para el glaucoma a sus pacientes. Estos procedimientos, a menudo conocidos como <span style=\"text-decoration: underline;\"><a href=\"https:\/\/nypeye.com\/es\/glaucoma\/\">MIGS<\/a><\/span>, son una opci\u00f3n ideal para quienes buscan mejorar sus s\u00edntomas y encontrar alivio del molesto peso del glaucoma.<\/p><p class=\"translation-block\">NY Partners Ophthalmology ofrece tratamientos para el ojo seco con OptiLight IPL e <a href=\"https:\/\/nypeye.com\/es\/service\/i-lux-2\/\" target=\"_self\">iLux2\u00ae<\/a>, correcci\u00f3n de la visi\u00f3n con l\u00e1ser, procedimientos <a href=\"https:\/\/nypeye.com\/es\/service\/lasik\/\" target=\"_self\">LASIK<\/a>, <a href=\"https:\/\/nypeye.com\/es\/service\/laser-cataract-surgery\/\" target=\"_self\">cirug\u00eda l\u00e1ser de cataratas<\/a>, tratamientos l\u00e1ser para el glaucoma, trasplantes de c\u00f3rnea, lentes <a href=\"https:\/\/nypeye.com\/es\/service\/evo-icl\/\" target=\"_self\">EVO ICL<\/a>\u2122, <a href=\"https:\/\/nypeye.com\/es\/service\/multifocal\/\" target=\"_self\">lentes multifocales<\/a> y <a href=\"https:\/\/nypeye.com\/es\/service\/multifocal-intraocular-lenses\/\" target=\"_self\">lentes intraoculares t\u00f3ricas<\/a> y numerosos otros tratamientos.<\/p><p>Los especialistas experimentados de NY Partners Ophthalmology utilizan tecnolog\u00edas y t\u00e9cnicas de tratamiento de vanguardia basadas en la evidencia y siempre eligen lo mejor para cada paciente. Personalizan cada soluci\u00f3n seg\u00fan el estilo de vida, el historial m\u00e9dico y las preferencias del paciente.<\/p><p>Los especialistas en oftalmolog\u00eda de NY Partners dan una bienvenida compasiva a los pacientes nuevos y existentes en la pr\u00e1ctica y esperan superar sus expectativas.\u00a0<\/p><p>El consultorio de Queens est\u00e1 ubicado en Main Street en Flushing, Queens. El consultorio de Brooklyn est\u00e1 convenientemente ubicado en 7th Avenue en Brooklyn, con estacionamiento disponible cerca de 54th Street y f\u00e1cil acceso al transporte p\u00fablico.\u00a0<\/p><p>La pr\u00e1ctica acepta la mayor\u00eda de los planes de seguro y pacientes que pagan en efectivo.\u00a0<\/p><p>To take advantage of the superior eye care services available at NY Partners Ophthalmology, schedule an appointment by phone or online today.<\/p>\t\t\t\t\t\t\t\t<\/div>\n\t\t\t\t<\/div>\n\t\t\t\t\t<\/div>\n\t\t<\/div>\n\t\t\t\t\t<\/div>\n\t\t<\/section>\n\t\t\t\t<\/div>\n\t\t\n    <div class=\"xs_social_share_widget xs_share_url after_content \t\tmain_content  wslu-style-1 wslu-share-box-shaped wslu-fill-colored wslu-none wslu-share-horizontal wslu-theme-font-no wslu-main_content\">\n\n\t\t\n        <ul>\n\t\t\t        <\/ul>\n    <\/div>","protected":false},"excerpt":{"rendered":"<p>Welcome to our Practice Ophthalmology located in Brooklyn and Flushing (Entrance on 37th Ave) , NY NY Partners Ophthalmology is a superior ophthalmology practice in the Flushing neighborhood of Queens and Sunset Park neighborhood of Brooklyn, in New York City, led by Sophia Siu, MD, and her skilled team. The practice cares for patients ages [&hellip;]<\/p>","protected":false},"author":1,"featured_media":0,"parent":0,"menu_order":0,"comment_status":"closed","ping_status":"closed","template":"elementor_header_footer","meta":{"om_disable_all_campaigns":false,"_monsterinsights_skip_tracking":false,"_monsterinsights_sitenote_active":false,"_monsterinsights_sitenote_note":"","_monsterinsights_sitenote_category":0,"postBodyCss":"","postBodyMargin":[],"postBodyPadding":[],"postBodyBackground":{"backgroundType":"classic","gradient":""},"footnotes":""},"class_list":["post-16","page","type-page","status-publish","hentry"],"aioseo_notices":[],"_links":{"self":[{"href":"https:\/\/nypeye.com\/es\/wp-json\/wp\/v2\/pages\/16","targetHints":{"allow":["GET"]}}],"collection":[{"href":"https:\/\/nypeye.com\/es\/wp-json\/wp\/v2\/pages"}],"about":[{"href":"https:\/\/nypeye.com\/es\/wp-json\/wp\/v2\/types\/page"}],"author":[{"embeddable":true,"href":"https:\/\/nypeye.com\/es\/wp-json\/wp\/v2\/users\/1"}],"replies":[{"embeddable":true,"href":"https:\/\/nypeye.com\/es\/wp-json\/wp\/v2\/comments?post=16"}],"version-history":[{"count":22,"href":"https:\/\/nypeye.com\/es\/wp-json\/wp\/v2\/pages\/16\/revisions"}],"predecessor-version":[{"id":2005,"href":"https:\/\/nypeye.com\/es\/wp-json\/wp\/v2\/pages\/16\/revisions\/2005"}],"wp:attachment":[{"href":"https:\/\/nypeye.com\/es\/wp-json\/wp\/v2\/media?parent=16"}],"curies":[{"name":"wp","href":"https:\/\/api.w.org\/{rel}","templated":true}]}}